{"id":1006,"date":"2025-04-02T19:12:59","date_gmt":"2025-04-02T19:12:59","guid":{"rendered":"http:\/\/10.10.25.1\/?page_id=1006"},"modified":"2025-06-03T12:29:38","modified_gmt":"2025-06-03T18:29:38","slug":"tramites","status":"publish","type":"page","link":"https:\/\/teziutlan.tecnm.mx\/index.php\/tramites\/","title":{"rendered":"Tr\u00e1mites"},"content":{"rendered":"<p>[et_pb_section fb_built=\u00bb1&#8243; admin_label=\u00bbsection\u00bb _builder_version=\u00bb4.16&#8243; global_colors_info=\u00bb{}\u00bb][et_pb_row column_structure=\u00bb1_3,1_3,1_3&#8243; admin_label=\u00bbrow\u00bb _builder_version=\u00bb4.27.4&#8243; background_size=\u00bbinitial\u00bb background_position=\u00bbtop_left\u00bb background_repeat=\u00bbrepeat\u00bb global_colors_info=\u00bb{}\u00bb][et_pb_column type=\u00bb1_3&#8243; _builder_version=\u00bb4.16&#8243; custom_padding=\u00bb|||\u00bb global_colors_info=\u00bb{}\u00bb custom_padding__hover=\u00bb|||\u00bb][et_pb_blurb title=\u00bbTr\u00e1mites Instituto Tecnol\u00f3gico Superior de Teziutl\u00e1n\u00bb url=\u00bbhttps:\/\/teziutlan.tecnm.mx\/index.php\/trm-acceso-al-cc\/\u00bb image=\u00bbhttp:\/\/10.10.25.1\/wp-content\/uploads\/2025\/05\/WhatsApp-Image-2025-04-30-at-11.01.13-AM-1-1.jpeg\u00bb image_icon_width=\u00bb100%\u00bb _builder_version=\u00bb4.27.4&#8243; _module_preset=\u00bbdefault\u00bb header_font=\u00bb||||||||\u00bb header_text_align=\u00bbleft\u00bb header_font_size=\u00bb21px\u00bb body_font=\u00bb|700|||||||\u00bb body_font_size=\u00bb19px\u00bb image_icon_custom_margin=\u00bb||0px||false|false\u00bb image_icon_custom_padding=\u00bb||0px||false|false\u00bb custom_padding=\u00bb10px|10px|50px|10px|false|false\u00bb hover_enabled=\u00bb0&#8243; border_width_all=\u00bb1px\u00bb border_color_all=\u00bb#d8d8d8&#8243; global_colors_info=\u00bb{}\u00bb sticky_enabled=\u00bb0&#8243;]<\/p>\n<p><strong>Acceso al centro de c\u00f3mputo<\/strong><\/p>\n<p>[\/et_pb_blurb][\/et_pb_column][et_pb_column type=\u00bb1_3&#8243; _builder_version=\u00bb4.16&#8243; custom_padding=\u00bb|||\u00bb global_colors_info=\u00bb{}\u00bb custom_padding__hover=\u00bb|||\u00bb][et_pb_blurb title=\u00bbTr\u00e1mites Instituto Tecnol\u00f3gico Superior de Teziutl\u00e1n\u00bb url=\u00bbhttps:\/\/teziutlan.tecnm.mx\/index.php\/trm-actividades-extraescol\/\u00bb image=\u00bbhttps:\/\/teziutlan.tecnm.mx\/wp-content\/uploads\/2025\/05\/WhatsApp-Image-2025-04-30-at-11.01.13-AM-1-1.jpg\u00bb image_icon_width=\u00bb100%\u00bb _builder_version=\u00bb4.27.4&#8243; _module_preset=\u00bbdefault\u00bb header_font=\u00bb||||||||\u00bb header_text_align=\u00bbleft\u00bb header_font_size=\u00bb21px\u00bb body_font=\u00bb|700|||||||\u00bb body_font_size=\u00bb19px\u00bb image_icon_custom_margin=\u00bb||0px||false|false\u00bb image_icon_custom_padding=\u00bb||0px||false|false\u00bb custom_padding=\u00bb10px|10px|50px|10px|false|false\u00bb hover_enabled=\u00bb0&#8243; border_width_all=\u00bb1px\u00bb border_color_all=\u00bb#d8d8d8&#8243; global_colors_info=\u00bb{}\u00bb title_text=\u00bbWhatsApp-Image-2025-04-30-at-11.01.13-AM-1-1&#8243; link_option_url=\u00bbhttps:\/\/teziutlan.tecnm.mx\/index.php\/trm-actividades-extraescol\/\u00bb child_filter_saturate=\u00bb170%\u00bb child_filter_brightness=\u00bb55%\u00bb sticky_enabled=\u00bb0&#8243;]<\/p>\n<p><strong>Actividades extraescolares<\/strong><\/p>\n<p>[\/et_pb_blurb][\/et_pb_column][et_pb_column type=\u00bb1_3&#8243; _builder_version=\u00bb4.16&#8243; custom_padding=\u00bb|||\u00bb global_colors_info=\u00bb{}\u00bb custom_padding__hover=\u00bb|||\u00bb][et_pb_blurb title=\u00bbTr\u00e1mites Instituto Tecnol\u00f3gico Superior de Teziutl\u00e1n\u00bb url=\u00bbhttps:\/\/teziutlan.tecnm.mx\/index.php\/trm-admi-e-induc-a-aspirantes\/\u00bb image=\u00bbhttp:\/\/10.10.25.1\/wp-content\/uploads\/2025\/05\/WhatsApp-Image-2025-04-30-at-11.01.15-AM-1-1.jpeg\u00bb image_icon_width=\u00bb100%\u00bb _builder_version=\u00bb4.27.4&#8243; _module_preset=\u00bbdefault\u00bb header_font=\u00bb||||||||\u00bb header_text_align=\u00bbleft\u00bb header_font_size=\u00bb21px\u00bb body_font=\u00bb|700|||||||\u00bb body_font_size=\u00bb19px\u00bb image_icon_custom_margin=\u00bb||0px||false|false\u00bb image_icon_custom_padding=\u00bb||0px||false|false\u00bb custom_padding=\u00bb10px|10px|26px|10px|false|false\u00bb border_width_all=\u00bb1px\u00bb border_color_all=\u00bb#d8d8d8&#8243; global_colors_info=\u00bb{}\u00bb]<\/p>\n<p><strong>Admisi\u00f3n e inducci\u00f3n a aspirantes de nuevo ingreso<\/strong><\/p>\n<p>[\/et_pb_blurb][\/et_pb_column][\/et_pb_row][et_pb_row column_structure=\u00bb1_3,1_3,1_3&#8243; admin_label=\u00bbrow\u00bb _builder_version=\u00bb4.27.4&#8243; background_size=\u00bbinitial\u00bb background_position=\u00bbtop_left\u00bb background_repeat=\u00bbrepeat\u00bb global_colors_info=\u00bb{}\u00bb][et_pb_column type=\u00bb1_3&#8243; _builder_version=\u00bb4.16&#8243; custom_padding=\u00bb|||\u00bb global_colors_info=\u00bb{}\u00bb custom_padding__hover=\u00bb|||\u00bb][et_pb_blurb title=\u00bbTr\u00e1mites Instituto Tecnol\u00f3gico Superior de Teziutl\u00e1n\u00bb url=\u00bbhttps:\/\/teziutlan.tecnm.mx\/index.php\/trm-certificado-de-estudios-parcial\/\u00bb image=\u00bbhttp:\/\/10.10.25.1\/wp-content\/uploads\/2025\/05\/WhatsApp-Image-2025-04-30-at-11.01.15-AM-1-1-1.jpeg\u00bb image_icon_width=\u00bb100%\u00bb _builder_version=\u00bb4.27.4&#8243; _module_preset=\u00bbdefault\u00bb header_font=\u00bb||||||||\u00bb header_text_align=\u00bbleft\u00bb header_font_size=\u00bb21px\u00bb body_font=\u00bb|700|||||||\u00bb body_font_size=\u00bb19px\u00bb image_icon_custom_margin=\u00bb||0px||false|false\u00bb image_icon_custom_padding=\u00bb||0px||false|false\u00bb custom_padding=\u00bb10px|10px|50px|10px|false|false\u00bb border_width_all=\u00bb1px\u00bb border_color_all=\u00bb#d8d8d8&#8243; global_colors_info=\u00bb{}\u00bb]<\/p>\n<p>Certificado de Estudios parcial<\/p>\n<p>[\/et_pb_blurb][\/et_pb_column][et_pb_column type=\u00bb1_3&#8243; _builder_version=\u00bb4.16&#8243; custom_padding=\u00bb|||\u00bb global_colors_info=\u00bb{}\u00bb custom_padding__hover=\u00bb|||\u00bb][et_pb_blurb title=\u00bbTr\u00e1mites Instituto Tecnol\u00f3gico Superior de Teziutl\u00e1n\u00bb url=\u00bbhttps:\/\/teziutlan.tecnm.mx\/index.php\/trm-convalidacion-de-estudios\/\u00bb image=\u00bbhttp:\/\/10.10.25.1\/wp-content\/uploads\/2025\/05\/WhatsApp-Image-2025-04-30-at-11.01.15-AM-2-1-1.jpeg\u00bb image_icon_width=\u00bb100%\u00bb _builder_version=\u00bb4.27.4&#8243; _module_preset=\u00bbdefault\u00bb header_font=\u00bb||||||||\u00bb header_text_align=\u00bbleft\u00bb header_font_size=\u00bb21px\u00bb body_font=\u00bb|700|||||||\u00bb body_font_size=\u00bb19px\u00bb image_icon_custom_margin=\u00bb||0px||false|false\u00bb image_icon_custom_padding=\u00bb||0px||false|false\u00bb custom_padding=\u00bb10px|10px|50px|10px|false|false\u00bb border_width_all=\u00bb1px\u00bb border_color_all=\u00bb#d8d8d8&#8243; global_colors_info=\u00bb{}\u00bb]<\/p>\n<p>Convalidacion de estudios<\/p>\n<p>[\/et_pb_blurb][\/et_pb_column][et_pb_column type=\u00bb1_3&#8243; _builder_version=\u00bb4.16&#8243; custom_padding=\u00bb|||\u00bb global_colors_info=\u00bb{}\u00bb custom_padding__hover=\u00bb|||\u00bb][et_pb_blurb title=\u00bbTr\u00e1mites Instituto Tecnol\u00f3gico Superior de Teziutl\u00e1n\u00bb url=\u00bbhttps:\/\/teziutlan.tecnm.mx\/index.php\/trm-emitir-quejas-y-sugerencias\/\u00bb image=\u00bbhttp:\/\/10.10.25.1\/wp-content\/uploads\/2025\/05\/WhatsApp-Image-2025-04-30-at-11.01.15-AM-3-1-1.jpeg\u00bb image_icon_width=\u00bb100%\u00bb _builder_version=\u00bb4.27.4&#8243; _module_preset=\u00bbdefault\u00bb header_font=\u00bb||||||||\u00bb header_text_align=\u00bbleft\u00bb header_font_size=\u00bb21px\u00bb body_font=\u00bb|700|||||||\u00bb body_font_size=\u00bb19px\u00bb image_icon_custom_margin=\u00bb||0px||false|false\u00bb image_icon_custom_padding=\u00bb||0px||false|false\u00bb custom_padding=\u00bb10px|10px|50px|10px|false|false\u00bb border_width_all=\u00bb1px\u00bb border_color_all=\u00bb#d8d8d8&#8243; global_colors_info=\u00bb{}\u00bb]<\/p>\n<p>Emitir Quejas y Sujerencias<\/p>\n<p>[\/et_pb_blurb][\/et_pb_column][\/et_pb_row][et_pb_row column_structure=\u00bb1_3,1_3,1_3&#8243; admin_label=\u00bbrow\u00bb _builder_version=\u00bb4.27.4&#8243; background_size=\u00bbinitial\u00bb background_position=\u00bbtop_left\u00bb background_repeat=\u00bbrepeat\u00bb global_colors_info=\u00bb{}\u00bb][et_pb_column type=\u00bb1_3&#8243; _builder_version=\u00bb4.16&#8243; custom_padding=\u00bb|||\u00bb global_colors_info=\u00bb{}\u00bb custom_padding__hover=\u00bb|||\u00bb][et_pb_blurb title=\u00bbTr\u00e1mites Instituto Tecnol\u00f3gico Superior de Teziutl\u00e1n\u00bb url=\u00bbhttps:\/\/teziutlan.tecnm.mx\/index.php\/trm-equivalencia-de-estudios\/\u00bb image=\u00bbdata:image\/svg+xml;base64,PHN2ZyB3aWR0aD0iMTA4MCIgaGVpZ2h0PSI1NDAiIHZpZXdCb3g9IjAgMCAxMDgwIDU0MCIgeG1sbnM9Imh0dHA6Ly93d3cudzMub3JnLzIwMDAvc3ZnIj4KICAgIDxnIGZpbGw9Im5vbmUiIGZpbGwtcnVsZT0iZXZlbm9kZCI+CiAgICAgICAgPHBhdGggZmlsbD0iI0VCRUJFQiIgZD0iTTAgMGgxMDgwdjU0MEgweiIvPgogICAgICAgIDxwYXRoIGQ9Ik00NDUuNjQ5IDU0MGgtOTguOTk1TDE0NC42NDkgMzM3Ljk5NSAwIDQ4Mi42NDR2LTk4Ljk5NWwxMTYuMzY1LTExNi4zNjVjMTUuNjItMTUuNjIgNDAuOTQ3LTE1LjYyIDU2LjU2OCAwTDQ0NS42NSA1NDB6IiBmaWxsLW9wYWNpdHk9Ii4xIiBmaWxsPSIjMDAwIiBmaWxsLXJ1bGU9Im5vbnplcm8iLz4KICAgICAgICA8Y2lyY2xlIGZpbGwtb3BhY2l0eT0iLjA1IiBmaWxsPSIjMDAwIiBjeD0iMzMxIiBjeT0iMTQ4IiByPSI3MCIvPgogICAgICAgIDxwYXRoIGQ9Ik0xMDgwIDM3OXYxMTMuMTM3TDcyOC4xNjIgMTQwLjMgMzI4LjQ2MiA1NDBIMjE1LjMyNEw2OTkuODc4IDU1LjQ0NmMxNS42Mi0xNS42MiA0MC45NDgtMTUuNjIgNTYuNTY4IDBMMTA4MCAzNzl6IiBmaWxsLW9wYWNpdHk9Ii4yIiBmaWxsPSIjMDAwIiBmaWxsLXJ1bGU9Im5vbnplcm8iLz4KICAgIDwvZz4KPC9zdmc+Cg==\u00bb image_icon_width=\u00bb100%\u00bb _builder_version=\u00bb4.27.4&#8243; _module_preset=\u00bbdefault\u00bb header_font=\u00bb||||||||\u00bb header_text_align=\u00bbleft\u00bb header_font_size=\u00bb21px\u00bb body_font=\u00bb|700|||||||\u00bb body_font_size=\u00bb19px\u00bb image_icon_custom_margin=\u00bb||0px||false|false\u00bb image_icon_custom_padding=\u00bb||0px||false|false\u00bb custom_padding=\u00bb10px|10px|50px|10px|false|false\u00bb border_width_all=\u00bb1px\u00bb border_color_all=\u00bb#d8d8d8&#8243; global_colors_info=\u00bb{}\u00bb]<\/p>\n<p>Equivalencias de estudio<\/p>\n<p>[\/et_pb_blurb][\/et_pb_column][et_pb_column type=\u00bb1_3&#8243; _builder_version=\u00bb4.16&#8243; custom_padding=\u00bb|||\u00bb global_colors_info=\u00bb{}\u00bb custom_padding__hover=\u00bb|||\u00bb][et_pb_blurb title=\u00bbTr\u00e1mites Instituto Tecnol\u00f3gico Superior de Teziutl\u00e1n\u00bb url=\u00bbhttps:\/\/teziutlan.tecnm.mx\/index.php\/trm-obtencion-de-titulo-profesional\/\u00bb image=\u00bbdata:image\/svg+xml;base64,PHN2ZyB3aWR0aD0iMTA4MCIgaGVpZ2h0PSI1NDAiIHZpZXdCb3g9IjAgMCAxMDgwIDU0MCIgeG1sbnM9Imh0dHA6Ly93d3cudzMub3JnLzIwMDAvc3ZnIj4KICAgIDxnIGZpbGw9Im5vbmUiIGZpbGwtcnVsZT0iZXZlbm9kZCI+CiAgICAgICAgPHBhdGggZmlsbD0iI0VCRUJFQiIgZD0iTTAgMGgxMDgwdjU0MEgweiIvPgogICAgICAgIDxwYXRoIGQ9Ik00NDUuNjQ5IDU0MGgtOTguOTk1TDE0NC42NDkgMzM3Ljk5NSAwIDQ4Mi42NDR2LTk4Ljk5NWwxMTYuMzY1LTExNi4zNjVjMTUuNjItMTUuNjIgNDAuOTQ3LTE1LjYyIDU2LjU2OCAwTDQ0NS42NSA1NDB6IiBmaWxsLW9wYWNpdHk9Ii4xIiBmaWxsPSIjMDAwIiBmaWxsLXJ1bGU9Im5vbnplcm8iLz4KICAgICAgICA8Y2lyY2xlIGZpbGwtb3BhY2l0eT0iLjA1IiBmaWxsPSIjMDAwIiBjeD0iMzMxIiBjeT0iMTQ4IiByPSI3MCIvPgogICAgICAgIDxwYXRoIGQ9Ik0xMDgwIDM3OXYxMTMuMTM3TDcyOC4xNjIgMTQwLjMgMzI4LjQ2MiA1NDBIMjE1LjMyNEw2OTkuODc4IDU1LjQ0NmMxNS42Mi0xNS42MiA0MC45NDgtMTUuNjIgNTYuNTY4IDBMMTA4MCAzNzl6IiBmaWxsLW9wYWNpdHk9Ii4yIiBmaWxsPSIjMDAwIiBmaWxsLXJ1bGU9Im5vbnplcm8iLz4KICAgIDwvZz4KPC9zdmc+Cg==\u00bb image_icon_width=\u00bb100%\u00bb _builder_version=\u00bb4.27.4&#8243; _module_preset=\u00bbdefault\u00bb header_font=\u00bb||||||||\u00bb header_text_align=\u00bbleft\u00bb header_font_size=\u00bb21px\u00bb body_font=\u00bb|700|||||||\u00bb body_font_size=\u00bb19px\u00bb image_icon_custom_margin=\u00bb||0px||false|false\u00bb image_icon_custom_padding=\u00bb||0px||false|false\u00bb custom_padding=\u00bb10px|10px|26px|10px|false|false\u00bb border_width_all=\u00bb1px\u00bb border_color_all=\u00bb#d8d8d8&#8243; global_colors_info=\u00bb{}\u00bb]<\/p>\n<p><strong>Obtenci\u00f3n de T\u00edtulo Profecional<\/strong><\/p>\n<p>[\/et_pb_blurb][\/et_pb_column][et_pb_column type=\u00bb1_3&#8243; _builder_version=\u00bb4.16&#8243; custom_padding=\u00bb|||\u00bb global_colors_info=\u00bb{}\u00bb custom_padding__hover=\u00bb|||\u00bb][et_pb_blurb title=\u00bbTr\u00e1mites Instituto Tecnol\u00f3gico Superior de Teziutl\u00e1n\u00bb url=\u00bbhttps:\/\/teziutlan.tecnm.mx\/index.php\/trm-prestamo-de-material-bibliografico\/\u00bb image=\u00bbdata:image\/svg+xml;base64,PHN2ZyB3aWR0aD0iMTA4MCIgaGVpZ2h0PSI1NDAiIHZpZXdCb3g9IjAgMCAxMDgwIDU0MCIgeG1sbnM9Imh0dHA6Ly93d3cudzMub3JnLzIwMDAvc3ZnIj4KICAgIDxnIGZpbGw9Im5vbmUiIGZpbGwtcnVsZT0iZXZlbm9kZCI+CiAgICAgICAgPHBhdGggZmlsbD0iI0VCRUJFQiIgZD0iTTAgMGgxMDgwdjU0MEgweiIvPgogICAgICAgIDxwYXRoIGQ9Ik00NDUuNjQ5IDU0MGgtOTguOTk1TDE0NC42NDkgMzM3Ljk5NSAwIDQ4Mi42NDR2LTk4Ljk5NWwxMTYuMzY1LTExNi4zNjVjMTUuNjItMTUuNjIgNDAuOTQ3LTE1LjYyIDU2LjU2OCAwTDQ0NS42NSA1NDB6IiBmaWxsLW9wYWNpdHk9Ii4xIiBmaWxsPSIjMDAwIiBmaWxsLXJ1bGU9Im5vbnplcm8iLz4KICAgICAgICA8Y2lyY2xlIGZpbGwtb3BhY2l0eT0iLjA1IiBmaWxsPSIjMDAwIiBjeD0iMzMxIiBjeT0iMTQ4IiByPSI3MCIvPgogICAgICAgIDxwYXRoIGQ9Ik0xMDgwIDM3OXYxMTMuMTM3TDcyOC4xNjIgMTQwLjMgMzI4LjQ2MiA1NDBIMjE1LjMyNEw2OTkuODc4IDU1LjQ0NmMxNS42Mi0xNS42MiA0MC45NDgtMTUuNjIgNTYuNTY4IDBMMTA4MCAzNzl6IiBmaWxsLW9wYWNpdHk9Ii4yIiBmaWxsPSIjMDAwIiBmaWxsLXJ1bGU9Im5vbnplcm8iLz4KICAgIDwvZz4KPC9zdmc+Cg==\u00bb image_icon_width=\u00bb100%\u00bb _builder_version=\u00bb4.27.4&#8243; _module_preset=\u00bbdefault\u00bb header_font=\u00bb||||||||\u00bb header_text_align=\u00bbleft\u00bb header_font_size=\u00bb21px\u00bb body_font=\u00bb|700|||||||\u00bb body_font_size=\u00bb19px\u00bb image_icon_custom_margin=\u00bb||0px||false|false\u00bb image_icon_custom_padding=\u00bb||0px||false|false\u00bb custom_padding=\u00bb10px|10px|26px|10px|false|false\u00bb border_width_all=\u00bb1px\u00bb border_color_all=\u00bb#d8d8d8&#8243; global_colors_info=\u00bb{}\u00bb]<\/p>\n<p>Pr\u00e9stamo de material bibliogr\u00e1frico<\/p>\n<p>[\/et_pb_blurb][\/et_pb_column][\/et_pb_row][et_pb_row column_structure=\u00bb1_3,1_3,1_3&#8243; admin_label=\u00bbrow\u00bb _builder_version=\u00bb4.27.4&#8243; background_size=\u00bbinitial\u00bb background_position=\u00bbtop_left\u00bb background_repeat=\u00bbrepeat\u00bb global_colors_info=\u00bb{}\u00bb][et_pb_column type=\u00bb1_3&#8243; _builder_version=\u00bb4.16&#8243; custom_padding=\u00bb|||\u00bb global_colors_info=\u00bb{}\u00bb custom_padding__hover=\u00bb|||\u00bb][et_pb_blurb title=\u00bbTr\u00e1mites Instituto Tecnol\u00f3gico Superior de Teziutl\u00e1n\u00bb url=\u00bbhttps:\/\/teziutlan.tecnm.mx\/index.php\/trm-programa-semestral-de-resi-prof\/\u00bb image=\u00bbdata:image\/svg+xml;base64,PHN2ZyB3aWR0aD0iMTA4MCIgaGVpZ2h0PSI1NDAiIHZpZXdCb3g9IjAgMCAxMDgwIDU0MCIgeG1sbnM9Imh0dHA6Ly93d3cudzMub3JnLzIwMDAvc3ZnIj4KICAgIDxnIGZpbGw9Im5vbmUiIGZpbGwtcnVsZT0iZXZlbm9kZCI+CiAgICAgICAgPHBhdGggZmlsbD0iI0VCRUJFQiIgZD0iTTAgMGgxMDgwdjU0MEgweiIvPgogICAgICAgIDxwYXRoIGQ9Ik00NDUuNjQ5IDU0MGgtOTguOTk1TDE0NC42NDkgMzM3Ljk5NSAwIDQ4Mi42NDR2LTk4Ljk5NWwxMTYuMzY1LTExNi4zNjVjMTUuNjItMTUuNjIgNDAuOTQ3LTE1LjYyIDU2LjU2OCAwTDQ0NS42NSA1NDB6IiBmaWxsLW9wYWNpdHk9Ii4xIiBmaWxsPSIjMDAwIiBmaWxsLXJ1bGU9Im5vbnplcm8iLz4KICAgICAgICA8Y2lyY2xlIGZpbGwtb3BhY2l0eT0iLjA1IiBmaWxsPSIjMDAwIiBjeD0iMzMxIiBjeT0iMTQ4IiByPSI3MCIvPgogICAgICAgIDxwYXRoIGQ9Ik0xMDgwIDM3OXYxMTMuMTM3TDcyOC4xNjIgMTQwLjMgMzI4LjQ2MiA1NDBIMjE1LjMyNEw2OTkuODc4IDU1LjQ0NmMxNS42Mi0xNS42MiA0MC45NDgtMTUuNjIgNTYuNTY4IDBMMTA4MCAzNzl6IiBmaWxsLW9wYWNpdHk9Ii4yIiBmaWxsPSIjMDAwIiBmaWxsLXJ1bGU9Im5vbnplcm8iLz4KICAgIDwvZz4KPC9zdmc+Cg==\u00bb image_icon_width=\u00bb100%\u00bb _builder_version=\u00bb4.27.4&#8243; _module_preset=\u00bbdefault\u00bb header_font=\u00bb||||||||\u00bb header_text_align=\u00bbleft\u00bb header_font_size=\u00bb21px\u00bb body_font=\u00bb|700|||||||\u00bb body_font_size=\u00bb19px\u00bb image_icon_custom_margin=\u00bb||0px||false|false\u00bb image_icon_custom_padding=\u00bb||0px||false|false\u00bb custom_padding=\u00bb10px|10px|26px|10px|false|false\u00bb border_width_all=\u00bb1px\u00bb border_color_all=\u00bb#d8d8d8&#8243; global_colors_info=\u00bb{}\u00bb]<\/p>\n<p><strong>Programa semestral de recidencia profecional<\/strong><\/p>\n<p>[\/et_pb_blurb][\/et_pb_column][et_pb_column type=\u00bb1_3&#8243; _builder_version=\u00bb4.16&#8243; custom_padding=\u00bb|||\u00bb global_colors_info=\u00bb{}\u00bb custom_padding__hover=\u00bb|||\u00bb][et_pb_blurb title=\u00bbTr\u00e1mites Instituto Tecnol\u00f3gico Superior de Teziutl\u00e1n\u00bb url=\u00bbhttps:\/\/teziutlan.tecnm.mx\/index.php\/trm-programa-semestral-de-servicio-social\/\u00bb image=\u00bbdata:image\/svg+xml;base64,PHN2ZyB3aWR0aD0iMTA4MCIgaGVpZ2h0PSI1NDAiIHZpZXdCb3g9IjAgMCAxMDgwIDU0MCIgeG1sbnM9Imh0dHA6Ly93d3cudzMub3JnLzIwMDAvc3ZnIj4KICAgIDxnIGZpbGw9Im5vbmUiIGZpbGwtcnVsZT0iZXZlbm9kZCI+CiAgICAgICAgPHBhdGggZmlsbD0iI0VCRUJFQiIgZD0iTTAgMGgxMDgwdjU0MEgweiIvPgogICAgICAgIDxwYXRoIGQ9Ik00NDUuNjQ5IDU0MGgtOTguOTk1TDE0NC42NDkgMzM3Ljk5NSAwIDQ4Mi42NDR2LTk4Ljk5NWwxMTYuMzY1LTExNi4zNjVjMTUuNjItMTUuNjIgNDAuOTQ3LTE1LjYyIDU2LjU2OCAwTDQ0NS42NSA1NDB6IiBmaWxsLW9wYWNpdHk9Ii4xIiBmaWxsPSIjMDAwIiBmaWxsLXJ1bGU9Im5vbnplcm8iLz4KICAgICAgICA8Y2lyY2xlIGZpbGwtb3BhY2l0eT0iLjA1IiBmaWxsPSIjMDAwIiBjeD0iMzMxIiBjeT0iMTQ4IiByPSI3MCIvPgogICAgICAgIDxwYXRoIGQ9Ik0xMDgwIDM3OXYxMTMuMTM3TDcyOC4xNjIgMTQwLjMgMzI4LjQ2MiA1NDBIMjE1LjMyNEw2OTkuODc4IDU1LjQ0NmMxNS42Mi0xNS42MiA0MC45NDgtMTUuNjIgNTYuNTY4IDBMMTA4MCAzNzl6IiBmaWxsLW9wYWNpdHk9Ii4yIiBmaWxsPSIjMDAwIiBmaWxsLXJ1bGU9Im5vbnplcm8iLz4KICAgIDwvZz4KPC9zdmc+Cg==\u00bb image_icon_width=\u00bb100%\u00bb _builder_version=\u00bb4.27.4&#8243; _module_preset=\u00bbdefault\u00bb header_font=\u00bb||||||||\u00bb header_text_align=\u00bbleft\u00bb header_font_size=\u00bb21px\u00bb body_font=\u00bb|700|||||||\u00bb body_font_size=\u00bb19px\u00bb image_icon_custom_margin=\u00bb||0px||false|false\u00bb image_icon_custom_padding=\u00bb||0px||false|false\u00bb custom_padding=\u00bb10px|10px|26px|10px|false|false\u00bb border_width_all=\u00bb1px\u00bb border_color_all=\u00bb#d8d8d8&#8243; global_colors_info=\u00bb{}\u00bb]<\/p>\n<p><strong>Programa semestral de Servicio Social<\/strong><\/p>\n<p>[\/et_pb_blurb][\/et_pb_column][et_pb_column type=\u00bb1_3&#8243; _builder_version=\u00bb4.16&#8243; custom_padding=\u00bb|||\u00bb global_colors_info=\u00bb{}\u00bb custom_padding__hover=\u00bb|||\u00bb][et_pb_blurb title=\u00bbTr\u00e1mites Instituto Tecnol\u00f3gico Superior de Teziutl\u00e1n\u00bb url=\u00bbhttps:\/\/teziutlan.tecnm.mx\/index.php\/trm-titulacion\/\u00bb image=\u00bbdata:image\/svg+xml;base64,PHN2ZyB3aWR0aD0iMTA4MCIgaGVpZ2h0PSI1NDAiIHZpZXdCb3g9IjAgMCAxMDgwIDU0MCIgeG1sbnM9Imh0dHA6Ly93d3cudzMub3JnLzIwMDAvc3ZnIj4KICAgIDxnIGZpbGw9Im5vbmUiIGZpbGwtcnVsZT0iZXZlbm9kZCI+CiAgICAgICAgPHBhdGggZmlsbD0iI0VCRUJFQiIgZD0iTTAgMGgxMDgwdjU0MEgweiIvPgogICAgICAgIDxwYXRoIGQ9Ik00NDUuNjQ5IDU0MGgtOTguOTk1TDE0NC42NDkgMzM3Ljk5NSAwIDQ4Mi42NDR2LTk4Ljk5NWwxMTYuMzY1LTExNi4zNjVjMTUuNjItMTUuNjIgNDAuOTQ3LTE1LjYyIDU2LjU2OCAwTDQ0NS42NSA1NDB6IiBmaWxsLW9wYWNpdHk9Ii4xIiBmaWxsPSIjMDAwIiBmaWxsLXJ1bGU9Im5vbnplcm8iLz4KICAgICAgICA8Y2lyY2xlIGZpbGwtb3BhY2l0eT0iLjA1IiBmaWxsPSIjMDAwIiBjeD0iMzMxIiBjeT0iMTQ4IiByPSI3MCIvPgogICAgICAgIDxwYXRoIGQ9Ik0xMDgwIDM3OXYxMTMuMTM3TDcyOC4xNjIgMTQwLjMgMzI4LjQ2MiA1NDBIMjE1LjMyNEw2OTkuODc4IDU1LjQ0NmMxNS42Mi0xNS42MiA0MC45NDgtMTUuNjIgNTYuNTY4IDBMMTA4MCAzNzl6IiBmaWxsLW9wYWNpdHk9Ii4yIiBmaWxsPSIjMDAwIiBmaWxsLXJ1bGU9Im5vbnplcm8iLz4KICAgIDwvZz4KPC9zdmc+Cg==\u00bb image_icon_width=\u00bb100%\u00bb _builder_version=\u00bb4.27.4&#8243; _module_preset=\u00bbdefault\u00bb header_font=\u00bb||||||||\u00bb header_text_align=\u00bbleft\u00bb header_font_size=\u00bb21px\u00bb body_font=\u00bb|700|||||||\u00bb body_font_size=\u00bb19px\u00bb image_icon_custom_margin=\u00bb||0px||false|false\u00bb image_icon_custom_padding=\u00bb||0px||false|false\u00bb custom_padding=\u00bb10px|10px|50px|10px|false|false\u00bb border_width_all=\u00bb1px\u00bb border_color_all=\u00bb#d8d8d8&#8243; global_colors_info=\u00bb{}\u00bb]<\/p>\n<p><strong>Tr\u00e1mite de Titulaci\u00f3n<\/strong><\/p>\n<p>[\/et_pb_blurb][\/et_pb_column][\/et_pb_row][et_pb_row column_structure=\u00bb1_3,1_3,1_3&#8243; admin_label=\u00bbrow\u00bb _builder_version=\u00bb4.27.4&#8243; background_size=\u00bbinitial\u00bb background_position=\u00bbtop_left\u00bb background_repeat=\u00bbrepeat\u00bb global_colors_info=\u00bb{}\u00bb][et_pb_column type=\u00bb1_3&#8243; _builder_version=\u00bb4.16&#8243; custom_padding=\u00bb|||\u00bb global_colors_info=\u00bb{}\u00bb custom_padding__hover=\u00bb|||\u00bb][et_pb_blurb title=\u00bbTr\u00e1mites Instituto Tecnol\u00f3gico Superior de Teziutl\u00e1n\u00bb url=\u00bbhttps:\/\/teziutlan.tecnm.mx\/index.php\/trm-traslado-estudiantil\/\u00bb url_new_window=\u00bbon\u00bb image=\u00bbdata:image\/svg+xml;base64,PHN2ZyB3aWR0aD0iMTA4MCIgaGVpZ2h0PSI1NDAiIHZpZXdCb3g9IjAgMCAxMDgwIDU0MCIgeG1sbnM9Imh0dHA6Ly93d3cudzMub3JnLzIwMDAvc3ZnIj4KICAgIDxnIGZpbGw9Im5vbmUiIGZpbGwtcnVsZT0iZXZlbm9kZCI+CiAgICAgICAgPHBhdGggZmlsbD0iI0VCRUJFQiIgZD0iTTAgMGgxMDgwdjU0MEgweiIvPgogICAgICAgIDxwYXRoIGQ9Ik00NDUuNjQ5IDU0MGgtOTguOTk1TDE0NC42NDkgMzM3Ljk5NSAwIDQ4Mi42NDR2LTk4Ljk5NWwxMTYuMzY1LTExNi4zNjVjMTUuNjItMTUuNjIgNDAuOTQ3LTE1LjYyIDU2LjU2OCAwTDQ0NS42NSA1NDB6IiBmaWxsLW9wYWNpdHk9Ii4xIiBmaWxsPSIjMDAwIiBmaWxsLXJ1bGU9Im5vbnplcm8iLz4KICAgICAgICA8Y2lyY2xlIGZpbGwtb3BhY2l0eT0iLjA1IiBmaWxsPSIjMDAwIiBjeD0iMzMxIiBjeT0iMTQ4IiByPSI3MCIvPgogICAgICAgIDxwYXRoIGQ9Ik0xMDgwIDM3OXYxMTMuMTM3TDcyOC4xNjIgMTQwLjMgMzI4LjQ2MiA1NDBIMjE1LjMyNEw2OTkuODc4IDU1LjQ0NmMxNS42Mi0xNS42MiA0MC45NDgtMTUuNjIgNTYuNTY4IDBMMTA4MCAzNzl6IiBmaWxsLW9wYWNpdHk9Ii4yIiBmaWxsPSIjMDAwIiBmaWxsLXJ1bGU9Im5vbnplcm8iLz4KICAgIDwvZz4KPC9zdmc+Cg==\u00bb image_icon_width=\u00bb100%\u00bb _builder_version=\u00bb4.27.4&#8243; _module_preset=\u00bbdefault\u00bb header_font=\u00bb||||||||\u00bb header_text_align=\u00bbleft\u00bb header_font_size=\u00bb21px\u00bb body_font=\u00bb|700|||||||\u00bb body_font_size=\u00bb19px\u00bb image_icon_custom_margin=\u00bb||0px||false|false\u00bb image_icon_custom_padding=\u00bb||0px||false|false\u00bb custom_padding=\u00bb10px|10px|50px|10px|false|false\u00bb border_width_all=\u00bb1px\u00bb border_color_all=\u00bb#d8d8d8&#8243; global_colors_info=\u00bb{}\u00bb]<\/p>\n<p>Traslado Estudiantil<\/p>\n<p>[\/et_pb_blurb][\/et_pb_column][et_pb_column type=\u00bb1_3&#8243; _builder_version=\u00bb4.16&#8243; custom_padding=\u00bb|||\u00bb global_colors_info=\u00bb{}\u00bb custom_padding__hover=\u00bb|||\u00bb][\/et_pb_column][et_pb_column type=\u00bb1_3&#8243; _builder_version=\u00bb4.16&#8243; custom_padding=\u00bb|||\u00bb global_colors_info=\u00bb{}\u00bb custom_padding__hover=\u00bb|||\u00bb][\/et_pb_column][\/et_pb_row][\/et_pb_section]<\/p>\n","protected":false},"excerpt":{"rendered":"<p>Acceso al centro de c\u00f3mputoActividades extraescolaresAdmisi\u00f3n e inducci\u00f3n a aspirantes de nuevo ingresoCertificado de Estudios parcialConvalidacion de estudiosEmitir Quejas y SujerenciasEquivalencias de estudioObtenci\u00f3n de T\u00edtulo ProfecionalPr\u00e9stamo de material bibliogr\u00e1fricoPrograma semestral de recidencia profecionalPrograma semestral de Servicio SocialTr\u00e1mite de Titulaci\u00f3nTraslado Estudiantil<\/p>\n","protected":false},"author":1,"featured_media":0,"parent":0,"menu_order":0,"comment_status":"closed","ping_status":"closed","template":"","meta":{"_et_pb_use_builder":"on","_et_pb_old_content":"<!-- wp:divi\/placeholder \/-->","_et_gb_content_width":"","footnotes":""},"class_list":["post-1006","page","type-page","status-publish","hentry"],"_links":{"self":[{"href":"https:\/\/teziutlan.tecnm.mx\/index.php\/wp-json\/wp\/v2\/pages\/1006","targetHints":{"allow":["GET"]}}],"collection":[{"href":"https:\/\/teziutlan.tecnm.mx\/index.php\/wp-json\/wp\/v2\/pages"}],"about":[{"href":"https:\/\/teziutlan.tecnm.mx\/index.php\/wp-json\/wp\/v2\/types\/page"}],"author":[{"embeddable":true,"href":"https:\/\/teziutlan.tecnm.mx\/index.php\/wp-json\/wp\/v2\/users\/1"}],"replies":[{"embeddable":true,"href":"https:\/\/teziutlan.tecnm.mx\/index.php\/wp-json\/wp\/v2\/comments?post=1006"}],"version-history":[{"count":12,"href":"https:\/\/teziutlan.tecnm.mx\/index.php\/wp-json\/wp\/v2\/pages\/1006\/revisions"}],"predecessor-version":[{"id":2503,"href":"https:\/\/teziutlan.tecnm.mx\/index.php\/wp-json\/wp\/v2\/pages\/1006\/revisions\/2503"}],"wp:attachment":[{"href":"https:\/\/teziutlan.tecnm.mx\/index.php\/wp-json\/wp\/v2\/media?parent=1006"}],"curies":[{"name":"wp","href":"https:\/\/api.w.org\/{rel}","templated":true}]}}