{"id":1008,"date":"2025-04-02T19:13:17","date_gmt":"2025-04-02T19:13:17","guid":{"rendered":"http:\/\/10.10.25.1\/?page_id=1008"},"modified":"2026-04-08T21:35:16","modified_gmt":"2026-04-09T03:35:16","slug":"estados-financieros","status":"publish","type":"page","link":"https:\/\/teziutlan.tecnm.mx\/index.php\/estados-financieros\/","title":{"rendered":"Estados financieros"},"content":{"rendered":"<p>[et_pb_section fb_built=\u00bb1&#8243; _builder_version=\u00bb4.27.4&#8243; _module_preset=\u00bbdefault\u00bb global_colors_info=\u00bb{}\u00bb][et_pb_row _builder_version=\u00bb4.27.4&#8243; _module_preset=\u00bbdefault\u00bb global_colors_info=\u00bb{}\u00bb][et_pb_column type=\u00bb4_4&#8243; _builder_version=\u00bb4.27.4&#8243; _module_preset=\u00bbdefault\u00bb global_colors_info=\u00bb{}\u00bb][et_pb_text _builder_version=\u00bb4.27.4&#8243; _module_preset=\u00bbdefault\u00bb text_text_color=\u00bb#000000&#8243; text_orientation=\u00bbcenter\u00bb global_colors_info=\u00bb{}\u00bb]<\/p>\n<p>En cumplimiento a la Ley de Transparencia y Acceso a la informaci\u00f3n Publica del Estado de Puebla,\u00a0 el Instituto Tecnol\u00f3gico Superior de Teziutl\u00e1n pone a tu disposici\u00f3n la informaci\u00f3n Publica generada y administrada en su poder.<\/p>\n<p>[\/et_pb_text][et_pb_text _builder_version=\u00bb4.27.4&#8243; _module_preset=\u00bbdefault\u00bb text_font=\u00bb|700|||||||\u00bb text_text_color=\u00bb#1a9e3b\u00bb text_font_size=\u00bb30px\u00bb text_orientation=\u00bbcenter\u00bb global_colors_info=\u00bb{}\u00bb]<\/p>\n<p><a href=\"https:\/\/sevac.hacienda.gob.mx\/web\/login\" target=\"_blank\" rel=\"noopener\">https:\/\/sevac.hacienda.gob.mx\/<\/a><\/p>\n<p>[\/et_pb_text][et_pb_text _builder_version=\u00bb4.27.5&#8243; _module_preset=\u00bbdefault\u00bb text_font=\u00bb|700|||||||\u00bb text_text_color=\u00bb#0C71C3&#8243; text_font_size=\u00bb30px\u00bb text_orientation=\u00bbcenter\u00bb link_option_url=\u00bbhttps:\/\/cloud.teziutlan.tecnm.mx\/TransparenciaWeb\/Archivos\/VerArchivo?rutaRelativa=EstadosFinancieros&#038;nombreArchivo=1.ITST_MCG-01.26.pdf\u00bb link_option_url_new_window=\u00bbon\u00bb global_colors_info=\u00bb{}\u00bb]<\/p>\n<p>Manual de Contabilidad Gubernamental (Descarga aqu\u00ed)<\/p>\n<p>[\/et_pb_text][et_pb_text _builder_version=\u00bb4.27.5&#8243; _module_preset=\u00bbdefault\u00bb text_font=\u00bb|700|||||||\u00bb text_text_color=\u00bb#0C71C3&#8243; text_font_size=\u00bb20px\u00bb text_orientation=\u00bbcenter\u00bb link_option_url=\u00bbhttps:\/\/cloud.teziutlan.tecnm.mx\/TransparenciaWeb\/Archivos\/VerArchivo?rutaRelativa=EstadosFinancieros&#038;nombreArchivo=RESULTADO%20DE%20EVALUAC%20SEVAC%20TERCER%20PERIODO%202025.pdf\u00bb link_option_url_new_window=\u00bbon\u00bb global_colors_info=\u00bb{}\u00bb]<\/p>\n<p>RESULTADO DE LA EVALUACI\u00d3N SEVAC 3ER.PERIODO 2025.PDF<\/p>\n<p>[\/et_pb_text][et_pb_toggle title=\u00bbInformaci\u00f3n Financiera 2025&#8243; open_toggle_text_color=\u00bb#ef5939&#8243; _builder_version=\u00bb4.27.6&#8243; _module_preset=\u00bbdefault\u00bb title_text_color=\u00bb#ef5939&#8243; title_font=\u00bb|700|||||||\u00bb title_text_align=\u00bbleft\u00bb title_font_size=\u00bb18px\u00bb body_text_color=\u00bb#000000&#8243; text_orientation=\u00bbcenter\u00bb hover_enabled=\u00bb0&#8243; global_colors_info=\u00bb{}\u00bb sticky_enabled=\u00bb0&#8243;]<\/p>\n<p style=\"text-align: left;\"><a href=\"https:\/\/teziutlan.tecnm.mx\/index.php\/i-informacion-contable-2025\/\">I. Informaci\u00f3n Contable<\/a><\/p>\n<p style=\"text-align: left;\"><a href=\"https:\/\/teziutlan.tecnm.mx\/index.php\/ii-informacion-presupuestal\/\">II. Informaci\u00f3n Presupuestal<\/a><\/p>\n<p style=\"text-align: left;\"><a href=\"https:\/\/teziutlan.tecnm.mx\/index.php\/iii-informacion-programatica-2025\/\">III. Informaci\u00f3n Program\u00e1tica<\/a><\/p>\n<p style=\"text-align: left;\"><a href=\"https:\/\/teziutlan.tecnm.mx\/index.php\/iv-formatos-de-la-ley-de-disciplina-financiera-2025\/\">IV. Formatos de la ley de Disciplina Financiera<\/a><\/p>\n<p style=\"text-align: left;\"><a href=\"https:\/\/teziutlan.tecnm.mx\/index.php\/v-montos-pagados-2025\/\">V. Montos Pagados<\/a><\/p>\n<p>[\/et_pb_toggle][et_pb_toggle title=\u00bbInformaci\u00f3n Financiera 2024&#8243; open_toggle_text_color=\u00bb#ef5939&#8243; _builder_version=\u00bb4.27.4&#8243; _module_preset=\u00bbdefault\u00bb title_text_color=\u00bb#ef5939&#8243; title_font=\u00bb|700|||||||\u00bb title_text_align=\u00bbleft\u00bb title_font_size=\u00bb18px\u00bb body_text_color=\u00bb#000000&#8243; text_orientation=\u00bbcenter\u00bb global_colors_info=\u00bb{}\u00bb]<\/p>\n<p style=\"text-align: left;\"><a href=\"https:\/\/teziutlan.tecnm.mx\/index.php\/i-informacion-contable-2024\/\">I. Informaci\u00f3n Contable<\/a><\/p>\n<p style=\"text-align: left;\"><a href=\"https:\/\/teziutlan.tecnm.mx\/index.php\/ii-informacion-presupuestal-2024\/\">II. Informaci\u00f3n Presupuestal<\/a><\/p>\n<p style=\"text-align: left;\"><a href=\"https:\/\/teziutlan.tecnm.mx\/index.php\/iii-informacion-programatica-2024\/\">III. Informaci\u00f3n Program\u00e1tica<\/a><\/p>\n<p style=\"text-align: left;\"><a href=\"https:\/\/teziutlan.tecnm.mx\/index.php\/iv-formatos-de-la-ley-de-disciplina-financiera-2024\/\">IV. Formatos de la ley de Disciplina Financiera<\/a><\/p>\n<p style=\"text-align: left;\"><a href=\"https:\/\/teziutlan.tecnm.mx\/index.php\/v-montos-pagados-2024\/\">V. Montos Pagados<\/a><\/p>\n<p>[\/et_pb_toggle][\/et_pb_column][\/et_pb_row][\/et_pb_section]<\/p>\n","protected":false},"excerpt":{"rendered":"<p>En cumplimiento a la Ley de Transparencia y Acceso a la informaci\u00f3n Publica del Estado de Puebla,\u00a0 el Instituto Tecnol\u00f3gico Superior de Teziutl\u00e1n pone a tu disposici\u00f3n la informaci\u00f3n Publica generada y administrada en su poder.https:\/\/sevac.hacienda.gob.mx\/Manual de Contabilidad Gubernamental (Descarga aqu\u00ed)RESULTADO DE LA EVALUACI\u00d3N SEVAC 3ER.PERIODO 2025.PDFI. Informaci\u00f3n Contable II. Informaci\u00f3n Presupuestal III. Informaci\u00f3n Program\u00e1tica [&hellip;]<\/p>\n","protected":false},"author":1,"featured_media":0,"parent":0,"menu_order":0,"comment_status":"closed","ping_status":"closed","template":"","meta":{"_et_pb_use_builder":"on","_et_pb_old_content":"<!-- wp:divi\/placeholder \/-->","_et_gb_content_width":"","footnotes":""},"class_list":["post-1008","page","type-page","status-publish","hentry"],"_links":{"self":[{"href":"https:\/\/teziutlan.tecnm.mx\/index.php\/wp-json\/wp\/v2\/pages\/1008","targetHints":{"allow":["GET"]}}],"collection":[{"href":"https:\/\/teziutlan.tecnm.mx\/index.php\/wp-json\/wp\/v2\/pages"}],"about":[{"href":"https:\/\/teziutlan.tecnm.mx\/index.php\/wp-json\/wp\/v2\/types\/page"}],"author":[{"embeddable":true,"href":"https:\/\/teziutlan.tecnm.mx\/index.php\/wp-json\/wp\/v2\/users\/1"}],"replies":[{"embeddable":true,"href":"https:\/\/teziutlan.tecnm.mx\/index.php\/wp-json\/wp\/v2\/comments?post=1008"}],"version-history":[{"count":27,"href":"https:\/\/teziutlan.tecnm.mx\/index.php\/wp-json\/wp\/v2\/pages\/1008\/revisions"}],"predecessor-version":[{"id":5267,"href":"https:\/\/teziutlan.tecnm.mx\/index.php\/wp-json\/wp\/v2\/pages\/1008\/revisions\/5267"}],"wp:attachment":[{"href":"https:\/\/teziutlan.tecnm.mx\/index.php\/wp-json\/wp\/v2\/media?parent=1008"}],"curies":[{"name":"wp","href":"https:\/\/api.w.org\/{rel}","templated":true}]}}