{"id":1010,"date":"2025-04-02T19:13:39","date_gmt":"2025-04-02T19:13:39","guid":{"rendered":"http:\/\/10.10.25.1\/?page_id=1010"},"modified":"2026-02-13T12:12:48","modified_gmt":"2026-02-13T18:12:48","slug":"programa-presupuestario","status":"publish","type":"page","link":"https:\/\/teziutlan.tecnm.mx\/index.php\/programa-presupuestario\/","title":{"rendered":"Programa presupuestario"},"content":{"rendered":"<p>[et_pb_section fb_built=\u00bb1&#8243; _builder_version=\u00bb4.27.4&#8243; _module_preset=\u00bbdefault\u00bb global_colors_info=\u00bb{}\u00bb][et_pb_row _builder_version=\u00bb4.27.4&#8243; _module_preset=\u00bbdefault\u00bb background_color=\u00bb#ef5939&#8243; custom_padding=\u00bb0px||0px||false|false\u00bb global_colors_info=\u00bb{}\u00bb][et_pb_column type=\u00bb4_4&#8243; _builder_version=\u00bb4.27.4&#8243; _module_preset=\u00bbdefault\u00bb global_colors_info=\u00bb{}\u00bb][et_pb_text _builder_version=\u00bb4.27.4&#8243; _module_preset=\u00bbdefault\u00bb text_font=\u00bb|700|||||||\u00bb text_text_color=\u00bb#FFFFFF\u00bb text_font_size=\u00bb42px\u00bb header_font_size=\u00bb33px\u00bb header_2_font_size=\u00bb39px\u00bb background_color=\u00bb#ef5939&#8243; text_orientation=\u00bbcenter\u00bb background_layout=\u00bbdark\u00bb custom_padding=\u00bb22px||25px||false|false\u00bb custom_padding_tablet=\u00bb22px||25px||false|false\u00bb custom_padding_phone=\u00bb10px|10px|12px|10px|false|false\u00bb custom_padding_last_edited=\u00bbon|desktop\u00bb text_font_size_tablet=\u00bb42px\u00bb text_font_size_phone=\u00bb24px\u00bb text_font_size_last_edited=\u00bbon|desktop\u00bb global_colors_info=\u00bb{}\u00bb]<\/p>\n<p>Programa Presupuestario y Evaluaciones (SEE)<\/p>\n<p>[\/et_pb_text][\/et_pb_column][\/et_pb_row][et_pb_row _builder_version=\u00bb4.27.4&#8243; _module_preset=\u00bbdefault\u00bb global_colors_info=\u00bb{}\u00bb][et_pb_column type=\u00bb4_4&#8243; _builder_version=\u00bb4.27.4&#8243; _module_preset=\u00bbdefault\u00bb global_colors_info=\u00bb{}\u00bb][et_pb_text _builder_version=\u00bb4.27.4&#8243; _module_preset=\u00bbdefault\u00bb text_font=\u00bbAlbert Sans||||||||\u00bb text_font_size=\u00bb17px\u00bb text_orientation=\u00bbjustified\u00bb custom_margin=\u00bb|0px||0px|false|false\u00bb custom_margin_tablet=\u00bb|0px||0px|false|false\u00bb custom_margin_phone=\u00bb|0px||0px|false|false\u00bb custom_margin_last_edited=\u00bbon|desktop\u00bb text_font_size_tablet=\u00bb17px\u00bb text_font_size_phone=\u00bb15px\u00bb text_font_size_last_edited=\u00bbon|phone\u00bb text_orientation_tablet=\u00bb\u00bb text_orientation_phone=\u00bbjustified\u00bb text_orientation_last_edited=\u00bbon|phone\u00bb global_colors_info=\u00bb{}\u00bb]<\/p>\n<div data-vc-full-width=\"true\" data-vc-full-width-init=\"true\" class=\"vc_row wpb_row vc_row-fluid vc_custom_1558023454524 vc_row-o-content-middle vc_row-flex\">\n<div class=\"wpb_column vc_column_container vc_col-sm-8\">\n<div class=\"vc_column-inner\">\n<div class=\"wpb_wrapper\">\n<div class=\"wpb_text_column wpb_content_element\">\n<div class=\"wpb_wrapper\">\n<p>En cumplimiento a la Ley de Transparencia y Acceso a la Informaci\u00f3n P\u00fablica del Estado de Puebla, el Instituto Tecnol\u00f3gico Superior de Teziutl\u00e1n pone a tu disposici\u00f3n la informaci\u00f3n P\u00fablica generada y administrada en su poder.<\/p>\n<p><strong>Fundamento Jur\u00eddico: <span>\u00a0<\/span><\/strong>Art\u00edculos 3, 4 fracciones II y IX y 7 fracci\u00f3n III del Decreto del H. Congreso del Estado por el que se crea el Organismo P\u00fablico Descentralizado denominado \u201cCOORDINACI\u00d3N ESTATAL DE TRANSPARENCIA Y GOBIERNO ABIERTO\u201d;4 fracci\u00f3n III, 6, 11 fracciones IX, XVI y XVII, 12 fracciones IV y VIII del Reglamento Interior de la Coordinaci\u00f3n Estatal de Transparencia y Gobierno Abierto; y con la finalidad de garantizar el cumplimiento de las obligaciones establecidas en el T\u00edtulo Quinto de la Ley de Transparencia y Acceso a la Informaci\u00f3n P\u00fablica del Estado de Puebla.<\/p>\n<\/div>\n<\/div>\n<\/div>\n<\/div>\n<\/div>\n<div class=\"wpb_column vc_column_container vc_col-sm-2\">\n<div class=\"vc_column-inner\">\n<div class=\"wpb_wrapper\"><\/div>\n<\/div>\n<\/div>\n<\/div>\n<div class=\"vc_row-full-width vc_clearfix\"><\/div>\n<div data-vc-full-width=\"true\" data-vc-full-width-init=\"true\" class=\"vc_row wpb_row vc_row-fluid vc_custom_1558023454524 vc_row-o-content-middle vc_row-flex\">\n<div class=\"wpb_column vc_column_container vc_col-sm-12\">\n<div class=\"vc_column-inner\">\n<div class=\"wpb_wrapper\"><\/div>\n<\/div>\n<\/div>\n<\/div>\n<p>[\/et_pb_text][\/et_pb_column][\/et_pb_row][et_pb_row _builder_version=\u00bb4.27.4&#8243; _module_preset=\u00bbdefault\u00bb global_colors_info=\u00bb{}\u00bb][et_pb_column type=\u00bb4_4&#8243; _builder_version=\u00bb4.27.4&#8243; _module_preset=\u00bbdefault\u00bb global_colors_info=\u00bb{}\u00bb][et_pb_toggle title=\u00bbPrograma Presupuestario y Evaluaci\u00f3n SEE 2025&#8243; open_toggle_text_color=\u00bb#ef5939&#8243; open_toggle_background_color=\u00bbRGBA(255,255,255,0)\u00bb closed_toggle_background_color=\u00bbRGBA(255,255,255,0)\u00bb toggle_icon=\u00bb&#x33;||divi||400&#8243; use_icon_font_size=\u00bbon\u00bb open_toggle_icon=\u00bb&#x32;||divi||400&#8243; _builder_version=\u00bb4.27.5&#8243; _module_preset=\u00bbdefault\u00bb title_text_color=\u00bb#ef5939&#8243; title_font=\u00bb|700|||||||\u00bb title_font_size=\u00bb22px\u00bb body_font_size=\u00bb18px\u00bb hover_enabled=\u00bb0&#8243; title_font_size_tablet=\u00bb24px\u00bb title_font_size_phone=\u00bb20px\u00bb title_font_size_last_edited=\u00bbon|phone\u00bb body_font_size_tablet=\u00bb18px\u00bb body_font_size_phone=\u00bb14px\u00bb body_font_size_last_edited=\u00bbon|phone\u00bb border_color_all=\u00bb#000000&#8243; border_width_right=\u00bb0px\u00bb border_width_left=\u00bb0px\u00bb global_colors_info=\u00bb{}\u00bb sticky_enabled=\u00bb0&#8243;]<\/p>\n<p><a href=\"http:\/\/cloud.teziutlan.tecnm.mx\/Transparencia\/ProgramaPresupuestario\/2025\/Nota%20Aclaratoria%202025.pdf\" target=\"_blank\" rel=\"noopener\">Nota Aclaratoria del PP E028<\/a><\/p>\n<p><a href=\"http:\/\/cloud.teziutlan.tecnm.mx\/Transparencia\/ProgramaPresupuestario\/2025\/1.%20MIR%20Programa%20Presupuestario%20ITS%20Teziutl%C3%A1n%202025.pdf\" target=\"_blank\" rel=\"noopener\">1. MIR &#8211; Programa Presupuestario ITS Teziutl\u00e1n 2025<\/a><\/p>\n<p><a href=\"http:\/\/cloud.teziutlan.tecnm.mx\/Transparencia\/ProgramaPresupuestario\/2025\/2.%20Indicadores%20Programa%20Presupuestario%20ITS%20Teziutl%C3%A1n%202025.pdf\" target=\"_blank\" rel=\"noopener\">2. Indicadores &#8211; Programa Presupuestario ITS Teziutl\u00e1n 2025<\/a><\/p>\n<p><a href=\"http:\/\/cloud.teziutlan.tecnm.mx\/Transparencia\/ProgramaPresupuestario\/2025\/3.%20Actividades%20Programa%20Presupuestario%20ITS%20Teziutl%C3%A1n%202025.pdf\" target=\"_blank\" rel=\"noopener\">3. Actividades &#8211; Programa Presupuestario ITS Teziutl\u00e1n 2025<\/a><\/p>\n<p><a href=\"http:\/\/cloud.teziutlan.tecnm.mx\/Transparencia\/ProgramaPresupuestario\/2025\/4.%20Alineaci%C3%B3n%20Programa%20Presupuestario%20ITS%20Teziutl%C3%A1n%202025.pdf\" target=\"_blank\" rel=\"noopener\">4. Alineaci\u00f3n Programa Presupuestario ITS Teziutl\u00e1n 2025<\/a><\/p>\n<p><a href=\"http:\/\/cloud.teziutlan.tecnm.mx\/Transparencia\/ProgramaPresupuestario\/2025\/5.%20Sub%20Programa%20Presupuestario%20038%20-2025.pdf\" target=\"_blank\" rel=\"noopener\">5. Sub Programa Presupuestario 038 -2025.pdf<\/a><\/p>\n<p><a href=\"https:\/\/cloud.teziutlan.tecnm.mx\/TransparenciaWeb\/Archivos\/VerArchivo?rutaRelativa=ProgramaPresupuestario%2F2025&amp;nombreArchivo=6.%20Primer%201er.%20Reporte%20Interno%20de%20Cump.%20Prog.%20Pres.%20Enero-Marzo%202025.pdf\" target=\"_blank\" rel=\"noopener\">6a. Primer Reporte Interno de Cump. Prog. Pres. Enero-Marzo 2025.pdf<\/a><\/p>\n<p><a href=\"https:\/\/cloud.teziutlan.tecnm.mx\/TransparenciaWeb\/Archivos\/VerArchivo?rutaRelativa=ProgramaPresupuestario%2F2025&amp;nombreArchivo=7.%20Segundo%20Reporte%20Interno%20de%20Cump.%20Prog.%20Pres.%20Abril-Junio%202025.pdf\" target=\"_blank\" rel=\"noopener\">6b. Segundo Reporte Interno de Cump. Prog. Pres. Abril-Junio 2025.pdf<\/a><\/p>\n<p><a href=\"https:\/\/cloud.teziutlan.tecnm.mx\/TransparenciaWeb\/Archivos\/VerArchivo?rutaRelativa=ProgramaPresupuestario%2F2025&amp;nombreArchivo=6c.%20Tercer%20Reporte%20Interno%20de%20Cump.%20Prog.%20Pres.%20julio-septiembre%202025.pdf\" target=\"_blank\" rel=\"noopener\"><span>6c. Tercer Reporte Interno de Cump. Prog. Pres. julio-septiembre 2025.pdf<\/span><\/a><\/p>\n<div>\n<p><a href=\"https:\/\/cloud.teziutlan.tecnm.mx\/TransparenciaWeb\/Archivos\/VerArchivo?rutaRelativa=ProgramaPresupuestario%2F2025&amp;nombreArchivo=6d.%20Cuarto%20Reporte%20Interno%20de%20Cump.%20Prog.%20Pres.%20octubre-diciembre%202025.pdf\" target=\"_blank\" rel=\"noopener\"><span>6d. Cuarto Reporte Interno de Cump. Prog. Pres. octubre-diciembre 2025.pdf<\/span><\/a><\/p>\n<p><span><\/span><\/p>\n<div><\/div>\n<\/div>\n<p><a href=\"https:\/\/cloud.teziutlan.tecnm.mx\/TransparenciaWeb\/Archivos\/VerArchivo?rutaRelativa=ProgramaPresupuestario%2F2025&amp;nombreArchivo=6.1%20Primer%20Inf.%20de%20Evaluaci%C3%B3n%20%28SEE%29%202025.pdf\">7a. Primer Inf. de Evaluaci\u00f3n (SEE) 2025.pdf<\/a><\/p>\n<p><a href=\"https:\/\/cloud.teziutlan.tecnm.mx\/TransparenciaWeb\/Archivos\/VerArchivo?rutaRelativa=ProgramaPresupuestario%2F2025&amp;nombreArchivo=7.1%20Segundo%20Inf.%20de%20Evaluaci%C3%B3n%20%28SEE%29%202025.pdf\" target=\"_blank\" rel=\"noopener\">7b. Segundo Inf. de Evaluaci\u00f3n (SEE) 2025.pdf<\/a><\/p>\n<p><a href=\"https:\/\/cloud.teziutlan.tecnm.mx\/TransparenciaWeb\/Archivos\/VerArchivo?rutaRelativa=ProgramaPresupuestario%2F2025&amp;nombreArchivo=7c.%20Tercer%20Inf.%20de%20Evaluaci%C3%B3n%20%28SEE%29%202025.pdf.pdf\" target=\"_blank\" rel=\"noopener\"><span>7c. Tercer Inf. de Evaluaci\u00f3n (SEE) 2025.pdf.pdf<\/span><\/a><\/p>\n<div><\/div>\n<div><\/div>\n<p>[\/et_pb_toggle][et_pb_toggle title=\u00bbPrograma Presupuestario y Evaluaci\u00f3n SEE 2024&#8243; open_toggle_text_color=\u00bb#ef5939&#8243; open_toggle_background_color=\u00bbRGBA(255,255,255,0)\u00bb closed_toggle_background_color=\u00bbRGBA(255,255,255,0)\u00bb toggle_icon=\u00bb&#x33;||divi||400&#8243; use_icon_font_size=\u00bbon\u00bb open_toggle_icon=\u00bb&#x32;||divi||400&#8243; _builder_version=\u00bb4.27.4&#8243; _module_preset=\u00bbdefault\u00bb title_text_color=\u00bb#ef5939&#8243; title_font=\u00bb|700|||||||\u00bb title_font_size=\u00bb22px\u00bb body_font_size=\u00bb18px\u00bb title_font_size_tablet=\u00bb24px\u00bb title_font_size_phone=\u00bb20px\u00bb title_font_size_last_edited=\u00bbon|phone\u00bb body_font_size_tablet=\u00bb18px\u00bb body_font_size_phone=\u00bb14px\u00bb body_font_size_last_edited=\u00bbon|phone\u00bb border_color_all=\u00bb#000000&#8243; border_width_right=\u00bb0px\u00bb border_width_left=\u00bb0px\u00bb global_colors_info=\u00bb{}\u00bb]<\/p>\n<p><a href=\"http:\/\/cloud.teziutlan.tecnm.mx\/Transparencia\/ProgramaPresupuestario\/2024\/Nota%20Aclaratoria%202024.pdf\" target=\"_blank\" rel=\"noopener\">Nota Aclaratoria del PP E028<\/a><\/p>\n<p><a href=\"http:\/\/cloud.teziutlan.tecnm.mx\/Transparencia\/ProgramaPresupuestario\/2024\/1.%20MIR%20Programa%20Presupuestario%20ITS%20Teziutl%C3%A1n%202024.pdf\" target=\"_blank\" rel=\"noopener\">1. MIR &#8211; Programa Presupuestario ITS Teziutl\u00e1n 2024<\/a><\/p>\n<p><a href=\"http:\/\/cloud.teziutlan.tecnm.mx\/Transparencia\/ProgramaPresupuestario\/2024\/2.%20Indicadores%20Programa%20Presupuestario%20ITS%20Teziutl%C3%A1n%202024.pdf\">2. Indicadores &#8211; Programa Presupuestario ITS Teziutl\u00e1n 2024<\/a><\/p>\n<p><a href=\"http:\/\/cloud.teziutlan.tecnm.mx\/Transparencia\/ProgramaPresupuestario\/2024\/3.%20Actividades%20Programa%20Presupuestario%20ITS%20Teziutl%C3%A1n%202024.pdf\" target=\"_blank\" rel=\"noopener\">3. Actividades &#8211; Programa Presupuestario ITS Teziutl\u00e1n 2024<\/a><\/p>\n<p><a href=\"http:\/\/cloud.teziutlan.tecnm.mx\/Transparencia\/ProgramaPresupuestario\/2024\/4.%20Alineacion%20Programa%20Presupuestario%20ITS%20Teziutl%C3%A1n%202024.pdf\" target=\"_blank\" rel=\"noopener\">4. Alineaci\u00f3n Programa Presupuestario ITS Teziutl\u00e1n 2024<\/a><\/p>\n<p><a href=\"http:\/\/cloud.teziutlan.tecnm.mx\/Transparencia\/ProgramaPresupuestario\/2024\/5.%20Primer%20y%20Segundo%20Inf.%20de%20Evaluaci%C3%B3n%20%28SEE%29%202024.pdf\" target=\"_blank\" rel=\"noopener\">5. Primer y Segundo Inf. de Evaluaci\u00f3n (SEE) 2024<\/a><\/p>\n<p><a href=\"http:\/\/cloud.teziutlan.tecnm.mx\/Transparencia\/ProgramaPresupuestario\/2024\/6.%20Tercer%20Inf.%20de%20Evaluaci%C3%B3n%20%28SEE%29%202024.pdf\" target=\"_blank\" rel=\"noopener\">6. Tercer Inf. Trim de Evaluaci\u00f3n (SEE) 2024<\/a><\/p>\n<p><a href=\"http:\/\/cloud.teziutlan.tecnm.mx\/Transparencia\/ProgramaPresupuestario\/2024\/7.%20Cuarto%20Inf.%20de%20Evaluaci%C3%B3n%20%28SEE%29%202024.pdf\" target=\"_blank\" rel=\"noopener\">7. Cuarto Inf. Anual de Evaluaci\u00f3n (SEE) 2024<\/a><\/p>\n<p><a href=\"https:\/\/cloud.teziutlan.tecnm.mx\/TransparenciaWeb\/Archivos\/VerArchivo?rutaRelativa=ProgramaPresupuestario%2F2024&amp;nombreArchivo=Programa%20Anual%20de%20Evaluaci%C3%B3n%202024.pdf\" target=\"_blank\" rel=\"noopener\">Programa Anual de Evaluaci\u00f3n 2024<\/a><\/p>\n<p>[\/et_pb_toggle][et_pb_toggle title=\u00bbPrograma Presupuestario y Evaluaci\u00f3n SEE 2023&#8243; open_toggle_text_color=\u00bb#ef5939&#8243; open_toggle_background_color=\u00bbRGBA(255,255,255,0)\u00bb closed_toggle_background_color=\u00bbRGBA(255,255,255,0)\u00bb toggle_icon=\u00bb&#x33;||divi||400&#8243; use_icon_font_size=\u00bbon\u00bb open_toggle_icon=\u00bb&#x32;||divi||400&#8243; _builder_version=\u00bb4.27.4&#8243; _module_preset=\u00bbdefault\u00bb title_text_color=\u00bb#ef5939&#8243; title_font=\u00bb|700|||||||\u00bb title_font_size=\u00bb22px\u00bb body_font_size=\u00bb18px\u00bb title_font_size_tablet=\u00bb24px\u00bb title_font_size_phone=\u00bb20px\u00bb title_font_size_last_edited=\u00bbon|phone\u00bb body_font_size_tablet=\u00bb18px\u00bb body_font_size_phone=\u00bb14px\u00bb body_font_size_last_edited=\u00bbon|phone\u00bb border_color_all=\u00bb#000000&#8243; border_width_right=\u00bb0px\u00bb border_width_left=\u00bb0px\u00bb global_colors_info=\u00bb{}\u00bb]<\/p>\n<p><a href=\"http:\/\/cloud.teziutlan.tecnm.mx\/Transparencia\/ProgramaPresupuestario\/2023\/Nota%20Aclaratoria%20del%20PP%20E028.pdf\" target=\"_blank\" rel=\"noopener\">Nota Aclaratoria del PP E028<\/a><\/p>\n<p><a href=\"http:\/\/cloud.teziutlan.tecnm.mx\/Transparencia\/ProgramaPresupuestario\/2023\/1.%20MIR%20-%20Programa%20Presupuestario%20ITS%20Teziutl%C3%A1n%202023.pdf\" target=\"_blank\" rel=\"noopener\">1. MIR &#8211; Programa Presupuestario ITS Teziutl\u00e1n 2023<\/a><\/p>\n<p><a href=\"http:\/\/cloud.teziutlan.tecnm.mx\/Transparencia\/ProgramaPresupuestario\/2023\/2.%20Indicadores%20-%20Programa%20Presupuestario%20ITS%20Teziutl%C3%A1n%202023.pdf\" target=\"_blank\" rel=\"noopener\">2. Indicadores &#8211; Programa Presupuestario ITS Teziutl\u00e1n 2023<\/a><\/p>\n<p><a href=\"http:\/\/cloud.teziutlan.tecnm.mx\/Transparencia\/ProgramaPresupuestario\/2023\/3.%20Actividades%20-%20Programa%20Presupuestario%20ITS%20Teziutl%C3%A1n%202023.pdf\" target=\"_blank\" rel=\"noopener\">3. Actividades &#8211; Programa Presupuestario ITS Teziutl\u00e1n 2023<\/a><\/p>\n<p><a href=\"http:\/\/cloud.teziutlan.tecnm.mx\/Transparencia\/ProgramaPresupuestario\/2023\/4.%20Primer%20y%20Segundo%20Inf.%20Trim.%20de%20Evaluaci%C3%B3n%20%28SEE%29%202023.pdf\" target=\"_blank\" rel=\"noopener\">4. Primer Inf. Trim. de Evaluaci\u00f3n (SEE) 2023<\/a><\/p>\n<p><a href=\"http:\/\/cloud.teziutlan.tecnm.mx\/Transparencia\/ProgramaPresupuestario\/2023\/5.%20Tercer%20Inf.%20Trim.%20de%20Evaluaci%C3%B3n%20%28SEE%29%202023.pdf\" target=\"_blank\" rel=\"noopener\">5. Segundo Inf. Trim. de Evaluaci\u00f3n (SEE) 2023<\/a><\/p>\n<p><a href=\"http:\/\/cloud.teziutlan.tecnm.mx\/Transparencia\/ProgramaPresupuestario\/2023\/6.%20Cuarto%20Inf.%20Trim.%20de%20Evaluaci%C3%B3n%20%28SEE%29%202023.pdf\" target=\"_blank\" rel=\"noopener\">6. Tercer Inf. Trim de Evaluaci\u00f3n (SEE) 2023<\/a><\/p>\n<p>[\/et_pb_toggle][et_pb_toggle title=\u00bbPrograma Presupuestario y Evaluaci\u00f3n SEE 2022&#8243; open_toggle_text_color=\u00bb#ef5939&#8243; open_toggle_background_color=\u00bbRGBA(255,255,255,0)\u00bb closed_toggle_background_color=\u00bbRGBA(255,255,255,0)\u00bb toggle_icon=\u00bb&#x33;||divi||400&#8243; use_icon_font_size=\u00bbon\u00bb open_toggle_icon=\u00bb&#x32;||divi||400&#8243; _builder_version=\u00bb4.27.4&#8243; _module_preset=\u00bbdefault\u00bb title_text_color=\u00bb#ef5939&#8243; title_font=\u00bb|700|||||||\u00bb title_font_size=\u00bb22px\u00bb body_font_size=\u00bb18px\u00bb title_font_size_tablet=\u00bb24px\u00bb title_font_size_phone=\u00bb20px\u00bb title_font_size_last_edited=\u00bbon|phone\u00bb body_font_size_tablet=\u00bb18px\u00bb body_font_size_phone=\u00bb14px\u00bb body_font_size_last_edited=\u00bbon|phone\u00bb border_color_all=\u00bb#000000&#8243; border_width_right=\u00bb0px\u00bb border_width_left=\u00bb0px\u00bb global_colors_info=\u00bb{}\u00bb]<\/p>\n<p><a href=\"http:\/\/cloud.teziutlan.tecnm.mx\/Transparencia\/ProgramaPresupuestario\/2022\/Nota%20Aclaratoria%20del%20PP%20E028.pdf\" target=\"_blank\" rel=\"noopener\">Nota Aclaratoria del PP E028<\/a><\/p>\n<p><a href=\"http:\/\/cloud.teziutlan.tecnm.mx\/Transparencia\/ProgramaPresupuestario\/2022\/1.%20MIR%20-%20Programa%20Presupuestario%20ITS%20Teziutl%C3%A1n%202022.pdf\" target=\"_blank\" rel=\"noopener\">1. MIR &#8211; Programa Presupuestario ITS Teziutl\u00e1n 2022<\/a><\/p>\n<p><a href=\"http:\/\/cloud.teziutlan.tecnm.mx\/Transparencia\/ProgramaPresupuestario\/2022\/2.%20Indicadores%20-%20Programa%20Presupuestario%20ITS%20Teziutl%C3%A1n%202022.pdf\" target=\"_blank\" rel=\"noopener\">2. Indicadores &#8211; Programa Presupuestario ITS Teziutl\u00e1n 2022<\/a><\/p>\n<p><a href=\"http:\/\/cloud.teziutlan.tecnm.mx\/Transparencia\/ProgramaPresupuestario\/2022\/3.%20Actividades%20-%20Programa%20Presupuestario%20ITS%20Teziutl%C3%A1n%202022.pdf\" target=\"_blank\" rel=\"noopener\">3. Actividades &#8211; Programa Presupuestario ITS Teziutl\u00e1n 2022<\/a><\/p>\n<p><a href=\"http:\/\/cloud.teziutlan.tecnm.mx\/Transparencia\/ProgramaPresupuestario\/2022\/4.%20Primer%20Inf.%20Trim.%20Evaluaci%C3%B3n%20%28SEE%29%202022.pdf\" target=\"_blank\" rel=\"noopener\">4. Primer Inf. Trim. de Evaluaci\u00f3n (SEE) 2022<\/a><\/p>\n<p><a href=\"http:\/\/cloud.teziutlan.tecnm.mx\/Transparencia\/ProgramaPresupuestario\/2022\/5.%20Segundo%20Inf.%20Trim.%20Evaluaci%C3%B3n%20%28SEE%29%202022.pdf\" target=\"_blank\" rel=\"noopener\">5. Segundo Inf. Trim. de Evaluaci\u00f3n (SEE) 2022<\/a><\/p>\n<p><a href=\"http:\/\/cloud.teziutlan.tecnm.mx\/Transparencia\/ProgramaPresupuestario\/2022\/6.%20Tercer%20Inf.%20Trim.%20Evaluaci%C3%B3n%20%28SEE%29%202022.pdf\" target=\"_blank\" rel=\"noopener\">6. Tercer Inf. Trim de Evaluaci\u00f3n (SEE) 2022<\/a><\/p>\n<p><a href=\"http:\/\/cloud.teziutlan.tecnm.mx\/Transparencia\/ProgramaPresupuestario\/2022\/7.%20Cuarto%20Inf.%20Trim.%20Evaluaci%C3%B3n%20%28SEE%29%202022.pdf\" target=\"_blank\" rel=\"noopener\">7. Cuarto Inf. Anual de Evaluaci\u00f3n (SEE) 2022<\/a><\/p>\n<p>[\/et_pb_toggle][et_pb_toggle title=\u00bbPrograma Presupuestario y Evaluaci\u00f3n SEE 2021&#8243; open_toggle_text_color=\u00bb#ef5939&#8243; open_toggle_background_color=\u00bbRGBA(255,255,255,0)\u00bb closed_toggle_background_color=\u00bbRGBA(255,255,255,0)\u00bb toggle_icon=\u00bb&#x33;||divi||400&#8243; use_icon_font_size=\u00bbon\u00bb open_toggle_icon=\u00bb&#x32;||divi||400&#8243; _builder_version=\u00bb4.27.4&#8243; _module_preset=\u00bbdefault\u00bb title_text_color=\u00bb#ef5939&#8243; title_font=\u00bb|700|||||||\u00bb title_font_size=\u00bb22px\u00bb body_font_size=\u00bb18px\u00bb title_font_size_tablet=\u00bb24px\u00bb title_font_size_phone=\u00bb20px\u00bb title_font_size_last_edited=\u00bbon|phone\u00bb body_font_size_tablet=\u00bb18px\u00bb body_font_size_phone=\u00bb14px\u00bb body_font_size_last_edited=\u00bbon|phone\u00bb border_color_all=\u00bb#000000&#8243; border_width_right=\u00bb0px\u00bb border_width_left=\u00bb0px\u00bb global_colors_info=\u00bb{}\u00bb]<\/p>\n<p><a href=\"http:\/\/cloud.teziutlan.tecnm.mx\/Transparencia\/ProgramaPresupuestario\/2021\/Nota%20Aclaratoria%20del%20PP%20E028.pdf\" target=\"_blank\" rel=\"noopener\">Nota Aclaratoria del PP E028<\/a><\/p>\n<p><a href=\"http:\/\/cloud.teziutlan.tecnm.mx\/Transparencia\/ProgramaPresupuestario\/2021\/1.%20MIR%20-%20Programa%20Presupuestario%20ITS%20Teziutl%C3%A1n%202021.pdf\" target=\"_blank\" rel=\"noopener\">1. MIR &#8211; Programa Presupuestario ITS Teziutl\u00e1n 2021<\/a><\/p>\n<p><a href=\"http:\/\/cloud.teziutlan.tecnm.mx\/Transparencia\/ProgramaPresupuestario\/2021\/2.%20Indicadores%20-%20Programa%20Presupuestario%20ITS%20Teziutl%C3%A1n%202021.pdf\" target=\"_blank\" rel=\"noopener\">2. Indicadores &#8211; Programa Presupuestario ITS Teziutl\u00e1n 2021<\/a><\/p>\n<p><a href=\"http:\/\/cloud.teziutlan.tecnm.mx\/Transparencia\/ProgramaPresupuestario\/2021\/3.%20Actividades%20-%20Programa%20Presupuestario%20ITS%20Teziutl%C3%A1n%202021.pdf\" target=\"_blank\" rel=\"noopener\">3. Actividades &#8211; Programa Presupuestario ITS Teziutl\u00e1n 2021<\/a><\/p>\n<p><a href=\"http:\/\/cloud.teziutlan.tecnm.mx\/Transparencia\/ProgramaPresupuestario\/2021\/4.%20Primer%20Inf.%20Trim.%20de%20Evaluaci%C3%B3n%20%28SEE%29%202021.pdf\" target=\"_blank\" rel=\"noopener\">4. Primer Inf. Trim. de Evaluaci\u00f3n (SEE) 2021<\/a><\/p>\n<p><a href=\"http:\/\/cloud.teziutlan.tecnm.mx\/Transparencia\/ProgramaPresupuestario\/2021\/5.%20Segundo%20Inf.%20Trim.%20de%20Evaluaci%C3%B3n%20%28SEE%29%202021.pdf\" target=\"_blank\" rel=\"noopener\">5. Segundo Inf. Trim. de Evaluaci\u00f3n (SEE) 2021<\/a><\/p>\n<p><a href=\"http:\/\/cloud.teziutlan.tecnm.mx\/Transparencia\/ProgramaPresupuestario\/2021\/6.%20Tercer%20Inf.%20Trim%20de%20Evaluaci%C3%B3n%20%28SEE%29%202021.pdf\" target=\"_blank\" rel=\"noopener\">6. Tercer Inf. Trim de Evaluaci\u00f3n (SEE) 2021<\/a><\/p>\n<p><a href=\"http:\/\/cloud.teziutlan.tecnm.mx\/Transparencia\/ProgramaPresupuestario\/2021\/7.%20Cuarto%20Inf.%20Anual%20de%20Evaluaci%C3%B3n%20%28SEE%29%202021.pdf\" target=\"_blank\" rel=\"noopener\">7. Cuarto Inf. Anual de Evaluaci\u00f3n (SEE) 2021<\/a><\/p>\n<p>[\/et_pb_toggle][et_pb_toggle title=\u00bbPrograma Presupuestario y Evaluaci\u00f3n SEE 2020&#8243; open_toggle_text_color=\u00bb#ef5939&#8243; open_toggle_background_color=\u00bbRGBA(255,255,255,0)\u00bb closed_toggle_background_color=\u00bbRGBA(255,255,255,0)\u00bb toggle_icon=\u00bb&#x33;||divi||400&#8243; use_icon_font_size=\u00bbon\u00bb open_toggle_icon=\u00bb&#x32;||divi||400&#8243; _builder_version=\u00bb4.27.4&#8243; _module_preset=\u00bbdefault\u00bb title_text_color=\u00bb#ef5939&#8243; title_font=\u00bb|700|||||||\u00bb title_font_size=\u00bb22px\u00bb body_font_size=\u00bb18px\u00bb title_font_size_tablet=\u00bb24px\u00bb title_font_size_phone=\u00bb20px\u00bb title_font_size_last_edited=\u00bbon|phone\u00bb body_font_size_tablet=\u00bb18px\u00bb body_font_size_phone=\u00bb14px\u00bb body_font_size_last_edited=\u00bbon|phone\u00bb border_color_all=\u00bb#000000&#8243; border_width_right=\u00bb0px\u00bb border_width_left=\u00bb0px\u00bb global_colors_info=\u00bb{}\u00bb]<\/p>\n<p><a href=\"http:\/\/cloud.teziutlan.tecnm.mx\/Transparencia\/ProgramaPresupuestario\/2020\/1.%20MIR%20-%20Programa%20Presupuestario%20ITS%20Teziutl%C3%A1n%202020.pdf\" target=\"_blank\" rel=\"noopener\">1. MIR &#8211; Programa Presupuestario ITS Teziutl\u00e1n 2020<\/a><\/p>\n<p><a href=\"http:\/\/cloud.teziutlan.tecnm.mx\/Transparencia\/ProgramaPresupuestario\/2020\/2.%20Indicadores%20-%20Programa%20Presupuestario%20ITS%20Teziutl%C3%A1n%202020.pdf\" target=\"_blank\" rel=\"noopener\">2. Indicadores &#8211; Programa Presupuestario ITS Teziutl\u00e1n 2020<\/a><\/p>\n<p><a href=\"http:\/\/cloud.teziutlan.tecnm.mx\/Transparencia\/ProgramaPresupuestario\/2020\/3.%20Actividades%20-%20Programa%20Presupuestario%20ITS%20Teziutl%C3%A1n%202020.pdf\" target=\"_blank\" rel=\"noopener\">3. Actividades &#8211; Programa Presupuestario ITS Teziutl\u00e1n 2020<\/a><\/p>\n<p><a href=\"http:\/\/cloud.teziutlan.tecnm.mx\/Transparencia\/ProgramaPresupuestario\/2020\/4.%20Primer%20Inf.%20Semestral%20de%20Evaluaci%C3%B3n%20%28SEE%29%202020.pdf\" target=\"_blank\" rel=\"noopener\">4. Primer Inf. Semestral de Evaluaci\u00f3n (SEE) 2020<\/a><\/p>\n<p><a href=\"http:\/\/cloud.teziutlan.tecnm.mx\/Transparencia\/ProgramaPresupuestario\/2020\/5.%20Segundo%20Inf.%20Semestral%20de%20Evaluaci%C3%B3n%20%28SEE%29%202020.pdf\" target=\"_blank\" rel=\"noopener\">5. Segundo Inf. Semestral de Evaluaci\u00f3n (SEE) 2020<\/a><\/p>\n<p>[\/et_pb_toggle][\/et_pb_column][\/et_pb_row][\/et_pb_section]<\/p>\n","protected":false},"excerpt":{"rendered":"<p>Programa Presupuestario y Evaluaciones (SEE) En cumplimiento a la Ley de Transparencia y Acceso a la Informaci\u00f3n P\u00fablica del Estado de Puebla, el Instituto Tecnol\u00f3gico Superior de Teziutl\u00e1n pone a tu disposici\u00f3n la informaci\u00f3n P\u00fablica generada y administrada en su poder. Fundamento Jur\u00eddico: \u00a0Art\u00edculos 3, 4 fracciones II y IX y 7 fracci\u00f3n III del [&hellip;]<\/p>\n","protected":false},"author":1,"featured_media":0,"parent":0,"menu_order":0,"comment_status":"closed","ping_status":"closed","template":"","meta":{"_et_pb_use_builder":"on","_et_pb_old_content":"<!-- wp:divi\/placeholder \/-->","_et_gb_content_width":"","footnotes":""},"class_list":["post-1010","page","type-page","status-publish","hentry"],"_links":{"self":[{"href":"https:\/\/teziutlan.tecnm.mx\/index.php\/wp-json\/wp\/v2\/pages\/1010","targetHints":{"allow":["GET"]}}],"collection":[{"href":"https:\/\/teziutlan.tecnm.mx\/index.php\/wp-json\/wp\/v2\/pages"}],"about":[{"href":"https:\/\/teziutlan.tecnm.mx\/index.php\/wp-json\/wp\/v2\/types\/page"}],"author":[{"embeddable":true,"href":"https:\/\/teziutlan.tecnm.mx\/index.php\/wp-json\/wp\/v2\/users\/1"}],"replies":[{"embeddable":true,"href":"https:\/\/teziutlan.tecnm.mx\/index.php\/wp-json\/wp\/v2\/comments?post=1010"}],"version-history":[{"count":40,"href":"https:\/\/teziutlan.tecnm.mx\/index.php\/wp-json\/wp\/v2\/pages\/1010\/revisions"}],"predecessor-version":[{"id":4052,"href":"https:\/\/teziutlan.tecnm.mx\/index.php\/wp-json\/wp\/v2\/pages\/1010\/revisions\/4052"}],"wp:attachment":[{"href":"https:\/\/teziutlan.tecnm.mx\/index.php\/wp-json\/wp\/v2\/media?parent=1010"}],"curies":[{"name":"wp","href":"https:\/\/api.w.org\/{rel}","templated":true}]}}