{"id":1014,"date":"2025-04-02T19:14:12","date_gmt":"2025-04-02T19:14:12","guid":{"rendered":"http:\/\/10.10.25.1\/?page_id=1014"},"modified":"2025-09-10T12:34:25","modified_gmt":"2025-09-10T18:34:25","slug":"contraloria-social","status":"publish","type":"page","link":"https:\/\/teziutlan.tecnm.mx\/index.php\/contraloria-social\/","title":{"rendered":"Contralor\u00eda social"},"content":{"rendered":"<p>[et_pb_section fb_built=\u00bb1&#8243; _builder_version=\u00bb4.27.4&#8243; _module_preset=\u00bbdefault\u00bb global_colors_info=\u00bb{}\u00bb][et_pb_row _builder_version=\u00bb4.27.4&#8243; _module_preset=\u00bbdefault\u00bb global_colors_info=\u00bb{}\u00bb][et_pb_column type=\u00bb4_4&#8243; _builder_version=\u00bb4.27.4&#8243; _module_preset=\u00bbdefault\u00bb global_colors_info=\u00bb{}\u00bb][et_pb_text _builder_version=\u00bb4.27.4&#8243; _module_preset=\u00bbdefault\u00bb text_font=\u00bb|700|||||||\u00bb text_font_size=\u00bb35px\u00bb header_text_align=\u00bbleft\u00bb header_font_size=\u00bb65px\u00bb text_font_size_tablet=\u00bb35px\u00bb text_font_size_phone=\u00bb20px\u00bb text_font_size_last_edited=\u00bbon|phone\u00bb global_colors_info=\u00bb{}\u00bb]<\/p>\n<p>SUBDIRECCI\u00d3N DE POSGRADO E INVESTIGACI\u00d3N<\/p>\n<p>[\/et_pb_text][et_pb_text _builder_version=\u00bb4.27.4&#8243; _module_preset=\u00bbdefault\u00bb text_font=\u00bb|700|||||||\u00bb text_font_size=\u00bb20px\u00bb header_font=\u00bb||||||||\u00bb width=\u00bb100%\u00bb max_height=\u00bb1000px\u00bb custom_margin=\u00bb-15px||||false|false\u00bb custom_margin_tablet=\u00bb-15px||||false|false\u00bb custom_margin_phone=\u00bb-25px||||false|false\u00bb custom_margin_last_edited=\u00bbon|phone\u00bb text_font_size_tablet=\u00bb20px\u00bb text_font_size_phone=\u00bb16px\u00bb text_font_size_last_edited=\u00bbon|phone\u00bb global_colors_info=\u00bb{}\u00bb]<\/p>\n<p>Contralor\u00eda Social<\/p>\n<p>[\/et_pb_text][et_pb_heading title=\u00bbS247 Programa para el Desarrollo Profesional Docente\u00bb _builder_version=\u00bb4.27.4&#8243; _module_preset=\u00bbdefault\u00bb title_font=\u00bb|600|||||||\u00bb title_text_color=\u00bb#545454&#8243; custom_margin=\u00bb80px||||false|false\u00bb hover_enabled=\u00bb0&#8243; global_colors_info=\u00bb{}\u00bb sticky_enabled=\u00bb0&#8243;][\/et_pb_heading][et_pb_accordion closed_toggle_background_color=\u00bb#1b396a\u00bb toggle_icon=\u00bb&#xf0da;||fa||900&#8243; _builder_version=\u00bb4.27.4&#8243; _module_preset=\u00bbdefault\u00bb toggle_text_color=\u00bb#FFFFFF\u00bb toggle_font=\u00bb|600|||||||\u00bb toggle_font_size=\u00bb15px\u00bb toggle_line_height=\u00bb1.2em\u00bb global_colors_info=\u00bb{}\u00bb][et_pb_accordion_item title=\u00bb\u00bfQu\u00e9 es el Programa para el Desarrollo Profesional Docente (PRODEP)?\u00bb open=\u00bbon\u00bb _builder_version=\u00bb4.27.4&#8243; _module_preset=\u00bbdefault\u00bb global_colors_info=\u00bb{}\u00bb]<\/p>\n<p><span>Es el Programa para el Desarrollo Profesional Docente (PRODEP), que tiene como objetivo contribuir para que el personal docente y personal con funciones de direcci\u00f3n, de supervisi\u00f3n, de asesor\u00eda t\u00e9cnico-pedag\u00f3gica y cuerpos acad\u00e9micos accedan y\/o concluyan programas de formaci\u00f3n, actualizaci\u00f3n acad\u00e9mica, capacitaci\u00f3n y\/o proyectos de investigaci\u00f3n para fortalecer el perfil necesario para el desempe\u00f1o de sus funciones.<\/span><\/p>\n<p>[\/et_pb_accordion_item][et_pb_accordion_item title=\u00bbPara el Tipo Superior\u00bb _builder_version=\u00bb4.27.4&#8243; _module_preset=\u00bbdefault\u00bb global_colors_info=\u00bb{}\u00bb open=\u00bboff\u00bb]<\/p>\n<div class=\"accordion-content content1656597694856 ui-accordion-content ui-corner-bottom ui-helper-reset ui-widget-content ui-accordion-content-active\" id=\"ui-id-2\" aria-labelledby=\"header-1656597694856\" role=\"tabpanel\" aria-hidden=\"false\">\n<p>Profesionalizar a las\/los Profesores de Tiempo Completo, ofreciendo las mismas oportunidades a mujeres y hombres para acceder a los apoyos que otorga el Programa, a fin de que alcancen las capacidades de investigaci\u00f3n-docencia, desarrollo tecnol\u00f3gico e innovaci\u00f3n y con responsabilidad social; se articulen y consoliden en Cuerpos Acad\u00e9micos y con ello generen una nueva comunidad acad\u00e9mica capaz de transformar su entorno.<\/p>\n<\/div>\n<div post_id=\"6585\" itemcount=\"2\" header_id=\"header-1656597712759\" id=\"header-1656597712759\" class=\"tabs-head head1656597712759 border-none ui-accordion-header ui-corner-top ui-state-default ui-accordion-icons ui-accordion-header-collapsed ui-corner-all ui-state-hover\" toggle-text=\"\" main-text=\"Poblaci\u00f3n Objetivo del Programa\" role=\"tab\" aria-controls=\"ui-id-3\" aria-selected=\"false\" aria-expanded=\"false\" tabindex=\"-1\"><span id=\"accordion-icons-1656597712759\" class=\"accordion-icons\"><span class=\"accordion-icon-active accordion-plus\"><i class=\"fas fa-chevron-up\"><\/i><\/span><\/span><span id=\"header-text-1656597712759\" class=\"tabs-head-title\">Poblaci\u00f3n Objetivo del Programa<\/span><\/div>\n<p>[\/et_pb_accordion_item][et_pb_accordion_item title=\u00bbPoblaci\u00f3n Objetivo del Programa\u00bb _builder_version=\u00bb4.27.4&#8243; _module_preset=\u00bbdefault\u00bb global_colors_info=\u00bb{}\u00bb open=\u00bboff\u00bb]<\/p>\n<p><span>El Programa est\u00e1 dirigido a Profesores de Tiempo Completo (PTC) que pertenecen a los Institutos Tecnol\u00f3gicos del TecNM (Federales y Descentralizados)<\/span><\/p>\n<p>[\/et_pb_accordion_item][et_pb_accordion_item title=\u00bbCaracter\u00edsticas generales de los apoyos (tipo, monto, periodo de ejecuci\u00f3n y fecha de entrega).\u00bb _builder_version=\u00bb4.27.4&#8243; _module_preset=\u00bbdefault\u00bb global_colors_info=\u00bb{}\u00bb open=\u00bboff\u00bb]<\/p>\n<p><span>Los apoyos normalmente son entregados en el \u00faltimo trimestre de cada ejercicio presupuestal.<\/span><\/p>\n<p>[\/et_pb_accordion_item][et_pb_accordion_item title=\u00bbSon derechos de todos\/as los\/as beneficiarios\/as\u00bb _builder_version=\u00bb4.27.4&#8243; _module_preset=\u00bbdefault\u00bb global_colors_info=\u00bb{}\u00bb open=\u00bboff\u00bb]<\/p>\n<ul class=\"abc h6 px-2\">\n<li class=\"mb-3\">Recibir un trato atento, digno y respetuoso, sin discriminaci\u00f3n alguna.<\/li>\n<li class=\"mb-3\">Recibir asesor\u00eda y apoyo sobre la operaci\u00f3n de este de manera gratuita.<\/li>\n<li class=\"mb-3\">Tener acceso a la informaci\u00f3n necesaria, de manera clara y oportuna, para resolver sus dudas respecto de las acciones del Programa.<\/li>\n<li class=\"mb-3\">Recibir el comunicado por parte de las instancias ejecutoras sobre la asignaci\u00f3n del recurso.<\/li>\n<li class=\"mb-3\">Tener la reserva y privacidad de sus datos personales en los t\u00e9rminos de lo establecido en la Ley General de Transparencia y Acceso a la Informaci\u00f3n P\u00fablica, la Ley Federal de Transparencia y Acceso a la Informaci\u00f3n P\u00fablica, su Reglamento y dem\u00e1s normativa jur\u00eddica aplicable.<\/li>\n<\/ul>\n<p>[\/et_pb_accordion_item][et_pb_accordion_item title=\u00bbTipo Superior\u00bb _builder_version=\u00bb4.27.4&#8243; _module_preset=\u00bbdefault\u00bb global_colors_info=\u00bb{}\u00bb open=\u00bboff\u00bb]<\/p>\n<ul class=\"abc h6 px-2\">\n<li class=\"mb-3\">Recibir la informaci\u00f3n correspondiente a las diferentes convocatorias que emite el Programa; y recibir la notificaci\u00f3n de los resultados de las solicitudes presentadas por los\/as PTC.<\/li>\n<li class=\"mb-3\">Recibir la aportaci\u00f3n de los recursos para el pago de los apoyos con base en la disponibilidad presupuestal de las Unidades Responsables.<\/li>\n<\/ul>\n<p>[\/et_pb_accordion_item][et_pb_accordion_item title=\u00bbDe los beneficiarios\u00bb _builder_version=\u00bb4.27.4&#8243; _module_preset=\u00bbdefault\u00bb global_colors_info=\u00bb{}\u00bb open=\u00bboff\u00bb]<\/p>\n<ul class=\"abc h6 px-2\">\n<li class=\"mb-3\">Recibir la notificaci\u00f3n de los resultados de las solicitudes que presenten.<\/li>\n<li class=\"mb-3\">Manifestar su inconformidad ante los resultados emitidos a sus solicitudes.<\/li>\n<li class=\"mb-3\">Recibir los recursos autorizados de acuerdo con lo establecido en las cartas de liberaci\u00f3n de recursos. Con base en la disponibilidad presupuestal de las UR.<\/li>\n<li class=\"mb-3\"><strong>OBLIGACIONES, PARA EL TIPO SUPERIOR<\/strong><\/li>\n<\/ul>\n<p>[\/et_pb_accordion_item][et_pb_accordion_item title=\u00bbLas personas beneficiarias\u00bb _builder_version=\u00bb4.27.4&#8243; _module_preset=\u00bbdefault\u00bb global_colors_info=\u00bb{}\u00bb open=\u00bboff\u00bb]<\/p>\n<ul class=\"abc h6 px-2\">\n<li class=\"mb-3\">Hacer uso de los recursos de acuerdo con los rubros, montos aprobados y disposiciones establecidas en las presentes RO.<\/li>\n<li class=\"mb-3\">Cumplir con las actividades comprometidas seg\u00fan el apoyo autorizado (proyectos de investigaci\u00f3n o plan de trabajo).<\/li>\n<li class=\"mb-3\">Presentar al TecNM y a su IES de adscripci\u00f3n los informes semestrales que reflejen el avance en actividades y ejercicio de los recursos autorizados, considerando los informes a partir de la fecha de notificaci\u00f3n de los resultados, as\u00ed como el informe final del impacto acad\u00e9mico logrado con el apoyo recibido, mediante el formato electr\u00f3nico establecido que se encuentra en el SISUP.<\/li>\n<li class=\"mb-3\">Entregar a la IPES de adscripci\u00f3n la evidencia de las actividades realizadas durante el periodo del apoyo durante los primeros 15 d\u00edas posteriores a la conclusi\u00f3n de la vigencia o bien, al presentar el informe final si el recurso se ejerce antes de este per\u00edodo.<\/li>\n<\/ul>\n<p>[\/et_pb_accordion_item][et_pb_accordion_item title=\u00bb Estructura Operativa del programa\u00bb _builder_version=\u00bb4.27.4&#8243; _module_preset=\u00bbdefault\u00bb global_colors_info=\u00bb{}\u00bb open=\u00bboff\u00bb][\/et_pb_accordion_item][\/et_pb_accordion][et_pb_text _builder_version=\u00bb4.27.4&#8243; _module_preset=\u00bbdefault\u00bb text_text_color=\u00bb#000000&#8243; text_font_size=\u00bb30px\u00bb global_colors_info=\u00bb{}\u00bb][\/et_pb_text][et_pb_heading title=\u00bbContralor\u00eda Social\u00bb _builder_version=\u00bb4.27.4&#8243; _module_preset=\u00bbdefault\u00bb title_font=\u00bb|600|||||||\u00bb title_text_color=\u00bb#545454&#8243; custom_margin=\u00bb80px||||false|false\u00bb global_colors_info=\u00bb{}\u00bb][\/et_pb_heading][et_pb_accordion closed_toggle_background_color=\u00bb#1b396a\u00bb toggle_icon=\u00bb&#x45;||divi||400&#8243; _builder_version=\u00bb4.27.4&#8243; _module_preset=\u00bbdefault\u00bb toggle_text_color=\u00bb#FFFFFF\u00bb toggle_font=\u00bb|600|||||||\u00bb toggle_font_size_tablet=\u00bb\u00bb toggle_font_size_phone=\u00bb14px\u00bb toggle_font_size_last_edited=\u00bbon|phone\u00bb global_colors_info=\u00bb{}\u00bb][et_pb_accordion_item title=\u00bb\u00bfQu\u00e9 es la Contralor\u00eda Social?\u00bb open=\u00bbon\u00bb open_toggle_background_color=\u00bb#FFFFFF\u00bb closed_toggle_background_color=\u00bb#0C71C3&#8243; _builder_version=\u00bb4.27.4&#8243; _module_preset=\u00bbdefault\u00bb global_colors_info=\u00bb{}\u00bb toggle_text_color=\u00bb#000000&#8243;]<\/p>\n<p><span>La Contralor\u00eda Social es un grupo de beneficiarios, que, de manera organizada, verificaran el cumplimiento de las metas y la correcta aplicaci\u00f3n de los recursos p\u00fablicos asignados a Programas Presupuestales con recursos federales.<\/span><\/p>\n<p>[\/et_pb_accordion_item][et_pb_accordion_item title=\u00bb\u00bfQu\u00e9 vigila la contralor\u00eda Social?\u00bb _builder_version=\u00bb4.27.4&#8243; _module_preset=\u00bbdefault\u00bb global_colors_info=\u00bb{}\u00bb open=\u00bboff\u00bb]<\/p>\n<ul>\n<li class=\"mb-3\">Que se difunda la informaci\u00f3n suficiente, veraz y oportuna sobre la operaci\u00f3n del programa.<\/li>\n<li class=\"mb-3\">Que los otorgamientos de los apoyos sean con calidad, calidez, eficiente, eficaz, oportuno y de manera transparente.<\/li>\n<li class=\"mb-3\">Que las autoridades competentes brinden atenci\u00f3n a las quejas o denuncias, relacionadas al programa.<\/li>\n<\/ul>\n<p>[\/et_pb_accordion_item][et_pb_accordion_item title=\u00bb\u00bfQu\u00e9 es un Comit\u00e9 de Contralor\u00eda Social?\u00bb _builder_version=\u00bb4.27.4&#8243; _module_preset=\u00bbdefault\u00bb global_colors_info=\u00bb{}\u00bb open=\u00bboff\u00bb]<\/p>\n<p>Supervisi\u00f3n y vigilancia de la ejecuci\u00f3n, cumplimiento de las metas y acciones comprometidas, as\u00ed como de la correcta aplicaci\u00f3n de los recursos asignados a los mismos.<\/p>\n<p>Las formas de organizaci\u00f3n social constituidas por los beneficiarios referidas en el art\u00edculo 67 del Reglamento de la Ley General de Desarrollo Social, que llevan a cabo el seguimiento, supervisi\u00f3n y vigilancia de la ejecuci\u00f3n, cumplimiento de las metas y acciones comprometidas, as\u00ed como de la correcta aplicaci\u00f3n de los recursos asignados a los mismos.<\/p>\n<p>[\/et_pb_accordion_item][et_pb_accordion_item title=\u00bbObjetivo de los Comit\u00e9s de Contralor\u00eda Social.\u00bb _builder_version=\u00bb4.27.4&#8243; _module_preset=\u00bbdefault\u00bb global_colors_info=\u00bb{}\u00bb open=\u00bboff\u00bb]<\/p>\n<p><span>Colaborar en forma VOLUNTARIA, ACTIVA y de manera representativa con organismos oficiales, seguimiento, supervisi\u00f3n y vigilancia de la ejecuci\u00f3n, cumplimiento de las metas y acciones comprometidas en el Programa, as\u00ed como de la correcta aplicaci\u00f3n de los recursos asignados.<\/span><\/p>\n<p>[\/et_pb_accordion_item][et_pb_accordion_item title=\u00bb\u00bfCu\u00e1les son las funciones que deber\u00e1n de cumplir los Comit\u00e9s de Contralor\u00eda Social?\u00bb _builder_version=\u00bb4.27.4&#8243; _module_preset=\u00bbdefault\u00bb global_colors_info=\u00bb{}\u00bb open=\u00bboff\u00bb]<\/p>\n<ul>\n<li class=\"mb-3\">Representar los intereses y actuar como grupo de enlace entre la comunidad, las autoridades locales y autoridades centrales.<\/li>\n<li class=\"mb-3\">Vigilar el adecuado manejo de los recursos financieros y que cumplan con el objetivo para el que fueron otorgados.<\/li>\n<li class=\"mb-3\">Capturar y canalizar las Quejas o Denuncias a las \u00e1reas correspondientes.<\/li>\n<li class=\"mb-3\">Reportar cualquier anomal\u00eda que se presente durante el proceso de la ejecuci\u00f3n y culminaci\u00f3n de los recursos Financieros.<\/li>\n<\/ul>\n<p>[\/et_pb_accordion_item][et_pb_accordion_item title=\u00bbMedidas para promover la equidad de g\u00e9nero entre hombres y mujeres en la integraci\u00f3n de los Comit\u00e9s\u00bb _builder_version=\u00bb4.27.4&#8243; _module_preset=\u00bbdefault\u00bb global_colors_info=\u00bb{}\u00bb open=\u00bboff\u00bb]<\/p>\n<p>Dentro del Programa para el Desarrollo Profesional Docente (PRODEP) mismo que se rige por Reglas de operaciones emitidas por la Secretar\u00eda de Hacienda y Cr\u00e9dito P\u00fablico, donde menciona en el objetivo para el Tipo superior, \u201cProfesionalizar a las\/los PTC, ofreciendo las mismas oportunidades a mujeres y hombres para acceder a los apoyos que otorga el Programa, a fin de que alcancen las capacidades de investigaci\u00f3n-docencia, desarrollo tecnol\u00f3gico e innovaci\u00f3n y con responsabilidad social\u2026\u201d<\/p>\n<p>Por lo anterior, podemos mencionar que para la formaci\u00f3n de los comit\u00e9s deber\u00e1n de ser de manera equitativa.<\/p>\n<p>[\/et_pb_accordion_item][\/et_pb_accordion][et_pb_heading title=\u00bbDocumentos Normativos S247 2025&#8243; _builder_version=\u00bb4.27.4&#8243; _module_preset=\u00bbdefault\u00bb title_font=\u00bb|600|||||||\u00bb title_text_color=\u00bb#545454&#8243; custom_margin=\u00bb80px||||false|false\u00bb global_colors_info=\u00bb{}\u00bb][\/et_pb_heading][dsm_icon_list _builder_version=\u00bb4.27.4&#8243; _module_preset=\u00bbdefault\u00bb global_colors_info=\u00bb{}\u00bb][\/dsm_icon_list][et_pb_button button_url=\u00bbhttps:\/\/cloud.teziutlan.tecnm.mx\/TransparenciaWeb\/Archivos\/VerArchivo?rutaRelativa=ContraloriaSocial%2FDocumentosNormativos&#038;nombreArchivo=1.-Lineamientos%202024%20S247.pdf\u00bb url_new_window=\u00bbon\u00bb button_text=\u00bbLineamientos\u00bb _builder_version=\u00bb4.27.4&#8243; _module_preset=\u00bbdefault\u00bb custom_button=\u00bbon\u00bb button_text_color=\u00bb#FFFFFF\u00bb button_bg_color=\u00bb#1b396a\u00bb global_colors_info=\u00bb{}\u00bb][\/et_pb_button][et_pb_button button_url=\u00bbhttps:\/\/cloud.teziutlan.tecnm.mx\/TransparenciaWeb\/Archivos\/VerArchivo?rutaRelativa=ContraloriaSocial%2FDocumentosNormativos&#038;nombreArchivo=2.-%20Esquema%20S247.pdf\u00bb url_new_window=\u00bbon\u00bb button_text=\u00bbEsquema de Contralor\u00eda Social 2025&#8243; _builder_version=\u00bb4.27.4&#8243; _module_preset=\u00bbdefault\u00bb custom_button=\u00bbon\u00bb button_text_color=\u00bb#FFFFFF\u00bb button_bg_color=\u00bb#1b396a\u00bb global_colors_info=\u00bb{}\u00bb][\/et_pb_button][et_pb_button button_url=\u00bbhttps:\/\/cloud.teziutlan.tecnm.mx\/TransparenciaWeb\/Archivos\/VerArchivo?rutaRelativa=ContraloriaSocial%2FDocumentosNormativos&#038;nombreArchivo=3.-%20S247%20%20Modelo%203%20Gu%C3%ADa%20O.pdf\u00bb url_new_window=\u00bbon\u00bb button_text=\u00bbGu\u00eda Operativa de Contralor\u00eda Social 2025&#8243; _builder_version=\u00bb4.27.4&#8243; _module_preset=\u00bbdefault\u00bb custom_button=\u00bbon\u00bb button_text_color=\u00bb#FFFFFF\u00bb button_bg_color=\u00bb#1b396a\u00bb global_colors_info=\u00bb{}\u00bb][\/et_pb_button][et_pb_button button_url=\u00bbhttps:\/\/cloud.teziutlan.tecnm.mx\/TransparenciaWeb\/Archivos\/VerArchivo?rutaRelativa=ContraloriaSocial%2FDocumentosNormativos&#038;nombreArchivo=4.-%20S247%202025%20Modelo%204%20PATCS.pdf\u00bb url_new_window=\u00bbon\u00bb button_text=\u00bbPrograma Anual de Trabajo de Contralor\u00eda Social %22PATCS%22 2025&#8243; _builder_version=\u00bb4.27.4&#8243; _module_preset=\u00bbdefault\u00bb custom_button=\u00bbon\u00bb button_text_color=\u00bb#FFFFFF\u00bb button_bg_color=\u00bb#1b396a\u00bb global_colors_info=\u00bb{}\u00bb][\/et_pb_button][et_pb_button button_url=\u00bbhttps:\/\/cloud.teziutlan.tecnm.mx\/TransparenciaWeb\/Archivos\/VerArchivo?rutaRelativa=ContraloriaSocial%2FDocumentosNormativos&#038;nombreArchivo=5.-%20OF%20DE%20VALIDA%20S247.pdf\u00bb url_new_window=\u00bbon\u00bb button_text=\u00bbOficio de Validaci\u00f3n de Documentos Normativos S247  2025&#8243; _builder_version=\u00bb4.27.4&#8243; _module_preset=\u00bbdefault\u00bb custom_button=\u00bbon\u00bb button_text_color=\u00bb#FFFFFF\u00bb button_bg_color=\u00bb#1b396a\u00bb global_colors_info=\u00bb{}\u00bb][\/et_pb_button][et_pb_heading title=\u00bbFormatos de Gu\u00eda Operativa 2025&#8243; _builder_version=\u00bb4.27.4&#8243; _module_preset=\u00bbdefault\u00bb title_font=\u00bb|600|||||||\u00bb title_text_color=\u00bb#545454&#8243; custom_margin=\u00bb80px||||false|false\u00bb global_colors_info=\u00bb{}\u00bb][\/et_pb_heading][et_pb_button button_url=\u00bbhttps:\/\/cloud.teziutlan.tecnm.mx\/TransparenciaWeb\/Archivos\/VerArchivo?rutaRelativa=ContraloriaSocial%2FFormatos&#038;nombreArchivo=5.-%20S247%202025%20Anexo%201%20Acta%20constituci%C3%B3n%20de%20CCS.pdf\u00bb url_new_window=\u00bbon\u00bb button_text=\u00bbAnexo 1 Acta de Constituci\u00f3n de Comit\u00e9 de Contralor\u00eda Social 2025&#8243; _builder_version=\u00bb4.27.4&#8243; _module_preset=\u00bbdefault\u00bb custom_button=\u00bbon\u00bb button_text_color=\u00bb#FFFFFF\u00bb button_bg_color=\u00bb#1b396a\u00bb global_colors_info=\u00bb{}\u00bb][\/et_pb_button][et_pb_button button_url=\u00bbhttps:\/\/cloud.teziutlan.tecnm.mx\/TransparenciaWeb\/Archivos\/VerArchivo?rutaRelativa=ContraloriaSocial%2FFormatos&#038;nombreArchivo=6.-%20S247%20Anexo%202%20Acta%20Sust.pdf\u00bb url_new_window=\u00bbon\u00bb button_text=\u00bbAnexo 2 Acta de Sustituci\u00f3n de Integrante de Comit\u00e9 de C.S.2025&#8243; _builder_version=\u00bb4.27.4&#8243; _module_preset=\u00bbdefault\u00bb custom_button=\u00bbon\u00bb button_text_color=\u00bb#FFFFFF\u00bb button_bg_color=\u00bb#1b396a\u00bb global_colors_info=\u00bb{}\u00bb][\/et_pb_button][et_pb_button button_url=\u00bbhttps:\/\/cloud.teziutlan.tecnm.mx\/TransparenciaWeb\/Archivos\/VerArchivo?rutaRelativa=ContraloriaSocial%2FFormatos&#038;nombreArchivo=7.-%20S247%20%202025%20Anexo%203%20Minuta.pdf\u00bb url_new_window=\u00bbon\u00bb button_text=\u00bbAnexo 3 Minuta de Reuni\u00f3n de Comit\u00e9 de Contralor\u00ed Social 2025&#8243; _builder_version=\u00bb4.27.4&#8243; _module_preset=\u00bbdefault\u00bb custom_button=\u00bbon\u00bb button_text_color=\u00bb#FFFFFF\u00bb button_bg_color=\u00bb#1b396a\u00bb global_colors_info=\u00bb{}\u00bb][\/et_pb_button][et_pb_button button_url=\u00bbhttps:\/\/cloud.teziutlan.tecnm.mx\/TransparenciaWeb\/Archivos\/VerArchivo?rutaRelativa=ContraloriaSocial%2FFormatos&#038;nombreArchivo=8.-%20S247%202025%20Anexo%204%20Inf.pdf\u00bb url_new_window=\u00bbon\u00bb button_text=\u00bbAnexo 4 Informe de Comit\u00e9 de Contralor\u00eda Social 2025&#8243; _builder_version=\u00bb4.27.4&#8243; _module_preset=\u00bbdefault\u00bb custom_button=\u00bbon\u00bb button_text_color=\u00bb#FFFFFF\u00bb button_bg_color=\u00bb#1b396a\u00bb global_colors_info=\u00bb{}\u00bb][\/et_pb_button][et_pb_heading title=\u00bbInformes\u00bb _builder_version=\u00bb4.27.4&#8243; _module_preset=\u00bbdefault\u00bb title_font=\u00bb|600|||||||\u00bb title_text_color=\u00bb#545454&#8243; custom_margin=\u00bb80px||||false|false\u00bb global_colors_info=\u00bb{}\u00bb][\/et_pb_heading][et_pb_button button_url=\u00bbhttps:\/\/cloud.teziutlan.tecnm.mx\/TransparenciaWeb\/Archivos\/VerArchivo?rutaRelativa=ContraloriaSocial%2FInformesAnuales&#038;nombreArchivo=2.-INFORME%20FINAL%20S247%202023.pdf\u00bb url_new_window=\u00bbon\u00bb button_text=\u00bb\ud83d\udcc4 2.-INFORME FINAL S247 2023&#8243; _builder_version=\u00bb4.27.4&#8243; _module_preset=\u00bbdefault\u00bb custom_button=\u00bbon\u00bb button_text_color=\u00bb#FFFFFF\u00bb button_bg_color=\u00bb#1b396a\u00bb global_colors_info=\u00bb{}\u00bb][\/et_pb_button][et_pb_button button_url=\u00bbhttps:\/\/cloud.teziutlan.tecnm.mx\/TransparenciaWeb\/Archivos\/VerArchivo?rutaRelativa=ContraloriaSocial%2FInformesAnuales&#038;nombreArchivo=INFORME%20FINAL%20I.N.%202024%20.pdf\u00bb url_new_window=\u00bbon\u00bb button_text=\u00bb\ud83d\udcc4 3.-INFORME FINAL S247 2024&#8243; _builder_version=\u00bb4.27.4&#8243; _module_preset=\u00bbdefault\u00bb custom_button=\u00bbon\u00bb button_text_color=\u00bb#FFFFFF\u00bb button_bg_color=\u00bb#1b396a\u00bb global_colors_info=\u00bb{}\u00bb][\/et_pb_button][et_pb_heading title=\u00bbQuejas y denuncias\u00bb _builder_version=\u00bb4.27.4&#8243; _module_preset=\u00bbdefault\u00bb title_font=\u00bb|600|||||||\u00bb title_text_color=\u00bb#545454&#8243; custom_margin=\u00bb80px||||false|false\u00bb global_colors_info=\u00bb{}\u00bb][\/et_pb_heading][et_pb_button button_url=\u00bbhttps:\/\/cloud.teziutlan.tecnm.mx\/TransparenciaWeb\/Archivos\/VerArchivo?rutaRelativa=ContraloriaSocial%2FQuejasYDenuncias&#038;nombreArchivo=MECANISMOS%20DE%20QUEJAS%20Y%20DENUNCIAS%20S247%202025.pdf\u00bb url_new_window=\u00bbon\u00bb button_text=\u00bb\ud83d\udcc4 MECANISMO DE QUEJAS 2025&#8243; _builder_version=\u00bb4.27.4&#8243; _module_preset=\u00bbdefault\u00bb custom_button=\u00bbon\u00bb button_text_color=\u00bb#FFFFFF\u00bb button_bg_color=\u00bb#1b396a\u00bb global_colors_info=\u00bb{}\u00bb][\/et_pb_button][et_pb_heading title=\u00bbLogotipo de Contralor\u00eda Social 2025&#8243; _builder_version=\u00bb4.27.4&#8243; _module_preset=\u00bbdefault\u00bb title_font=\u00bb|600|||||||\u00bb title_text_color=\u00bb#545454&#8243; custom_margin=\u00bb80px||||false|false\u00bb global_colors_info=\u00bb{}\u00bb][\/et_pb_heading][et_pb_button button_url=\u00bbhttps:\/\/cloud.teziutlan.tecnm.mx\/TransparenciaWeb\/Archivos\/VerArchivo?rutaRelativa=ContraloriaSocial%2FLogotipo&#038;nombreArchivo=logo%20contraloria%202024.pdf\u00bb url_new_window=\u00bbon\u00bb button_text=\u00bbLogotipo 2024&#8243; _builder_version=\u00bb4.27.4&#8243; _module_preset=\u00bbdefault\u00bb custom_button=\u00bbon\u00bb button_text_color=\u00bb#FFFFFF\u00bb button_bg_color=\u00bb#1b396a\u00bb global_colors_info=\u00bb{}\u00bb][\/et_pb_button][et_pb_button button_url=\u00bbhttps:\/\/cloud.teziutlan.tecnm.mx\/TransparenciaWeb\/Archivos\/VerArchivo?rutaRelativa=ContraloriaSocial%2FLogotipo&#038;nombreArchivo=Logo%20Contralor%C3%ADa%202025.pdf\u00bb url_new_window=\u00bbon\u00bb button_text=\u00bbLogotipo 2025&#8243; _builder_version=\u00bb4.27.4&#8243; _module_preset=\u00bbdefault\u00bb custom_button=\u00bbon\u00bb button_text_color=\u00bb#FFFFFF\u00bb button_bg_color=\u00bb#1b396a\u00bb global_colors_info=\u00bb{}\u00bb][\/et_pb_button][et_pb_text _builder_version=\u00bb4.27.4&#8243; _module_preset=\u00bbdefault\u00bb text_text_color=\u00bb#000000&#8243; text_font_size=\u00bb30px\u00bb custom_margin=\u00bb83px||||false|false\u00bb global_colors_info=\u00bb{}\u00bb]<\/p>\n<p>Responsable de Contralor\u00eda Social<\/p>\n<p>[\/et_pb_text][et_pb_text _builder_version=\u00bb4.27.4&#8243; _module_preset=\u00bbdefault\u00bb text_font_size=\u00bb15px\u00bb background_color=\u00bb#efefef\u00bb custom_margin=\u00bb35px|||0px|false|false\u00bb global_colors_info=\u00bb{}\u00bb]<\/p>\n<p>Titular: Julio V\u00edctor Galindo Rojas<br \/>Ubicaci\u00f3n Administrativa: Instituto Tecnol\u00f3gico Superior de Teziutl\u00e1n<br \/>Tel\u00e9fono: 231 31 14001 \/ 14002 Ext 705<br \/>Correo Electr\u00f3nico: julio.gr@teziutlan.tecnm.mx<\/p>\n<p>[\/et_pb_text][\/et_pb_column][\/et_pb_row][\/et_pb_section]<\/p>\n","protected":false},"excerpt":{"rendered":"<p>SUBDIRECCI\u00d3N DE POSGRADO E INVESTIGACI\u00d3NContralor\u00eda SocialEs el Programa para el Desarrollo Profesional Docente (PRODEP), que tiene como objetivo contribuir para que el personal docente y personal con funciones de direcci\u00f3n, de supervisi\u00f3n, de asesor\u00eda t\u00e9cnico-pedag\u00f3gica y cuerpos acad\u00e9micos accedan y\/o concluyan programas de formaci\u00f3n, actualizaci\u00f3n acad\u00e9mica, capacitaci\u00f3n y\/o proyectos de investigaci\u00f3n para fortalecer el perfil [&hellip;]<\/p>\n","protected":false},"author":1,"featured_media":0,"parent":0,"menu_order":0,"comment_status":"closed","ping_status":"closed","template":"","meta":{"_et_pb_use_builder":"on","_et_pb_old_content":"","_et_gb_content_width":"","footnotes":""},"class_list":["post-1014","page","type-page","status-publish","hentry"],"_links":{"self":[{"href":"https:\/\/teziutlan.tecnm.mx\/index.php\/wp-json\/wp\/v2\/pages\/1014","targetHints":{"allow":["GET"]}}],"collection":[{"href":"https:\/\/teziutlan.tecnm.mx\/index.php\/wp-json\/wp\/v2\/pages"}],"about":[{"href":"https:\/\/teziutlan.tecnm.mx\/index.php\/wp-json\/wp\/v2\/types\/page"}],"author":[{"embeddable":true,"href":"https:\/\/teziutlan.tecnm.mx\/index.php\/wp-json\/wp\/v2\/users\/1"}],"replies":[{"embeddable":true,"href":"https:\/\/teziutlan.tecnm.mx\/index.php\/wp-json\/wp\/v2\/comments?post=1014"}],"version-history":[{"count":38,"href":"https:\/\/teziutlan.tecnm.mx\/index.php\/wp-json\/wp\/v2\/pages\/1014\/revisions"}],"predecessor-version":[{"id":3265,"href":"https:\/\/teziutlan.tecnm.mx\/index.php\/wp-json\/wp\/v2\/pages\/1014\/revisions\/3265"}],"wp:attachment":[{"href":"https:\/\/teziutlan.tecnm.mx\/index.php\/wp-json\/wp\/v2\/media?parent=1014"}],"curies":[{"name":"wp","href":"https:\/\/api.w.org\/{rel}","templated":true}]}}