{"id":1283,"date":"2025-04-07T23:37:40","date_gmt":"2025-04-07T23:37:40","guid":{"rendered":"http:\/\/10.10.25.1\/?page_id=1283"},"modified":"2025-04-07T23:49:46","modified_gmt":"2025-04-07T23:49:46","slug":"requisitos-de-inscripcion","status":"publish","type":"page","link":"https:\/\/teziutlan.tecnm.mx\/index.php\/requisitos-de-inscripcion\/","title":{"rendered":"Requisitos de inscripci\u00f3n"},"content":{"rendered":"<p>[et_pb_section fb_built=\u00bb1&#8243; _builder_version=\u00bb4.27.4&#8243; _module_preset=\u00bbdefault\u00bb global_colors_info=\u00bb{}\u00bb][et_pb_row _builder_version=\u00bb4.27.4&#8243; _module_preset=\u00bbdefault\u00bb global_colors_info=\u00bb{}\u00bb][et_pb_column type=\u00bb4_4&#8243; _builder_version=\u00bb4.27.4&#8243; _module_preset=\u00bbdefault\u00bb global_colors_info=\u00bb{}\u00bb][et_pb_text _builder_version=\u00bb4.27.4&#8243; _module_preset=\u00bbdefault\u00bb text_text_color=\u00bb#000000&#8243; global_colors_info=\u00bb{}\u00bb]<\/p>\n<h1 style=\"text-align: center;\"><strong>Requisitos de inscripci\u00f3n <\/strong><\/h1>\n<p>[\/et_pb_text][et_pb_accordion _builder_version=\u00bb4.27.4&#8243; _module_preset=\u00bbdefault\u00bb global_colors_info=\u00bb{}\u00bb][et_pb_accordion_item title=\u00bb\u00bfC\u00f3mo puedo tramitar mi ficha de admisi\u00f3n?\u00bb open=\u00bbon\u00bb _builder_version=\u00bb4.27.4&#8243; _module_preset=\u00bbdefault\u00bb global_colors_info=\u00bb{}\u00bb toggle_text_align=\u00bbcenter\u00bb toggle_font_size=\u00bb30px\u00bb]<\/p>\n<article class=\"text-token-text-primary w-full\" dir=\"auto\" data-testid=\"conversation-turn-2\" data-scroll-anchor=\"true\">\n<div class=\"text-base my-auto mx-auto py-5 px-6\">\n<div class=\"mx-auto flex flex-1 text-base gap-4 md:gap-5 lg:gap-6 md:max-w-3xl lg:max-w-[40rem] xl:max-w-[48rem] group\/turn-messages focus-visible:outline-hidden\" tabindex=\"-1\">\n<div class=\"group\/conversation-turn relative flex w-full min-w-0 flex-col agent-turn @xs\/thread:px-0 @sm\/thread:px-1.5 @md\/thread:px-4\">\n<div class=\"relative flex-col gap-1 md:gap-3\">\n<div class=\"flex max-w-full flex-col grow\">\n<div data-message-author-role=\"assistant\" data-message-id=\"6713eee8-6954-4de6-8cd4-83961c275b7b\" dir=\"auto\" class=\"min-h-8 text-message relative flex w-full flex-col items-end gap-2 text-start break-words whitespace-normal [.text-message+&amp;]:mt-5\" data-message-model-slug=\"gpt-4o\">\n<div class=\"flex w-full flex-col gap-1 empty:hidden first:pt-[3px]\">\n<div class=\"markdown prose dark:prose-invert w-full break-words light\">\n<p data-start=\"0\" data-end=\"107\" class=\"\">Para tramitar tu <strong data-start=\"17\" data-end=\"38\">ficha de admisi\u00f3n<\/strong> al Instituto Tecnol\u00f3gico Superior de Teziutl\u00e1n tienes tres opciones:<\/p>\n<h3 data-start=\"109\" data-end=\"144\" class=\"\">\ud83d\udcdd Formas de tramitar la ficha:<\/h3>\n<ol data-start=\"146\" data-end=\"625\">\n<li data-start=\"146\" data-end=\"339\" class=\"\">\n<p data-start=\"149\" data-end=\"191\" class=\"\"><strong data-start=\"149\" data-end=\"191\">Presencialmente en el Tec de Teziutl\u00e1n<\/strong><\/p>\n<ul data-start=\"195\" data-end=\"339\">\n<li data-start=\"195\" data-end=\"259\" class=\"\">\n<p data-start=\"197\" data-end=\"259\" class=\"\"><strong data-start=\"197\" data-end=\"211\">Direcci\u00f3n:<\/strong> Fracci\u00f3n I y II, Aire Libre, Teziutl\u00e1n, Puebla.<\/p>\n<\/li>\n<li data-start=\"263\" data-end=\"339\" class=\"\">\n<p data-start=\"265\" data-end=\"339\" class=\"\"><strong data-start=\"265\" data-end=\"277\">Horario:<\/strong> Lunes a viernes de 9:00 a 17:00 h, s\u00e1bados de 9:00 a 16:00 h.<\/p>\n<\/li>\n<\/ul>\n<\/li>\n<li data-start=\"341\" data-end=\"486\" class=\"\">\n<p data-start=\"344\" data-end=\"372\" class=\"\"><strong data-start=\"344\" data-end=\"372\">En el M\u00f3dulo de Admisi\u00f3n<\/strong><\/p>\n<ul data-start=\"376\" data-end=\"486\">\n<li data-start=\"376\" data-end=\"434\" class=\"\">\n<p data-start=\"378\" data-end=\"434\" class=\"\"><strong data-start=\"378\" data-end=\"392\">Ubicaci\u00f3n:<\/strong> Bajos del Palacio Municipal de Teziutl\u00e1n.<\/p>\n<\/li>\n<li data-start=\"438\" data-end=\"486\" class=\"\">\n<p data-start=\"440\" data-end=\"486\" class=\"\"><strong data-start=\"440\" data-end=\"452\">Horario:<\/strong> Lunes a s\u00e1bado de 9:00 a 17:00 h.<\/p>\n<\/li>\n<\/ul>\n<\/li>\n<li data-start=\"488\" data-end=\"625\" class=\"\">\n<p data-start=\"491\" data-end=\"503\" class=\"\"><strong data-start=\"491\" data-end=\"503\">En l\u00ednea<\/strong><\/p>\n<ul data-start=\"507\" data-end=\"625\">\n<li data-start=\"507\" data-end=\"625\" class=\"\">\n<p data-start=\"509\" data-end=\"625\" class=\"\"><strong data-start=\"509\" data-end=\"524\">P\u00e1gina web:<\/strong> <a data-start=\"525\" data-end=\"625\" rel=\"noopener\" target=\"_new\" class=\"\" href=\"https:\/\/teziutlan.tecnm.mx\/index.php\/aspirantes\/\">https:\/\/teziutlan.tecnm.mx\/index.php\/aspirantes\/<\/a><\/p>\n<\/li>\n<\/ul>\n<\/li>\n<\/ol>\n<hr data-start=\"627\" data-end=\"630\" class=\"\" \/>\n<h3 data-start=\"632\" data-end=\"672\" class=\"\">\ud83d\udccc Requisitos para obtener la ficha:<\/h3>\n<ul data-start=\"673\" data-end=\"1033\">\n<li data-start=\"673\" data-end=\"694\" class=\"\">\n<p data-start=\"675\" data-end=\"694\" class=\"\">Acta de nacimiento.<\/p>\n<\/li>\n<li data-start=\"695\" data-end=\"728\" class=\"\">\n<p data-start=\"697\" data-end=\"728\" class=\"\">Credencial de estudiante o INE.<\/p>\n<\/li>\n<li data-start=\"729\" data-end=\"844\" class=\"\">\n<p data-start=\"731\" data-end=\"844\" class=\"\">Constancia de estudios vigente con promedio al 5.\u00ba semestre <strong data-start=\"791\" data-end=\"796\">o<\/strong> certificado de bachillerato (si ya terminaste).<\/p>\n<\/li>\n<li data-start=\"845\" data-end=\"1033\" class=\"\">\n<p data-start=\"847\" data-end=\"866\" class=\"\">Fotograf\u00eda digital:<\/p>\n<ul data-start=\"869\" data-end=\"1033\">\n<li data-start=\"869\" data-end=\"934\" class=\"\">\n<p data-start=\"871\" data-end=\"934\" class=\"\">De frente, de t\u00f3rax a cabeza, preferentemente con fondo blanco.<\/p>\n<\/li>\n<li data-start=\"937\" data-end=\"1033\" class=\"\">\n<p data-start=\"939\" data-end=\"1033\" class=\"\"><strong data-start=\"939\" data-end=\"964\">No se aceptan selfies<\/strong>. Si tramitas la ficha presencialmente, te toman la foto en el lugar.<\/p>\n<\/li>\n<\/ul>\n<\/li>\n<\/ul>\n<h3 data-start=\"1035\" data-end=\"1060\" class=\"\">\ud83d\udcb0 Costo de la ficha:<\/h3>\n<ul data-start=\"1061\" data-end=\"1078\">\n<li data-start=\"1061\" data-end=\"1078\" class=\"\">\n<p data-start=\"1063\" data-end=\"1078\" class=\"\"><strong data-start=\"1063\" data-end=\"1078\">$150.00 MXN<\/strong><\/p>\n<\/li>\n<\/ul>\n<p data-start=\"1080\" data-end=\"1269\" class=\"\">Si necesitas m\u00e1s ayuda, puedes contactar directamente v\u00eda <strong data-start=\"1138\" data-end=\"1150\">WhatsApp<\/strong>: \ud83d\udcf2 231 156 2527.<\/p>\n<\/div>\n<\/div>\n<\/div>\n<\/div>\n<div class=\"mt-3 w-full empty:hidden\">\n<div class=\"text-center\"><\/div>\n<\/div>\n<\/div>\n<div class=\"absolute\">\n<div class=\"flex items-center justify-center\"><\/div>\n<\/div>\n<\/div>\n<\/div>\n<\/div>\n<\/article>\n<p>[\/et_pb_accordion_item][et_pb_accordion_item title=\u00bb\u00bfCu\u00e1les son los requisitos para inscribirme en el Tec de Teziutl\u00e1n?\u00bb _builder_version=\u00bb4.27.4&#8243; _module_preset=\u00bbdefault\u00bb global_colors_info=\u00bb{}\u00bb toggle_text_align=\u00bbcenter\u00bb toggle_font_size=\u00bb30px\u00bb open=\u00bboff\u00bb]<\/p>\n<p data-start=\"0\" data-end=\"191\" class=\"\">Para inscribirte en el Instituto Tecnol\u00f3gico Superior de Teziutl\u00e1n (Tec de Teziutl\u00e1n), debes seguir estos pasos y cumplir con los siguientes <strong data-start=\"141\" data-end=\"190\">requisitos para tramitar tu ficha de admisi\u00f3n<\/strong>:<\/p>\n<h3 data-start=\"193\" data-end=\"234\" class=\"\">\ud83d\udccc Requisitos para tramitar la ficha:<\/h3>\n<ol data-start=\"235\" data-end=\"633\">\n<li data-start=\"235\" data-end=\"260\" class=\"\">\n<p data-start=\"238\" data-end=\"260\" class=\"\"><strong data-start=\"238\" data-end=\"260\">Acta de nacimiento<\/strong><\/p>\n<\/li>\n<li data-start=\"261\" data-end=\"298\" class=\"\">\n<p data-start=\"264\" data-end=\"298\" class=\"\"><strong data-start=\"264\" data-end=\"298\">Credencial de estudiante o INE<\/strong><\/p>\n<\/li>\n<li data-start=\"299\" data-end=\"444\" class=\"\">\n<p data-start=\"302\" data-end=\"444\" class=\"\"><strong data-start=\"302\" data-end=\"336\">Constancia de estudios vigente<\/strong> con promedio acumulado al 5.\u00ba semestre<br data-start=\"375\" data-end=\"378\" \/><em data-start=\"381\" data-end=\"444\">(o Certificado de Bachillerato si ya concluiste tus estudios)<\/em><\/p>\n<\/li>\n<li data-start=\"445\" data-end=\"633\" class=\"\">\n<p data-start=\"448\" data-end=\"471\" class=\"\"><strong data-start=\"448\" data-end=\"470\">Fotograf\u00eda digital<\/strong>:<\/p>\n<ul data-start=\"475\" data-end=\"633\">\n<li data-start=\"475\" data-end=\"505\" class=\"\">\n<p data-start=\"477\" data-end=\"505\" class=\"\">De frente, de t\u00f3rax a cabeza<\/p>\n<\/li>\n<li data-start=\"509\" data-end=\"543\" class=\"\">\n<p data-start=\"511\" data-end=\"543\" class=\"\">Preferentemente con fondo blanco<\/p>\n<\/li>\n<li data-start=\"547\" data-end=\"633\" class=\"\">\n<p data-start=\"549\" data-end=\"633\" class=\"\"><strong data-start=\"549\" data-end=\"574\">No se aceptan selfies<\/strong><br data-start=\"574\" data-end=\"577\" \/><em data-start=\"580\" data-end=\"633\">(Si acudes presencialmente, el Tec te toma la foto)<\/em><\/p>\n<\/li>\n<\/ul>\n<\/li>\n<\/ol>\n<h3 data-start=\"635\" data-end=\"674\" class=\"\">\ud83d\udcdd \u00bfD\u00f3nde puedes tramitar la ficha?<\/h3>\n<ul data-start=\"675\" data-end=\"1070\">\n<li data-start=\"675\" data-end=\"839\" class=\"\">\n<p data-start=\"677\" data-end=\"839\" class=\"\"><strong data-start=\"677\" data-end=\"703\">En el Tec de Teziutl\u00e1n<\/strong><br data-start=\"703\" data-end=\"706\" \/>Direcci\u00f3n: Fracci\u00f3n I y II, Aire Libre, Teziutl\u00e1n, Puebla<br data-start=\"765\" data-end=\"768\" \/>Horario: Lunes a viernes de 9:00 a 17:00 h, s\u00e1bados de 9:00 a 16:00 h<\/p>\n<\/li>\n<li data-start=\"841\" data-end=\"948\" class=\"\">\n<p data-start=\"843\" data-end=\"948\" class=\"\"><strong data-start=\"843\" data-end=\"902\">M\u00f3dulo de Admisi\u00f3n en el Palacio Municipal de Teziutl\u00e1n<\/strong><br data-start=\"902\" data-end=\"905\" \/>Horario: Lunes a s\u00e1bado de 9:00 a 17:00 h<\/p>\n<\/li>\n<li data-start=\"950\" data-end=\"1070\" class=\"\">\n<p data-start=\"952\" data-end=\"1070\" class=\"\"><strong data-start=\"952\" data-end=\"965\">En l\u00ednea:<\/strong><br data-start=\"965\" data-end=\"968\" \/><a data-start=\"970\" data-end=\"1070\" rel=\"noopener\" target=\"_new\" class=\"\" href=\"https:\/\/teziutlan.tecnm.mx\/index.php\/aspirantes\/\">https:\/\/teziutlan.tecnm.mx\/index.php\/aspirantes\/<\/a><\/p>\n<\/li>\n<\/ul>\n<p data-start=\"1072\" data-end=\"1148\" class=\"\">Si necesitas m\u00e1s ayuda, puedes comunicarte por <strong data-start=\"1119\" data-end=\"1147\">WhatsApp al 231 156 2527<\/strong>.<\/p>\n<p>[\/et_pb_accordion_item][et_pb_accordion_item title=\u00bb\u00bfCu\u00e1nto cuesta la ficha de admisi\u00f3n?\u00bb _builder_version=\u00bb4.27.4&#8243; _module_preset=\u00bbdefault\u00bb global_colors_info=\u00bb{}\u00bb toggle_text_align=\u00bbcenter\u00bb toggle_font_size=\u00bb30px\u00bb open=\u00bboff\u00bb]<\/p>\n<p data-start=\"0\" data-end=\"173\" class=\"\">El <strong data-start=\"3\" data-end=\"36\">costo de la ficha de admisi\u00f3n<\/strong> para ingresar al Instituto Tecnol\u00f3gico Superior de Teziutl\u00e1n en 2025 es de <strong data-start=\"112\" data-end=\"127\">$150.00 MXN<\/strong>\u200b.<\/p>\n<p data-start=\"175\" data-end=\"363\" class=\"\">Si deseas tramitarla, puedes hacerlo en l\u00ednea, en las instalaciones del Tec o en el m\u00f3dulo ubicado en el Palacio Municipal de Teziutl\u00e1n.<\/p>\n<p>[\/et_pb_accordion_item][et_pb_accordion_item title=\u00bb\u00bfPuedo hacer mi tr\u00e1mite en l\u00ednea o solo es presencial?\u00bb _builder_version=\u00bb4.27.4&#8243; _module_preset=\u00bbdefault\u00bb global_colors_info=\u00bb{}\u00bb toggle_text_align=\u00bbcenter\u00bb toggle_font_size=\u00bb30px\u00bb open=\u00bboff\u00bb]<\/p>\n<p data-start=\"0\" data-end=\"77\" class=\"\">S\u00ed, puedes tramitar tu ficha <strong data-start=\"29\" data-end=\"41\">en l\u00ednea<\/strong>. Tienes tres opciones para hacerlo:<\/p>\n<ol data-start=\"79\" data-end=\"529\">\n<li data-start=\"79\" data-end=\"271\" class=\"\">\n<p data-start=\"82\" data-end=\"271\" class=\"\"><strong data-start=\"82\" data-end=\"127\">En las instalaciones del Tec de Teziutl\u00e1n<\/strong><br data-start=\"127\" data-end=\"130\" \/>\ud83d\udccd Direcci\u00f3n: Fracci\u00f3n I y II, Aire Libre, Teziutl\u00e1n, Puebla<br data-start=\"193\" data-end=\"196\" data-is-only-node=\"\" \/>\ud83d\udd58 Horario: Lunes a viernes de 9:00 a 17:00 h, s\u00e1bados de 9:00 a 16:00 h<\/p>\n<\/li>\n<li data-start=\"273\" data-end=\"391\" class=\"\">\n<p data-start=\"276\" data-end=\"391\" class=\"\"><strong data-start=\"276\" data-end=\"341\">En el M\u00f3dulo de Admisi\u00f3n en el Palacio Municipal de Teziutl\u00e1n<\/strong><br data-start=\"341\" data-end=\"344\" \/>\ud83d\udd58 Horario: Lunes a s\u00e1bado de 9:00 a 17:00 h<\/p>\n<\/li>\n<li data-start=\"393\" data-end=\"529\" class=\"\">\n<p data-start=\"396\" data-end=\"529\" class=\"\"><strong data-start=\"396\" data-end=\"408\">En l\u00ednea<\/strong><br data-start=\"408\" data-end=\"411\" \/>\ud83c\udf10 P\u00e1gina web: <a data-start=\"429\" data-end=\"529\" data-is-only-node=\"\" rel=\"noopener\" target=\"_new\" class=\"\" href=\"https:\/\/teziutlan.tecnm.mx\/index.php\/aspirantes\/\">https:\/\/teziutlan.tecnm.mx\/index.php\/aspirantes\/<\/a><\/p>\n<\/li>\n<\/ol>\n<p>[\/et_pb_accordion_item][\/et_pb_accordion][\/et_pb_column][\/et_pb_row][\/et_pb_section]<\/p>\n","protected":false},"excerpt":{"rendered":"<p>Requisitos de inscripci\u00f3n Para tramitar tu ficha de admisi\u00f3n al Instituto Tecnol\u00f3gico Superior de Teziutl\u00e1n tienes tres opciones: \ud83d\udcdd Formas de tramitar la ficha: Presencialmente en el Tec de Teziutl\u00e1n Direcci\u00f3n: Fracci\u00f3n I y II, Aire Libre, Teziutl\u00e1n, Puebla. Horario: Lunes a viernes de 9:00 a 17:00 h, s\u00e1bados de 9:00 a 16:00 h. En [&hellip;]<\/p>\n","protected":false},"author":1,"featured_media":0,"parent":0,"menu_order":0,"comment_status":"closed","ping_status":"closed","template":"","meta":{"_et_pb_use_builder":"on","_et_pb_old_content":"","_et_gb_content_width":"","footnotes":""},"class_list":["post-1283","page","type-page","status-publish","hentry"],"_links":{"self":[{"href":"https:\/\/teziutlan.tecnm.mx\/index.php\/wp-json\/wp\/v2\/pages\/1283","targetHints":{"allow":["GET"]}}],"collection":[{"href":"https:\/\/teziutlan.tecnm.mx\/index.php\/wp-json\/wp\/v2\/pages"}],"about":[{"href":"https:\/\/teziutlan.tecnm.mx\/index.php\/wp-json\/wp\/v2\/types\/page"}],"author":[{"embeddable":true,"href":"https:\/\/teziutlan.tecnm.mx\/index.php\/wp-json\/wp\/v2\/users\/1"}],"replies":[{"embeddable":true,"href":"https:\/\/teziutlan.tecnm.mx\/index.php\/wp-json\/wp\/v2\/comments?post=1283"}],"version-history":[{"count":7,"href":"https:\/\/teziutlan.tecnm.mx\/index.php\/wp-json\/wp\/v2\/pages\/1283\/revisions"}],"predecessor-version":[{"id":1298,"href":"https:\/\/teziutlan.tecnm.mx\/index.php\/wp-json\/wp\/v2\/pages\/1283\/revisions\/1298"}],"wp:attachment":[{"href":"https:\/\/teziutlan.tecnm.mx\/index.php\/wp-json\/wp\/v2\/media?parent=1283"}],"curies":[{"name":"wp","href":"https:\/\/api.w.org\/{rel}","templated":true}]}}