{"id":1718,"date":"2025-05-02T20:40:35","date_gmt":"2025-05-02T20:40:35","guid":{"rendered":"http:\/\/10.10.25.1\/?page_id=1718"},"modified":"2025-05-02T21:53:25","modified_gmt":"2025-05-02T21:53:25","slug":"trm-acceso-al-cc","status":"publish","type":"page","link":"https:\/\/teziutlan.tecnm.mx\/index.php\/trm-acceso-al-cc\/","title":{"rendered":"trm acceso al cc"},"content":{"rendered":"<p>[et_pb_section fb_built=\u00bb1&#8243; _builder_version=\u00bb4.27.4&#8243; _module_preset=\u00bbdefault\u00bb global_colors_info=\u00bb{}\u00bb][et_pb_row _builder_version=\u00bb4.27.4&#8243; _module_preset=\u00bbdefault\u00bb global_colors_info=\u00bb{}\u00bb][et_pb_column type=\u00bb4_4&#8243; _builder_version=\u00bb4.27.4&#8243; _module_preset=\u00bbdefault\u00bb global_colors_info=\u00bb{}\u00bb][et_pb_text _builder_version=\u00bb4.27.4&#8243; _module_preset=\u00bbdefault\u00bb text_font=\u00bbABeeZee|700|||||||\u00bb text_text_color=\u00bb#000000&#8243; text_font_size=\u00bb40px\u00bb text_orientation=\u00bbcenter\u00bb hover_enabled=\u00bb0&#8243; sticky_enabled=\u00bb0&#8243;]<\/p>\n<p>Acceso al centro de c\u00f3mputo<\/p>\n<p>[\/et_pb_text][et_pb_toggle title=\u00bbObjetivo del Tr\u00e1mite\u00bb open_toggle_text_color=\u00bb#000000&#8243; icon_color=\u00bb#000000&#8243; toggle_icon=\u00bb&#x3d;||divi||400&#8243; open_icon_color=\u00bb#000000&#8243; open_toggle_icon=\u00bb&#x3d;||divi||400&#8243; _builder_version=\u00bb4.27.4&#8243; _module_preset=\u00bbdefault\u00bb title_text_color=\u00bb#000000&#8243; title_font=\u00bbABeeZee|700|||||||\u00bb title_font_size=\u00bb22px\u00bb body_text_align=\u00bbcenter\u00bb body_font_size=\u00bb15px\u00bb text_orientation=\u00bbcenter\u00bb global_colors_info=\u00bb{}\u00bb]<\/p>\n<p><span>Registrar el acceso a las \u00e1reas de Centro de C\u00f3mputo, a trav\u00e9s de un sistema de auto acceso, que permita tener un control de uso de los equipos asignados en las aulas de pr\u00e1cticas.<\/span><\/p>\n<p>[\/et_pb_toggle][et_pb_toggle title=\u00bbNormas y Pol\u00edticas de Operaci\u00f3n\u00bb open_toggle_text_color=\u00bb#000000&#8243; icon_color=\u00bb#000000&#8243; toggle_icon=\u00bb&#x3d;||divi||400&#8243; open_icon_color=\u00bb#000000&#8243; open_toggle_icon=\u00bb&#x3d;||divi||400&#8243; _builder_version=\u00bb4.27.4&#8243; _module_preset=\u00bbdefault\u00bb title_text_color=\u00bb#000000&#8243; title_font=\u00bbABeeZee|700|||||||\u00bb title_font_size=\u00bb22px\u00bb body_text_align=\u00bbcenter\u00bb body_font_size=\u00bb15px\u00bb text_orientation=\u00bbcenter\u00bb global_colors_info=\u00bb{}\u00bb]<\/p>\n<p><span>Reglamento Interior del Instituto Tecnol\u00f3gico Superior de Teziutl\u00e1n<\/span><\/p>\n<p>[\/et_pb_toggle][et_pb_toggle title=\u00bbResponsables\u00bb open_toggle_text_color=\u00bb#000000&#8243; icon_color=\u00bb#000000&#8243; toggle_icon=\u00bb&#x3d;||divi||400&#8243; open_icon_color=\u00bb#000000&#8243; open_toggle_icon=\u00bb&#x3d;||divi||400&#8243; _builder_version=\u00bb4.27.4&#8243; _module_preset=\u00bbdefault\u00bb title_text_color=\u00bb#000000&#8243; title_font=\u00bbABeeZee|700|||||||\u00bb title_font_size=\u00bb22px\u00bb body_text_align=\u00bbcenter\u00bb body_font_size=\u00bb15px\u00bb text_orientation=\u00bbcenter\u00bb global_colors_info=\u00bb{}\u00bb]<\/p>\n<p><span>Jefatura de Divisi\u00f3n de Ingenier\u00eda en Sistemas Computaciones<\/span><\/p>\n<p>[\/et_pb_toggle][et_pb_toggle title=\u00bb\u00c1reas Involucradas\u00bb open_toggle_text_color=\u00bb#000000&#8243; icon_color=\u00bb#000000&#8243; toggle_icon=\u00bb&#x3d;||divi||400&#8243; open_icon_color=\u00bb#000000&#8243; open_toggle_icon=\u00bb&#x3d;||divi||400&#8243; _builder_version=\u00bb4.27.4&#8243; _module_preset=\u00bbdefault\u00bb title_text_color=\u00bb#000000&#8243; title_font=\u00bbABeeZee|700|||||||\u00bb title_font_size=\u00bb22px\u00bb body_text_align=\u00bbcenter\u00bb body_font_size=\u00bb15px\u00bb text_orientation=\u00bbcenter\u00bb global_colors_info=\u00bb{}\u00bb]<\/p>\n<p><span>Solicitante, Sistema de Autoacceso, Centro de Computo<\/span><\/p>\n<p>[\/et_pb_toggle][et_pb_toggle title=\u00bbTiempo Promedio de respuesta\u00bb open_toggle_text_color=\u00bb#000000&#8243; icon_color=\u00bb#000000&#8243; toggle_icon=\u00bb&#x3d;||divi||400&#8243; open_icon_color=\u00bb#000000&#8243; open_toggle_icon=\u00bb&#x3d;||divi||400&#8243; _builder_version=\u00bb4.27.4&#8243; _module_preset=\u00bbdefault\u00bb title_text_color=\u00bb#000000&#8243; title_font=\u00bbABeeZee|700|||||||\u00bb title_font_size=\u00bb22px\u00bb body_text_align=\u00bbcenter\u00bb body_font_size=\u00bb15px\u00bb text_orientation=\u00bbcenter\u00bb global_colors_info=\u00bb{}\u00bb]<\/p>\n<p>6 meses<\/p>\n<p>[\/et_pb_toggle][et_pb_toggle title=\u00bbPasos a seguir\u00bb open_toggle_text_color=\u00bb#000000&#8243; icon_color=\u00bb#000000&#8243; toggle_icon=\u00bb&#x3d;||divi||400&#8243; open_icon_color=\u00bb#000000&#8243; open_toggle_icon=\u00bb&#x3d;||divi||400&#8243; _builder_version=\u00bb4.27.4&#8243; _module_preset=\u00bbdefault\u00bb title_text_color=\u00bb#000000&#8243; title_font=\u00bbABeeZee|700|||||||\u00bb title_font_size=\u00bb22px\u00bb body_text_align=\u00bbcenter\u00bb body_font_size=\u00bb15px\u00bb text_orientation=\u00bbcenter\u00bb global_colors_info=\u00bb{}\u00bb]<\/p>\n<p><strong>Paso 1: Solicitante\u00a0<\/strong><\/p>\n<p>Proporciona nombre usuario, contrase\u00f1a<\/p>\n<p><strong>Paso 2: Sistema de Autoacceso<\/strong><\/p>\n<p>Consulta en la BD de usuarios<\/p>\n<p><strong>Paso 3: Sistema de Autoacceso \u00a0<\/strong><\/p>\n<p>\u00a0\u00bfUsuario tiene sanci\u00f3n? \u2013 \u00bfUsuario tiene adeudo?<\/p>\n<p><strong>Paso 4: Sistema de Autoacceso<\/strong><\/p>\n<p>Si tiene Sanciones, verifica sanci\u00f3n<\/p>\n<p><strong>Paso 5: Sistema de Autoacceso<\/strong><\/p>\n<p>Si tiene Adeudo, verifica Adeudo<\/p>\n<p><strong>Paso 6: Solicitud<\/strong><\/p>\n<p>No Adeudo y No sanci\u00f3n, utiliza equipo.<\/p>\n<p>&nbsp;<\/p>\n<p><strong>FINAL DEL PROCEDIMIENTO<\/strong><\/p>\n<p>[\/et_pb_toggle][\/et_pb_column][\/et_pb_row][\/et_pb_section]<\/p>\n","protected":false},"excerpt":{"rendered":"<p>Acceso al centro de c\u00f3mputoRegistrar el acceso a las \u00e1reas de Centro de C\u00f3mputo, a trav\u00e9s de un sistema de auto acceso, que permita tener un control de uso de los equipos asignados en las aulas de pr\u00e1cticas.Reglamento Interior del Instituto Tecnol\u00f3gico Superior de Teziutl\u00e1nJefatura de Divisi\u00f3n de Ingenier\u00eda en Sistemas ComputacionesSolicitante, Sistema de Autoacceso, [&hellip;]<\/p>\n","protected":false},"author":1,"featured_media":0,"parent":0,"menu_order":0,"comment_status":"closed","ping_status":"closed","template":"","meta":{"_et_pb_use_builder":"on","_et_pb_old_content":"","_et_gb_content_width":"","footnotes":""},"class_list":["post-1718","page","type-page","status-publish","hentry"],"_links":{"self":[{"href":"https:\/\/teziutlan.tecnm.mx\/index.php\/wp-json\/wp\/v2\/pages\/1718","targetHints":{"allow":["GET"]}}],"collection":[{"href":"https:\/\/teziutlan.tecnm.mx\/index.php\/wp-json\/wp\/v2\/pages"}],"about":[{"href":"https:\/\/teziutlan.tecnm.mx\/index.php\/wp-json\/wp\/v2\/types\/page"}],"author":[{"embeddable":true,"href":"https:\/\/teziutlan.tecnm.mx\/index.php\/wp-json\/wp\/v2\/users\/1"}],"replies":[{"embeddable":true,"href":"https:\/\/teziutlan.tecnm.mx\/index.php\/wp-json\/wp\/v2\/comments?post=1718"}],"version-history":[{"count":5,"href":"https:\/\/teziutlan.tecnm.mx\/index.php\/wp-json\/wp\/v2\/pages\/1718\/revisions"}],"predecessor-version":[{"id":1760,"href":"https:\/\/teziutlan.tecnm.mx\/index.php\/wp-json\/wp\/v2\/pages\/1718\/revisions\/1760"}],"wp:attachment":[{"href":"https:\/\/teziutlan.tecnm.mx\/index.php\/wp-json\/wp\/v2\/media?parent=1718"}],"curies":[{"name":"wp","href":"https:\/\/api.w.org\/{rel}","templated":true}]}}