{"id":1723,"date":"2025-05-02T21:00:11","date_gmt":"2025-05-02T21:00:11","guid":{"rendered":"http:\/\/10.10.25.1\/?page_id=1723"},"modified":"2025-05-02T21:54:52","modified_gmt":"2025-05-02T21:54:52","slug":"trm-actividades-extraescol","status":"publish","type":"page","link":"https:\/\/teziutlan.tecnm.mx\/index.php\/trm-actividades-extraescol\/","title":{"rendered":"trm actividades extraescol"},"content":{"rendered":"<p>[et_pb_section fb_built=\u00bb1&#8243; _builder_version=\u00bb4.27.4&#8243; _module_preset=\u00bbdefault\u00bb global_colors_info=\u00bb{}\u00bb][et_pb_row _builder_version=\u00bb4.27.4&#8243; _module_preset=\u00bbdefault\u00bb global_colors_info=\u00bb{}\u00bb][et_pb_column type=\u00bb4_4&#8243; _builder_version=\u00bb4.27.4&#8243; _module_preset=\u00bbdefault\u00bb global_colors_info=\u00bb{}\u00bb][et_pb_text _builder_version=\u00bb4.27.4&#8243; _module_preset=\u00bbdefault\u00bb text_font=\u00bbABeeZee|700|||||||\u00bb text_text_color=\u00bb#000000&#8243; text_font_size=\u00bb40px\u00bb text_orientation=\u00bbcenter\u00bb hover_enabled=\u00bb0&#8243; sticky_enabled=\u00bb0&#8243;]<\/p>\n<p>Actividades Extraescolares<\/p>\n<p>[\/et_pb_text][et_pb_toggle title=\u00bbObjetivo del Tr\u00e1mite\u00bb open_toggle_text_color=\u00bb#000000&#8243; icon_color=\u00bb#000000&#8243; toggle_icon=\u00bb&#x3d;||divi||400&#8243; open_icon_color=\u00bb#000000&#8243; open_toggle_icon=\u00bb&#x3d;||divi||400&#8243; _builder_version=\u00bb4.27.4&#8243; _module_preset=\u00bbdefault\u00bb title_text_color=\u00bb#000000&#8243; title_font=\u00bbABeeZee|700|||||||\u00bb title_font_size=\u00bb22px\u00bb body_text_align=\u00bbcenter\u00bb body_font_size=\u00bb15px\u00bb text_orientation=\u00bbcenter\u00bb global_colors_info=\u00bb{}\u00bb]<\/p>\n<div class=\"radiantthemes-accordion-item radiantthemes-active\">\n<div class=\"radiantthemes-accordion-item-body\">Contribuir a la formaci\u00f3n del alumnado inscrito en el ITST, a trav\u00e9s de la pr\u00e1ctica del deporte y la expresi\u00f3n de las artes, complementando as\u00ed la formaci\u00f3n integral de los alumnos y alumnas considerada dentro del proceso ense\u00f1anza-aprendizaje.<\/div>\n<\/div>\n<div class=\"radiantthemes-accordion-item\">\n<div class=\"radiantthemes-accordion-item-title\">\n<div class=\"radiantthemes-accordion-item-title-icon\"><\/div>\n<\/div>\n<\/div>\n<p>[\/et_pb_toggle][et_pb_toggle title=\u00bbNormas y Pol\u00edticas de Operaci\u00f3n\u00bb open_toggle_text_color=\u00bb#000000&#8243; icon_color=\u00bb#000000&#8243; toggle_icon=\u00bb&#x3d;||divi||400&#8243; open_icon_color=\u00bb#000000&#8243; open_toggle_icon=\u00bb&#x3d;||divi||400&#8243; _builder_version=\u00bb4.27.4&#8243; _module_preset=\u00bbdefault\u00bb title_text_color=\u00bb#000000&#8243; title_font=\u00bbABeeZee|700|||||||\u00bb title_font_size=\u00bb22px\u00bb body_text_align=\u00bbcenter\u00bb body_font_size=\u00bb15px\u00bb text_orientation=\u00bbcenter\u00bb global_colors_info=\u00bb{}\u00bb]<\/p>\n<p><span>Reglamento Interior del Instituto Tecnol\u00f3gico Superior de Teziutl\u00e1n<\/span><\/p>\n<p>[\/et_pb_toggle][et_pb_toggle title=\u00bb\u00c1reas Involucradas\u00bb open_toggle_text_color=\u00bb#000000&#8243; icon_color=\u00bb#000000&#8243; toggle_icon=\u00bb&#x3d;||divi||400&#8243; open_icon_color=\u00bb#000000&#8243; open_toggle_icon=\u00bb&#x3d;||divi||400&#8243; _builder_version=\u00bb4.27.4&#8243; _module_preset=\u00bbdefault\u00bb title_text_color=\u00bb#000000&#8243; title_font=\u00bbABeeZee|700|||||||\u00bb title_font_size=\u00bb22px\u00bb body_text_align=\u00bbcenter\u00bb body_font_size=\u00bb15px\u00bb text_orientation=\u00bbcenter\u00bb global_colors_info=\u00bb{}\u00bb]<\/p>\n<p><span>Departamento de Vinculaci\u00f3n, Departamento de Control Escolar, Promotor Cultural, Alumno y Docente.<\/span><\/p>\n<p>[\/et_pb_toggle][et_pb_toggle title=\u00bbTiempo Promedio de respuesta\u00bb open_toggle_text_color=\u00bb#000000&#8243; icon_color=\u00bb#000000&#8243; toggle_icon=\u00bb&#x3d;||divi||400&#8243; open_icon_color=\u00bb#000000&#8243; open_toggle_icon=\u00bb&#x3d;||divi||400&#8243; _builder_version=\u00bb4.27.4&#8243; _module_preset=\u00bbdefault\u00bb title_text_color=\u00bb#000000&#8243; title_font=\u00bbABeeZee|700|||||||\u00bb title_font_size=\u00bb22px\u00bb body_text_align=\u00bbcenter\u00bb body_font_size=\u00bb15px\u00bb text_orientation=\u00bbcenter\u00bb global_colors_info=\u00bb{}\u00bb]<\/p>\n<p>6 meses<\/p>\n<p>[\/et_pb_toggle][et_pb_toggle title=\u00bbPasos a seguir\u00bb open_toggle_text_color=\u00bb#000000&#8243; icon_color=\u00bb#000000&#8243; toggle_icon=\u00bb&#x3d;||divi||400&#8243; open_icon_color=\u00bb#000000&#8243; open_toggle_icon=\u00bb&#x3d;||divi||400&#8243; _builder_version=\u00bb4.27.4&#8243; _module_preset=\u00bbdefault\u00bb title_text_color=\u00bb#000000&#8243; title_font=\u00bbABeeZee|700|||||||\u00bb title_font_size=\u00bb22px\u00bb body_text_align=\u00bbcenter\u00bb body_font_size=\u00bb15px\u00bb text_orientation=\u00bbcenter\u00bb global_colors_info=\u00bb{}\u00bb]<\/p>\n<p><strong>Paso 1:\u00a0 Departamento de Vinculaci\u00f3n<\/strong><\/p>\n<p>Conforma el plan de trabajo y establece los horarios de los talleres culturales y deportivos.<\/p>\n<p><strong>Paso 2: Alumno(a)<\/strong><\/p>\n<p>Las y los alumnos se inscriben a su actividad extraescolar, tomando en cuenta los horarios y talleres ofertados.<\/p>\n<p><strong>Paso 3: Departamento de Vinculaci\u00f3n<\/strong><\/p>\n<p>Emite las listas de las y los alumnos inscritos en los diferentes talleres.<\/p>\n<p><strong>Paso 4: Promotor(a) cultural y deportivo<\/strong><\/p>\n<p>Entrega las listas a los y las instructores y supervisa los talleres.<\/p>\n<p><strong>Paso 5: Instructor(a)<\/strong><\/p>\n<p>Reciben las listas para el control y evaluaci\u00f3n de los talleres a su cargo.<\/p>\n<p><strong>Paso 6: Instructor(a)<\/strong><\/p>\n<p>Los y las instructores de los talleres tanto culturales como deportivos, entregan las acreditaciones a la jefatura de actividades extraescolares.<\/p>\n<p><strong>Paso 7: Departamento de Vinculaci\u00f3n<\/strong><\/p>\n<p>Captura las acreditaciones de todos los talleres y emite las actas de acreditaci\u00f3n.<\/p>\n<p><strong>Paso 8: Alumno(a)<\/strong><\/p>\n<p>El alumnado verifica su acreditaci\u00f3n en la jefatura de actividades extraescolares o en la web.<\/p>\n<p><strong>Paso 9: Alumno(a)<\/strong><\/p>\n<p>Las y los alumnos solicitan su constancia de liberaci\u00f3n de las actividades extraescolares, una vez acreditadas tanto la cultural como la deportiva.<\/p>\n<p><strong>Paso 10: Departamento de Vinculaci\u00f3n<\/strong><\/p>\n<p>Emite las constancias de liberaci\u00f3n solicitadas por el alumnado.<\/p>\n<p><strong>Paso 11: Alumno(a)<\/strong><\/p>\n<p>Las y los alumnos entregan su constancia de liberaci\u00f3n a Control Escolar.<\/p>\n<p><strong>Paso 12: Departamento de Control Escolar.<br \/><\/strong><\/p>\n<p>Recibe la constancia de liberaci\u00f3n de actividades extraescolares, para complementar el expediente de las y los alumnos pr\u00f3ximos a egresar.<\/p>\n<p><strong>FINAL DEL PROCEDIMIENTO<\/strong><\/p>\n<p>[\/et_pb_toggle][\/et_pb_column][\/et_pb_row][\/et_pb_section]<\/p>\n","protected":false},"excerpt":{"rendered":"<p>Actividades Extraescolares Contribuir a la formaci\u00f3n del alumnado inscrito en el ITST, a trav\u00e9s de la pr\u00e1ctica del deporte y la expresi\u00f3n de las artes, complementando as\u00ed la formaci\u00f3n integral de los alumnos y alumnas considerada dentro del proceso ense\u00f1anza-aprendizaje. Reglamento Interior del Instituto Tecnol\u00f3gico Superior de Teziutl\u00e1nDepartamento de Vinculaci\u00f3n, Departamento de Control Escolar, Promotor [&hellip;]<\/p>\n","protected":false},"author":1,"featured_media":0,"parent":0,"menu_order":0,"comment_status":"closed","ping_status":"closed","template":"","meta":{"_et_pb_use_builder":"on","_et_pb_old_content":"","_et_gb_content_width":"","footnotes":""},"class_list":["post-1723","page","type-page","status-publish","hentry"],"_links":{"self":[{"href":"https:\/\/teziutlan.tecnm.mx\/index.php\/wp-json\/wp\/v2\/pages\/1723","targetHints":{"allow":["GET"]}}],"collection":[{"href":"https:\/\/teziutlan.tecnm.mx\/index.php\/wp-json\/wp\/v2\/pages"}],"about":[{"href":"https:\/\/teziutlan.tecnm.mx\/index.php\/wp-json\/wp\/v2\/types\/page"}],"author":[{"embeddable":true,"href":"https:\/\/teziutlan.tecnm.mx\/index.php\/wp-json\/wp\/v2\/users\/1"}],"replies":[{"embeddable":true,"href":"https:\/\/teziutlan.tecnm.mx\/index.php\/wp-json\/wp\/v2\/comments?post=1723"}],"version-history":[{"count":4,"href":"https:\/\/teziutlan.tecnm.mx\/index.php\/wp-json\/wp\/v2\/pages\/1723\/revisions"}],"predecessor-version":[{"id":1761,"href":"https:\/\/teziutlan.tecnm.mx\/index.php\/wp-json\/wp\/v2\/pages\/1723\/revisions\/1761"}],"wp:attachment":[{"href":"https:\/\/teziutlan.tecnm.mx\/index.php\/wp-json\/wp\/v2\/media?parent=1723"}],"curies":[{"name":"wp","href":"https:\/\/api.w.org\/{rel}","templated":true}]}}