{"id":1738,"date":"2025-05-02T21:10:06","date_gmt":"2025-05-02T21:10:06","guid":{"rendered":"http:\/\/10.10.25.1\/?page_id=1738"},"modified":"2025-05-02T21:57:48","modified_gmt":"2025-05-02T21:57:48","slug":"trm-certificado-de-estudios-parcial","status":"publish","type":"page","link":"https:\/\/teziutlan.tecnm.mx\/index.php\/trm-certificado-de-estudios-parcial\/","title":{"rendered":"trm certificado de estudios parcial"},"content":{"rendered":"<p>[et_pb_section fb_built=\u00bb1&#8243; _builder_version=\u00bb4.27.4&#8243; _module_preset=\u00bbdefault\u00bb global_colors_info=\u00bb{}\u00bb][et_pb_row _builder_version=\u00bb4.27.4&#8243; _module_preset=\u00bbdefault\u00bb global_colors_info=\u00bb{}\u00bb][et_pb_column type=\u00bb4_4&#8243; _builder_version=\u00bb4.27.4&#8243; _module_preset=\u00bbdefault\u00bb global_colors_info=\u00bb{}\u00bb][et_pb_text _builder_version=\u00bb4.27.4&#8243; _module_preset=\u00bbdefault\u00bb text_font=\u00bbABeeZee|700|||||||\u00bb text_text_color=\u00bb#000000&#8243; text_font_size=\u00bb40px\u00bb text_orientation=\u00bbcenter\u00bb hover_enabled=\u00bb0&#8243; sticky_enabled=\u00bb0&#8243;]<\/p>\n<p>Certificado de Estudios Parcial<\/p>\n<p>[\/et_pb_text][et_pb_toggle title=\u00bb \u00bfEn qu\u00e9 consiste el tr\u00e1mite?\u00bb open_toggle_text_color=\u00bb#000000&#8243; icon_color=\u00bb#000000&#8243; toggle_icon=\u00bb&#x3d;||divi||400&#8243; open_icon_color=\u00bb#000000&#8243; open_toggle_icon=\u00bb&#x3d;||divi||400&#8243; _builder_version=\u00bb4.27.4&#8243; _module_preset=\u00bbdefault\u00bb title_text_color=\u00bb#000000&#8243; title_font=\u00bbABeeZee|700|||||||\u00bb title_font_size=\u00bb22px\u00bb body_text_align=\u00bbcenter\u00bb body_font_size=\u00bb15px\u00bb text_orientation=\u00bbcenter\u00bb global_colors_info=\u00bb{}\u00bb]<\/p>\n<p><span>Obtener un documento con validez oficial que avale los estudios realizados durante un per\u00edodo menor al t\u00e9rmino de la Licenciatura.<\/span><\/p>\n<p>[\/et_pb_toggle][et_pb_toggle title=\u00bb\u00bfA qui\u00e9n va dirigido?\u00bb open_toggle_text_color=\u00bb#000000&#8243; icon_color=\u00bb#000000&#8243; toggle_icon=\u00bb&#x3d;||divi||400&#8243; open_icon_color=\u00bb#000000&#8243; open_toggle_icon=\u00bb&#x3d;||divi||400&#8243; _builder_version=\u00bb4.27.4&#8243; _module_preset=\u00bbdefault\u00bb title_text_color=\u00bb#000000&#8243; title_font=\u00bbABeeZee|700|||||||\u00bb title_font_size=\u00bb22px\u00bb body_text_align=\u00bbcenter\u00bb body_font_size=\u00bb15px\u00bb text_orientation=\u00bbcenter\u00bb global_colors_info=\u00bb{}\u00bb]<\/p>\n<p><span>A los estudiantes de los Institutos Tecnol\u00f3gicos adscritos al TecNM.<\/span><\/p>\n<p>[\/et_pb_toggle][et_pb_toggle title=\u00bbDocumento a obtener\u00bb open_toggle_text_color=\u00bb#000000&#8243; icon_color=\u00bb#000000&#8243; toggle_icon=\u00bb&#x3d;||divi||400&#8243; open_icon_color=\u00bb#000000&#8243; open_toggle_icon=\u00bb&#x3d;||divi||400&#8243; _builder_version=\u00bb4.27.4&#8243; _module_preset=\u00bbdefault\u00bb title_text_color=\u00bb#000000&#8243; title_font=\u00bbABeeZee|700|||||||\u00bb title_font_size=\u00bb22px\u00bb body_text_align=\u00bbcenter\u00bb body_font_size=\u00bb15px\u00bb text_orientation=\u00bbcenter\u00bb global_colors_info=\u00bb{}\u00bb]<\/p>\n<p><span>Certificado de estudios parcial.<\/span><\/p>\n<p>[\/et_pb_toggle][et_pb_toggle title=\u00bbDependencia o Entidad\u00bb open_toggle_text_color=\u00bb#000000&#8243; icon_color=\u00bb#000000&#8243; toggle_icon=\u00bb&#x3d;||divi||400&#8243; open_icon_color=\u00bb#000000&#8243; open_toggle_icon=\u00bb&#x3d;||divi||400&#8243; _builder_version=\u00bb4.27.4&#8243; _module_preset=\u00bbdefault\u00bb title_text_color=\u00bb#000000&#8243; title_font=\u00bbABeeZee|700|||||||\u00bb title_font_size=\u00bb22px\u00bb body_text_align=\u00bbcenter\u00bb body_font_size=\u00bb15px\u00bb text_orientation=\u00bbcenter\u00bb global_colors_info=\u00bb{}\u00bb]<\/p>\n<p><span>Instituto Tecnol\u00f3gico Superior de Teziutl\u00e1n.<\/span><\/p>\n<p>[\/et_pb_toggle][et_pb_toggle title=\u00bbRequisitos\u00bb open_toggle_text_color=\u00bb#000000&#8243; icon_color=\u00bb#000000&#8243; toggle_icon=\u00bb&#x3d;||divi||400&#8243; open_icon_color=\u00bb#000000&#8243; open_toggle_icon=\u00bb&#x3d;||divi||400&#8243; _builder_version=\u00bb4.27.4&#8243; _module_preset=\u00bbdefault\u00bb title_text_color=\u00bb#000000&#8243; title_font=\u00bbABeeZee|700|||||||\u00bb title_font_size=\u00bb22px\u00bb body_text_align=\u00bbcenter\u00bb body_font_size=\u00bb15px\u00bb text_orientation=\u00bbcenter\u00bb global_colors_info=\u00bb{}\u00bb]<\/p>\n<p style=\"text-align: left;\"><span>\u2022 Tener expediente completo con la documentaci\u00f3n de ingreso que se le solicit\u00f3 al iniciar la carrera (de ser necesario pasar al Departamento de Control Escolar para la revisi\u00f3n del expediente).<\/span><br \/><span>\u2022 Acta de Nacimiento (formato actual), original y una copia.<\/span><br \/><span>\u2022 Certificado de Bachillerato (legalizado en caso de que ser necesario), original y una copia.<\/span><br \/><span>\u2022 Constancia reciente con fotograf\u00eda que especifique la autenticidad del certificado de bachillerato, conteniendo los siguientes datos: clave de registro de la instituci\u00f3n, folio del certificado, generaci\u00f3n, n\u00famero de matr\u00edcula, nombre del alumno y promedio general de aprovechamiento. La constancia deber\u00e1 estar firmada por el Director General de la Instituci\u00f3n.<\/span><br \/><span>\u2022 6 fotograf\u00edas tama\u00f1o ovalo credencial, con las siguientes caracter\u00edsticas:<\/span><\/p>\n<p style=\"text-align: left;\">\n<p style=\"text-align: left;\">o Fondo blanco<br \/>o Papel de primera clase, encerado y autoadherible.<br \/>o Utilizar traje sastre en tonos claros para que el sello que es de color negro, sea visible (hombres portar camisa blanca y corbata, mujeres portar blusa blanca con cuello sport).<br \/>o No utilizar lentes o pupilentes, rostro sim\u00e9trico, mantener la boca cerrada.<br \/>o Damas no exagerar en maquillaje y accesorios extravagantes.<br \/>o Caballeros sin barba (bigote \u00fanicamente si es visible el delineado de los labios).<\/p>\n<p style=\"text-align: left;\">\u2022 Recibo de pago por concepto de \u201cexpedici\u00f3n o reposici\u00f3n de certificados ITS Teziutl\u00e1n\u201d.<br \/>\u2022 Oficio de solicitud por parte del alumno en donde expone el motivo por el cual solicita dicho documento, dirigido al L.I. GABRIEL ROJAS SANCHEZ, Jefe del Departamento de Control Escolar, (<strong>importante es mencionar que una vez solicitado el documento, el alumno ya no podr\u00e1 inscribirse nuevamente para continuar con sus estudios en esta instituci\u00f3n educativa<\/strong>).<br \/>\u2022 Credencial de estudiante, original.<\/p>\n<p>[\/et_pb_toggle][et_pb_toggle title=\u00bbPasos a seguir\u00bb open_toggle_text_color=\u00bb#000000&#8243; icon_color=\u00bb#000000&#8243; toggle_icon=\u00bb&#x3d;||divi||400&#8243; open_icon_color=\u00bb#000000&#8243; open_toggle_icon=\u00bb&#x3d;||divi||400&#8243; _builder_version=\u00bb4.27.4&#8243; _module_preset=\u00bbdefault\u00bb title_text_color=\u00bb#000000&#8243; title_font=\u00bbABeeZee|700|||||||\u00bb title_font_size=\u00bb22px\u00bb body_text_align=\u00bbcenter\u00bb body_font_size=\u00bb15px\u00bb text_orientation=\u00bbcenter\u00bb global_colors_info=\u00bb{}\u00bb]<\/p>\n<p><strong>Paso 1.<\/strong><br \/><span>El estudiante se presenta en las ventanillas de atenci\u00f3n con su credencial de estudiante o identificaci\u00f3n oficial, solicita la revisi\u00f3n del expediente de ingreso y que no tenga adeudos con la Instituci\u00f3n.<\/span><\/p>\n<p><strong>Paso 2.<\/strong><br \/>El Estudiante entrega los requisitos arriba enlistados.<\/p>\n<p><strong>Paso 3.<\/strong><br \/>El Estudiante se presenta en las ventanillas de atenci\u00f3n, con una identificaci\u00f3n oficial para recoger su Certificado Parcial.<\/p>\n<p>[\/et_pb_toggle][et_pb_toggle title=\u00bbCosto\u00bb open_toggle_text_color=\u00bb#000000&#8243; icon_color=\u00bb#000000&#8243; toggle_icon=\u00bb&#x3d;||divi||400&#8243; open_icon_color=\u00bb#000000&#8243; open_toggle_icon=\u00bb&#x3d;||divi||400&#8243; _builder_version=\u00bb4.27.4&#8243; _module_preset=\u00bbdefault\u00bb title_text_color=\u00bb#000000&#8243; title_font=\u00bbABeeZee|700|||||||\u00bb title_font_size=\u00bb22px\u00bb body_text_align=\u00bbcenter\u00bb body_font_size=\u00bb15px\u00bb text_orientation=\u00bbcenter\u00bb global_colors_info=\u00bb{}\u00bb]<\/p>\n<p><strong>Consultar costos y concepto de pago en:\u00a0<\/strong><\/p>\n<p><a href=\"https:\/\/rl.puebla.gob.mx\/\" target=\"_blank\" rel=\"noopener noreferrer\" role=\"link\">https:\/\/rl.puebla.gob.mx\/<\/a><\/p>\n<p>[\/et_pb_toggle][et_pb_toggle title=\u00bbInformaci\u00f3n de inter\u00e9s\u00bb open_toggle_text_color=\u00bb#000000&#8243; icon_color=\u00bb#000000&#8243; toggle_icon=\u00bb&#x3d;||divi||400&#8243; open_icon_color=\u00bb#000000&#8243; open_toggle_icon=\u00bb&#x3d;||divi||400&#8243; _builder_version=\u00bb4.27.4&#8243; _module_preset=\u00bbdefault\u00bb title_text_color=\u00bb#000000&#8243; title_font=\u00bbABeeZee|700|||||||\u00bb title_font_size=\u00bb22px\u00bb body_text_align=\u00bbcenter\u00bb body_font_size=\u00bb15px\u00bb text_orientation=\u00bbcenter\u00bb global_colors_info=\u00bb{}\u00bb]<\/p>\n<p><span>Si el original del acta de nacimiento o certificado de bachillerato es en tama\u00f1o oficio, al sacar la copia fotost\u00e1tica del documento se deber\u00e1 hacer la reducci\u00f3n a tama\u00f1o carta por ambos lados.<\/span><\/p>\n<p>[\/et_pb_toggle][\/et_pb_column][\/et_pb_row][\/et_pb_section]<\/p>\n","protected":false},"excerpt":{"rendered":"<p>Certificado de Estudios ParcialObtener un documento con validez oficial que avale los estudios realizados durante un per\u00edodo menor al t\u00e9rmino de la Licenciatura.A los estudiantes de los Institutos Tecnol\u00f3gicos adscritos al TecNM.Certificado de estudios parcial.Instituto Tecnol\u00f3gico Superior de Teziutl\u00e1n.\u2022 Tener expediente completo con la documentaci\u00f3n de ingreso que se le solicit\u00f3 al iniciar la carrera [&hellip;]<\/p>\n","protected":false},"author":1,"featured_media":0,"parent":0,"menu_order":0,"comment_status":"closed","ping_status":"closed","template":"","meta":{"_et_pb_use_builder":"on","_et_pb_old_content":"","_et_gb_content_width":"","footnotes":""},"class_list":["post-1738","page","type-page","status-publish","hentry"],"_links":{"self":[{"href":"https:\/\/teziutlan.tecnm.mx\/index.php\/wp-json\/wp\/v2\/pages\/1738","targetHints":{"allow":["GET"]}}],"collection":[{"href":"https:\/\/teziutlan.tecnm.mx\/index.php\/wp-json\/wp\/v2\/pages"}],"about":[{"href":"https:\/\/teziutlan.tecnm.mx\/index.php\/wp-json\/wp\/v2\/types\/page"}],"author":[{"embeddable":true,"href":"https:\/\/teziutlan.tecnm.mx\/index.php\/wp-json\/wp\/v2\/users\/1"}],"replies":[{"embeddable":true,"href":"https:\/\/teziutlan.tecnm.mx\/index.php\/wp-json\/wp\/v2\/comments?post=1738"}],"version-history":[{"count":5,"href":"https:\/\/teziutlan.tecnm.mx\/index.php\/wp-json\/wp\/v2\/pages\/1738\/revisions"}],"predecessor-version":[{"id":1764,"href":"https:\/\/teziutlan.tecnm.mx\/index.php\/wp-json\/wp\/v2\/pages\/1738\/revisions\/1764"}],"wp:attachment":[{"href":"https:\/\/teziutlan.tecnm.mx\/index.php\/wp-json\/wp\/v2\/media?parent=1738"}],"curies":[{"name":"wp","href":"https:\/\/api.w.org\/{rel}","templated":true}]}}