{"id":1755,"date":"2025-05-02T21:49:40","date_gmt":"2025-05-02T21:49:40","guid":{"rendered":"http:\/\/10.10.25.1\/?page_id=1755"},"modified":"2025-05-02T22:00:51","modified_gmt":"2025-05-02T22:00:51","slug":"trm-equivalencia-de-estudios","status":"publish","type":"page","link":"https:\/\/teziutlan.tecnm.mx\/index.php\/trm-equivalencia-de-estudios\/","title":{"rendered":"trm equivalencia de estudios"},"content":{"rendered":"<p>[et_pb_section fb_built=\u00bb1&#8243; _builder_version=\u00bb4.27.4&#8243; _module_preset=\u00bbdefault\u00bb global_colors_info=\u00bb{}\u00bb][et_pb_row _builder_version=\u00bb4.27.4&#8243; _module_preset=\u00bbdefault\u00bb global_colors_info=\u00bb{}\u00bb][et_pb_column type=\u00bb4_4&#8243; _builder_version=\u00bb4.27.4&#8243; _module_preset=\u00bbdefault\u00bb global_colors_info=\u00bb{}\u00bb][et_pb_text _builder_version=\u00bb4.27.4&#8243; _module_preset=\u00bbdefault\u00bb text_font=\u00bbABeeZee|700|||||||\u00bb text_text_color=\u00bb#000000&#8243; text_font_size=\u00bb40px\u00bb text_orientation=\u00bbcenter\u00bb hover_enabled=\u00bb0&#8243; sticky_enabled=\u00bb0&#8243;]<\/p>\n<p>Equivalencia de Estudios<\/p>\n<p>[\/et_pb_text][et_pb_toggle title=\u00bb \u00bfEn qu\u00e9 consiste el tr\u00e1mite?\u00bb open_toggle_text_color=\u00bb#000000&#8243; icon_color=\u00bb#000000&#8243; toggle_icon=\u00bb&#x3d;||divi||400&#8243; open_icon_color=\u00bb#000000&#8243; open_toggle_icon=\u00bb&#x3d;||divi||400&#8243; _builder_version=\u00bb4.27.4&#8243; _module_preset=\u00bbdefault\u00bb title_text_color=\u00bb#000000&#8243; title_font=\u00bbABeeZee|700|||||||\u00bb title_font_size=\u00bb22px\u00bb body_text_align=\u00bbcenter\u00bb body_font_size=\u00bb15px\u00bb text_orientation=\u00bbcenter\u00bb global_colors_info=\u00bb{}\u00bb]<\/p>\n<p><span>Realizar la resoluci\u00f3n por la cual se declaran equiparables los estudios realizados en Instituciones de Educaci\u00f3n Superior con reconocimiento oficial.<\/span><\/p>\n<p>[\/et_pb_toggle][et_pb_toggle title=\u00bb\u00bfA qui\u00e9n va dirigido?\u00bb open_toggle_text_color=\u00bb#000000&#8243; icon_color=\u00bb#000000&#8243; toggle_icon=\u00bb&#x3d;||divi||400&#8243; open_icon_color=\u00bb#000000&#8243; open_toggle_icon=\u00bb&#x3d;||divi||400&#8243; _builder_version=\u00bb4.27.4&#8243; _module_preset=\u00bbdefault\u00bb title_text_color=\u00bb#000000&#8243; title_font=\u00bbABeeZee|700|||||||\u00bb title_font_size=\u00bb22px\u00bb body_text_align=\u00bbcenter\u00bb body_font_size=\u00bb15px\u00bb text_orientation=\u00bbcenter\u00bb global_colors_info=\u00bb{}\u00bb]<\/p>\n<p><span>A los estudiantes que realizaron estudios en Instituciones de Educaci\u00f3n Superior con reconocimiento oficial, que no pertenecen al TecNM.<\/span><\/p>\n<p>[\/et_pb_toggle][et_pb_toggle title=\u00bbDependencia o Entidad\u00bb open_toggle_text_color=\u00bb#000000&#8243; icon_color=\u00bb#000000&#8243; toggle_icon=\u00bb&#x3d;||divi||400&#8243; open_icon_color=\u00bb#000000&#8243; open_toggle_icon=\u00bb&#x3d;||divi||400&#8243; _builder_version=\u00bb4.27.4&#8243; _module_preset=\u00bbdefault\u00bb title_text_color=\u00bb#000000&#8243; title_font=\u00bbABeeZee|700|||||||\u00bb title_font_size=\u00bb22px\u00bb body_text_align=\u00bbcenter\u00bb body_font_size=\u00bb15px\u00bb text_orientation=\u00bbcenter\u00bb global_colors_info=\u00bb{}\u00bb]<\/p>\n<p><span>Instituto Tecnol\u00f3gico Superior de Teziutl\u00e1n.<\/span><\/p>\n<p>[\/et_pb_toggle][et_pb_toggle title=\u00bbRequisitos\u00bb open_toggle_text_color=\u00bb#000000&#8243; icon_color=\u00bb#000000&#8243; toggle_icon=\u00bb&#x3d;||divi||400&#8243; open_icon_color=\u00bb#000000&#8243; open_toggle_icon=\u00bb&#x3d;||divi||400&#8243; _builder_version=\u00bb4.27.4&#8243; _module_preset=\u00bbdefault\u00bb title_text_color=\u00bb#000000&#8243; title_font=\u00bbABeeZee|700|||||||\u00bb title_font_size=\u00bb22px\u00bb body_text_align=\u00bbcenter\u00bb body_font_size=\u00bb15px\u00bb text_orientation=\u00bbcenter\u00bb global_colors_info=\u00bb{}\u00bb]<\/p>\n<p style=\"text-align: left;\"><span>\u2022 \u201cDictamen T\u00e9cnico de Equivalencia de Estudios\u201d original, emitido por la Divisi\u00f3n de Carrera que corresponda (se tramita en el \u00e1rea acad\u00e9mica del I.T.S. de Teziutl\u00e1n).<\/span><br \/><span>\u2022 Certificado Profesional Completo o Incompleto (legalizado en caso de que ser necesario), original y una copia.<\/span><br \/><span>\u2022 Por cada materia equivalente, presentar\u00e1 los programas de estudios debidamente sellados por la Instituci\u00f3n de procedencia.<\/span><br \/><span>\u2022 Acta de Nacimiento (formato actual), original y una copia.<\/span><br \/><span>\u2022 Certificado de Bachillerato (legalizado en caso de que ser necesario), original y una copia.<\/span><br \/><span>\u2022 Certificado M\u00e9dico de Salud que incluya el Grupo Sangu\u00edneo y Factor RH.<\/span><\/p>\n<p>&nbsp;<\/p>\n<p style=\"text-align: left;\">El Certificado M\u00e9dico de Salud debe:<br \/>o Tener como m\u00e1ximo un mes de antig\u00fcedad.<br \/>o Estar firmado y sellado por el m\u00e9dico que lo expide.<br \/>o Incluir copia de la hoja que contiene el resultado del estudio de Grupo Sangu\u00edneo y Factor RH.<br \/>Nota: No se aceptar\u00e1 expedido por Farmacias Similares.<\/p>\n<p style=\"text-align: left;\">\u2022 CURP (Imprimir desde la p\u00e1gina web www.renapo.gob.mx).<br \/>\u2022 Pago por concepto de \u201cCONVALIDACI\u00d3N DE ESTUDIOS, POR MATERIA ITS TEZIUTL\u00c1N\u201d.<br \/>\u2022 Pago por concepto de \u201cREVALIDACI\u00d3N O EQUIVALENCIA DE ESTUDIOS ITS TEZIUTL\u00c1N\u201d.<br \/>\u2022 Pago por concepto de \u201cCREDENCIAL ITS TEZIUTLAN \u201d<\/p>\n<p>[\/et_pb_toggle][et_pb_toggle title=\u00bbPasos a seguir\u00bb open_toggle_text_color=\u00bb#000000&#8243; icon_color=\u00bb#000000&#8243; toggle_icon=\u00bb&#x3d;||divi||400&#8243; open_icon_color=\u00bb#000000&#8243; open_toggle_icon=\u00bb&#x3d;||divi||400&#8243; _builder_version=\u00bb4.27.4&#8243; _module_preset=\u00bbdefault\u00bb title_text_color=\u00bb#000000&#8243; title_font=\u00bbABeeZee|700|||||||\u00bb title_font_size=\u00bb22px\u00bb body_text_align=\u00bbcenter\u00bb body_font_size=\u00bb15px\u00bb text_orientation=\u00bbcenter\u00bb global_colors_info=\u00bb{}\u00bb]<\/p>\n<p><strong>Paso 1.<\/strong><br \/><span>El alumno presenta Certificado Completo o Parcial en la Jefatura de Divisi\u00f3n de la carrera respectiva.<\/span><\/p>\n<p><strong>Paso 2.<\/strong><br \/>La Jefatura de Divisi\u00f3n de Carrera respectiva, env\u00eda a la academia de la carrera el expediente, con objeto de que \u00e9ste formule el an\u00e1lisis acad\u00e9mico sobre las asignaturas acreditadas en la Instituci\u00f3n de origen.<\/p>\n<p><strong>Paso 3.<\/strong><br \/>La Jefatura de Divisi\u00f3n de Carrera respectiva emite el dictamen t\u00e9cnico bas\u00e1ndose en el an\u00e1lisis acad\u00e9mico realizado por la academia de la carrera, entrega uno al estudiante y otro al Departamento de Control Escolar de la Instituci\u00f3n.<\/p>\n<p><strong>Paso 4.<\/strong><br \/>El estudiante se presenta en el Departamento de Control Escolar de la Instituci\u00f3n, con los requisitos arriba enlistados para su registro.<\/p>\n<p>[\/et_pb_toggle][et_pb_toggle title=\u00bbCosto\u00bb open_toggle_text_color=\u00bb#000000&#8243; icon_color=\u00bb#000000&#8243; toggle_icon=\u00bb&#x3d;||divi||400&#8243; open_icon_color=\u00bb#000000&#8243; open_toggle_icon=\u00bb&#x3d;||divi||400&#8243; _builder_version=\u00bb4.27.4&#8243; _module_preset=\u00bbdefault\u00bb title_text_color=\u00bb#000000&#8243; title_font=\u00bbABeeZee|700|||||||\u00bb title_font_size=\u00bb22px\u00bb body_text_align=\u00bbcenter\u00bb body_font_size=\u00bb15px\u00bb text_orientation=\u00bbcenter\u00bb global_colors_info=\u00bb{}\u00bb]<\/p>\n<p><span>\u2022 Pago por concepto de \u201cCONVALIDACI\u00d3N DE ESTUDIOS, POR MATERIA ITS TEZIUTL\u00c1N\u201d.<\/span><br \/><a href=\"https:\/\/rl.puebla.gob.mx\/\" target=\"_blank\" rel=\"noopener noreferrer\" role=\"link\">https:\/\/rl.puebla.gob.mx\/<\/a><\/p>\n<p>\u2022 Pago por concepto de \u201cREVALIDACI\u00d3N O EQUIVALENCIA DE ESTUDIOS ITS TEZIUTL\u00c1N\u201d.<br \/><a href=\"https:\/\/rl.puebla.gob.mx\/\" role=\"link\">https:\/\/rl.puebla.gob.mx\/<\/a><\/p>\n<p>[\/et_pb_toggle][et_pb_toggle title=\u00bbPeriodo\u00bb open_toggle_text_color=\u00bb#000000&#8243; icon_color=\u00bb#000000&#8243; toggle_icon=\u00bb&#x3d;||divi||400&#8243; open_icon_color=\u00bb#000000&#8243; open_toggle_icon=\u00bb&#x3d;||divi||400&#8243; _builder_version=\u00bb4.27.4&#8243; _module_preset=\u00bbdefault\u00bb title_text_color=\u00bb#000000&#8243; title_font=\u00bbABeeZee|700|||||||\u00bb title_font_size=\u00bb22px\u00bb body_text_align=\u00bbcenter\u00bb body_font_size=\u00bb15px\u00bb text_orientation=\u00bbcenter\u00bb global_colors_info=\u00bb{}\u00bb]<\/p>\n<p><strong>Julio:<\/strong><br \/><span>Recepci\u00f3n de solicitudes para estudiantes que desean ingresar en Agosto.<\/span><\/p>\n<p><strong>Diciembre:<\/strong><br \/>Recepci\u00f3n de solicitudes para estudiantes que desean ingresar en Enero.<\/p>\n<p>[\/et_pb_toggle][et_pb_toggle title=\u00bbInformaci\u00f3n de inter\u00e9s\u00bb open_toggle_text_color=\u00bb#000000&#8243; icon_color=\u00bb#000000&#8243; toggle_icon=\u00bb&#x3d;||divi||400&#8243; open_icon_color=\u00bb#000000&#8243; open_toggle_icon=\u00bb&#x3d;||divi||400&#8243; _builder_version=\u00bb4.27.4&#8243; _module_preset=\u00bbdefault\u00bb title_text_color=\u00bb#000000&#8243; title_font=\u00bbABeeZee|700|||||||\u00bb title_font_size=\u00bb22px\u00bb body_text_align=\u00bbcenter\u00bb body_font_size=\u00bb15px\u00bb text_orientation=\u00bbcenter\u00bb global_colors_info=\u00bb{}\u00bb]<\/p>\n<p>Si el original del acta de nacimiento o certificado de bachillerato es en tama\u00f1o oficio, al sacar la copia fotost\u00e1tica del documento se deber\u00e1 hacer la reducci\u00f3n a tama\u00f1o carta por ambos lados.<\/p>\n<p>Una vez que el estudiante quede registrado en la Instituci\u00f3n, se le dar\u00e1n indicaciones sobre la fecha, requisitos y costo de inscripci\u00f3n.<\/p>\n<p>[\/et_pb_toggle][\/et_pb_column][\/et_pb_row][\/et_pb_section]<\/p>\n","protected":false},"excerpt":{"rendered":"<p>Equivalencia de EstudiosRealizar la resoluci\u00f3n por la cual se declaran equiparables los estudios realizados en Instituciones de Educaci\u00f3n Superior con reconocimiento oficial.A los estudiantes que realizaron estudios en Instituciones de Educaci\u00f3n Superior con reconocimiento oficial, que no pertenecen al TecNM.Instituto Tecnol\u00f3gico Superior de Teziutl\u00e1n.\u2022 \u201cDictamen T\u00e9cnico de Equivalencia de Estudios\u201d original, emitido por la Divisi\u00f3n [&hellip;]<\/p>\n","protected":false},"author":1,"featured_media":0,"parent":0,"menu_order":0,"comment_status":"closed","ping_status":"closed","template":"","meta":{"_et_pb_use_builder":"on","_et_pb_old_content":"","_et_gb_content_width":"","footnotes":""},"class_list":["post-1755","page","type-page","status-publish","hentry"],"_links":{"self":[{"href":"https:\/\/teziutlan.tecnm.mx\/index.php\/wp-json\/wp\/v2\/pages\/1755","targetHints":{"allow":["GET"]}}],"collection":[{"href":"https:\/\/teziutlan.tecnm.mx\/index.php\/wp-json\/wp\/v2\/pages"}],"about":[{"href":"https:\/\/teziutlan.tecnm.mx\/index.php\/wp-json\/wp\/v2\/types\/page"}],"author":[{"embeddable":true,"href":"https:\/\/teziutlan.tecnm.mx\/index.php\/wp-json\/wp\/v2\/users\/1"}],"replies":[{"embeddable":true,"href":"https:\/\/teziutlan.tecnm.mx\/index.php\/wp-json\/wp\/v2\/comments?post=1755"}],"version-history":[{"count":4,"href":"https:\/\/teziutlan.tecnm.mx\/index.php\/wp-json\/wp\/v2\/pages\/1755\/revisions"}],"predecessor-version":[{"id":1767,"href":"https:\/\/teziutlan.tecnm.mx\/index.php\/wp-json\/wp\/v2\/pages\/1755\/revisions\/1767"}],"wp:attachment":[{"href":"https:\/\/teziutlan.tecnm.mx\/index.php\/wp-json\/wp\/v2\/media?parent=1755"}],"curies":[{"name":"wp","href":"https:\/\/api.w.org\/{rel}","templated":true}]}}