{"id":1768,"date":"2025-05-02T22:04:50","date_gmt":"2025-05-02T22:04:50","guid":{"rendered":"http:\/\/10.10.25.1\/?page_id=1768"},"modified":"2025-05-02T22:04:50","modified_gmt":"2025-05-02T22:04:50","slug":"trm-obtencion-de-titulo-profesional","status":"publish","type":"page","link":"https:\/\/teziutlan.tecnm.mx\/index.php\/trm-obtencion-de-titulo-profesional\/","title":{"rendered":"trm obtenci\u00f3n de t\u00edtulo profesional"},"content":{"rendered":"<p>[et_pb_section fb_built=\u00bb1&#8243; theme_builder_area=\u00bbpost_content\u00bb _builder_version=\u00bb4.27.4&#8243; _module_preset=\u00bbdefault\u00bb][et_pb_row _builder_version=\u00bb4.27.4&#8243; _module_preset=\u00bbdefault\u00bb global_colors_info=\u00bb{}\u00bb theme_builder_area=\u00bbpost_content\u00bb][et_pb_column type=\u00bb4_4&#8243; _builder_version=\u00bb4.27.4&#8243; _module_preset=\u00bbdefault\u00bb global_colors_info=\u00bb{}\u00bb theme_builder_area=\u00bbpost_content\u00bb][et_pb_text _builder_version=\u00bb4.27.4&#8243; _module_preset=\u00bbdefault\u00bb theme_builder_area=\u00bbpost_content\u00bb text_font=\u00bbABeeZee|700|||||||\u00bb text_text_color=\u00bb#000000&#8243; text_font_size=\u00bb40px\u00bb text_orientation=\u00bbcenter\u00bb hover_enabled=\u00bb0&#8243; sticky_enabled=\u00bb0&#8243;]<\/p>\n<p>Obtenci\u00f3n de T\u00edtulo Profesional<\/p>\n<p>[\/et_pb_text][et_pb_toggle title=\u00bbObjetivo del Tr\u00e1mite\u00bb open_toggle_text_color=\u00bb#000000&#8243; icon_color=\u00bb#000000&#8243; toggle_icon=\u00bb&#x3d;||divi||400&#8243; open_icon_color=\u00bb#000000&#8243; open_toggle_icon=\u00bb&#x3d;||divi||400&#8243; _builder_version=\u00bb4.27.4&#8243; _module_preset=\u00bbdefault\u00bb title_text_color=\u00bb#000000&#8243; title_font=\u00bbABeeZee|700|||||||\u00bb title_font_size=\u00bb22px\u00bb body_text_align=\u00bbcenter\u00bb body_font_size=\u00bb15px\u00bb text_orientation=\u00bbcenter\u00bb hover_enabled=\u00bb0&#8243; global_colors_info=\u00bb{}\u00bb theme_builder_area=\u00bbpost_content\u00bb sticky_enabled=\u00bb0&#8243;]<\/p>\n<p><span>Normar, orientar, facilitar y agilizar las acciones para que el alumno<\/span><br \/><span>obtenga el T\u00edtulo Profesional.<\/span><\/p>\n<p>[\/et_pb_toggle][et_pb_toggle title=\u00bbNormas y Pol\u00edticas de Operaci\u00f3n\u00bb open_toggle_text_color=\u00bb#000000&#8243; icon_color=\u00bb#000000&#8243; toggle_icon=\u00bb&#x3d;||divi||400&#8243; open_icon_color=\u00bb#000000&#8243; open_toggle_icon=\u00bb&#x3d;||divi||400&#8243; _builder_version=\u00bb4.27.4&#8243; _module_preset=\u00bbdefault\u00bb title_text_color=\u00bb#000000&#8243; title_font=\u00bbABeeZee|700|||||||\u00bb title_font_size=\u00bb22px\u00bb body_text_align=\u00bbcenter\u00bb body_font_size=\u00bb15px\u00bb text_orientation=\u00bbcenter\u00bb hover_enabled=\u00bb0&#8243; global_colors_info=\u00bb{}\u00bb theme_builder_area=\u00bbpost_content\u00bb sticky_enabled=\u00bb0&#8243;]<\/p>\n<p><span>Reglamento Interior del Instituto Tecnol\u00f3gico Superior de Teziutl\u00e1n<\/span><\/p>\n<p>[\/et_pb_toggle][et_pb_toggle title=\u00bbResponsables\u00bb open_toggle_text_color=\u00bb#000000&#8243; icon_color=\u00bb#000000&#8243; toggle_icon=\u00bb&#x3d;||divi||400&#8243; open_icon_color=\u00bb#000000&#8243; open_toggle_icon=\u00bb&#x3d;||divi||400&#8243; _builder_version=\u00bb4.27.4&#8243; _module_preset=\u00bbdefault\u00bb title_text_color=\u00bb#000000&#8243; title_font=\u00bbABeeZee|700|||||||\u00bb title_font_size=\u00bb22px\u00bb body_text_align=\u00bbcenter\u00bb body_font_size=\u00bb15px\u00bb text_orientation=\u00bbcenter\u00bb hover_enabled=\u00bb0&#8243; global_colors_info=\u00bb{}\u00bb theme_builder_area=\u00bbpost_content\u00bb sticky_enabled=\u00bb0&#8243;]<\/p>\n<p><span>Subdirecci\u00f3n Acad\u00e9mica<\/span><\/p>\n<p>[\/et_pb_toggle][et_pb_toggle title=\u00bb\u00c1reas Involucradas\u00bb open_toggle_text_color=\u00bb#000000&#8243; icon_color=\u00bb#000000&#8243; toggle_icon=\u00bb&#x3d;||divi||400&#8243; open_icon_color=\u00bb#000000&#8243; open_toggle_icon=\u00bb&#x3d;||divi||400&#8243; _builder_version=\u00bb4.27.4&#8243; _module_preset=\u00bbdefault\u00bb title_text_color=\u00bb#000000&#8243; title_font=\u00bbABeeZee|700|||||||\u00bb title_font_size=\u00bb22px\u00bb body_text_align=\u00bbcenter\u00bb body_font_size=\u00bb15px\u00bb text_orientation=\u00bbcenter\u00bb hover_enabled=\u00bb0&#8243; global_colors_info=\u00bb{}\u00bb theme_builder_area=\u00bbpost_content\u00bb sticky_enabled=\u00bb0&#8243;]<\/p>\n<p><span>Subdirecci\u00f3n Acad\u00e9mica, Jefaturas de Divisi\u00f3n, Asesores y Alumnos,<\/span><br \/><span>y Departamento de Control Escolar.<\/span><\/p>\n<p>[\/et_pb_toggle][et_pb_toggle title=\u00bbDocumento a Obtener\u00bb open_toggle_text_color=\u00bb#000000&#8243; icon_color=\u00bb#000000&#8243; toggle_icon=\u00bb&#x3d;||divi||400&#8243; open_icon_color=\u00bb#000000&#8243; open_toggle_icon=\u00bb&#x3d;||divi||400&#8243; _builder_version=\u00bb4.27.4&#8243; _module_preset=\u00bbdefault\u00bb title_text_color=\u00bb#000000&#8243; title_font=\u00bbABeeZee|700|||||||\u00bb title_font_size=\u00bb22px\u00bb body_text_align=\u00bbcenter\u00bb body_font_size=\u00bb15px\u00bb text_orientation=\u00bbcenter\u00bb hover_enabled=\u00bb0&#8243; global_colors_info=\u00bb{}\u00bb theme_builder_area=\u00bbpost_content\u00bb sticky_enabled=\u00bb0&#8243;]<\/p>\n<p><span>T\u00edtulo Profesional<\/span><\/p>\n<p>[\/et_pb_toggle][et_pb_toggle title=\u00bbCosto\u00bb open_toggle_text_color=\u00bb#000000&#8243; icon_color=\u00bb#000000&#8243; toggle_icon=\u00bb&#x3d;||divi||400&#8243; open_icon_color=\u00bb#000000&#8243; open_toggle_icon=\u00bb&#x3d;||divi||400&#8243; _builder_version=\u00bb4.27.4&#8243; _module_preset=\u00bbdefault\u00bb title_text_color=\u00bb#000000&#8243; title_font=\u00bbABeeZee|700|||||||\u00bb title_font_size=\u00bb22px\u00bb body_text_align=\u00bbcenter\u00bb body_font_size=\u00bb15px\u00bb text_orientation=\u00bbcenter\u00bb hover_enabled=\u00bb0&#8243; global_colors_info=\u00bb{}\u00bb theme_builder_area=\u00bbpost_content\u00bb sticky_enabled=\u00bb0&#8243;]<\/p>\n<p><span>$500.\u00b0\u00b0 (Quinientos pesos MXN.)<\/span><\/p>\n<p>[\/et_pb_toggle][et_pb_toggle title=\u00bbTiempo Promedio de respuesta\u00bb open_toggle_text_color=\u00bb#000000&#8243; icon_color=\u00bb#000000&#8243; toggle_icon=\u00bb&#x3d;||divi||400&#8243; open_icon_color=\u00bb#000000&#8243; open_toggle_icon=\u00bb&#x3d;||divi||400&#8243; _builder_version=\u00bb4.27.4&#8243; _module_preset=\u00bbdefault\u00bb title_text_color=\u00bb#000000&#8243; title_font=\u00bbABeeZee|700|||||||\u00bb title_font_size=\u00bb22px\u00bb body_text_align=\u00bbcenter\u00bb body_font_size=\u00bb15px\u00bb text_orientation=\u00bbcenter\u00bb global_colors_info=\u00bb{}\u00bb theme_builder_area=\u00bbpost_content\u00bb]<\/p>\n<p>6 meses<\/p>\n<p>[\/et_pb_toggle][et_pb_toggle title=\u00bbPasos a seguir\u00bb open_toggle_text_color=\u00bb#000000&#8243; icon_color=\u00bb#000000&#8243; toggle_icon=\u00bb&#x3d;||divi||400&#8243; open_icon_color=\u00bb#000000&#8243; open_toggle_icon=\u00bb&#x3d;||divi||400&#8243; _builder_version=\u00bb4.27.4&#8243; _module_preset=\u00bbdefault\u00bb title_text_color=\u00bb#000000&#8243; title_font=\u00bbABeeZee|700|||||||\u00bb title_font_size=\u00bb22px\u00bb body_text_align=\u00bbcenter\u00bb body_font_size=\u00bb15px\u00bb text_orientation=\u00bbcenter\u00bb hover_enabled=\u00bb0&#8243; global_colors_info=\u00bb{}\u00bb theme_builder_area=\u00bbpost_content\u00bb sticky_enabled=\u00bb0&#8243;]<\/p>\n<p><strong>Paso 1:<\/strong><span>\u00a0El alumno solicita opci\u00f3n de titulaci\u00f3n<\/span><\/p>\n<p><strong>Paso 2:<\/strong><span>\u00a0<\/span>Subdirecci\u00f3n acad\u00e9mica llena solicitud mediante el formato y abre<br \/>expediente.<\/p>\n<p><strong>Paso 3:\u00a0<\/strong>Departamento de Servicios Escolares verifica que de ser Si exenci\u00f3n de Examen Recibe oficio e integra Documentaci\u00f3n<\/p>\n<p><strong>Paso 4:\u00a0\u00a0<\/strong>Divisi\u00f3n de Carrera, de no ser Exenci\u00f3n de Examen recibe solicitud de aprobaci\u00f3n de opci\u00f3n, asigna asesor (a) y comisi\u00f3n.<\/p>\n<p><strong>Paso 5:<span>\u00a0<\/span><\/strong>Subdirecci\u00f3n Acad\u00e9mica Informa asesor, Comisi\u00f3n revisora e informa.<\/p>\n<p><strong>Paso 6:\u00a0<\/strong>Alumno (a) Desarrolla el trabajo, recibir asesor\u00eda y entregar ejemplares para revisi\u00f3n.<\/p>\n<p><strong>Paso 7:\u00a0\u00a0<\/strong>Asesor (a) Revisa y realiza informe con voto aprobatorio<\/p>\n<p><strong>Paso 8:\u00a0\u00a0<\/strong>Subdirecci\u00f3n Acad\u00e9mica Autoriza grabaci\u00f3n.<\/p>\n<p><strong>Paso 9:\u00a0<\/strong>Alumno (a)\u00a0 Entrega 5 cd\u2019s de su trabajo profesional.<\/p>\n<p><strong>Paso 10:\u00a0<span>\u00a0<\/span><\/strong>Departamento de Control Escolar Libera expediente del alumnado.<\/p>\n<p><strong>Paso 11:\u00a0<\/strong>Alumno (a) Solicita Acto de Recepci\u00f3n Profesional<\/p>\n<p><strong>Paso 12:\u00a0<\/strong>Subdirecci\u00f3n Acad\u00e9mica Emite oficio de Acto de Recepci\u00f3n Profesional<\/p>\n<p><strong>Paso 13:\u00a0<\/strong>Alumno (a) Presenta Acto de Recepci\u00f3n Profesional.<\/p>\n<p><strong>Paso 14:<span>\u00a0<\/span><\/strong>Alumno (a) Si no aprob\u00f3, solicita nueva fecha para presentar Acto de Recepci\u00f3n Profesional<\/p>\n<p><strong>Paso 15:\u00a0<\/strong>Departamento de control escolar Si aprob\u00f3 realiza tr\u00e1mites para T\u00edtulo y C\u00e9dula Profesional<\/p>\n<p><strong>Paso 16:<span>\u00a0<\/span><\/strong>Alumno. \u00a0Recibe T\u00edtulo, C\u00e9dula Profesional<\/p>\n<p><strong>Paso 17:\u00a0<\/strong>Subdirecci\u00f3n Ac\u00e1demica Cierra expediente y archiva copia del acta<\/p>\n<p><strong>FINAL DEL PROCEDIMIENTO<\/strong><\/p>\n<p>[\/et_pb_toggle][\/et_pb_column][\/et_pb_row][\/et_pb_section]<\/p>\n","protected":false},"excerpt":{"rendered":"<p>Obtenci\u00f3n de T\u00edtulo ProfesionalNormar, orientar, facilitar y agilizar las acciones para que el alumnoobtenga el T\u00edtulo Profesional.Reglamento Interior del Instituto Tecnol\u00f3gico Superior de Teziutl\u00e1nSubdirecci\u00f3n Acad\u00e9micaSubdirecci\u00f3n Acad\u00e9mica, Jefaturas de Divisi\u00f3n, Asesores y Alumnos,y Departamento de Control Escolar.T\u00edtulo Profesional$500.\u00b0\u00b0 (Quinientos pesos MXN.)6 mesesPaso 1:\u00a0El alumno solicita opci\u00f3n de titulaci\u00f3n Paso 2:\u00a0Subdirecci\u00f3n acad\u00e9mica llena solicitud mediante el formato [&hellip;]<\/p>\n","protected":false},"author":1,"featured_media":0,"parent":0,"menu_order":0,"comment_status":"closed","ping_status":"closed","template":"","meta":{"_et_pb_use_builder":"on","_et_pb_old_content":"","_et_gb_content_width":"","footnotes":""},"class_list":["post-1768","page","type-page","status-publish","hentry"],"_links":{"self":[{"href":"https:\/\/teziutlan.tecnm.mx\/index.php\/wp-json\/wp\/v2\/pages\/1768","targetHints":{"allow":["GET"]}}],"collection":[{"href":"https:\/\/teziutlan.tecnm.mx\/index.php\/wp-json\/wp\/v2\/pages"}],"about":[{"href":"https:\/\/teziutlan.tecnm.mx\/index.php\/wp-json\/wp\/v2\/types\/page"}],"author":[{"embeddable":true,"href":"https:\/\/teziutlan.tecnm.mx\/index.php\/wp-json\/wp\/v2\/users\/1"}],"replies":[{"embeddable":true,"href":"https:\/\/teziutlan.tecnm.mx\/index.php\/wp-json\/wp\/v2\/comments?post=1768"}],"version-history":[{"count":3,"href":"https:\/\/teziutlan.tecnm.mx\/index.php\/wp-json\/wp\/v2\/pages\/1768\/revisions"}],"predecessor-version":[{"id":1772,"href":"https:\/\/teziutlan.tecnm.mx\/index.php\/wp-json\/wp\/v2\/pages\/1768\/revisions\/1772"}],"wp:attachment":[{"href":"https:\/\/teziutlan.tecnm.mx\/index.php\/wp-json\/wp\/v2\/media?parent=1768"}],"curies":[{"name":"wp","href":"https:\/\/api.w.org\/{rel}","templated":true}]}}