{"id":1773,"date":"2025-05-02T22:11:51","date_gmt":"2025-05-02T22:11:51","guid":{"rendered":"http:\/\/10.10.25.1\/?page_id=1773"},"modified":"2025-05-02T22:11:51","modified_gmt":"2025-05-02T22:11:51","slug":"trm-prestamo-de-material-bibliografico","status":"publish","type":"page","link":"https:\/\/teziutlan.tecnm.mx\/index.php\/trm-prestamo-de-material-bibliografico\/","title":{"rendered":"trm pr\u00e9stamo de material bibliogr\u00e1fico"},"content":{"rendered":"<p>[et_pb_section fb_built=\u00bb1&#8243; theme_builder_area=\u00bbpost_content\u00bb _builder_version=\u00bb4.27.4&#8243; _module_preset=\u00bbdefault\u00bb][et_pb_row _builder_version=\u00bb4.27.4&#8243; _module_preset=\u00bbdefault\u00bb global_colors_info=\u00bb{}\u00bb theme_builder_area=\u00bbpost_content\u00bb][et_pb_column type=\u00bb4_4&#8243; _builder_version=\u00bb4.27.4&#8243; _module_preset=\u00bbdefault\u00bb global_colors_info=\u00bb{}\u00bb theme_builder_area=\u00bbpost_content\u00bb][et_pb_text _builder_version=\u00bb4.27.4&#8243; _module_preset=\u00bbdefault\u00bb theme_builder_area=\u00bbpost_content\u00bb text_font=\u00bbABeeZee|700|||||||\u00bb text_text_color=\u00bb#000000&#8243; text_font_size=\u00bb40px\u00bb text_orientation=\u00bbcenter\u00bb hover_enabled=\u00bb0&#8243; sticky_enabled=\u00bb0&#8243;]<\/p>\n<p>Pr\u00e9stamo de Material Bibliogr\u00e1fico<\/p>\n<p>[\/et_pb_text][et_pb_toggle title=\u00bbObjetivo del Tr\u00e1mite\u00bb open_toggle_text_color=\u00bb#000000&#8243; icon_color=\u00bb#000000&#8243; toggle_icon=\u00bb&#x3d;||divi||400&#8243; open_icon_color=\u00bb#000000&#8243; open_toggle_icon=\u00bb&#x3d;||divi||400&#8243; _builder_version=\u00bb4.27.4&#8243; _module_preset=\u00bbdefault\u00bb title_text_color=\u00bb#000000&#8243; title_font=\u00bbABeeZee|700|||||||\u00bb title_font_size=\u00bb22px\u00bb body_text_align=\u00bbcenter\u00bb body_font_size=\u00bb15px\u00bb text_orientation=\u00bbcenter\u00bb hover_enabled=\u00bb0&#8243; global_colors_info=\u00bb{}\u00bb theme_builder_area=\u00bbpost_content\u00bb sticky_enabled=\u00bb0&#8243;]<\/p>\n<p><span>Establecer el procedimiento de pr\u00e9stamo de Material Bibliogr\u00e1fico, aprovechando la tecnolog\u00eda y automatizando los servicios, con la finalidad de proporcionar a los usuarios los materiales bibliogr\u00e1ficos necesarios en sus necesidades de informaci\u00f3n e investigaci\u00f3n.<\/span><\/p>\n<p>[\/et_pb_toggle][et_pb_toggle title=\u00bbNormas y Pol\u00edticas de Operaci\u00f3n\u00bb open_toggle_text_color=\u00bb#000000&#8243; icon_color=\u00bb#000000&#8243; toggle_icon=\u00bb&#x3d;||divi||400&#8243; open_icon_color=\u00bb#000000&#8243; open_toggle_icon=\u00bb&#x3d;||divi||400&#8243; _builder_version=\u00bb4.27.4&#8243; _module_preset=\u00bbdefault\u00bb title_text_color=\u00bb#000000&#8243; title_font=\u00bbABeeZee|700|||||||\u00bb title_font_size=\u00bb22px\u00bb body_text_align=\u00bbcenter\u00bb body_font_size=\u00bb15px\u00bb text_orientation=\u00bbcenter\u00bb global_colors_info=\u00bb{}\u00bb theme_builder_area=\u00bbpost_content\u00bb]<\/p>\n<p><span>Reglamento Interior del Instituto Tecnol\u00f3gico Superior de Teziutl\u00e1n<\/span><\/p>\n<p>[\/et_pb_toggle][et_pb_toggle title=\u00bbResponsables\u00bb open_toggle_text_color=\u00bb#000000&#8243; icon_color=\u00bb#000000&#8243; toggle_icon=\u00bb&#x3d;||divi||400&#8243; open_icon_color=\u00bb#000000&#8243; open_toggle_icon=\u00bb&#x3d;||divi||400&#8243; _builder_version=\u00bb4.27.4&#8243; _module_preset=\u00bbdefault\u00bb title_text_color=\u00bb#000000&#8243; title_font=\u00bbABeeZee|700|||||||\u00bb title_font_size=\u00bb22px\u00bb body_text_align=\u00bbcenter\u00bb body_font_size=\u00bb15px\u00bb text_orientation=\u00bbcenter\u00bb hover_enabled=\u00bb0&#8243; global_colors_info=\u00bb{}\u00bb theme_builder_area=\u00bbpost_content\u00bb sticky_enabled=\u00bb0&#8243;]<\/p>\n<p><span>Subdirecci\u00f3n de Planeaci\u00f3n<\/span><\/p>\n<p>[\/et_pb_toggle][et_pb_toggle title=\u00bb\u00c1reas Involucradas\u00bb open_toggle_text_color=\u00bb#000000&#8243; icon_color=\u00bb#000000&#8243; toggle_icon=\u00bb&#x3d;||divi||400&#8243; open_icon_color=\u00bb#000000&#8243; open_toggle_icon=\u00bb&#x3d;||divi||400&#8243; _builder_version=\u00bb4.27.4&#8243; _module_preset=\u00bbdefault\u00bb title_text_color=\u00bb#000000&#8243; title_font=\u00bbABeeZee|700|||||||\u00bb title_font_size=\u00bb22px\u00bb body_text_align=\u00bbcenter\u00bb body_font_size=\u00bb15px\u00bb text_orientation=\u00bbcenter\u00bb hover_enabled=\u00bb0&#8243; global_colors_info=\u00bb{}\u00bb theme_builder_area=\u00bbpost_content\u00bb sticky_enabled=\u00bb0&#8243;]<\/p>\n<p><span>Usuario, Subdirecci\u00f3n de Planeaci\u00f3n \/ Centro de Informaci\u00f3n<\/span><\/p>\n<p>[\/et_pb_toggle][et_pb_toggle title=\u00bbTiempo Promedio de respuesta\u00bb open_toggle_text_color=\u00bb#000000&#8243; icon_color=\u00bb#000000&#8243; toggle_icon=\u00bb&#x3d;||divi||400&#8243; open_icon_color=\u00bb#000000&#8243; open_toggle_icon=\u00bb&#x3d;||divi||400&#8243; _builder_version=\u00bb4.27.4&#8243; _module_preset=\u00bbdefault\u00bb title_text_color=\u00bb#000000&#8243; title_font=\u00bbABeeZee|700|||||||\u00bb title_font_size=\u00bb22px\u00bb body_text_align=\u00bbcenter\u00bb body_font_size=\u00bb15px\u00bb text_orientation=\u00bbcenter\u00bb hover_enabled=\u00bb0&#8243; global_colors_info=\u00bb{}\u00bb theme_builder_area=\u00bbpost_content\u00bb sticky_enabled=\u00bb0&#8243;]<\/p>\n<p>1 minuto<\/p>\n<p>[\/et_pb_toggle][et_pb_toggle title=\u00bbPasos a seguir\u00bb open_toggle_text_color=\u00bb#000000&#8243; icon_color=\u00bb#000000&#8243; toggle_icon=\u00bb&#x3d;||divi||400&#8243; open_icon_color=\u00bb#000000&#8243; open_toggle_icon=\u00bb&#x3d;||divi||400&#8243; _builder_version=\u00bb4.27.4&#8243; _module_preset=\u00bbdefault\u00bb title_text_color=\u00bb#000000&#8243; title_font=\u00bbABeeZee|700|||||||\u00bb title_font_size=\u00bb22px\u00bb body_text_align=\u00bbcenter\u00bb body_font_size=\u00bb15px\u00bb text_orientation=\u00bbcenter\u00bb hover_enabled=\u00bb0&#8243; global_colors_info=\u00bb{}\u00bb theme_builder_area=\u00bbpost_content\u00bb sticky_enabled=\u00bb0&#8243;]<\/p>\n<p><strong>Paso 1:\u00a0 Usuario<\/strong><\/p>\n<p>Localiza material apoyado en el sistema \u201cSIABUC8\u201d, ingresa a tomarlo y lo solicita.<\/p>\n<p><strong>Paso 2: Subdirecci\u00f3n de Planeaci\u00f3n \/ Centro de Informaci\u00f3n\u00a0<\/strong><\/p>\n<p>Pregunta al usuario, por el tipo de servicio, \u00bfexterno?<\/p>\n<p><strong>Paso 3: Subdirecci\u00f3n de Planeaci\u00f3n \/ Centro de Informaci\u00f3n\u00a0<\/strong><\/p>\n<p>Si el pr\u00e9stamo es interno, lee el c\u00f3digo de barras del material, lee el c\u00f3digo de barras de la credencial del usuario y la devuelve, desmagnetiza el libro y lo entrega.<\/p>\n<p><strong>Paso 4: Usuario<\/strong><\/p>\n<p>Recibe el material bibliogr\u00e1fico.<\/p>\n<p><strong>Paso 5: Usuario<\/strong><\/p>\n<p>Se lleva el material seg\u00fan lo haya solicitado.<\/p>\n<p><strong>Paso 6: Usuario<\/strong><\/p>\n<p>Devuelve o renueva el material en la ventanilla \u201cDevoluci\u00f3n y renovaci\u00f3n de libros\u201d.<\/p>\n<p><strong>Paso 7: Subdirecci\u00f3n de Planeaci\u00f3n \/ Centro de Informaci\u00f3n \u00a0<\/strong><\/p>\n<p>Da de baja del sistema SIABUC, el material, magnetiza el libro y finaliza el proceso.<\/p>\n<p><strong>Paso 8: Subdirecci\u00f3n de Planeaci\u00f3n \/ Centro de Informaci\u00f3n<\/strong><\/p>\n<p>Si el pr\u00e9stamo es externo, lee el c\u00f3digo de barras de la credencial del usuario y la devuelve, lee el c\u00f3digo de barras del libro, lo desmagnetiza, sella el formato y lo entrega.<\/p>\n<p><strong>Paso 9: Usuario<\/strong><\/p>\n<p>Recibe el material bibliogr\u00e1fico.<\/p>\n<p><strong>Paso 10: Usuario<\/strong><\/p>\n<p>Usa el material y posteriormente lo devuelve en la ventanilla \u201cDevoluci\u00f3n y renovaci\u00f3n de libros\u201d. Seg\u00fan fecha del formato F-BIB-06.<\/p>\n<p><strong>Paso 11: Subdirecci\u00f3n de Planeaci\u00f3n \/ Centro de Informaci\u00f3n<\/strong><\/p>\n<p>Da de baja del sistema SIABUC, el material, magnetiza el libro y finaliza el proceso.<\/p>\n<p>[\/et_pb_toggle][\/et_pb_column][\/et_pb_row][\/et_pb_section]<\/p>\n","protected":false},"excerpt":{"rendered":"<p>Pr\u00e9stamo de Material Bibliogr\u00e1ficoEstablecer el procedimiento de pr\u00e9stamo de Material Bibliogr\u00e1fico, aprovechando la tecnolog\u00eda y automatizando los servicios, con la finalidad de proporcionar a los usuarios los materiales bibliogr\u00e1ficos necesarios en sus necesidades de informaci\u00f3n e investigaci\u00f3n.Reglamento Interior del Instituto Tecnol\u00f3gico Superior de Teziutl\u00e1nSubdirecci\u00f3n de Planeaci\u00f3nUsuario, Subdirecci\u00f3n de Planeaci\u00f3n \/ Centro de Informaci\u00f3n1 minutoPaso 1:\u00a0 [&hellip;]<\/p>\n","protected":false},"author":1,"featured_media":0,"parent":0,"menu_order":0,"comment_status":"closed","ping_status":"closed","template":"","meta":{"_et_pb_use_builder":"on","_et_pb_old_content":"","_et_gb_content_width":"","footnotes":""},"class_list":["post-1773","page","type-page","status-publish","hentry"],"_links":{"self":[{"href":"https:\/\/teziutlan.tecnm.mx\/index.php\/wp-json\/wp\/v2\/pages\/1773","targetHints":{"allow":["GET"]}}],"collection":[{"href":"https:\/\/teziutlan.tecnm.mx\/index.php\/wp-json\/wp\/v2\/pages"}],"about":[{"href":"https:\/\/teziutlan.tecnm.mx\/index.php\/wp-json\/wp\/v2\/types\/page"}],"author":[{"embeddable":true,"href":"https:\/\/teziutlan.tecnm.mx\/index.php\/wp-json\/wp\/v2\/users\/1"}],"replies":[{"embeddable":true,"href":"https:\/\/teziutlan.tecnm.mx\/index.php\/wp-json\/wp\/v2\/comments?post=1773"}],"version-history":[{"count":3,"href":"https:\/\/teziutlan.tecnm.mx\/index.php\/wp-json\/wp\/v2\/pages\/1773\/revisions"}],"predecessor-version":[{"id":1778,"href":"https:\/\/teziutlan.tecnm.mx\/index.php\/wp-json\/wp\/v2\/pages\/1773\/revisions\/1778"}],"wp:attachment":[{"href":"https:\/\/teziutlan.tecnm.mx\/index.php\/wp-json\/wp\/v2\/media?parent=1773"}],"curies":[{"name":"wp","href":"https:\/\/api.w.org\/{rel}","templated":true}]}}