{"id":1779,"date":"2025-05-02T22:15:32","date_gmt":"2025-05-02T22:15:32","guid":{"rendered":"http:\/\/10.10.25.1\/?page_id=1779"},"modified":"2025-05-02T22:15:33","modified_gmt":"2025-05-02T22:15:33","slug":"trm-programa-semestral-de-resi-prof","status":"publish","type":"page","link":"https:\/\/teziutlan.tecnm.mx\/index.php\/trm-programa-semestral-de-resi-prof\/","title":{"rendered":"trm programa semestral de resi prof"},"content":{"rendered":"<p>[et_pb_section fb_built=\u00bb1&#8243; theme_builder_area=\u00bbpost_content\u00bb _builder_version=\u00bb4.27.4&#8243; _module_preset=\u00bbdefault\u00bb][et_pb_row _builder_version=\u00bb4.27.4&#8243; _module_preset=\u00bbdefault\u00bb global_colors_info=\u00bb{}\u00bb theme_builder_area=\u00bbpost_content\u00bb][et_pb_column type=\u00bb4_4&#8243; _builder_version=\u00bb4.27.4&#8243; _module_preset=\u00bbdefault\u00bb global_colors_info=\u00bb{}\u00bb theme_builder_area=\u00bbpost_content\u00bb][et_pb_text _builder_version=\u00bb4.27.4&#8243; _module_preset=\u00bbdefault\u00bb theme_builder_area=\u00bbpost_content\u00bb text_font=\u00bbABeeZee|700|||||||\u00bb text_text_color=\u00bb#000000&#8243; text_font_size=\u00bb40px\u00bb text_orientation=\u00bbcenter\u00bb hover_enabled=\u00bb0&#8243; sticky_enabled=\u00bb0&#8243;]<\/p>\n<p>Programa Semestral de Residencia Profesional<\/p>\n<p>[\/et_pb_text][et_pb_toggle title=\u00bbObjetivo del Tr\u00e1mite\u00bb open_toggle_text_color=\u00bb#000000&#8243; icon_color=\u00bb#000000&#8243; toggle_icon=\u00bb&#x3d;||divi||400&#8243; open_icon_color=\u00bb#000000&#8243; open_toggle_icon=\u00bb&#x3d;||divi||400&#8243; _builder_version=\u00bb4.27.4&#8243; _module_preset=\u00bbdefault\u00bb title_text_color=\u00bb#000000&#8243; title_font=\u00bbABeeZee|700|||||||\u00bb title_font_size=\u00bb22px\u00bb body_text_align=\u00bbcenter\u00bb body_font_size=\u00bb15px\u00bb text_orientation=\u00bbcenter\u00bb hover_enabled=\u00bb0&#8243; global_colors_info=\u00bb{}\u00bb theme_builder_area=\u00bbpost_content\u00bb sticky_enabled=\u00bb0&#8243;]<\/p>\n<p><span>Establecer las normas, lineamientos y mecanismos que ser\u00e1n aplicados en el Programa Semestral De Residencias Profesionales en el ITST, permitiendo sistematizar las actividades y optimizar los recursos destinados a cada etapa del proceso, con la finalidad de que el car\u00e1cter curricular de la residencia profesional se constituya en una estrategia did\u00e1ctica, y fortalezca la vinculaci\u00f3n entre la educaci\u00f3n superior y los sectores productivos de bienes y servicios.<\/span><\/p>\n<p>[\/et_pb_toggle][et_pb_toggle title=\u00bbNormas y Pol\u00edticas de Operaci\u00f3n\u00bb open_toggle_text_color=\u00bb#000000&#8243; icon_color=\u00bb#000000&#8243; toggle_icon=\u00bb&#x3d;||divi||400&#8243; open_icon_color=\u00bb#000000&#8243; open_toggle_icon=\u00bb&#x3d;||divi||400&#8243; _builder_version=\u00bb4.27.4&#8243; _module_preset=\u00bbdefault\u00bb title_text_color=\u00bb#000000&#8243; title_font=\u00bbABeeZee|700|||||||\u00bb title_font_size=\u00bb22px\u00bb body_text_align=\u00bbcenter\u00bb body_font_size=\u00bb15px\u00bb text_orientation=\u00bbcenter\u00bb global_colors_info=\u00bb{}\u00bb theme_builder_area=\u00bbpost_content\u00bb]<\/p>\n<p><span>Reglamento Interior del Instituto Tecnol\u00f3gico Superior de Teziutl\u00e1n<\/span><\/p>\n<p>[\/et_pb_toggle][et_pb_toggle title=\u00bbResponsables\u00bb open_toggle_text_color=\u00bb#000000&#8243; icon_color=\u00bb#000000&#8243; toggle_icon=\u00bb&#x3d;||divi||400&#8243; open_icon_color=\u00bb#000000&#8243; open_toggle_icon=\u00bb&#x3d;||divi||400&#8243; _builder_version=\u00bb4.27.4&#8243; _module_preset=\u00bbdefault\u00bb title_text_color=\u00bb#000000&#8243; title_font=\u00bbABeeZee|700|||||||\u00bb title_font_size=\u00bb22px\u00bb body_text_align=\u00bbcenter\u00bb body_font_size=\u00bb15px\u00bb text_orientation=\u00bbcenter\u00bb hover_enabled=\u00bb0&#8243; global_colors_info=\u00bb{}\u00bb theme_builder_area=\u00bbpost_content\u00bb sticky_enabled=\u00bb0&#8243;]<\/p>\n<p><span>Departamento de Residencias Profesionales y Servicios Social<\/span><\/p>\n<p>[\/et_pb_toggle][et_pb_toggle title=\u00bb\u00c1reas Involucradas\u00bb open_toggle_text_color=\u00bb#000000&#8243; icon_color=\u00bb#000000&#8243; toggle_icon=\u00bb&#x3d;||divi||400&#8243; open_icon_color=\u00bb#000000&#8243; open_toggle_icon=\u00bb&#x3d;||divi||400&#8243; _builder_version=\u00bb4.27.4&#8243; _module_preset=\u00bbdefault\u00bb title_text_color=\u00bb#000000&#8243; title_font=\u00bbABeeZee|700|||||||\u00bb title_font_size=\u00bb22px\u00bb body_text_align=\u00bbcenter\u00bb body_font_size=\u00bb15px\u00bb text_orientation=\u00bbcenter\u00bb hover_enabled=\u00bb0&#8243; global_colors_info=\u00bb{}\u00bb theme_builder_area=\u00bbpost_content\u00bb sticky_enabled=\u00bb0&#8243;]<\/p>\n<p><span>Departamento de Residencias Profesionales y Servicio Social, Divisi\u00f3n de Carrera, Departamento de Control Escolar, Alumnos, y Academia.<\/span><\/p>\n<p>[\/et_pb_toggle][et_pb_toggle title=\u00bbTiempo Promedio de respuesta\u00bb open_toggle_text_color=\u00bb#000000&#8243; icon_color=\u00bb#000000&#8243; toggle_icon=\u00bb&#x3d;||divi||400&#8243; open_icon_color=\u00bb#000000&#8243; open_toggle_icon=\u00bb&#x3d;||divi||400&#8243; _builder_version=\u00bb4.27.4&#8243; _module_preset=\u00bbdefault\u00bb title_text_color=\u00bb#000000&#8243; title_font=\u00bbABeeZee|700|||||||\u00bb title_font_size=\u00bb22px\u00bb body_text_align=\u00bbcenter\u00bb body_font_size=\u00bb15px\u00bb text_orientation=\u00bbcenter\u00bb global_colors_info=\u00bb{}\u00bb theme_builder_area=\u00bbpost_content\u00bb]<\/p>\n<p>6 meses<\/p>\n<p>[\/et_pb_toggle][et_pb_toggle title=\u00bbPasos a seguir\u00bb open_toggle_text_color=\u00bb#000000&#8243; icon_color=\u00bb#000000&#8243; toggle_icon=\u00bb&#x3d;||divi||400&#8243; open_icon_color=\u00bb#000000&#8243; open_toggle_icon=\u00bb&#x3d;||divi||400&#8243; _builder_version=\u00bb4.27.4&#8243; _module_preset=\u00bbdefault\u00bb title_text_color=\u00bb#000000&#8243; title_font=\u00bbABeeZee|700|||||||\u00bb title_font_size=\u00bb22px\u00bb body_text_align=\u00bbcenter\u00bb body_font_size=\u00bb15px\u00bb text_orientation=\u00bbcenter\u00bb hover_enabled=\u00bb0&#8243; global_colors_info=\u00bb{}\u00bb theme_builder_area=\u00bbpost_content\u00bb sticky_enabled=\u00bb0&#8243;]<\/p>\n<p><strong>Paso 1: Departamento de Residencias Profesionales y Servicio Social<\/strong><\/p>\n<p>P\u00fablica convocatoria, imparte cursos de inducci\u00f3n, distribuye formatos e instructivos, y cartas de presentaci\u00f3n para las empresas<\/p>\n<p><strong>Paso 2: Departamento de Control Escolar<\/strong><\/p>\n<p>Emite kardex para acreditar situaci\u00f3n acad\u00e9mica y listado de candidatos a Residencia Profesional<\/p>\n<p><strong>Paso 3: Departamento de Residencias Profesionales y Servicio Social<\/strong><\/p>\n<p>Emite Carta de Presentaci\u00f3n a Residente<\/p>\n<p><strong>Paso 4: Alumno \u2013 Residentes<\/strong><\/p>\n<p>Elabora anteproyecto de Residencia Profesional<\/p>\n<p><strong>Paso 5: Divisi\u00f3n de Carrera<\/strong><\/p>\n<p>Recibe anteproyectos y emite listado con anteproyectos de Residencia Profesional para Academias<\/p>\n<p><strong>Paso 6: Divisi\u00f3n de Carrera<\/strong><\/p>\n<p>Convoca reuniones de academias para valorar anteproyectos y proponer asesores internos. Acepta propuestas y publica lista de Residentes para reinscripci\u00f3n semestral<\/p>\n<p><strong>Paso 7: Academia<\/strong><\/p>\n<p>Valora Anteproyectos y Propone Asesores (as)<\/p>\n<p><strong>Paso 8: Alumnos \u2013 Residentes<\/strong><\/p>\n<p>Inscribe y da de alta su residencia.<\/p>\n<p><strong>Paso 9: Alumnos \u2013 Residentes<\/strong><\/p>\n<p>Da inicio a los trabajos de la Residencia Profesional en la organizaci\u00f3n receptora<\/p>\n<p><strong>Paso 10: Academia<\/strong><\/p>\n<p>Establece cronograma de entrevistas y revisi\u00f3n de avance, propone cambios y reporta a la Divisi\u00f3n de Carrera<\/p>\n<p><strong>Paso 11: Divisi\u00f3n de Carrera<\/strong><\/p>\n<p>Da seguimiento y emite listado con bajas o cambios de Residencia Profesional en base a los reportes de los asesores(as) internos<\/p>\n<p><strong>Paso 12: Academia<\/strong><\/p>\n<p>En base al avance de Informe Final emite evaluaci\u00f3n del Residente(a) y Carta de Terminaci\u00f3n a la Divisi\u00f3n de Carrera.<\/p>\n<p><strong>Paso 13: Divisi\u00f3n de Carrera<\/strong><\/p>\n<p>Emite oficio para expediente del alumno donde valida Calificaci\u00f3n y Carta de Liberaci\u00f3n.<\/p>\n<p><strong>Paso 14: Departamento de Control Escolar<\/strong><\/p>\n<p>Asienta calificaci\u00f3n de la Residencia Profesional<\/p>\n<p><strong>Paso 15: Departamento de Residencias Profesionales y Servicio Social<\/strong><\/p>\n<p>Emite Oficio de Agradecimiento a la Empresa y cierra expediente.<\/p>\n<p><strong>FINAL DEL PROCEDIMIENTO<\/strong><\/p>\n<p>[\/et_pb_toggle][\/et_pb_column][\/et_pb_row][\/et_pb_section]<\/p>\n","protected":false},"excerpt":{"rendered":"<p>Programa Semestral de Residencia ProfesionalEstablecer las normas, lineamientos y mecanismos que ser\u00e1n aplicados en el Programa Semestral De Residencias Profesionales en el ITST, permitiendo sistematizar las actividades y optimizar los recursos destinados a cada etapa del proceso, con la finalidad de que el car\u00e1cter curricular de la residencia profesional se constituya en una estrategia did\u00e1ctica, [&hellip;]<\/p>\n","protected":false},"author":1,"featured_media":0,"parent":0,"menu_order":0,"comment_status":"closed","ping_status":"closed","template":"","meta":{"_et_pb_use_builder":"on","_et_pb_old_content":"","_et_gb_content_width":"","footnotes":""},"class_list":["post-1779","page","type-page","status-publish","hentry"],"_links":{"self":[{"href":"https:\/\/teziutlan.tecnm.mx\/index.php\/wp-json\/wp\/v2\/pages\/1779","targetHints":{"allow":["GET"]}}],"collection":[{"href":"https:\/\/teziutlan.tecnm.mx\/index.php\/wp-json\/wp\/v2\/pages"}],"about":[{"href":"https:\/\/teziutlan.tecnm.mx\/index.php\/wp-json\/wp\/v2\/types\/page"}],"author":[{"embeddable":true,"href":"https:\/\/teziutlan.tecnm.mx\/index.php\/wp-json\/wp\/v2\/users\/1"}],"replies":[{"embeddable":true,"href":"https:\/\/teziutlan.tecnm.mx\/index.php\/wp-json\/wp\/v2\/comments?post=1779"}],"version-history":[{"count":3,"href":"https:\/\/teziutlan.tecnm.mx\/index.php\/wp-json\/wp\/v2\/pages\/1779\/revisions"}],"predecessor-version":[{"id":1784,"href":"https:\/\/teziutlan.tecnm.mx\/index.php\/wp-json\/wp\/v2\/pages\/1779\/revisions\/1784"}],"wp:attachment":[{"href":"https:\/\/teziutlan.tecnm.mx\/index.php\/wp-json\/wp\/v2\/media?parent=1779"}],"curies":[{"name":"wp","href":"https:\/\/api.w.org\/{rel}","templated":true}]}}