{"id":1785,"date":"2025-05-02T22:19:23","date_gmt":"2025-05-02T22:19:23","guid":{"rendered":"http:\/\/10.10.25.1\/?page_id=1785"},"modified":"2025-05-02T22:19:23","modified_gmt":"2025-05-02T22:19:23","slug":"trm-programa-semestral-de-servicio-social","status":"publish","type":"page","link":"https:\/\/teziutlan.tecnm.mx\/index.php\/trm-programa-semestral-de-servicio-social\/","title":{"rendered":"trm programa semestral de servicio social"},"content":{"rendered":"<p>[et_pb_section fb_built=\u00bb1&#8243; theme_builder_area=\u00bbpost_content\u00bb _builder_version=\u00bb4.27.4&#8243; _module_preset=\u00bbdefault\u00bb][et_pb_row _builder_version=\u00bb4.27.4&#8243; _module_preset=\u00bbdefault\u00bb global_colors_info=\u00bb{}\u00bb theme_builder_area=\u00bbpost_content\u00bb][et_pb_column type=\u00bb4_4&#8243; _builder_version=\u00bb4.27.4&#8243; _module_preset=\u00bbdefault\u00bb global_colors_info=\u00bb{}\u00bb theme_builder_area=\u00bbpost_content\u00bb][et_pb_text _builder_version=\u00bb4.27.4&#8243; _module_preset=\u00bbdefault\u00bb theme_builder_area=\u00bbpost_content\u00bb text_font=\u00bbABeeZee|700|||||||\u00bb text_text_color=\u00bb#000000&#8243; text_font_size=\u00bb40px\u00bb text_orientation=\u00bbcenter\u00bb hover_enabled=\u00bb0&#8243; sticky_enabled=\u00bb0&#8243;]<\/p>\n<p>Programa Semestral de Servicio Social<\/p>\n<p>[\/et_pb_text][et_pb_toggle title=\u00bbObjetivo del Tr\u00e1mite\u00bb open_toggle_text_color=\u00bb#000000&#8243; icon_color=\u00bb#000000&#8243; toggle_icon=\u00bb&#x3d;||divi||400&#8243; open_icon_color=\u00bb#000000&#8243; open_toggle_icon=\u00bb&#x3d;||divi||400&#8243; _builder_version=\u00bb4.27.4&#8243; _module_preset=\u00bbdefault\u00bb title_text_color=\u00bb#000000&#8243; title_font=\u00bbABeeZee|700|||||||\u00bb title_font_size=\u00bb22px\u00bb body_text_align=\u00bbcenter\u00bb body_font_size=\u00bb15px\u00bb text_orientation=\u00bbcenter\u00bb hover_enabled=\u00bb0&#8243; global_colors_info=\u00bb{}\u00bb theme_builder_area=\u00bbpost_content\u00bb sticky_enabled=\u00bb0&#8243;]<\/p>\n<p><span>Establecer las normas, lineamientos y mecanismos que ser\u00e1n aplicados para dar cumplimiento al Reglamento de Servicio Social para las y los estudiantes de Educaci\u00f3n Superior de la Rep\u00fablica Mexicana, derivada de la Ley General de Profesiones; permitiendo sistematizar las actividades y optimizar los recursos destinados a cada etapa del proceso.<\/span><\/p>\n<p>[\/et_pb_toggle][et_pb_toggle title=\u00bbNormas y Pol\u00edticas de Operaci\u00f3n\u00bb open_toggle_text_color=\u00bb#000000&#8243; icon_color=\u00bb#000000&#8243; toggle_icon=\u00bb&#x3d;||divi||400&#8243; open_icon_color=\u00bb#000000&#8243; open_toggle_icon=\u00bb&#x3d;||divi||400&#8243; _builder_version=\u00bb4.27.4&#8243; _module_preset=\u00bbdefault\u00bb title_text_color=\u00bb#000000&#8243; title_font=\u00bbABeeZee|700|||||||\u00bb title_font_size=\u00bb22px\u00bb body_text_align=\u00bbcenter\u00bb body_font_size=\u00bb15px\u00bb text_orientation=\u00bbcenter\u00bb global_colors_info=\u00bb{}\u00bb theme_builder_area=\u00bbpost_content\u00bb]<\/p>\n<p><span>Reglamento Interior del Instituto Tecnol\u00f3gico Superior de Teziutl\u00e1n<\/span><\/p>\n<p>[\/et_pb_toggle][et_pb_toggle title=\u00bbResponsables\u00bb open_toggle_text_color=\u00bb#000000&#8243; icon_color=\u00bb#000000&#8243; toggle_icon=\u00bb&#x3d;||divi||400&#8243; open_icon_color=\u00bb#000000&#8243; open_toggle_icon=\u00bb&#x3d;||divi||400&#8243; _builder_version=\u00bb4.27.4&#8243; _module_preset=\u00bbdefault\u00bb title_text_color=\u00bb#000000&#8243; title_font=\u00bbABeeZee|700|||||||\u00bb title_font_size=\u00bb22px\u00bb body_text_align=\u00bbcenter\u00bb body_font_size=\u00bb15px\u00bb text_orientation=\u00bbcenter\u00bb hover_enabled=\u00bb0&#8243; global_colors_info=\u00bb{}\u00bb theme_builder_area=\u00bbpost_content\u00bb sticky_enabled=\u00bb0&#8243;]<\/p>\n<p><span>Departamento de Residencias Profesionales y Servicios Social<\/span><\/p>\n<p>[\/et_pb_toggle][et_pb_toggle title=\u00bb\u00c1reas Involucradas\u00bb open_toggle_text_color=\u00bb#000000&#8243; icon_color=\u00bb#000000&#8243; toggle_icon=\u00bb&#x3d;||divi||400&#8243; open_icon_color=\u00bb#000000&#8243; open_toggle_icon=\u00bb&#x3d;||divi||400&#8243; _builder_version=\u00bb4.27.4&#8243; _module_preset=\u00bbdefault\u00bb title_text_color=\u00bb#000000&#8243; title_font=\u00bbABeeZee|700|||||||\u00bb title_font_size=\u00bb22px\u00bb body_text_align=\u00bbcenter\u00bb body_font_size=\u00bb15px\u00bb text_orientation=\u00bbcenter\u00bb hover_enabled=\u00bb0&#8243; global_colors_info=\u00bb{}\u00bb theme_builder_area=\u00bbpost_content\u00bb sticky_enabled=\u00bb0&#8243;]<\/p>\n<p><span>Departamento de Residencias Profesionales y Servicio Social, Alumno y Dependencia u organismo.<\/span><\/p>\n<p>[\/et_pb_toggle][et_pb_toggle title=\u00bbTiempo Promedio de respuesta\u00bb open_toggle_text_color=\u00bb#000000&#8243; icon_color=\u00bb#000000&#8243; toggle_icon=\u00bb&#x3d;||divi||400&#8243; open_icon_color=\u00bb#000000&#8243; open_toggle_icon=\u00bb&#x3d;||divi||400&#8243; _builder_version=\u00bb4.27.4&#8243; _module_preset=\u00bbdefault\u00bb title_text_color=\u00bb#000000&#8243; title_font=\u00bbABeeZee|700|||||||\u00bb title_font_size=\u00bb22px\u00bb body_text_align=\u00bbcenter\u00bb body_font_size=\u00bb15px\u00bb text_orientation=\u00bbcenter\u00bb global_colors_info=\u00bb{}\u00bb theme_builder_area=\u00bbpost_content\u00bb]<\/p>\n<p>6 meses<\/p>\n<p>[\/et_pb_toggle][et_pb_toggle title=\u00bbPasos a seguir\u00bb open_toggle_text_color=\u00bb#000000&#8243; icon_color=\u00bb#000000&#8243; toggle_icon=\u00bb&#x3d;||divi||400&#8243; open_icon_color=\u00bb#000000&#8243; open_toggle_icon=\u00bb&#x3d;||divi||400&#8243; _builder_version=\u00bb4.27.4&#8243; _module_preset=\u00bbdefault\u00bb title_text_color=\u00bb#000000&#8243; title_font=\u00bbABeeZee|700|||||||\u00bb title_font_size=\u00bb22px\u00bb body_text_align=\u00bbcenter\u00bb body_font_size=\u00bb15px\u00bb text_orientation=\u00bbcenter\u00bb hover_enabled=\u00bb0&#8243; global_colors_info=\u00bb{}\u00bb theme_builder_area=\u00bbpost_content\u00bb sticky_enabled=\u00bb0&#8243;]<\/p>\n<div id=\"page\" class=\"site\">\n<div id=\"content\" class=\"site-content\">\n<div id=\"primary\" class=\"content-area\">\n<p><main id=\"main\" class=\"site-main\"><\/p>\n<section class=\"wraper_blog_main\">\n<div class=\"container\">\n<div class=\"row\">\n<div class=\"col-lg-12 col-md-12 col-sm-12 col-xs-12\">\n<div class=\"blog_single\">\n<article id=\"post-1741\" class=\"single-post post-1741 post type-post status-publish format-standard has-post-thumbnail hentry category-tramites\">\n<div class=\"entry-main\">\n<div class=\"entry-content default-page\">\n<div class=\"wpb-content-wrapper\">\n<div class=\"vc_row wpb_row vc_row-fluid\">\n<div class=\"wpb_column vc_column_container vc_col-sm-9\">\n<div class=\"vc_column-inner\">\n<div class=\"wpb_wrapper\">\n<div class=\"radiantthemes-accordion element-one   rt1639208434\">\n<div class=\"radiantthemes-accordion-item radiantthemes-active\">\n<div class=\"radiantthemes-accordion-item-body\">\n<p><strong>Paso 1 : Departamento de Residencias Profesionales y Servicio Social<\/strong><\/p>\n<p>Publica convocatoria para Programa Semestral De Servicio Social e imparte curso de inducci\u00f3n, recaba solicitudes internas y externas de pasantes de servicio social<\/p>\n<p><strong>Paso 2: Departamento de Residencias Profesionales y Servicio Social<\/strong><\/p>\n<p>Mediante oficio solicita al Departamento de Control Escolar, listado de las y los alumnos que hayan cubierto el 70% de los cr\u00e9ditos del plan de estudios.<\/p>\n<p><strong>Paso 3: Alumno<\/strong><\/p>\n<p>Se inscribe en el Programa Semestral de Servicio Social comprobando mediante kardex su elegibilidad. Toma una carga acad\u00e9mica congruente.<\/p>\n<p><strong>Paso 4: Departamento de Residencias Profesionales y Servicio Social<\/strong><\/p>\n<p>Asigna al alumno(a) su dependencia para realizar Servicio Social de acuerdo a las solicitudes recibidas.<\/p>\n<p><strong>Paso 5: Departamento de Residencias Profesionales y Servicio Social<\/strong><\/p>\n<p>Expide al alumno(a) Carta de Presentaci\u00f3n para la dependencia u organismo, entrega formatos de Solicitud De Servicio Social, Carta de Asignaci\u00f3n, Reportes Bimestrales, Carta De Terminaci\u00f3n e instructivos del Plan de Trabajo Y Reporte Final de Servicio Social.<\/p>\n<p><strong>Paso 6: Alumno<\/strong><\/p>\n<p>Entrega a la Subdirecci\u00f3n de Servicios Administrativos el Plan De Trabajo, veinte d\u00edas posteriores de haber iniciado el Servicio Social<\/p>\n<p><strong>Paso 7: Alumno<\/strong><\/p>\n<p>Elabora reporte bimestral al cumplir 160, 320 y 480 horas de servicio o cada dos meses calendario.<\/p>\n<p><strong>Paso 8: Dependencia u organismo.<\/strong><\/p>\n<p>Extiende al alumno prestador del Servicio Social, una Carta de Terminaci\u00f3n, dirigida al la Direcci\u00f3n General del Instituto, despu\u00e9s de haber cubierto las 480 horas reglamentarias.<\/p>\n<p><strong>Paso 9 : Alumno<\/strong><\/p>\n<p>Entrega la Carta de Terminaci\u00f3n, a la Subdirecci\u00f3n de Vinculaci\u00f3n<\/p>\n<p><strong>Paso 10: Departamento de Residencias Profesionales y Servicio Social<\/strong><\/p>\n<p>Verifica si el alumno tiene la documentaci\u00f3n reglamentaria y si su expediente contiene: Kardex, Oficio de Presentaci\u00f3n, Formato de Solicitud, Formato de Carta de Asignaci\u00f3n, Plan de Trabajo, Tres Reportes Bimestrales, Reporte Final Y Carta de Terminaci\u00f3n de La Instituci\u00f3n en donde prest\u00f3 su Servicio Social.<\/p>\n<p><strong>FINAL DEL PROCEDIMIENTO<\/strong><\/p>\n<\/div>\n<\/div>\n<\/div>\n<\/div>\n<\/div>\n<\/div>\n<\/div>\n<\/div>\n<\/div>\n<\/div>\n<\/article>\n<\/div>\n<\/div>\n<\/div>\n<\/div>\n<\/section>\n<p><\/main><\/div>\n<\/div>\n<\/div>\n<p>[\/et_pb_toggle][\/et_pb_column][\/et_pb_row][\/et_pb_section]<\/p>\n","protected":false},"excerpt":{"rendered":"<p>Programa Semestral de Servicio SocialEstablecer las normas, lineamientos y mecanismos que ser\u00e1n aplicados para dar cumplimiento al Reglamento de Servicio Social para las y los estudiantes de Educaci\u00f3n Superior de la Rep\u00fablica Mexicana, derivada de la Ley General de Profesiones; permitiendo sistematizar las actividades y optimizar los recursos destinados a cada etapa del proceso.Reglamento Interior [&hellip;]<\/p>\n","protected":false},"author":1,"featured_media":0,"parent":0,"menu_order":0,"comment_status":"closed","ping_status":"closed","template":"","meta":{"_et_pb_use_builder":"on","_et_pb_old_content":"","_et_gb_content_width":"","footnotes":""},"class_list":["post-1785","page","type-page","status-publish","hentry"],"_links":{"self":[{"href":"https:\/\/teziutlan.tecnm.mx\/index.php\/wp-json\/wp\/v2\/pages\/1785","targetHints":{"allow":["GET"]}}],"collection":[{"href":"https:\/\/teziutlan.tecnm.mx\/index.php\/wp-json\/wp\/v2\/pages"}],"about":[{"href":"https:\/\/teziutlan.tecnm.mx\/index.php\/wp-json\/wp\/v2\/types\/page"}],"author":[{"embeddable":true,"href":"https:\/\/teziutlan.tecnm.mx\/index.php\/wp-json\/wp\/v2\/users\/1"}],"replies":[{"embeddable":true,"href":"https:\/\/teziutlan.tecnm.mx\/index.php\/wp-json\/wp\/v2\/comments?post=1785"}],"version-history":[{"count":3,"href":"https:\/\/teziutlan.tecnm.mx\/index.php\/wp-json\/wp\/v2\/pages\/1785\/revisions"}],"predecessor-version":[{"id":1789,"href":"https:\/\/teziutlan.tecnm.mx\/index.php\/wp-json\/wp\/v2\/pages\/1785\/revisions\/1789"}],"wp:attachment":[{"href":"https:\/\/teziutlan.tecnm.mx\/index.php\/wp-json\/wp\/v2\/media?parent=1785"}],"curies":[{"name":"wp","href":"https:\/\/api.w.org\/{rel}","templated":true}]}}