{"id":1790,"date":"2025-05-02T22:25:45","date_gmt":"2025-05-02T22:25:45","guid":{"rendered":"http:\/\/10.10.25.1\/?page_id=1790"},"modified":"2025-05-02T22:25:45","modified_gmt":"2025-05-02T22:25:45","slug":"trm-titulacion","status":"publish","type":"page","link":"https:\/\/teziutlan.tecnm.mx\/index.php\/trm-titulacion\/","title":{"rendered":"trm titulaci\u00f3n"},"content":{"rendered":"<p>[et_pb_section fb_built=\u00bb1&#8243; theme_builder_area=\u00bbpost_content\u00bb _builder_version=\u00bb4.27.4&#8243; _module_preset=\u00bbdefault\u00bb][et_pb_row _builder_version=\u00bb4.27.4&#8243; _module_preset=\u00bbdefault\u00bb theme_builder_area=\u00bbpost_content\u00bb][et_pb_column _builder_version=\u00bb4.27.4&#8243; _module_preset=\u00bbdefault\u00bb type=\u00bb4_4&#8243; theme_builder_area=\u00bbpost_content\u00bb][et_pb_text _builder_version=\u00bb4.27.4&#8243; _module_preset=\u00bbdefault\u00bb theme_builder_area=\u00bbpost_content\u00bb text_font=\u00bbABeeZee|700|||||||\u00bb text_text_color=\u00bb#000000&#8243; text_font_size=\u00bb40px\u00bb text_orientation=\u00bbcenter\u00bb hover_enabled=\u00bb0&#8243; sticky_enabled=\u00bb0&#8243;]<\/p>\n<p>Titulaci\u00f3n<\/p>\n<p>[\/et_pb_text][et_pb_text _builder_version=\u00bb4.27.4&#8243; _module_preset=\u00bbdefault\u00bb theme_builder_area=\u00bbpost_content\u00bb text_font=\u00bb||||||||\u00bb text_text_color=\u00bb#000000&#8243; text_font_size=\u00bb15px\u00bb text_orientation=\u00bbcenter\u00bb hover_enabled=\u00bb0&#8243; sticky_enabled=\u00bb0&#8243;]<\/p>\n<p><span>En caso de tener alguna duda, te invitamos a comunicarte a la Subdirecci\u00f3n Acad\u00e9mica al tel\u00e9fono 231 311 4000 \/ 311 4001 \/ 311 4002 Ext. 404,<\/span><br \/><span>enviar un correo electr\u00f3nico a la direcci\u00f3n\u00a0<\/span><a href=\"mailto:sub_acad@teziutlan.tecnm.mx\" target=\"_blank\" rel=\"noopener noreferrer\" role=\"link\">sub_acad@teziutlan.tecnm.mx<\/a><span>\u00a0o bien comunicarte a la L\u00ednea de la Subdirecci\u00f3n Acad\u00e9mica,<\/span><br \/><span>231 114 0671<\/span><\/p>\n<p>[\/et_pb_text][\/et_pb_column][\/et_pb_row][\/et_pb_section]<\/p>\n","protected":false},"excerpt":{"rendered":"<p>Titulaci\u00f3nEn caso de tener alguna duda, te invitamos a comunicarte a la Subdirecci\u00f3n Acad\u00e9mica al tel\u00e9fono 231 311 4000 \/ 311 4001 \/ 311 4002 Ext. 404,enviar un correo electr\u00f3nico a la direcci\u00f3n\u00a0sub_acad@teziutlan.tecnm.mx\u00a0o bien comunicarte a la L\u00ednea de la Subdirecci\u00f3n Acad\u00e9mica,231 114 0671<\/p>\n","protected":false},"author":1,"featured_media":0,"parent":0,"menu_order":0,"comment_status":"closed","ping_status":"closed","template":"","meta":{"_et_pb_use_builder":"on","_et_pb_old_content":"","_et_gb_content_width":"","footnotes":""},"class_list":["post-1790","page","type-page","status-publish","hentry"],"_links":{"self":[{"href":"https:\/\/teziutlan.tecnm.mx\/index.php\/wp-json\/wp\/v2\/pages\/1790","targetHints":{"allow":["GET"]}}],"collection":[{"href":"https:\/\/teziutlan.tecnm.mx\/index.php\/wp-json\/wp\/v2\/pages"}],"about":[{"href":"https:\/\/teziutlan.tecnm.mx\/index.php\/wp-json\/wp\/v2\/types\/page"}],"author":[{"embeddable":true,"href":"https:\/\/teziutlan.tecnm.mx\/index.php\/wp-json\/wp\/v2\/users\/1"}],"replies":[{"embeddable":true,"href":"https:\/\/teziutlan.tecnm.mx\/index.php\/wp-json\/wp\/v2\/comments?post=1790"}],"version-history":[{"count":3,"href":"https:\/\/teziutlan.tecnm.mx\/index.php\/wp-json\/wp\/v2\/pages\/1790\/revisions"}],"predecessor-version":[{"id":1794,"href":"https:\/\/teziutlan.tecnm.mx\/index.php\/wp-json\/wp\/v2\/pages\/1790\/revisions\/1794"}],"wp:attachment":[{"href":"https:\/\/teziutlan.tecnm.mx\/index.php\/wp-json\/wp\/v2\/media?parent=1790"}],"curies":[{"name":"wp","href":"https:\/\/api.w.org\/{rel}","templated":true}]}}