{"id":231,"date":"2025-03-19T21:42:59","date_gmt":"2025-03-19T21:42:59","guid":{"rendered":"http:\/\/10.10.25.1\/?page_id=231"},"modified":"2026-03-25T10:00:38","modified_gmt":"2026-03-25T16:00:38","slug":"servicios","status":"publish","type":"page","link":"https:\/\/teziutlan.tecnm.mx\/index.php\/servicios\/","title":{"rendered":"SERVICIOS"},"content":{"rendered":"<p>[et_pb_section fb_built=\u00bb1&#8243; _builder_version=\u00bb4.27.4&#8243; _module_preset=\u00bbdefault\u00bb global_colors_info=\u00bb{}\u00bb][et_pb_row column_structure=\u00bb1_3,1_3,1_3&#8243; _builder_version=\u00bb4.27.4&#8243; _module_preset=\u00bbdefault\u00bb global_colors_info=\u00bb{}\u00bb][et_pb_column type=\u00bb1_3&#8243; _builder_version=\u00bb4.27.4&#8243; _module_preset=\u00bbdefault\u00bb global_colors_info=\u00bb{}\u00bb][et_pb_blurb title=\u00bbOrientaci\u00f3n Psicol\u00f3gica\u00bb use_icon=\u00bbon\u00bb font_icon=\u00bb&#xf5dc;||fa||900&#8243; icon_color=\u00bb#FFFFFF\u00bb image_icon_background_color=\u00bbRGBA(255,255,255,0)\u00bb image_icon_width=\u00bb100px\u00bb content_max_width=\u00bb574px\u00bb _builder_version=\u00bb4.27.6&#8243; _module_preset=\u00bbdefault\u00bb header_font=\u00bb|600|||||||\u00bb header_text_align=\u00bbcenter\u00bb header_text_color=\u00bb#FFFFFF\u00bb body_text_align=\u00bbcenter\u00bb background_color=\u00bb#1a9e3b\u00bb text_orientation=\u00bbcenter\u00bb custom_padding=\u00bb20px|25px|20px|25px|false|false\u00bb hover_enabled=\u00bb0&#8243; border_radii=\u00bbon|30px|30px|30px|30px\u00bb border_width_all=\u00bb3px\u00bb border_color_all=\u00bbRGBA(255,255,255,0)\u00bb border_color_all_image=\u00bb#FFFFFF\u00bb global_colors_info=\u00bb{}\u00bb custom_css_free_form=\u00bb||selector {||  transition: all .3s ease;||}||||selector:hover .et_pb_main_blurb_image .et-pb-icon,||selector:hover .et_pb_main_blurb_image i {||  color: #98989A !important;||}||||selector:hover .et_pb_module_header,||selector:hover .et_pb_blurb_description {||  color: #98989A  !important;||}||\u00bb sticky_enabled=\u00bb0&#8243;][\/et_pb_blurb][et_pb_blurb title=\u00bbWifi\u00bb use_icon=\u00bbon\u00bb font_icon=\u00bb&#xf1eb;||fa||900&#8243; icon_color=\u00bb#FFFFFF\u00bb image_icon_background_color=\u00bbRGBA(255,255,255,0)\u00bb image_icon_width=\u00bb100px\u00bb content_max_width=\u00bb574px\u00bb _builder_version=\u00bb4.27.6&#8243; _module_preset=\u00bbdefault\u00bb header_font=\u00bb|600|||||||\u00bb header_text_align=\u00bbcenter\u00bb header_text_color=\u00bb#FFFFFF\u00bb body_text_align=\u00bbcenter\u00bb background_color=\u00bb#1a9e3b\u00bb text_orientation=\u00bbcenter\u00bb custom_padding=\u00bb20px|25px|20px|25px|false|false\u00bb hover_enabled=\u00bb0&#8243; border_radii=\u00bbon|30px|30px|30px|30px\u00bb border_width_all=\u00bb3px\u00bb border_color_all=\u00bbRGBA(255,255,255,0)\u00bb border_color_all_image=\u00bb#FFFFFF\u00bb global_colors_info=\u00bb{}\u00bb custom_css_free_form=\u00bb||selector {||  transition: all .3s ease;||}||||selector:hover .et_pb_main_blurb_image .et-pb-icon,||selector:hover .et_pb_main_blurb_image i {||  color: #98989A !important;||}||||selector:hover .et_pb_module_header,||selector:hover .et_pb_blurb_description {||  color: #98989A  !important;||}||\u00bb sticky_enabled=\u00bb0&#8243;][\/et_pb_blurb][et_pb_blurb title=\u00bbConcursos \u00bb use_icon=\u00bbon\u00bb font_icon=\u00bb&#xf5a2;||fa||900&#8243; icon_color=\u00bb#FFFFFF\u00bb image_icon_background_color=\u00bbRGBA(255,255,255,0)\u00bb image_icon_width=\u00bb100px\u00bb content_max_width=\u00bb574px\u00bb _builder_version=\u00bb4.27.6&#8243; _module_preset=\u00bbdefault\u00bb header_font=\u00bb|600|||||||\u00bb header_text_align=\u00bbcenter\u00bb header_text_color=\u00bb#FFFFFF\u00bb body_text_align=\u00bbcenter\u00bb background_color=\u00bb#1a9e3b\u00bb text_orientation=\u00bbcenter\u00bb custom_padding=\u00bb20px|25px|20px|25px|false|false\u00bb hover_enabled=\u00bb0&#8243; border_radii=\u00bbon|30px|30px|30px|30px\u00bb border_width_all=\u00bb3px\u00bb border_color_all=\u00bbRGBA(255,255,255,0)\u00bb border_color_all_image=\u00bb#FFFFFF\u00bb global_colors_info=\u00bb{}\u00bb custom_css_free_form=\u00bb||selector {||  transition: all .3s ease;||}||||selector:hover .et_pb_main_blurb_image .et-pb-icon,||selector:hover .et_pb_main_blurb_image i {||  color: #98989A !important;||}||||selector:hover .et_pb_module_header,||selector:hover .et_pb_blurb_description {||  color: #98989A  !important;||}||\u00bb sticky_enabled=\u00bb0&#8243;][\/et_pb_blurb][et_pb_blurb title=\u00bbTalleres y Laboratorios\u00bb use_icon=\u00bbon\u00bb font_icon=\u00bb&#xf493;||fa||900&#8243; icon_color=\u00bb#FFFFFF\u00bb image_icon_background_color=\u00bbRGBA(255,255,255,0)\u00bb image_icon_width=\u00bb100px\u00bb content_max_width=\u00bb574px\u00bb _builder_version=\u00bb4.27.6&#8243; _module_preset=\u00bbdefault\u00bb header_font=\u00bb|600|||||||\u00bb header_text_align=\u00bbcenter\u00bb header_text_color=\u00bb#FFFFFF\u00bb body_text_align=\u00bbcenter\u00bb background_color=\u00bb#1a9e3b\u00bb text_orientation=\u00bbcenter\u00bb custom_padding=\u00bb20px|25px|20px|25px|false|false\u00bb hover_enabled=\u00bb0&#8243; border_radii=\u00bbon|30px|30px|30px|30px\u00bb border_width_all=\u00bb3px\u00bb border_color_all=\u00bbRGBA(255,255,255,0)\u00bb border_color_all_image=\u00bb#FFFFFF\u00bb global_colors_info=\u00bb{}\u00bb custom_css_free_form=\u00bb||selector {||  transition: all .3s ease;||}||||selector:hover .et_pb_main_blurb_image .et-pb-icon,||selector:hover .et_pb_main_blurb_image i {||  color: #98989A !important;||}||||selector:hover .et_pb_module_header,||selector:hover .et_pb_blurb_description {||  color: #98989A  !important;||}||\u00bb sticky_enabled=\u00bb0&#8243;][\/et_pb_blurb][\/et_pb_column][et_pb_column type=\u00bb1_3&#8243; _builder_version=\u00bb4.27.4&#8243; _module_preset=\u00bbdefault\u00bb global_colors_info=\u00bb{}\u00bb][et_pb_blurb title=\u00bbBiblioteca  \u00bb url=\u00bbhttps:\/\/teziutlan.tecnm.mx\/index.php\/biblioteca\/\u00bb use_icon=\u00bbon\u00bb font_icon=\u00bb&#xf5da;||fa||900&#8243; icon_color=\u00bb#FFFFFF\u00bb image_icon_background_color=\u00bbRGBA(255,255,255,0)\u00bb image_icon_width=\u00bb100px\u00bb _builder_version=\u00bb4.27.6&#8243; _module_preset=\u00bbdefault\u00bb header_font=\u00bb|600|||||||\u00bb header_text_align=\u00bbcenter\u00bb header_text_color=\u00bb#FFFFFF\u00bb body_text_align=\u00bbcenter\u00bb background_color=\u00bb#1a9e3b\u00bb text_orientation=\u00bbcenter\u00bb custom_padding=\u00bb20px|25px|20px|25px|false|false\u00bb link_option_url=\u00bbhttps:\/\/teziutlan.tecnm.mx\/index.php\/biblioteca\/\u00bb hover_enabled=\u00bb0&#8243; border_radii=\u00bbon|30px|30px|30px|30px\u00bb border_width_all=\u00bb3px\u00bb border_color_all=\u00bbRGBA(255,255,255,0)\u00bb border_color_all_image=\u00bb#FFFFFF\u00bb global_colors_info=\u00bb{}\u00bb custom_css_free_form=\u00bb||selector {||  transition: all .3s ease;||}||||selector:hover .et_pb_main_blurb_image .et-pb-icon,||selector:hover .et_pb_main_blurb_image i {||  color: #98989A !important;||}||||selector:hover .et_pb_module_header,||selector:hover .et_pb_blurb_description {||  color: #98989A  !important;||}||\u00bb sticky_enabled=\u00bb0&#8243;][\/et_pb_blurb][et_pb_blurb title=\u00bbPapeler\u00eda\u00bb use_icon=\u00bbon\u00bb font_icon=\u00bb&#xf02f;||fa||900&#8243; icon_color=\u00bb#FFFFFF\u00bb image_icon_background_color=\u00bbRGBA(255,255,255,0)\u00bb image_icon_width=\u00bb100px\u00bb _builder_version=\u00bb4.27.6&#8243; _module_preset=\u00bbdefault\u00bb header_font=\u00bb|600|||||||\u00bb header_text_align=\u00bbcenter\u00bb header_text_color=\u00bb#FFFFFF\u00bb body_text_align=\u00bbcenter\u00bb background_color=\u00bb#1a9e3b\u00bb text_orientation=\u00bbcenter\u00bb custom_padding=\u00bb20px|25px|20px|25px|false|false\u00bb hover_enabled=\u00bb0&#8243; border_radii=\u00bbon|30px|30px|30px|30px\u00bb border_width_all=\u00bb3px\u00bb border_color_all=\u00bbRGBA(255,255,255,0)\u00bb border_color_all_image=\u00bb#FFFFFF\u00bb global_colors_info=\u00bb{}\u00bb custom_css_free_form=\u00bb||selector {||  transition: all .3s ease;||}||||selector:hover .et_pb_main_blurb_image .et-pb-icon,||selector:hover .et_pb_main_blurb_image i {||  color: #98989A !important;||}||||selector:hover .et_pb_module_header,||selector:hover .et_pb_blurb_description {||  color: #98989A  !important;||}||\u00bb sticky_enabled=\u00bb0&#8243;][\/et_pb_blurb][et_pb_blurb title=\u00bbServicio M\u00e9dico\u00bb url=\u00bbhttps:\/\/teziutlan.tecnm.mx\/index.php\/servicio-medico\/\u00bb use_icon=\u00bbon\u00bb font_icon=\u00bb&#xf0f0;||fa||900&#8243; icon_color=\u00bb#FFFFFF\u00bb image_icon_background_color=\u00bbRGBA(255,255,255,0)\u00bb image_icon_width=\u00bb100px\u00bb _builder_version=\u00bb4.27.6&#8243; _module_preset=\u00bbdefault\u00bb header_font=\u00bb|600|||||||\u00bb header_text_align=\u00bbcenter\u00bb header_text_color=\u00bb#FFFFFF\u00bb body_text_align=\u00bbcenter\u00bb background_color=\u00bb#1a9e3b\u00bb text_orientation=\u00bbcenter\u00bb custom_padding=\u00bb20px|25px|20px|25px|false|false\u00bb link_option_url=\u00bbhttps:\/\/teziutlan.tecnm.mx\/index.php\/servicio-medico\/\u00bb hover_enabled=\u00bb0&#8243; border_radii=\u00bbon|30px|30px|30px|30px\u00bb border_width_all=\u00bb3px\u00bb border_color_all=\u00bbRGBA(255,255,255,0)\u00bb border_color_all_image=\u00bb#FFFFFF\u00bb global_colors_info=\u00bb{}\u00bb custom_css_free_form=\u00bb||selector {||  transition: all .3s ease;||}||||selector:hover .et_pb_main_blurb_image .et-pb-icon,||selector:hover .et_pb_main_blurb_image i {||  color: #98989A !important;||}||||selector:hover .et_pb_module_header,||selector:hover .et_pb_blurb_description {||  color: #98989A  !important;||}||\u00bb sticky_enabled=\u00bb0&#8243;][\/et_pb_blurb][et_pb_blurb title=\u00bbEspacios Deportivos \u00bb use_icon=\u00bbon\u00bb font_icon=\u00bb&#xf434;||fa||900&#8243; icon_color=\u00bb#FFFFFF\u00bb image_icon_background_color=\u00bbRGBA(255,255,255,0)\u00bb image_icon_width=\u00bb100px\u00bb _builder_version=\u00bb4.27.6&#8243; _module_preset=\u00bbdefault\u00bb header_font=\u00bb|600|||||||\u00bb header_text_align=\u00bbcenter\u00bb header_text_color=\u00bb#FFFFFF\u00bb body_text_align=\u00bbcenter\u00bb background_color=\u00bb#1a9e3b\u00bb text_orientation=\u00bbcenter\u00bb custom_padding=\u00bb20px|25px|20px|25px|false|false\u00bb hover_enabled=\u00bb0&#8243; border_radii=\u00bbon|30px|30px|30px|30px\u00bb border_width_all=\u00bb3px\u00bb border_color_all=\u00bbRGBA(255,255,255,0)\u00bb border_color_all_image=\u00bb#FFFFFF\u00bb global_colors_info=\u00bb{}\u00bb custom_css_free_form=\u00bb||selector {||  transition: all .3s ease;||}||||selector:hover .et_pb_main_blurb_image .et-pb-icon,||selector:hover .et_pb_main_blurb_image i {||  color: #98989A !important;||}||||selector:hover .et_pb_module_header,||selector:hover .et_pb_blurb_description {||  color: #98989A  !important;||}||\u00bb sticky_enabled=\u00bb0&#8243;][\/et_pb_blurb][\/et_pb_column][et_pb_column type=\u00bb1_3&#8243; _builder_version=\u00bb4.27.4&#8243; _module_preset=\u00bbdefault\u00bb global_colors_info=\u00bb{}\u00bb][et_pb_blurb title=\u00bbCafeter\u00edas\u00bb url=\u00bbhttps:\/\/teziutlan.tecnm.mx\/index.php\/cafeterias\/\u00bb use_icon=\u00bbon\u00bb font_icon=\u00bb&#xf7b6;||fa||900&#8243; icon_color=\u00bb#FFFFFF\u00bb image_icon_background_color=\u00bbRGBA(255,255,255,0)\u00bb image_icon_width=\u00bb100px\u00bb font_icon_last_edited=\u00bboff|desktop\u00bb _builder_version=\u00bb4.27.6&#8243; _module_preset=\u00bbdefault\u00bb header_font=\u00bb|600|||||||\u00bb header_text_align=\u00bbcenter\u00bb header_text_color=\u00bb#FFFFFF\u00bb body_text_align=\u00bbcenter\u00bb background_color=\u00bb#1a9e3b\u00bb text_orientation=\u00bbcenter\u00bb custom_padding=\u00bb20px|25px|20px|25px|false|false\u00bb link_option_url=\u00bbhttps:\/\/teziutlan.tecnm.mx\/index.php\/cafeterias\/\u00bb hover_enabled=\u00bb0&#8243; border_radii=\u00bbon|30px|30px|30px|30px\u00bb border_width_all=\u00bb3px\u00bb border_color_all=\u00bbRGBA(255,255,255,0)\u00bb border_color_all_image=\u00bb#FFFFFF\u00bb global_colors_info=\u00bb{}\u00bb custom_css_free_form=\u00bb||selector {||  transition: all .3s ease;||}||||selector:hover .et_pb_main_blurb_image .et-pb-icon,||selector:hover .et_pb_main_blurb_image i {||  color: #98989A !important;||}||||selector:hover .et_pb_module_header,||selector:hover .et_pb_blurb_description {||  color: #98989A  !important;||}||\u00bb sticky_enabled=\u00bb0&#8243;][\/et_pb_blurb][et_pb_blurb title=\u00bbVisitas Industriales\u00bb url=\u00bbhttps:\/\/teziutlan.tecnm.mx\/index.php\/visitas-industriales\/\u00bb use_icon=\u00bbon\u00bb font_icon=\u00bb&#xf55e;||fa||900&#8243; icon_color=\u00bb#FFFFFF\u00bb image_icon_background_color=\u00bbRGBA(255,255,255,0)\u00bb image_icon_width=\u00bb100px\u00bb font_icon_last_edited=\u00bboff|desktop\u00bb _builder_version=\u00bb4.27.6&#8243; _module_preset=\u00bbdefault\u00bb header_font=\u00bb|600|||||||\u00bb header_text_align=\u00bbcenter\u00bb header_text_color=\u00bb#FFFFFF\u00bb body_text_align=\u00bbcenter\u00bb background_color=\u00bb#1a9e3b\u00bb text_orientation=\u00bbcenter\u00bb custom_padding=\u00bb20px|25px|20px|25px|false|false\u00bb link_option_url=\u00bbhttps:\/\/teziutlan.tecnm.mx\/index.php\/visitas-industriales\/\u00bb hover_enabled=\u00bb0&#8243; border_radii=\u00bbon|30px|30px|30px|30px\u00bb border_width_all=\u00bb3px\u00bb border_color_all=\u00bbRGBA(255,255,255,0)\u00bb border_color_all_image=\u00bb#FFFFFF\u00bb global_colors_info=\u00bb{}\u00bb custom_css_free_form=\u00bb||selector {||  transition: all .3s ease;||}||||selector:hover .et_pb_main_blurb_image .et-pb-icon,||selector:hover .et_pb_main_blurb_image i {||  color: #98989A !important;||}||||selector:hover .et_pb_module_header,||selector:hover .et_pb_blurb_description {||  color: #98989A  !important;||}||\u00bb sticky_enabled=\u00bb0&#8243;][\/et_pb_blurb][et_pb_blurb title=\u00bbBolsa de Trabajo \u00bb use_icon=\u00bbon\u00bb font_icon=\u00bb&#xe0f4;||divi||400&#8243; icon_color=\u00bb#FFFFFF\u00bb image_icon_background_color=\u00bbRGBA(255,255,255,0)\u00bb image_icon_width=\u00bb100px\u00bb font_icon_last_edited=\u00bboff|desktop\u00bb _builder_version=\u00bb4.27.6&#8243; _module_preset=\u00bbdefault\u00bb header_font=\u00bb|600|||||||\u00bb header_text_align=\u00bbcenter\u00bb header_text_color=\u00bb#FFFFFF\u00bb body_text_align=\u00bbcenter\u00bb background_color=\u00bb#1a9e3b\u00bb text_orientation=\u00bbcenter\u00bb custom_padding=\u00bb20px|25px|20px|25px|false|false\u00bb hover_enabled=\u00bb0&#8243; border_radii=\u00bbon|30px|30px|30px|30px\u00bb border_width_all=\u00bb3px\u00bb border_color_all=\u00bbRGBA(255,255,255,0)\u00bb border_color_all_image=\u00bb#FFFFFF\u00bb global_colors_info=\u00bb{}\u00bb custom_css_free_form=\u00bb||selector {||  transition: all .3s ease;||}||||selector:hover .et_pb_main_blurb_image .et-pb-icon,||selector:hover .et_pb_main_blurb_image i {||  color: #98989A !important;||}||||selector:hover .et_pb_module_header,||selector:hover .et_pb_blurb_description {||  color: #98989A  !important;||}||\u00bb sticky_enabled=\u00bb0&#8243;][\/et_pb_blurb][et_pb_blurb title=\u00bbConsorcio Nacional De Recursos De Informaci\u00f3n Cient\u00edfica y Tecnol\u00f3gica (CONRICYT)\u00bb url=\u00bbhttps:\/\/www.conricyt.mx\/\u00bb url_new_window=\u00bbon\u00bb use_icon=\u00bbon\u00bb font_icon=\u00bb&#x55;||divi||400&#8243; icon_color=\u00bb#FFFFFF\u00bb image_icon_background_color=\u00bbRGBA(255,255,255,0)\u00bb image_icon_width=\u00bb70px\u00bb _builder_version=\u00bb4.27.6&#8243; _module_preset=\u00bbdefault\u00bb header_font=\u00bb|600|||||||\u00bb header_text_align=\u00bbcenter\u00bb header_text_color=\u00bb#FFFFFF\u00bb header_font_size=\u00bb17px\u00bb body_text_align=\u00bbcenter\u00bb background_color=\u00bb#1a9e3b\u00bb text_orientation=\u00bbcenter\u00bb custom_padding=\u00bb20px|25px|20px|25px|false|false\u00bb link_option_url=\u00bbhttps:\/\/www.conricyt.mx\/\u00bb link_option_url_new_window=\u00bbon\u00bb hover_enabled=\u00bb0&#8243; border_radii=\u00bbon|30px|30px|30px|30px\u00bb border_width_all=\u00bb3px\u00bb border_color_all=\u00bbRGBA(255,255,255,0)\u00bb border_color_all_image=\u00bb#FFFFFF\u00bb global_colors_info=\u00bb{}\u00bb custom_css_free_form=\u00bb||selector {||  transition: all .3s ease;||}||||selector:hover .et_pb_main_blurb_image .et-pb-icon,||selector:hover .et_pb_main_blurb_image i {||  color: #98989A !important;||}||||selector:hover .et_pb_module_header,||selector:hover .et_pb_blurb_description {||  color: #98989A  !important;||}||\u00bb sticky_enabled=\u00bb0&#8243;][\/et_pb_blurb][\/et_pb_column][\/et_pb_row][\/et_pb_section]<\/p>\n","protected":false},"excerpt":{"rendered":"","protected":false},"author":1,"featured_media":0,"parent":0,"menu_order":0,"comment_status":"closed","ping_status":"closed","template":"","meta":{"_et_pb_use_builder":"on","_et_pb_old_content":"<!-- wp:divi\/placeholder \/-->","_et_gb_content_width":"","footnotes":""},"class_list":["post-231","page","type-page","status-publish","hentry"],"_links":{"self":[{"href":"https:\/\/teziutlan.tecnm.mx\/index.php\/wp-json\/wp\/v2\/pages\/231","targetHints":{"allow":["GET"]}}],"collection":[{"href":"https:\/\/teziutlan.tecnm.mx\/index.php\/wp-json\/wp\/v2\/pages"}],"about":[{"href":"https:\/\/teziutlan.tecnm.mx\/index.php\/wp-json\/wp\/v2\/types\/page"}],"author":[{"embeddable":true,"href":"https:\/\/teziutlan.tecnm.mx\/index.php\/wp-json\/wp\/v2\/users\/1"}],"replies":[{"embeddable":true,"href":"https:\/\/teziutlan.tecnm.mx\/index.php\/wp-json\/wp\/v2\/comments?post=231"}],"version-history":[{"count":18,"href":"https:\/\/teziutlan.tecnm.mx\/index.php\/wp-json\/wp\/v2\/pages\/231\/revisions"}],"predecessor-version":[{"id":4518,"href":"https:\/\/teziutlan.tecnm.mx\/index.php\/wp-json\/wp\/v2\/pages\/231\/revisions\/4518"}],"wp:attachment":[{"href":"https:\/\/teziutlan.tecnm.mx\/index.php\/wp-json\/wp\/v2\/media?parent=231"}],"curies":[{"name":"wp","href":"https:\/\/api.w.org\/{rel}","templated":true}]}}