{"id":240,"date":"2025-03-19T21:45:18","date_gmt":"2025-03-19T21:45:18","guid":{"rendered":"http:\/\/10.10.25.1\/?page_id=240"},"modified":"2026-04-24T15:49:50","modified_gmt":"2026-04-24T21:49:50","slug":"historia","status":"publish","type":"page","link":"https:\/\/teziutlan.tecnm.mx\/index.php\/historia\/","title":{"rendered":"Organigrama"},"content":{"rendered":"<p>[et_pb_section fb_built=\u00bb1&#8243; _builder_version=\u00bb4.27.6&#8243; _module_preset=\u00bbdefault\u00bb hover_enabled=\u00bb0&#8243; global_colors_info=\u00bb{}\u00bb disabled_on=\u00bboff|off|off\u00bb sticky_enabled=\u00bb0&#8243;][et_pb_row _builder_version=\u00bb4.27.6&#8243; _module_preset=\u00bbdefault\u00bb hover_enabled=\u00bb0&#8243; global_colors_info=\u00bb{}\u00bb disabled_on=\u00bboff|off|off\u00bb sticky_enabled=\u00bb0&#8243; max_width_last_edited=\u00bbon|phone\u00bb width_last_edited=\u00bbon|phone\u00bb max_width_phone=\u00bbnone\u00bb custom_padding_last_edited=\u00bbon|phone\u00bb custom_padding_phone=\u00bb0px|0px|0px|0px|false|false\u00bb][et_pb_column type=\u00bb4_4&#8243; _builder_version=\u00bb4.27.6&#8243; _module_preset=\u00bbdefault\u00bb hover_enabled=\u00bb0&#8243; global_colors_info=\u00bb{}\u00bb sticky_enabled=\u00bb0&#8243;][et_pb_text _builder_version=\u00bb4.27.4&#8243; _module_preset=\u00bbdefault\u00bb text_font=\u00bb|600|||||||\u00bb text_text_color=\u00bb#000000&#8243; text_font_size=\u00bb38px\u00bb text_orientation=\u00bbcenter\u00bb animation_style=\u00bbfade\u00bb text_font_size_tablet=\u00bb32px\u00bb text_font_size_phone=\u00bb24px\u00bb text_font_size_last_edited=\u00bbon|desktop\u00bb global_colors_info=\u00bb{}\u00bb]<\/p>\n<p>Estructura Org\u00e1nica<\/p>\n<p>[\/et_pb_text][et_pb_text _builder_version=\u00bb4.27.4&#8243; _module_preset=\u00bbdefault\u00bb text_font=\u00bb||||||||\u00bb text_text_color=\u00bb#000000&#8243; text_font_size=\u00bb28px\u00bb text_orientation=\u00bbcenter\u00bb custom_margin_tablet=\u00bb-10px||||false|false\u00bb custom_margin_phone=\u00bb-15px||||false|false\u00bb custom_margin_last_edited=\u00bbon|phone\u00bb animation_style=\u00bbfade\u00bb text_font_size_tablet=\u00bb22px\u00bb text_font_size_phone=\u00bb16px\u00bb text_font_size_last_edited=\u00bbon|desktop\u00bb global_colors_info=\u00bb{}\u00bb]<\/p>\n<p>Instituto Tecnol\u00f3gico Superior de Teziutl\u00e1n<\/p>\n<p>[\/et_pb_text][et_pb_image src=\u00bbhttps:\/\/teziutlan.tecnm.mx\/wp-content\/uploads\/2026\/04\/organigrama-_1_-_1_V2.jpg\u00bb title_text=\u00bborganigrama-_1_-_1_V2&#8243; show_in_lightbox=\u00bbon\u00bb align=\u00bbcenter\u00bb _builder_version=\u00bb4.27.6&#8243; _module_preset=\u00bbdefault\u00bb global_colors_info=\u00bb{}\u00bb][\/et_pb_image][et_pb_text _builder_version=\u00bb4.27.4&#8243; _module_preset=\u00bbdefault\u00bb text_font=\u00bb|700|||||||\u00bb text_text_color=\u00bb#000000&#8243; text_font_size=\u00bb18px\u00bb global_colors_info=\u00bb{}\u00bb]<\/p>\n<p>DIRECTORA GENERAL<\/p>\n<p>[\/et_pb_text][et_pb_text _builder_version=\u00bb4.27.4&#8243; _module_preset=\u00bbdefault\u00bb text_font=\u00bb||||||||\u00bb text_text_color=\u00bb#000000&#8243; text_orientation=\u00bbjustified\u00bb global_colors_info=\u00bb{}\u00bb]<\/p>\n<p><strong>Objetivo:<\/strong> Administrar la prestaci\u00f3n de los servicios educativos que ofrece el Instituto Tecnol\u00f3gico Superior de Teziutl\u00e1n, conforme a los objetivos de la Educaci\u00f3n Tecnol\u00f3gica Superior y de acuerdo a los lineamientos establecidos por la Direcci\u00f3n General de Institutos Tecnol\u00f3gicos.<\/p>\n<p>[\/et_pb_text][\/et_pb_column][\/et_pb_row][et_pb_row column_structure=\u00bb1_2,1_2&#8243; _builder_version=\u00bb4.27.4&#8243; _module_preset=\u00bbdefault\u00bb global_colors_info=\u00bb{}\u00bb][et_pb_column type=\u00bb1_2&#8243; _builder_version=\u00bb4.27.4&#8243; _module_preset=\u00bbdefault\u00bb global_colors_info=\u00bb{}\u00bb][et_pb_heading title=\u00bb\u00c1REA ACAD\u00c9MICA\u00bb _builder_version=\u00bb4.27.4&#8243; _module_preset=\u00bbdefault\u00bb title_font=\u00bb|600|||||||\u00bb title_text_align=\u00bbcenter\u00bb title_text_color=\u00bb#000000&#8243; title_font_size=\u00bb20px\u00bb global_colors_info=\u00bb{}\u00bb][\/et_pb_heading][et_pb_tabs _builder_version=\u00bb4.27.4&#8243; _module_preset=\u00bbdefault\u00bb min_height=\u00bb196.4px\u00bb global_colors_info=\u00bb{}\u00bb][et_pb_tab title=\u00bbDIRECTOR ACAD\u00c9MICO\u00bb _builder_version=\u00bb4.27.4&#8243; _module_preset=\u00bbdefault\u00bb body_text_color=\u00bb#000000&#8243; global_colors_info=\u00bb{}\u00bb]<\/p>\n<p style=\"text-align: justify;\"><strong>Objetivo:<\/strong> Planear, dirigir y administrar las actividades acad\u00e9micas del Instituto con el prop\u00f3sito de ofrecer servicios educativos de calidad; proponer a la Direcci\u00f3n General la normatividad escolar, difundirla y vigilar su cumplimiento; difundir entre las \u00e1reas a su cargo, los lineamientos a que deben sujetarse las actividades de docencia; promover y supervisar el desarrollo de las actividades acad\u00e9micas encomendadas a la Direcci\u00f3n a su cargo.<\/p>\n<p>[\/et_pb_tab][et_pb_tab title=\u00bbSUBDIRECCI\u00d3N ACAD\u00c9MICA\u00bb _builder_version=\u00bb4.27.4&#8243; _module_preset=\u00bbdefault\u00bb body_text_align=\u00bbleft\u00bb body_text_color=\u00bb#000000&#8243; global_colors_info=\u00bb{}\u00bb]<\/p>\n<p style=\"text-align: justify;\"><strong>SUBDIRECTORA ACAD\u00c9MICA<\/strong><br \/><strong><br \/>Objetivo:<\/strong> Organizar y controlar el desarrollo de los programas acad\u00e9micos para la impartici\u00f3n de los estudios profesionales; supervisar el desarrollo de los planes y programas de estudio y tomar las medidas que sean necesarias para su cumplimiento; identificar las necesidades de recursos humanos, materiales y financieros de los departamentos de su adscripci\u00f3n para que se consideren en el Programa Operativo Anual del Instituto y en la Programaci\u00f3n Detallada.<\/p>\n<p style=\"text-align: justify;\">\n<p><strong>JEFE DE LA DIVISI\u00d3N DE INGENIER\u00cdA EN GESTI\u00d3N EMPRESARIAL<\/strong><\/p>\n<p style=\"text-align: justify;\"><strong>Objetivo: <\/strong>Coordinar las actividades concernientes al proceso Acad\u00e9mico-Administrativo.<\/p>\n<p style=\"text-align: justify;\">\n<p><strong>JEFE DE LA DIVISI\u00d3N DE LA INGENIER\u00cdA EN INDUSTRIAS ALIMENTARIAS<\/strong><\/p>\n<p style=\"text-align: justify;\"><strong>Objetivo:<\/strong> Coordinar las actividades concernientes al proceso Acad\u00e9mico-Administrativo.<\/p>\n<p style=\"text-align: justify;\">\n<p style=\"text-align: justify;\"><strong>JEFA DE LA DIVISI\u00d3N DE\u00a0 INGENIER\u00cdA EN SISTEMAS COMPUTACIONALES<\/strong><\/p>\n<p style=\"text-align: justify;\"><strong>Objetivo:<\/strong> Coordinar las actividades concernientes al proceso Acad\u00e9mico-Administrativo.<\/p>\n<p style=\"text-align: justify;\">\n<p style=\"text-align: left;\"><strong>JEFA DE LA DIVISI\u00d3N DE\u00a0 INGENIER\u00cdA EN SISTEMAS COMPUTACIONALES<\/strong><\/p>\n<p style=\"text-align: justify;\"><strong>Objetivo:<\/strong>Coordinar las actividades concernientes al proceso Acad\u00e9mico-Administrativo.<\/p>\n<p style=\"text-align: justify;\">\n<p style=\"text-align: left;\"><strong>JEFE DE LA DIVISI\u00d3N DE\u00a0 INGENIER\u00cdA INDUSTRIAL<\/strong><\/p>\n<p style=\"text-align: justify;\"><strong>Objetivo:<\/strong>Coordinar las actividades concernientes al proceso Acad\u00e9mico-Administrativo.<\/p>\n<p style=\"text-align: justify;\">\n<p style=\"text-align: left;\"><strong>JEFE DE LA DIVISI\u00d3N DE\u00a0 INGENIER\u00cdA EN INFORM\u00c1TICA<\/strong><\/p>\n<p style=\"text-align: justify;\"><strong>Objetivo:<\/strong>Coordinar las actividades concernientes al proceso Acad\u00e9mico-Administrativo.<\/p>\n<p style=\"text-align: justify;\">\n<p><strong>JEFE DE LA DIVISI\u00d3N DE\u00a0 INGENIER\u00cdA MECATR\u00d3NICA<\/strong><\/p>\n<p style=\"text-align: justify;\"><strong>Objetivo:<\/strong>Coordinar las actividades concernientes al proceso Acad\u00e9mico-Administrativo.<\/p>\n<p style=\"text-align: justify;\">\n<p style=\"text-align: left;\"><strong>JEFA DEL DEPARTAMENTO DE DESARROLLO ACAD\u00c9MICO<\/strong><\/p>\n<p style=\"text-align: justify;\"><strong>Objetivo:<\/strong>Fortalecer el aspecto sustantivo de la Instituci\u00f3n, colocarla a la vanguardia en contenidos de programas y en estructura de los planes de estudio.<\/p>\n<p style=\"text-align: justify;\">\n<p style=\"text-align: left;\"><strong>JEFA DEL DEPARTAMENTO DE CIENCIAS B\u00c1SICAS<\/strong><\/p>\n<p style=\"text-align: justify;\"><strong>Objetivo:<\/strong>Coordinar las actividades concernientes al proceso Acad\u00e9mico-Administrativo relacionado con Ciencias Basicas<\/p>\n<p>[\/et_pb_tab][et_pb_tab title=\u00bbSUBDIRECCI\u00d3N DE POSGRADO E INVESTIGACI\u00d3N\u00bb _builder_version=\u00bb4.27.4&#8243; _module_preset=\u00bbdefault\u00bb body_text_color=\u00bb#000000&#8243; global_colors_info=\u00bb{}\u00bb]<\/p>\n<p><strong>SUBDIRECTOR DE POSGRADO E INVESTIGACI\u00d3N<\/strong><\/p>\n<p style=\"text-align: justify;\"><strong>Objetivo: <\/strong>Organizar la detecci\u00f3n de necesidades de desarrollo regional y servicios de educaci\u00f3n superior tecnol\u00f3gica. Proponer programas y l\u00edneas de investigaci\u00f3n acordes a las necesidades de los diversos sectores productivos.<\/p>\n<p><strong>JEFE DEL DEPARTAMENTO DE POSGRADO E INVESTIGACI\u00d3N<\/strong><\/p>\n<p style=\"text-align: justify;\"><strong>Objetivo:<\/strong> Coordinar las acciones para detectar propuestas de investigaci\u00f3n relacionadas con los programas acad\u00e9micos que se imparten en el Instituto, la propuesta de objetivos, metas y actividades en materia de investigaci\u00f3n, la generaci\u00f3n de convenios de investigaci\u00f3n para la generaci\u00f3n de programas.<\/p>\n<p>[\/et_pb_tab][\/et_pb_tabs][\/et_pb_column][et_pb_column type=\u00bb1_2&#8243; _builder_version=\u00bb4.27.4&#8243; _module_preset=\u00bbdefault\u00bb global_colors_info=\u00bb{}\u00bb][et_pb_heading title=\u00bb\u00c1REA DE PLANEACI\u00d3N Y VINCULACI\u00d3N\u00bb _builder_version=\u00bb4.27.4&#8243; _module_preset=\u00bbdefault\u00bb title_font=\u00bb|600|||||||\u00bb title_text_align=\u00bbcenter\u00bb title_text_color=\u00bb#000000&#8243; title_font_size=\u00bb20px\u00bb global_colors_info=\u00bb{}\u00bb][\/et_pb_heading][et_pb_tabs _builder_version=\u00bb4.27.4&#8243; _module_preset=\u00bbdefault\u00bb global_colors_info=\u00bb{}\u00bb][et_pb_tab title=\u00bbDIRECTOR DE PLANEACI\u00d3N Y VINCULACI\u00d3N\u00bb _builder_version=\u00bb4.27.4&#8243; _module_preset=\u00bbdefault\u00bb body_text_color=\u00bb#000000&#8243; body_font_size=\u00bb15px\u00bb global_colors_info=\u00bb{}\u00bb]<\/p>\n<p style=\"text-align: justify;\"><strong>Objetivo:<\/strong> Planear, organizar, dirigir y controlar las actividades de planeaci\u00f3n y vinculaci\u00f3n del Instituto, relacionadas a la gesti\u00f3n tecnol\u00f3gica, planeaci\u00f3n y la vinculaci\u00f3n con el sector productivo, de conformidad con las disposiciones jur\u00eddicas aplicables.<\/p>\n<p>[\/et_pb_tab][et_pb_tab title=\u00bbSUBDIRECCI\u00d3N DE VINCULACI\u00d3N\u00bb _builder_version=\u00bb4.27.4&#8243; _module_preset=\u00bbdefault\u00bb body_text_color=\u00bb#000000&#8243; body_font_size=\u00bb15px\u00bb global_colors_info=\u00bb{}\u00bb]<\/p>\n<p><strong>SUBDIRECTOR DE VINCULACI\u00d3N<\/strong><\/p>\n<p style=\"text-align: justify;\"><strong>Objetivo:<\/strong> Elaborar los estudios y programas de vinculaci\u00f3n requeridos por el sector p\u00fablico, privado y social; planear, coordinar, controlar y evaluar las actividades relacionadas con las pr\u00e1cticas y promoci\u00f3n profesional, servicio social, desarrollo comunitario, as\u00ed como las relacionadas con la asesor\u00eda externa que brinda al Instituto.<\/p>\n<p style=\"text-align: justify;\"><strong>JEFA DEL DEPARTAMENTO DE VINCULACI\u00d3N<\/strong><\/p>\n<p style=\"text-align: justify;\"><strong>Objetivo:<\/strong>Tramitar ante las instancias que correspondan, la obtenci\u00f3n de patentes, licencias, franquicias requeridas por el Instituto para proteger y promover los resultados del programa de Desarrollo Tecnol\u00f3gico; detectar a los alumnos destacados en el ramo del desarrollo empresarial y proponer su participaci\u00f3n en los Concursos Nacionales Empresariales. Tramitar visitas de estudios y estad\u00edas.<\/p>\n<p style=\"text-align: justify;\"><strong style=\"text-align: justify;\">JEFE DEL DEPARTAMENTO DE DIFUSI\u00d3N Y CONCERTACI\u00d3N<\/strong><\/p>\n<p style=\"text-align: justify;\"><strong>Objetivo:<\/strong>Desarrollar la comunicaci\u00f3n interna y externa entre la comunidad tecnol\u00f3gica y la sociedad sobre las actividades acad\u00e9micas, culturales, sociales y pol\u00edticas a desarrollar por el Instituto. Elaborar el programa de Comunicaci\u00f3n Social de la Instituci\u00f3n, conforme a las pol\u00edticas y lineamientos en materia de prensa y difusi\u00f3n establecida por las autoridades correspondientes en materia de comunicaci\u00f3n.<\/p>\n<p style=\"text-align: justify;\"><strong style=\"text-align: justify;\">JEFA DEL DEPARTAMENTO DE RESIDENCIAS PROFESIONALES Y SERVICIO SOCIAL<\/strong><\/p>\n<p style=\"text-align: justify;\"><strong>Objetivo:<\/strong> Gestionar ante los organismos p\u00fablicos, sociales y privados los espacios para el cumplimiento del servicio social y residencias profesionales por parte del alumnado y\/o pasante de este requisito legal. Elaborar e impartir el curso de inducci\u00f3n de servicio social y residencias profesionales a los alumnos que re\u00fanan los requisitos para brindarles una asesor\u00eda y orientaci\u00f3n al alumno con el objeto de crear el compromiso en el con la sociedad.<\/p>\n<p>[\/et_pb_tab][et_pb_tab title=\u00bbSUBDIRECCI\u00d3N DE PLANEACI\u00d3N\u00bb _builder_version=\u00bb4.27.4&#8243; _module_preset=\u00bbdefault\u00bb body_text_color=\u00bb#000000&#8243; body_font_size=\u00bb15px\u00bb global_colors_info=\u00bb{}\u00bb]<\/p>\n<p><strong>SUBDIRECTOR DE PLANEACI\u00d3N<\/strong><\/p>\n<p style=\"text-align: justify;\"><strong>Objetivo:<\/strong> Realizar actividades de planeaci\u00f3n y evaluaci\u00f3n Institucional as\u00ed como participar en la organizaci\u00f3n de actividades administrativas del Instituto Tecnol\u00f3gico Superior de Teziutl\u00e1n.<\/p>\n<p style=\"text-align: justify;\"><strong>JEFE DEL DEPARTAMENTO DE PLANEACI\u00d3N Y PROGRAMACI\u00d3N<\/strong><\/p>\n<p style=\"text-align: justify;\"><strong>Objetivo:<\/strong> Planear y coordinar el anteproyecto de presupuesto, el programa operativo anual y lo relacionado a la planeaci\u00f3n, programaci\u00f3n, seguimiento y verificaci\u00f3n de construcci\u00f3n, mantenimiento y equipamiento del Instituto, de conformidad con las normas y lineamientos establecidos por la Secretar\u00eda de Educaci\u00f3n P\u00fablica.<\/p>\n<p style=\"text-align: justify;\"><strong>JEFE DEL DEPARTAMENTO DE ESTAD\u00cdSTICA Y EVALUACI\u00d3N<\/strong><\/p>\n<p style=\"text-align: justify;\"><strong>Objetivo:<\/strong> Coordinar la integraci\u00f3n de la estad\u00edstica b\u00e1sica del Instituto Tecnol\u00f3gico Superior de Teziutl\u00e1n y sistemas de informaci\u00f3n con la finalidad de mantener actualizados los indicadores e \u00edndices institucionales. Coordinar la elaboraci\u00f3n, integraci\u00f3n y evaluaci\u00f3n del Programa Operativo Anual Estatal, en conjunto con la Subdirecci\u00f3n de Planeaci\u00f3n, con base en los programas institucionales marcados en el Plan Institucional de Desarrollo.<\/p>\n<p style=\"text-align: justify;\"><strong>JEFE DEL DEPARTAMENTO DE CONTROL ESCOLAR<\/strong><\/p>\n<p style=\"text-align: justify;\"><strong>Objetivo:<\/strong> Planear, coordinar y controlar las actividades relacionadas con la prestaci\u00f3n de los Servicios Escolares a los alumnos del Instituto Tecnol\u00f3gico, conforme a las normas y lineamientos establecidos por la S.E.P.<\/p>\n<p>[\/et_pb_tab][et_pb_tab title=\u00bbSUBDIRECCI\u00d3N DE SERVICIOS ADMINISTRATIVOS\u00bb _builder_version=\u00bb4.27.4&#8243; _module_preset=\u00bbdefault\u00bb body_text_color=\u00bb#000000&#8243; body_font_size=\u00bb15px\u00bb global_colors_info=\u00bb{}\u00bb]<\/p>\n<p><strong>SUBDIRECTOR DE SERVICIOS ADMINISTRATIVOS<\/strong><\/p>\n<p style=\"text-align: justify;\"><strong>Objetivo: <\/strong>Planear y dirigir el desarrollo de las actividades relativas al manejo de recursos humanos, materiales y financieros, as\u00ed como servicios generales del Instituto; participar en la conformaci\u00f3n del presupuesto de egresos del Instituto, as\u00ed como la vigilancia del mismo.<\/p>\n<p style=\"text-align: justify;\">\n<p><strong>JEFA <\/strong><strong>DEL DEPARTAMENTO DE PERSONAL<\/strong><\/p>\n<p style=\"text-align: justify;\"><strong>Objetivo:<\/strong> Operar los sistemas de est\u00edmulos y reconocimientos del personal del Instituto autorizados por la Junta Directiva, desarrollar programas de inducci\u00f3n para el personal de nuevo ingreso, conjuntamente con las \u00e1reas sustantivas del Instituto.<\/p>\n<p style=\"text-align: justify;\">\n<p><strong>JEFE DEL DEPARTAMENTO DE RECURSOS FINANCIEROS<\/strong><\/p>\n<p style=\"text-align: justify;\"><strong>Objetivo:<\/strong> Planear, coordinar, controlar y evaluar las actividades relacionadas con la administraci\u00f3n de los recursos financieros del Instituto Tecnol\u00f3gico Superior de Teziutl\u00e1n, as\u00ed como el pago de remuneraciones, conforme a las normas y lineamientos establecidos por la Secretar\u00eda de Educaci\u00f3n P\u00fablica.<\/p>\n<p style=\"text-align: justify;\">\n<p><strong>JEFE DEL DEPARTAMENTO DE RECURSOS MATERIALES Y SERVICIOS<\/strong><\/p>\n<p style=\"text-align: justify;\"><strong>Objetivo:<\/strong>Llevar el control de la aplicaci\u00f3n del ejercicio presupuestal del gasto corriente por concepto de servicios personales derivados del funcionamiento del Instituto.<\/p>\n<p>[\/et_pb_tab][\/et_pb_tabs][\/et_pb_column][\/et_pb_row][\/et_pb_section]<\/p>\n","protected":false},"excerpt":{"rendered":"<p>Estructura Org\u00e1nicaInstituto Tecnol\u00f3gico Superior de Teziutl\u00e1nDIRECTORA GENERALObjetivo: Administrar la prestaci\u00f3n de los servicios educativos que ofrece el Instituto Tecnol\u00f3gico Superior de Teziutl\u00e1n, conforme a los objetivos de la Educaci\u00f3n Tecnol\u00f3gica Superior y de acuerdo a los lineamientos establecidos por la Direcci\u00f3n General de Institutos Tecnol\u00f3gicos.Objetivo: Planear, dirigir y administrar las actividades acad\u00e9micas del Instituto con [&hellip;]<\/p>\n","protected":false},"author":1,"featured_media":0,"parent":0,"menu_order":0,"comment_status":"closed","ping_status":"closed","template":"","meta":{"_et_pb_use_builder":"on","_et_pb_old_content":"<!-- wp:divi\/placeholder \/-->","_et_gb_content_width":"","footnotes":""},"class_list":["post-240","page","type-page","status-publish","hentry"],"_links":{"self":[{"href":"https:\/\/teziutlan.tecnm.mx\/index.php\/wp-json\/wp\/v2\/pages\/240","targetHints":{"allow":["GET"]}}],"collection":[{"href":"https:\/\/teziutlan.tecnm.mx\/index.php\/wp-json\/wp\/v2\/pages"}],"about":[{"href":"https:\/\/teziutlan.tecnm.mx\/index.php\/wp-json\/wp\/v2\/types\/page"}],"author":[{"embeddable":true,"href":"https:\/\/teziutlan.tecnm.mx\/index.php\/wp-json\/wp\/v2\/users\/1"}],"replies":[{"embeddable":true,"href":"https:\/\/teziutlan.tecnm.mx\/index.php\/wp-json\/wp\/v2\/comments?post=240"}],"version-history":[{"count":14,"href":"https:\/\/teziutlan.tecnm.mx\/index.php\/wp-json\/wp\/v2\/pages\/240\/revisions"}],"predecessor-version":[{"id":6577,"href":"https:\/\/teziutlan.tecnm.mx\/index.php\/wp-json\/wp\/v2\/pages\/240\/revisions\/6577"}],"wp:attachment":[{"href":"https:\/\/teziutlan.tecnm.mx\/index.php\/wp-json\/wp\/v2\/media?parent=240"}],"curies":[{"name":"wp","href":"https:\/\/api.w.org\/{rel}","templated":true}]}}