{"id":245,"date":"2025-03-19T21:46:30","date_gmt":"2025-03-19T21:46:30","guid":{"rendered":"http:\/\/10.10.25.1\/?page_id=245"},"modified":"2026-02-06T16:13:37","modified_gmt":"2026-02-06T22:13:37","slug":"certificaciones","status":"publish","type":"page","link":"https:\/\/teziutlan.tecnm.mx\/index.php\/certificaciones\/","title":{"rendered":"Certificaciones"},"content":{"rendered":"<p>[et_pb_section fb_built=\u00bb1&#8243; _builder_version=\u00bb4.27.4&#8243; _module_preset=\u00bbdefault\u00bb global_colors_info=\u00bb{}\u00bb][et_pb_row column_structure=\u00bb1_3,1_3,1_3&#8243; _builder_version=\u00bb4.27.4&#8243; _module_preset=\u00bbdefault\u00bb global_colors_info=\u00bb{}\u00bb][et_pb_column type=\u00bb1_3&#8243; _builder_version=\u00bb4.27.4&#8243; _module_preset=\u00bbdefault\u00bb global_colors_info=\u00bb{}\u00bb][et_pb_blurb title=\u00bbPOL\u00cdTICA AMBIENTAL\u00bb url=\u00bbhttps:\/\/teziutlan.tecnm.mx\/index.php\/politica-ambiental\/\u00bb image=\u00bbhttps:\/\/teziutlan.tecnm.mx\/wp-content\/uploads\/2025\/03\/slide-politica-ambiental-2-1-1.png\u00bb image_icon_width=\u00bb100%\u00bb _builder_version=\u00bb4.27.4&#8243; _module_preset=\u00bbdefault\u00bb header_font=\u00bb|700|||||||\u00bb header_text_align=\u00bbcenter\u00bb header_text_color=\u00bb#000000&#8243; header_font_size=\u00bb20px\u00bb body_font=\u00bb||||||||\u00bb body_text_color=\u00bb#8F8F8F\u00bb background_layout=\u00bbdark\u00bb custom_margin=\u00bb0px||||false|false\u00bb box_shadow_style_image=\u00bbpreset1&#8243; global_colors_info=\u00bb{}\u00bb]<\/p>\n<p style=\"text-align: justify;\">El Instituto Tecnol\u00f3gico Superior de Teziutl\u00e1n se compromete basado en su Alcance a mantener y mejorar su Sistema de Gesti\u00f3n Ambiental basado en la Norma ISO 14001:2015&#8230;<\/p>\n<p>[\/et_pb_blurb][et_pb_button button_url=\u00bbhttps:\/\/teziutlan.tecnm.mx\/index.php\/politica-ambiental\/\u00bb button_text=\u00bbLEER MAS: SISTEMAS DE GESTI\u00d3N AMBIENTAL\u00bb _builder_version=\u00bb4.27.4&#8243; _module_preset=\u00bbdefault\u00bb custom_button=\u00bbon\u00bb button_text_size=\u00bb15px\u00bb button_text_color=\u00bb#FFFFFF\u00bb button_bg_color=\u00bbgcid-heading-color\u00bb global_colors_info=\u00bb{%22gcid-heading-color%22:%91%22button_bg_color%22%93}\u00bb][\/et_pb_button][\/et_pb_column][et_pb_column type=\u00bb1_3&#8243; _builder_version=\u00bb4.27.4&#8243; _module_preset=\u00bbdefault\u00bb global_colors_info=\u00bb{}\u00bb][et_pb_blurb title=\u00bbSISTEMA DE GESTI\u00d3N DE CALIDAD\u00bb url=\u00bbhttps:\/\/teziutlan.tecnm.mx\/index.php\/sistema-de-gestion-de-calidad\/\u00bb image=\u00bbhttps:\/\/teziutlan.tecnm.mx\/wp-content\/uploads\/2025\/03\/gestion-de-calidad-_4_-_1_.webp\u00bb _builder_version=\u00bb4.27.4&#8243; _module_preset=\u00bbdefault\u00bb header_font=\u00bb|600|||||||\u00bb header_text_align=\u00bbcenter\u00bb header_text_color=\u00bb#000000&#8243; header_font_size=\u00bb20px\u00bb global_colors_info=\u00bb{}\u00bb]<\/p>\n<p>El Instituto Tecnol\u00f3gico Superior de Teziutl\u00e1n establece, implementa, mantiene y mejora continuamente su Sistema de Gesti\u00f3n de Calidad de acuerdo a los requisitos de la Norma ISO 9001:2015&#8230;<\/p>\n<p>[\/et_pb_blurb][et_pb_button button_url=\u00bbhttps:\/\/teziutlan.tecnm.mx\/index.php\/sistema-de-gestion-de-calidad\/\u00bb button_text=\u00bbLEER MAS: SISTEMA DE GESTI\u00d3N DE CALIDAD\u00bb _builder_version=\u00bb4.27.4&#8243; _module_preset=\u00bbdefault\u00bb custom_button=\u00bbon\u00bb button_text_size=\u00bb15px\u00bb button_text_color=\u00bb#FFFFFF\u00bb button_bg_color=\u00bbgcid-heading-color\u00bb global_colors_info=\u00bb{%22gcid-heading-color%22:%91%22button_bg_color%22%93}\u00bb][\/et_pb_button][\/et_pb_column][et_pb_column type=\u00bb1_3&#8243; _builder_version=\u00bb4.27.4&#8243; _module_preset=\u00bbdefault\u00bb global_colors_info=\u00bb{}\u00bb][et_pb_blurb title=\u00bbPOL\u00cdTICA DE IGUALDAD DE G\u00c9NERO Y NO DISCRIMINACI\u00d3N DEL TECNM\u00bb url=\u00bbhttps:\/\/teziutlan.tecnm.mx\/index.php\/politica-de-igualdad-de-genero-y-no-discriminacion-del-tecnm\/\u00bb image=\u00bbhttps:\/\/teziutlan.tecnm.mx\/wp-content\/uploads\/2025\/03\/politica_igualdad_2024-1.jpeg\u00bb _builder_version=\u00bb4.27.5&#8243; _module_preset=\u00bbdefault\u00bb header_font=\u00bb|700|||||||\u00bb header_text_align=\u00bbcenter\u00bb header_text_color=\u00bb#000000&#8243; header_font_size=\u00bb20px\u00bb hover_enabled=\u00bb0&#8243; global_colors_info=\u00bb{}\u00bb sticky_enabled=\u00bb0&#8243;]<\/p>\n<p style=\"text-align: justify;\">La comunidad del TecNM establece el compromiso con la promoci\u00f3n y ejercicio de los derechos humanos para toda persona que integra los Institutos, Unidades, Centros y Oficinas centrales&#8230;<\/p>\n<p>[\/et_pb_blurb][et_pb_button button_url=\u00bbhttps:\/\/teziutlan.tecnm.mx\/index.php\/politica-de-igualdad-de-genero-y-no-discriminacion-del-tecnm\/\u00bb button_text=\u00bbLEER MAS: SISTEMA DE GESTI\u00d3N DE IGUALDAD DE GENERO Y NO DISCRIMINACI\u00d3N\u00bb _builder_version=\u00bb4.27.4&#8243; _module_preset=\u00bbdefault\u00bb custom_button=\u00bbon\u00bb button_text_size=\u00bb15px\u00bb button_text_color=\u00bb#FFFFFF\u00bb button_bg_color=\u00bbgcid-heading-color\u00bb global_colors_info=\u00bb{%22gcid-heading-color%22:%91%22button_bg_color%22%93}\u00bb][\/et_pb_button][\/et_pb_column][\/et_pb_row][\/et_pb_section]<\/p>\n","protected":false},"excerpt":{"rendered":"<p>El Instituto Tecnol\u00f3gico Superior de Teziutl\u00e1n se compromete basado en su Alcance a mantener y mejorar su Sistema de Gesti\u00f3n Ambiental basado en la Norma ISO 14001:2015&#8230;El Instituto Tecnol\u00f3gico Superior de Teziutl\u00e1n establece, implementa, mantiene y mejora continuamente su Sistema de Gesti\u00f3n de Calidad de acuerdo a los requisitos de la Norma ISO 9001:2015&#8230;La comunidad [&hellip;]<\/p>\n","protected":false},"author":1,"featured_media":0,"parent":0,"menu_order":0,"comment_status":"closed","ping_status":"closed","template":"","meta":{"_et_pb_use_builder":"on","_et_pb_old_content":"<!-- wp:divi\/placeholder \/-->","_et_gb_content_width":"","footnotes":""},"class_list":["post-245","page","type-page","status-publish","hentry"],"_links":{"self":[{"href":"https:\/\/teziutlan.tecnm.mx\/index.php\/wp-json\/wp\/v2\/pages\/245","targetHints":{"allow":["GET"]}}],"collection":[{"href":"https:\/\/teziutlan.tecnm.mx\/index.php\/wp-json\/wp\/v2\/pages"}],"about":[{"href":"https:\/\/teziutlan.tecnm.mx\/index.php\/wp-json\/wp\/v2\/types\/page"}],"author":[{"embeddable":true,"href":"https:\/\/teziutlan.tecnm.mx\/index.php\/wp-json\/wp\/v2\/users\/1"}],"replies":[{"embeddable":true,"href":"https:\/\/teziutlan.tecnm.mx\/index.php\/wp-json\/wp\/v2\/comments?post=245"}],"version-history":[{"count":11,"href":"https:\/\/teziutlan.tecnm.mx\/index.php\/wp-json\/wp\/v2\/pages\/245\/revisions"}],"predecessor-version":[{"id":4021,"href":"https:\/\/teziutlan.tecnm.mx\/index.php\/wp-json\/wp\/v2\/pages\/245\/revisions\/4021"}],"wp:attachment":[{"href":"https:\/\/teziutlan.tecnm.mx\/index.php\/wp-json\/wp\/v2\/media?parent=245"}],"curies":[{"name":"wp","href":"https:\/\/api.w.org\/{rel}","templated":true}]}}