{"id":2550,"date":"2025-06-06T11:33:16","date_gmt":"2025-06-06T17:33:16","guid":{"rendered":"https:\/\/teziutlan.tecnm.mx\/?page_id=2550"},"modified":"2026-01-14T11:37:00","modified_gmt":"2026-01-14T17:37:00","slug":"expedientes-reservados","status":"publish","type":"page","link":"https:\/\/teziutlan.tecnm.mx\/index.php\/expedientes-reservados\/","title":{"rendered":"Expedientes Reservados"},"content":{"rendered":"<p>[et_pb_section fb_built=\u00bb1&#8243; _builder_version=\u00bb4.27.4&#8243; _module_preset=\u00bbdefault\u00bb global_colors_info=\u00bb{}\u00bb][et_pb_row _builder_version=\u00bb4.27.4&#8243; _module_preset=\u00bbdefault\u00bb background_color=\u00bb#ef5939&#8243; custom_padding=\u00bb0px||0px||false|false\u00bb global_colors_info=\u00bb{}\u00bb][et_pb_column type=\u00bb4_4&#8243; _builder_version=\u00bb4.27.4&#8243; _module_preset=\u00bbdefault\u00bb global_colors_info=\u00bb{}\u00bb][et_pb_text _builder_version=\u00bb4.27.4&#8243; _module_preset=\u00bbdefault\u00bb text_font=\u00bb|700|||||||\u00bb text_text_color=\u00bb#FFFFFF\u00bb text_font_size=\u00bb45px\u00bb header_font_size=\u00bb33px\u00bb header_2_font_size=\u00bb39px\u00bb background_color=\u00bb#ef5939&#8243; text_orientation=\u00bbcenter\u00bb background_layout=\u00bbdark\u00bb custom_padding=\u00bb20px||20px||false|false\u00bb custom_padding_tablet=\u00bb20px||20px||false|false\u00bb custom_padding_phone=\u00bb20px|10px|20px|10px|false|false\u00bb custom_padding_last_edited=\u00bbon|phone\u00bb text_font_size_tablet=\u00bb45px\u00bb text_font_size_phone=\u00bb28px\u00bb text_font_size_last_edited=\u00bbon|phone\u00bb text_line_height_tablet=\u00bb1em\u00bb text_line_height_phone=\u00bb1em\u00bb text_line_height_last_edited=\u00bbon|phone\u00bb global_colors_info=\u00bb{}\u00bb]<\/p>\n<p>Expedientes Clasificados como Reservados<\/p>\n<p>[\/et_pb_text][\/et_pb_column][\/et_pb_row][et_pb_row _builder_version=\u00bb4.27.4&#8243; _module_preset=\u00bbdefault\u00bb global_colors_info=\u00bb{}\u00bb][et_pb_column type=\u00bb4_4&#8243; _builder_version=\u00bb4.27.4&#8243; _module_preset=\u00bbdefault\u00bb global_colors_info=\u00bb{}\u00bb][et_pb_text _builder_version=\u00bb4.27.4&#8243; _module_preset=\u00bbdefault\u00bb text_font=\u00bbAlbert Sans||||||||\u00bb text_font_size=\u00bb17px\u00bb custom_margin=\u00bb|0px||0px|false|false\u00bb custom_margin_tablet=\u00bb|0px||0px|false|false\u00bb custom_margin_phone=\u00bb|0px||0px|false|false\u00bb custom_margin_last_edited=\u00bbon|desktop\u00bb text_orientation_tablet=\u00bb\u00bb text_orientation_phone=\u00bbjustified\u00bb text_orientation_last_edited=\u00bbon|phone\u00bb global_colors_info=\u00bb{}\u00bb]<\/p>\n<p>En cumplimiento al Art. 128 de la Ley de Transparencia y Acceso a la Informaci\u00f3n P\u00fablica, deber\u00e1 elaborarse semestralmente y publicarse en formatos abiertos, un \u00edndice de expedientes clasificados como reservados, y de acuerdo a la tabla de actualizaci\u00f3n y conservaci\u00f3n de este Instituto, se deber\u00e1 mantener publicada la informaci\u00f3n correspondiente al ejercicio en curso y dos anteriores.<\/p>\n<p>[\/et_pb_text][\/et_pb_column][\/et_pb_row][et_pb_row _builder_version=\u00bb4.27.4&#8243; _module_preset=\u00bbdefault\u00bb global_colors_info=\u00bb{}\u00bb][et_pb_column type=\u00bb4_4&#8243; _builder_version=\u00bb4.27.4&#8243; _module_preset=\u00bbdefault\u00bb global_colors_info=\u00bb{}\u00bb][et_pb_toggle title=\u00bbExpedientes Reservados 2025&#8243; open_toggle_text_color=\u00bb#ef5939&#8243; open_toggle_background_color=\u00bbRGBA(255,255,255,0)\u00bb closed_toggle_background_color=\u00bbRGBA(255,255,255,0)\u00bb toggle_icon=\u00bb&#x33;||divi||400&#8243; use_icon_font_size=\u00bbon\u00bb open_toggle_icon=\u00bb&#x32;||divi||400&#8243; _builder_version=\u00bb4.27.5&#8243; _module_preset=\u00bbdefault\u00bb title_text_color=\u00bb#ef5939&#8243; title_font=\u00bb|700|||||||\u00bb title_font_size=\u00bb24px\u00bb body_font_size=\u00bb16px\u00bb hover_enabled=\u00bb0&#8243; title_font_size_tablet=\u00bb24px\u00bb title_font_size_phone=\u00bb22px\u00bb title_font_size_last_edited=\u00bbon|phone\u00bb body_font_size_tablet=\u00bb16px\u00bb body_font_size_phone=\u00bb14px\u00bb body_font_size_last_edited=\u00bbon|phone\u00bb border_color_all=\u00bb#000000&#8243; border_width_right=\u00bb0px\u00bb border_width_left=\u00bb0px\u00bb global_colors_info=\u00bb{}\u00bb sticky_enabled=\u00bb0&#8243;]<\/p>\n<p><a href=\"https:\/\/cloud.teziutlan.tecnm.mx\/TransparenciaWeb\/Archivos\/VerArchivo?rutaRelativa=IndiceDeLosExpedientesClasificadosComoReservados&amp;nombreArchivo=EXPEDIENTES%20RESERVADOS%201ER%20SEM%202025.pdf\" target=\"_blank\" rel=\"noopener\"><span>\ud83d\udcc4 EXPEDIENTES RESERVADOS 1ER SEM 2025.pdf<\/span><\/a><\/p>\n<p><a href=\"https:\/\/cloud.teziutlan.tecnm.mx\/TransparenciaWeb\/Archivos\/VerArchivo?rutaRelativa=IndiceDeLosExpedientesClasificadosComoReservados&amp;nombreArchivo=EXPEDIENTES%20RESERVADOS%202DO%20SEMESTRE%202025.pdf\" target=\"_blank\" rel=\"noopener\"><span>\ud83d\udcc4 EXPEDIENTES RESERVADOS 2DO SEM 2025.pdf<\/span><\/a><\/p>\n<div><\/div>\n<p>[\/et_pb_toggle][et_pb_toggle title=\u00bbExpedientes Reservados 2024&#8243; open_toggle_text_color=\u00bb#ef5939&#8243; open_toggle_background_color=\u00bbRGBA(255,255,255,0)\u00bb closed_toggle_background_color=\u00bbRGBA(255,255,255,0)\u00bb toggle_icon=\u00bb&#x33;||divi||400&#8243; use_icon_font_size=\u00bbon\u00bb open_toggle_icon=\u00bb&#x32;||divi||400&#8243; _builder_version=\u00bb4.27.4&#8243; _module_preset=\u00bbdefault\u00bb title_text_color=\u00bb#ef5939&#8243; title_font=\u00bb|700|||||||\u00bb title_font_size=\u00bb24px\u00bb body_font_size=\u00bb16px\u00bb title_font_size_tablet=\u00bb24px\u00bb title_font_size_phone=\u00bb22px\u00bb title_font_size_last_edited=\u00bbon|phone\u00bb body_font_size_tablet=\u00bb16px\u00bb body_font_size_phone=\u00bb14px\u00bb body_font_size_last_edited=\u00bbon|phone\u00bb border_color_all=\u00bb#000000&#8243; border_width_right=\u00bb0px\u00bb border_width_left=\u00bb0px\u00bb global_colors_info=\u00bb{}\u00bb]<\/p>\n<p><a href=\"http:\/\/cloud.teziutlan.tecnm.mx\/TransparenciaWeb\/Archivos\/VerArchivo?rutaRelativa=IndiceDeLosExpedientesClasificadosComoReservados&amp;nombreArchivo=EXPEDIENTES%20RESERVADOS%201ER%20SEM%202024.pdf\" target=\"_blank\" rel=\"noopener\"><span>\ud83d\udcc4 EXPEDIENTES RESERVADOS 1ER SEM 2024.pdf<\/span><\/a><\/p>\n<p><a href=\"http:\/\/cloud.teziutlan.tecnm.mx\/TransparenciaWeb\/Archivos\/VerArchivo?rutaRelativa=IndiceDeLosExpedientesClasificadosComoReservados&amp;nombreArchivo=EXPEDIENTES%20RESERVADOS%202DO%20SEM%202024.pdf\" target=\"_blank\" rel=\"noopener\"><span>\ud83d\udcc4 EXPEDIENTES RESERVADOS 2DO SEM 2024.pdf<\/span><\/a><\/p>\n<p>[\/et_pb_toggle][et_pb_toggle title=\u00bbExpedientes Reservados 2023&#8243; open_toggle_text_color=\u00bb#ef5939&#8243; open_toggle_background_color=\u00bbRGBA(255,255,255,0)\u00bb closed_toggle_background_color=\u00bbRGBA(255,255,255,0)\u00bb toggle_icon=\u00bb&#x33;||divi||400&#8243; use_icon_font_size=\u00bbon\u00bb open_toggle_icon=\u00bb&#x32;||divi||400&#8243; _builder_version=\u00bb4.27.4&#8243; _module_preset=\u00bbdefault\u00bb title_text_color=\u00bb#ef5939&#8243; title_font=\u00bb|700|||||||\u00bb title_font_size=\u00bb24px\u00bb body_font_size=\u00bb16px\u00bb title_font_size_tablet=\u00bb24px\u00bb title_font_size_phone=\u00bb22px\u00bb title_font_size_last_edited=\u00bbon|phone\u00bb body_font_size_tablet=\u00bb16px\u00bb body_font_size_phone=\u00bb14px\u00bb body_font_size_last_edited=\u00bbon|phone\u00bb border_color_all=\u00bb#000000&#8243; border_width_right=\u00bb0px\u00bb border_width_left=\u00bb0px\u00bb global_colors_info=\u00bb{}\u00bb]<\/p>\n<p><a href=\"http:\/\/cloud.teziutlan.tecnm.mx\/TransparenciaWeb\/Archivos\/VerArchivo?rutaRelativa=IndiceDeLosExpedientesClasificadosComoReservados&amp;nombreArchivo=EXPEDIENTES%20RESERVADOS%201ER%20SEM%202023.pdf\" target=\"_blank\" rel=\"noopener\"><span>\ud83d\udcc4 EXPEDIENTES RESERVADOS 1ER SEM 2023.pdf<\/span><\/a><\/p>\n<p><a href=\"http:\/\/cloud.teziutlan.tecnm.mx\/TransparenciaWeb\/Archivos\/VerArchivo?rutaRelativa=IndiceDeLosExpedientesClasificadosComoReservados&amp;nombreArchivo=EXPEDIENTES%20RESERVADOS%202DO%20SEM%202023.pdf\" target=\"_blank\" rel=\"noopener\"><span>\ud83d\udcc4 EXPEDIENTES RESERVADOS 2DO SEM 2023.pdf<\/span><\/a><\/p>\n<p>[\/et_pb_toggle][\/et_pb_column][\/et_pb_row][\/et_pb_section]<\/p>\n","protected":false},"excerpt":{"rendered":"<p>Expedientes Clasificados como ReservadosEn cumplimiento al Art. 128 de la Ley de Transparencia y Acceso a la Informaci\u00f3n P\u00fablica, deber\u00e1 elaborarse semestralmente y publicarse en formatos abiertos, un \u00edndice de expedientes clasificados como reservados, y de acuerdo a la tabla de actualizaci\u00f3n y conservaci\u00f3n de este Instituto, se deber\u00e1 mantener publicada la informaci\u00f3n correspondiente al [&hellip;]<\/p>\n","protected":false},"author":1,"featured_media":0,"parent":0,"menu_order":0,"comment_status":"closed","ping_status":"closed","template":"","meta":{"_et_pb_use_builder":"on","_et_pb_old_content":"","_et_gb_content_width":"","footnotes":""},"class_list":["post-2550","page","type-page","status-publish","hentry"],"_links":{"self":[{"href":"https:\/\/teziutlan.tecnm.mx\/index.php\/wp-json\/wp\/v2\/pages\/2550","targetHints":{"allow":["GET"]}}],"collection":[{"href":"https:\/\/teziutlan.tecnm.mx\/index.php\/wp-json\/wp\/v2\/pages"}],"about":[{"href":"https:\/\/teziutlan.tecnm.mx\/index.php\/wp-json\/wp\/v2\/types\/page"}],"author":[{"embeddable":true,"href":"https:\/\/teziutlan.tecnm.mx\/index.php\/wp-json\/wp\/v2\/users\/1"}],"replies":[{"embeddable":true,"href":"https:\/\/teziutlan.tecnm.mx\/index.php\/wp-json\/wp\/v2\/comments?post=2550"}],"version-history":[{"count":11,"href":"https:\/\/teziutlan.tecnm.mx\/index.php\/wp-json\/wp\/v2\/pages\/2550\/revisions"}],"predecessor-version":[{"id":3760,"href":"https:\/\/teziutlan.tecnm.mx\/index.php\/wp-json\/wp\/v2\/pages\/2550\/revisions\/3760"}],"wp:attachment":[{"href":"https:\/\/teziutlan.tecnm.mx\/index.php\/wp-json\/wp\/v2\/media?parent=2550"}],"curies":[{"name":"wp","href":"https:\/\/api.w.org\/{rel}","templated":true}]}}