{"id":2944,"date":"2025-07-29T13:53:16","date_gmt":"2025-07-29T19:53:16","guid":{"rendered":"https:\/\/teziutlan.tecnm.mx\/?page_id=2944"},"modified":"2026-04-28T16:33:48","modified_gmt":"2026-04-28T22:33:48","slug":"subdireccion-de-posgrados-e-investigacion","status":"publish","type":"page","link":"https:\/\/teziutlan.tecnm.mx\/index.php\/subdireccion-de-posgrados-e-investigacion\/","title":{"rendered":"Subdirecci\u00f3n de Posgrados e Investigaci\u00f3n"},"content":{"rendered":"<p>[et_pb_section fb_built=\u00bb1&#8243; _builder_version=\u00bb4.27.6&#8243; _module_preset=\u00bbdefault\u00bb background_image=\u00bbhttps:\/\/teziutlan.tecnm.mx\/wp-content\/uploads\/2025\/07\/popopo.jpg\u00bb width_tablet=\u00bb\u00bb width_phone=\u00bb\u00bb width_last_edited=\u00bbon|phone\u00bb max_width_tablet=\u00bb\u00bb max_width_phone=\u00bb\u00bb max_width_last_edited=\u00bbon|phone\u00bb height=\u00bb340px\u00bb height_tablet=\u00bb340px\u00bb height_phone=\u00bb174px\u00bb height_last_edited=\u00bbon|phone\u00bb custom_margin=\u00bb||||false|false\u00bb hover_enabled=\u00bb0&#8243; background_last_edited=\u00bbon|tablet\u00bb background_image_phone=\u00bbhttps:\/\/teziutlan.tecnm.mx\/wp-content\/uploads\/2025\/07\/popopo.jpg\u00bb background_enable_image_phone=\u00bbon\u00bb background_size_phone=\u00bbcustom\u00bb background_image_width_phone=\u00bb100%\u00bb background_image_height_phone=\u00bb100%\u00bb module_alignment_tablet=\u00bb\u00bb module_alignment_phone=\u00bbcenter\u00bb module_alignment_last_edited=\u00bbon|phone\u00bb border_radii=\u00bboff||||\u00bb border_width_all=\u00bb0px\u00bb global_colors_info=\u00bb{}\u00bb sticky_enabled=\u00bb0&#8243; background_size_tablet=\u00bbcustom\u00bb background_image_width_tablet=\u00bb100%\u00bb background_image_height_tablet=\u00bb100%\u00bb][\/et_pb_section][et_pb_section fb_built=\u00bb1&#8243; _builder_version=\u00bb4.27.4&#8243; _module_preset=\u00bbdefault\u00bb global_colors_info=\u00bb{}\u00bb][et_pb_row column_structure=\u00bb1_3,1_3,1_3&#8243; _builder_version=\u00bb4.27.4&#8243; _module_preset=\u00bbdefault\u00bb width=\u00bb100%\u00bb max_width=\u00bb1300px\u00bb custom_margin=\u00bb-74px||||false|false\u00bb global_colors_info=\u00bb{}\u00bb][et_pb_column type=\u00bb1_3&#8243; _builder_version=\u00bb4.27.4&#8243; _module_preset=\u00bbdefault\u00bb global_colors_info=\u00bb{}\u00bb][et_pb_blurb title=\u00bbOrganigrama \u00bb url=\u00bbhttps:\/\/teziutlan.tecnm.mx\/index.php\/organigrama-posgrado\/\u00bb use_icon=\u00bbon\u00bb font_icon=\u00bb&#xf0e8;||fa||900&#8243; icon_color=\u00bb#ffffff\u00bb image_icon_width=\u00bb85px\u00bb _builder_version=\u00bb4.27.4&#8243; _module_preset=\u00bbdefault\u00bb header_font=\u00bbRoboto|700|||||||\u00bb header_text_align=\u00bbcenter\u00bb header_text_color=\u00bb#FFFFFF\u00bb header_font_size=\u00bb23px\u00bb background_color=\u00bb#0085dd\u00bb text_orientation=\u00bbcenter\u00bb custom_padding=\u00bb80px|75px|80px|75px|false|false\u00bb link_option_url=\u00bbhttps:\/\/teziutlan.tecnm.mx\/index.php\/organigrama-posgrado\/\u00bb border_radii=\u00bbon|222px|222px|222px|222px\u00bb border_width_all=\u00bb38px\u00bb border_color_all=\u00bb#FFFFFF\u00bb global_colors_info=\u00bb{}\u00bb][\/et_pb_blurb][\/et_pb_column][et_pb_column type=\u00bb1_3&#8243; _builder_version=\u00bb4.27.4&#8243; _module_preset=\u00bbdefault\u00bb global_colors_info=\u00bb{}\u00bb][et_pb_blurb title=\u00bbDirectorio\u00bb url=\u00bbhttps:\/\/cloud.teziutlan.tecnm.mx\/TransparenciaWeb\/Archivos\/VerArchivo?rutaRelativa=Posgrados&#038;nombreArchivo=Directorio%20de%20Posgrado.jpeg\u00bb url_new_window=\u00bbon\u00bb use_icon=\u00bbon\u00bb font_icon=\u00bb&#xe026;||divi||400&#8243; icon_color=\u00bb#ffffff\u00bb image_icon_width=\u00bb85px\u00bb _builder_version=\u00bb4.27.4&#8243; _module_preset=\u00bbdefault\u00bb header_font=\u00bbRoboto|700|||||||\u00bb header_text_align=\u00bbcenter\u00bb header_text_color=\u00bb#FFFFFF\u00bb header_font_size=\u00bb25px\u00bb background_color=\u00bb#3faf16&#8243; text_orientation=\u00bbcenter\u00bb custom_padding=\u00bb80px|75px|80px|75px|false|false\u00bb link_option_url=\u00bbhttps:\/\/cloud.teziutlan.tecnm.mx\/TransparenciaWeb\/Archivos\/VerArchivo?rutaRelativa=Posgrados&#038;nombreArchivo=Directorio%20de%20Posgrado.jpeg\u00bb link_option_url_new_window=\u00bbon\u00bb border_radii=\u00bbon|222px|222px|222px|222px\u00bb border_width_all=\u00bb38px\u00bb border_color_all=\u00bb#FFFFFF\u00bb global_colors_info=\u00bb{}\u00bb][\/et_pb_blurb][\/et_pb_column][et_pb_column type=\u00bb1_3&#8243; _builder_version=\u00bb4.27.4&#8243; _module_preset=\u00bbdefault\u00bb global_colors_info=\u00bb{}\u00bb][et_pb_blurb title=\u00bbInfraestructura\u00bb url=\u00bbhttps:\/\/teziutlan.tecnm.mx\/index.php\/infraestructura\/\u00bb use_icon=\u00bbon\u00bb font_icon=\u00bb&#xf275;||fa||900&#8243; icon_color=\u00bb#ffffff\u00bb image_icon_width=\u00bb85px\u00bb _builder_version=\u00bb4.27.4&#8243; _module_preset=\u00bbdefault\u00bb header_font=\u00bbRoboto|700|||||||\u00bb header_text_align=\u00bbcenter\u00bb header_text_color=\u00bb#FFFFFF\u00bb header_font_size=\u00bb22px\u00bb background_color=\u00bb#e87000&#8243; text_orientation=\u00bbcenter\u00bb custom_padding=\u00bb80px|75px|80px|75px|false|false\u00bb link_option_url=\u00bbhttps:\/\/teziutlan.tecnm.mx\/index.php\/infraestructura\/\u00bb border_radii=\u00bbon|222px|222px|222px|222px\u00bb border_width_all=\u00bb38px\u00bb border_color_all=\u00bb#FFFFFF\u00bb global_colors_info=\u00bb{}\u00bb][\/et_pb_blurb][\/et_pb_column][\/et_pb_row][et_pb_row _builder_version=\u00bb4.27.4&#8243; _module_preset=\u00bbdefault\u00bb global_colors_info=\u00bb{}\u00bb][et_pb_column type=\u00bb4_4&#8243; _builder_version=\u00bb4.27.4&#8243; _module_preset=\u00bbdefault\u00bb global_colors_info=\u00bb{}\u00bb][et_pb_divider _builder_version=\u00bb4.27.4&#8243; _module_preset=\u00bbdefault\u00bb global_colors_info=\u00bb{}\u00bb][\/et_pb_divider][\/et_pb_column][\/et_pb_row][et_pb_row _builder_version=\u00bb4.27.4&#8243; _module_preset=\u00bbdefault\u00bb custom_margin=\u00bb25px||||false|false\u00bb global_colors_info=\u00bb{}\u00bb][et_pb_column type=\u00bb4_4&#8243; _builder_version=\u00bb4.27.4&#8243; _module_preset=\u00bbdefault\u00bb global_colors_info=\u00bb{}\u00bb][et_pb_text _builder_version=\u00bb4.27.4&#8243; _module_preset=\u00bbdefault\u00bb text_font=\u00bb|700|||||||\u00bb text_font_size=\u00bb26px\u00bb global_colors_info=\u00bb{}\u00bb]<\/p>\n<p>Contacto<\/p>\n<p>[\/et_pb_text][et_pb_text _builder_version=\u00bb4.27.5&#8243; _module_preset=\u00bbdefault\u00bb text_font=\u00bb||||||||\u00bb custom_margin=\u00bb-15px||||false|false\u00bb global_colors_info=\u00bb{}\u00bb]<\/p>\n<p><span>Titular: Mtra. Lilia Adriana Ib\u00e1\u00f1ez Salas<\/span><br \/><span>Ubicaci\u00f3n Administrativa: Instituto Tecnol\u00f3gico Superior de Teziutl\u00e1n<\/span><br \/><span>Tel\u00e9fono: 231 31 14001 \/ 14002 Ext 705 y 707<\/span><br \/><span>Correo Electr\u00f3nico: sub_posgrado@teziutlan.tecnm.mx<\/span><\/p>\n<p>[\/et_pb_text][\/et_pb_column][\/et_pb_row][\/et_pb_section]<\/p>\n","protected":false},"excerpt":{"rendered":"<p>ContactoTitular: Mtra. Lilia Adriana Ib\u00e1\u00f1ez SalasUbicaci\u00f3n Administrativa: Instituto Tecnol\u00f3gico Superior de Teziutl\u00e1nTel\u00e9fono: 231 31 14001 \/ 14002 Ext 705 y 707Correo Electr\u00f3nico: sub_posgrado@teziutlan.tecnm.mx<\/p>\n","protected":false},"author":1,"featured_media":0,"parent":0,"menu_order":0,"comment_status":"closed","ping_status":"closed","template":"","meta":{"_et_pb_use_builder":"on","_et_pb_old_content":"","_et_gb_content_width":"","footnotes":""},"class_list":["post-2944","page","type-page","status-publish","hentry"],"_links":{"self":[{"href":"https:\/\/teziutlan.tecnm.mx\/index.php\/wp-json\/wp\/v2\/pages\/2944","targetHints":{"allow":["GET"]}}],"collection":[{"href":"https:\/\/teziutlan.tecnm.mx\/index.php\/wp-json\/wp\/v2\/pages"}],"about":[{"href":"https:\/\/teziutlan.tecnm.mx\/index.php\/wp-json\/wp\/v2\/types\/page"}],"author":[{"embeddable":true,"href":"https:\/\/teziutlan.tecnm.mx\/index.php\/wp-json\/wp\/v2\/users\/1"}],"replies":[{"embeddable":true,"href":"https:\/\/teziutlan.tecnm.mx\/index.php\/wp-json\/wp\/v2\/comments?post=2944"}],"version-history":[{"count":19,"href":"https:\/\/teziutlan.tecnm.mx\/index.php\/wp-json\/wp\/v2\/pages\/2944\/revisions"}],"predecessor-version":[{"id":6740,"href":"https:\/\/teziutlan.tecnm.mx\/index.php\/wp-json\/wp\/v2\/pages\/2944\/revisions\/6740"}],"wp:attachment":[{"href":"https:\/\/teziutlan.tecnm.mx\/index.php\/wp-json\/wp\/v2\/media?parent=2944"}],"curies":[{"name":"wp","href":"https:\/\/api.w.org\/{rel}","templated":true}]}}