{"id":3069,"date":"2025-07-31T16:40:51","date_gmt":"2025-07-31T22:40:51","guid":{"rendered":"https:\/\/teziutlan.tecnm.mx\/?page_id=3069"},"modified":"2026-05-01T19:02:36","modified_gmt":"2026-05-02T01:02:36","slug":"procesos-y-normativa-posgrados","status":"publish","type":"page","link":"https:\/\/teziutlan.tecnm.mx\/index.php\/procesos-y-normativa-posgrados\/","title":{"rendered":"Procesos y Normativa Posgrados"},"content":{"rendered":"<p>[et_pb_section fb_built=\u00bb1&#8243; _builder_version=\u00bb4.27.6&#8243; _module_preset=\u00bbdefault\u00bb background_image=\u00bbhttps:\/\/teziutlan.tecnm.mx\/wp-content\/uploads\/2025\/08\/Copia-de-Diseno-sin-titulo.png\u00bb min_height_tablet=\u00bb190px\u00bb min_height_phone=\u00bb\u00bb min_height_last_edited=\u00bbon|phone\u00bb height=\u00bb340px\u00bb height_tablet=\u00bbauto\u00bb height_phone=\u00bb100px\u00bb height_last_edited=\u00bbon|tablet\u00bb hover_enabled=\u00bb0&#8243; background_last_edited=\u00bbon|tablet\u00bb background_size_phone=\u00bbcustom\u00bb background_image_width_phone=\u00bb100%\u00bb background_image_height_phone=\u00bb100%\u00bb global_colors_info=\u00bb{}\u00bb sticky_enabled=\u00bb0&#8243;][\/et_pb_section][et_pb_section fb_built=\u00bb1&#8243; _builder_version=\u00bb4.27.4&#8243; _module_preset=\u00bbdefault\u00bb global_colors_info=\u00bb{}\u00bb][et_pb_row _builder_version=\u00bb4.27.4&#8243; _module_preset=\u00bbdefault\u00bb global_colors_info=\u00bb{}\u00bb][et_pb_column type=\u00bb4_4&#8243; _builder_version=\u00bb4.27.4&#8243; _module_preset=\u00bbdefault\u00bb global_colors_info=\u00bb{}\u00bb][et_pb_toggle title=\u00bbNormativa\u00bb icon_color=\u00bb#0C71C3&#8243; open_icon_color=\u00bb#0C71C3&#8243; _builder_version=\u00bb4.27.4&#8243; _module_preset=\u00bbdefault\u00bb title_text_color=\u00bb#000000&#8243; title_font=\u00bb|700|||||||\u00bb title_font_size=\u00bb24px\u00bb link_option_url_new_window=\u00bbon\u00bb global_colors_info=\u00bb{}\u00bb]<\/p>\n<p><a href=\"https:\/\/cloud.teziutlan.tecnm.mx\/TransparenciaWeb\/Archivos\/VerArchivo?rutaRelativa=Posgrados%2FNormativa&amp;nombreArchivo=Acuerdo%20AREAS%20Y%20TEMAS%20DE%20PROGRAMAS%20DE%20POSGRADO.pdf\"><span>\ud83d\udcc4 Acuerdo AREAS Y TEMAS DE PROGRAMAS DE POSGRADO.pdf<\/span><\/a><\/p>\n<p><a href=\"https:\/\/cloud.teziutlan.tecnm.mx\/TransparenciaWeb\/Archivos\/VerArchivo?rutaRelativa=Posgrados%2FNormativa&amp;nombreArchivo=ACUERDO%20No%201-SPC%20VIOLACION%20DE%20CICLO.pdf\"><span>\ud83d\udcc4 ACUERDO No 1-SPC VIOLACION DE CICLO.pdf<\/span><\/a><\/p>\n<p><a href=\"https:\/\/cloud.teziutlan.tecnm.mx\/TransparenciaWeb\/Archivos\/VerArchivo?rutaRelativa=Posgrados%2FNormativa&amp;nombreArchivo=ACUERDO%20No%202-SPC%20VIOLACION%20DE%20CICLO.pdf\"><span>\ud83d\udcc4 ACUERDO No 2-SPC VIOLACION DE CICLO.pdf<\/span><\/a><\/p>\n<p><a href=\"https:\/\/cloud.teziutlan.tecnm.mx\/TransparenciaWeb\/Archivos\/VerArchivo?rutaRelativa=Posgrados%2FNormativa&amp;nombreArchivo=ACUERDO17-11-17%20DOF%20RECONOCIMIENTO%20Y%20VALIDEZ%20OFICIAL%20DE%20ESTUDIOS%20SUPERIORES.pdf\"><span>\ud83d\udcc4 ACUERDO17-11-17 DOF RECONOCIMIENTO Y VALIDEZ OFICIAL DE ESTUDIOS SUPERIORES.pdf<\/span><\/a><\/p>\n<p><a href=\"https:\/\/cloud.teziutlan.tecnm.mx\/TransparenciaWeb\/Archivos\/VerArchivo?rutaRelativa=Posgrados%2FNormativa&amp;nombreArchivo=ACUERDO_SEP_17_11_17%20REVOES%20SEP.pdf\"><span>\ud83d\udcc4 ACUERDO_SEP_17_11_17 REVOES SEP.pdf<\/span><\/a><\/p>\n<p><a href=\"https:\/\/cloud.teziutlan.tecnm.mx\/TransparenciaWeb\/Archivos\/VerArchivo?rutaRelativa=Posgrados%2FNormativa&amp;nombreArchivo=ACUERDO_SEP_18_11_18%20%20Niveles%2C%20modalidades%20y%20opciones%20de%20educaci%C3%B3n.pdf\"><span>\ud83d\udcc4 ACUERDO_SEP_18_11_18 Niveles, modalidades y opciones de educaci\u00f3n.pdf<\/span><\/a><\/p>\n<p><a href=\"https:\/\/cloud.teziutlan.tecnm.mx\/TransparenciaWeb\/Archivos\/VerArchivo?rutaRelativa=Posgrados%2FNormativa&amp;nombreArchivo=ACUERDO_SEP_18_11_18%20%20Niveles%2C%20modalidades%20y%20opciones%20de%20educaci%C3%B3n.pdf\"><span><\/span><\/a><\/p>\n<div>\n<p><a href=\"https:\/\/cloud.teziutlan.tecnm.mx\/TransparenciaWeb\/Archivos\/VerArchivo?rutaRelativa=Posgrados%2FNormativa&amp;nombreArchivo=Decreto-prones%20PROGRAMA%20NACIONAL%20DE%20EDUCACION%20SUPERIOR%202020-%2B2024.pdf\"><span>\ud83d\udcc4 Decreto-prones PROGRAMA NACIONAL DE EDUCACION SUPERIOR 2020-+2024.pdf<\/span><\/a><\/p>\n<p><a href=\"https:\/\/cloud.teziutlan.tecnm.mx\/TransparenciaWeb\/Archivos\/VerArchivo?rutaRelativa=Posgrados%2FNormativa&amp;nombreArchivo=Decreto-prones%20PROGRAMA%20NACIONAL%20DE%20EDUCACION%20SUPERIOR%202020-%2B2024.pdf\"><span><\/span><\/a><\/p>\n<div><\/div>\n<\/div>\n<div>\n<p><a href=\"https:\/\/cloud.teziutlan.tecnm.mx\/TransparenciaWeb\/Archivos\/VerArchivo?rutaRelativa=Posgrados%2FNormativa&amp;nombreArchivo=DOF%20-%20PRONACES%20OK.pdf\"><span>\ud83d\udcc4 DOF &#8211; PRONACES OK.pdf<\/span><\/a><\/p>\n<p><a href=\"https:\/\/cloud.teziutlan.tecnm.mx\/TransparenciaWeb\/Archivos\/VerArchivo?rutaRelativa=Posgrados%2FNormativa&amp;nombreArchivo=DOF%20-%20PRONACES%20OK.pdf\"><span><\/span><\/a><\/p>\n<div><\/div>\n<\/div>\n<div>\n<p><a href=\"https:\/\/cloud.teziutlan.tecnm.mx\/TransparenciaWeb\/Archivos\/VerArchivo?rutaRelativa=Posgrados%2FNormativa&amp;nombreArchivo=Estrategia%20de%20educaci%C3%B3n%20de%20la%20UNESCO%2C%202014-2021%20-%20UNESCO%20Biblioteca%20Digital.pdf\"><span>\ud83d\udcc4 Estrategia de educaci\u00f3n de la UNESCO, 2014-2021 &#8211; UNESCO Biblioteca Digital.pdf<\/span><\/a><\/p>\n<p><a href=\"https:\/\/cloud.teziutlan.tecnm.mx\/TransparenciaWeb\/Archivos\/VerArchivo?rutaRelativa=Posgrados%2FNormativa&amp;nombreArchivo=Estrategia%20de%20educaci%C3%B3n%20de%20la%20UNESCO%2C%202014-2021%20-%20UNESCO%20Biblioteca%20Digital.pdf\"><span><\/span><\/a><\/p>\n<div><\/div>\n<\/div>\n<div>\n<p><a href=\"https:\/\/cloud.teziutlan.tecnm.mx\/TransparenciaWeb\/Archivos\/VerArchivo?rutaRelativa=Posgrados%2FNormativa&amp;nombreArchivo=LCT_Ley%20de%20Ciencia%20y%20Tecnolog%C3%ADa%20orig_05jun02.pdf\"><span>\ud83d\udcc4 LCT_Ley de Ciencia y Tecnolog\u00eda orig_05jun02.pdf<\/span><\/a><\/p>\n<p><a href=\"https:\/\/cloud.teziutlan.tecnm.mx\/TransparenciaWeb\/Archivos\/VerArchivo?rutaRelativa=Posgrados%2FNormativa&amp;nombreArchivo=LCT_Ley%20de%20Ciencia%20y%20Tecnolog%C3%ADa%20orig_05jun02.pdf\"><span><\/span><\/a><\/p>\n<div><\/div>\n<\/div>\n<div>\n<p><a href=\"https:\/\/cloud.teziutlan.tecnm.mx\/TransparenciaWeb\/Archivos\/VerArchivo?rutaRelativa=Posgrados%2FNormativa&amp;nombreArchivo=ley_ciencia_tecnologia_01_2022.pdf\"><span>\ud83d\udcc4 ley_ciencia_tecnologia_01_2022.pdf<\/span><\/a><\/p>\n<p><a href=\"https:\/\/cloud.teziutlan.tecnm.mx\/TransparenciaWeb\/Archivos\/VerArchivo?rutaRelativa=Posgrados%2FNormativa&amp;nombreArchivo=ley_ciencia_tecnologia_01_2022.pdf\"><span><\/span><\/a><\/p>\n<div><\/div>\n<\/div>\n<div>\n<p><a href=\"https:\/\/cloud.teziutlan.tecnm.mx\/TransparenciaWeb\/Archivos\/VerArchivo?rutaRelativa=Posgrados%2FNormativa&amp;nombreArchivo=ley_general_educacion.pdf\"><span>\ud83d\udcc4 ley_general_educacion.pdf<\/span><\/a><\/p>\n<p><a href=\"https:\/\/cloud.teziutlan.tecnm.mx\/TransparenciaWeb\/Archivos\/VerArchivo?rutaRelativa=Posgrados%2FNormativa&amp;nombreArchivo=ley_general_educacion.pdf\"><span><\/span><\/a><\/p>\n<div><\/div>\n<div>\n<p><a href=\"https:\/\/cloud.teziutlan.tecnm.mx\/TransparenciaWeb\/Archivos\/VerArchivo?rutaRelativa=Posgrados%2FNormativa&amp;nombreArchivo=LGMHCTI.pdf\"><span>\ud83d\udcc4 LGMHCTI.pdf<\/span><\/a><\/p>\n<p><a href=\"https:\/\/cloud.teziutlan.tecnm.mx\/TransparenciaWeb\/Archivos\/VerArchivo?rutaRelativa=Posgrados%2FNormativa&amp;nombreArchivo=LGMHCTI.pdf\"><span><\/span><\/a><\/p>\n<div><\/div>\n<div>\n<p><a href=\"https:\/\/cloud.teziutlan.tecnm.mx\/TransparenciaWeb\/Archivos\/VerArchivo?rutaRelativa=Posgrados%2FNormativa&amp;nombreArchivo=LINEAMIENTOS%20del%20Sistema%20Nacional%20de%20Posgrados%20del%20Consejo%20Nacional%20de%20Humanidades%2C%20Ciencias%20y%20Tecnolog%C3%ADas..pdf\"><span>\ud83d\udcc4 LINEAMIENTOS del Sistema Nacional de Posgrados del Consejo Nacional de Humanidades, Ciencias y Tecnolog\u00edas..pdf<\/span><\/a><\/p>\n<p><a href=\"https:\/\/cloud.teziutlan.tecnm.mx\/TransparenciaWeb\/Archivos\/VerArchivo?rutaRelativa=Posgrados%2FNormativa&amp;nombreArchivo=LINEAMIENTOS%20del%20Sistema%20Nacional%20de%20Posgrados%20del%20Consejo%20Nacional%20de%20Humanidades%2C%20Ciencias%20y%20Tecnolog%C3%ADas..pdf\"><span><\/span><\/a><\/p>\n<div><\/div>\n<div>\n<p><a href=\"https:\/\/cloud.teziutlan.tecnm.mx\/TransparenciaWeb\/Archivos\/VerArchivo?rutaRelativa=Posgrados%2FNormativa&amp;nombreArchivo=Manual_de_Lineamientos_TecNM%202015-2022.pdf\"><span>\ud83d\udcc4 Manual_de_Lineamientos_TecNM 2015-2022.pdf<\/span><\/a><\/p>\n<p><a href=\"https:\/\/cloud.teziutlan.tecnm.mx\/TransparenciaWeb\/Archivos\/VerArchivo?rutaRelativa=Posgrados%2FNormativa&amp;nombreArchivo=Manual_de_Lineamientos_TecNM%202015-2022.pdf\"><span><\/span><\/a><\/p>\n<div><\/div>\n<div>\n<p><a href=\"https:\/\/cloud.teziutlan.tecnm.mx\/TransparenciaWeb\/Archivos\/VerArchivo?rutaRelativa=Posgrados%2FNormativa&amp;nombreArchivo=OBJETIVOS%20DE%20DESARROLLO%20SUSTENTABLE%20AGENDA%202030.pdf\"><span>\ud83d\udcc4 OBJETIVOS DE DESARROLLO SUSTENTABLE AGENDA 2030.pdf<\/span><\/a><\/p>\n<p><a href=\"https:\/\/cloud.teziutlan.tecnm.mx\/TransparenciaWeb\/Archivos\/VerArchivo?rutaRelativa=Posgrados%2FNormativa&amp;nombreArchivo=OBJETIVOS%20DE%20DESARROLLO%20SUSTENTABLE%20AGENDA%202030.pdf\"><span><\/span><\/a><\/p>\n<div><\/div>\n<div>\n<p><a href=\"https:\/\/cloud.teziutlan.tecnm.mx\/TransparenciaWeb\/Archivos\/VerArchivo?rutaRelativa=Posgrados%2FNormativa&amp;nombreArchivo=PNi_final_26oct2033_2.pdf\"><span>\ud83d\udcc4 PNi_final_26oct2033_2.pdf<\/span><\/a><\/p>\n<p><a href=\"https:\/\/cloud.teziutlan.tecnm.mx\/TransparenciaWeb\/Archivos\/VerArchivo?rutaRelativa=Posgrados%2FNormativa&amp;nombreArchivo=PNi_final_26oct2033_2.pdf\"><span><\/span><\/a><\/p>\n<div><\/div>\n<div>\n<p><a href=\"https:\/\/cloud.teziutlan.tecnm.mx\/TransparenciaWeb\/Archivos\/VerArchivo?rutaRelativa=Posgrados%2FNormativa&amp;nombreArchivo=Politicas-academicas-generales-periodo-sabatico-2021.pdf\"><span>\ud83d\udcc4 Politicas-academicas-generales-periodo-sabatico-2021.pdf<\/span><\/a><\/p>\n<p><a href=\"https:\/\/cloud.teziutlan.tecnm.mx\/TransparenciaWeb\/Archivos\/VerArchivo?rutaRelativa=Posgrados%2FNormativa&amp;nombreArchivo=Politicas-academicas-generales-periodo-sabatico-2021.pdf\"><span><\/span><\/a><\/p>\n<div><\/div>\n<div>\n<p><a href=\"https:\/\/cloud.teziutlan.tecnm.mx\/TransparenciaWeb\/Archivos\/VerArchivo?rutaRelativa=Posgrados%2FNormativa&amp;nombreArchivo=ProgInst-2020-2024%20pPrograma%20de%20CONACHYT%2020-24.pdf\"><span>\ud83d\udcc4 ProgInst-2020-2024 Programa de CONACHYT 20-24.pdf<\/span><\/a><\/p>\n<p><a href=\"https:\/\/cloud.teziutlan.tecnm.mx\/TransparenciaWeb\/Archivos\/VerArchivo?rutaRelativa=Posgrados%2FNormativa&amp;nombreArchivo=ProgInst-2020-2024%20pPrograma%20de%20CONACHYT%2020-24.pdf\"><span><\/span><\/a><\/p>\n<div><\/div>\n<div>\n<p><a href=\"https:\/\/cloud.teziutlan.tecnm.mx\/TransparenciaWeb\/Archivos\/VerArchivo?rutaRelativa=Posgrados%2FNormativa&amp;nombreArchivo=Programas_Nacionales_Estrategicos%20%28PRONACES%29.pdf\"><span>\ud83d\udcc4 Programas_Nacionales_Estrategicos (PRONACES).pdf<\/span><\/a><\/p>\n<p><a href=\"https:\/\/cloud.teziutlan.tecnm.mx\/TransparenciaWeb\/Archivos\/VerArchivo?rutaRelativa=Posgrados%2FNormativa&amp;nombreArchivo=Programas_Nacionales_Estrategicos%20%28PRONACES%29.pdf\"><span><\/span><\/a><\/p>\n<div><\/div>\n<div>\n<p><a href=\"https:\/\/cloud.teziutlan.tecnm.mx\/TransparenciaWeb\/Archivos\/VerArchivo?rutaRelativa=Posgrados%2FNormativa&amp;nombreArchivo=Reglamento%20de%20alumnos%20del%20ITST.pdf\"><span>\ud83d\udcc4 Reglamento de alumnos del ITST.pdf<\/span><\/a><\/p>\n<p><a href=\"https:\/\/cloud.teziutlan.tecnm.mx\/TransparenciaWeb\/Archivos\/VerArchivo?rutaRelativa=Posgrados%2FNormativa&amp;nombreArchivo=Reglamento%20de%20alumnos%20del%20ITST.pdf\"><span><\/span><\/a><\/p>\n<div><\/div>\n<div>\n<p><a href=\"https:\/\/cloud.teziutlan.tecnm.mx\/TransparenciaWeb\/Archivos\/VerArchivo?rutaRelativa=Posgrados%2FNormativa&amp;nombreArchivo=REGLAMENTO_DEL_SNI_Texto_Vigente_15-04-2022.pdf\"><span>\ud83d\udcc4 REGLAMENTO DEL SNI_ Texto_Vigente_15-04-2022.pdf<\/span><\/a><\/p>\n<p><a href=\"https:\/\/cloud.teziutlan.tecnm.mx\/TransparenciaWeb\/Archivos\/VerArchivo?rutaRelativa=Posgrados%2FNormativa&amp;nombreArchivo=REGLAMENTO_DEL_SNI_Texto_Vigente_15-04-2022.pdf\"><span><\/span><\/a><\/p>\n<div><\/div>\n<div>\n<p><a href=\"https:\/\/cloud.teziutlan.tecnm.mx\/TransparenciaWeb\/Archivos\/VerArchivo?rutaRelativa=Posgrados%2FNormativa&amp;nombreArchivo=Reglamento_de_Estudiantes_del_TecNM%202024.pdf\"><span>\ud83d\udcc4 Reglamento_de_Estudiantes_del_TecNM 2024.pdf<\/span><\/a><\/p>\n<p><a href=\"https:\/\/cloud.teziutlan.tecnm.mx\/TransparenciaWeb\/Archivos\/VerArchivo?rutaRelativa=Posgrados%2FNormativa&amp;nombreArchivo=Reglamento_de_Estudiantes_del_TecNM%202024.pdf\"><span><\/span><\/a><\/p>\n<div><\/div>\n<div>\n<p><a href=\"https:\/\/cloud.teziutlan.tecnm.mx\/TransparenciaWeb\/Archivos\/VerArchivo?rutaRelativa=Posgrados%2FNormativa&amp;nombreArchivo=Reglamento_de_SNII_11jul2023_CONAMER.pdf\"><span>\ud83d\udcc4 Reglamento de_SNII_11jul2023_CONAMER.pdf<\/span><\/a><\/p>\n<p><a href=\"https:\/\/cloud.teziutlan.tecnm.mx\/TransparenciaWeb\/Archivos\/VerArchivo?rutaRelativa=Posgrados%2FNormativa&amp;nombreArchivo=Reglamento_de_SNII_11jul2023_CONAMER.pdf\"><span><\/span><\/a><\/p>\n<div><\/div>\n<\/div>\n<\/div>\n<div>\n<p><a href=\"https:\/\/cloud.teziutlan.tecnm.mx\/TransparenciaWeb\/Archivos\/VerArchivo?rutaRelativa=Posgrados%2FNormativa&amp;nombreArchivo=Solicitud_de_Registro_de_IEP.pdf\"><span><span>\ud83d\udcc4 Solicitud_de_Registro_de_IEP.pdf<\/span><\/span><\/a><\/p>\n<p><a href=\"https:\/\/cloud.teziutlan.tecnm.mx\/TransparenciaWeb\/Archivos\/VerArchivo?rutaRelativa=Posgrados%2FNormativa&amp;nombreArchivo=Solicitud_de_Registro_de_IEP.pdf\"><span><span><\/span><\/span><\/a><\/p>\n<div><\/div>\n<div><a href=\"https:\/\/cloud.teziutlan.tecnm.mx\/TransparenciaWeb\/Archivos\/VerArchivo?rutaRelativa=Posgrados%2FNormativa&amp;nombreArchivo=The-Sustainable-Development-Goals-Report-2023_Spanish.pdf\"><span>\ud83d\udcc4 The-Sustainable-Development-Goals-Report-2023_Spanish.pdf<\/span><\/a><\/div>\n<\/div>\n<\/div>\n<\/div>\n<\/div>\n<\/div>\n<\/div>\n<\/div>\n<\/div>\n<\/div>\n<\/div>\n<\/div>\n<\/div>\n<p>[\/et_pb_toggle][\/et_pb_column][\/et_pb_row][et_pb_row _builder_version=\u00bb4.27.4&#8243; _module_preset=\u00bbdefault\u00bb global_colors_info=\u00bb{}\u00bb][et_pb_column type=\u00bb4_4&#8243; _builder_version=\u00bb4.27.4&#8243; _module_preset=\u00bbdefault\u00bb global_colors_info=\u00bb{}\u00bb][et_pb_divider _builder_version=\u00bb4.27.4&#8243; _module_preset=\u00bbdefault\u00bb global_colors_info=\u00bb{}\u00bb][\/et_pb_divider][\/et_pb_column][\/et_pb_row][et_pb_row _builder_version=\u00bb4.27.4&#8243; _module_preset=\u00bbdefault\u00bb custom_margin=\u00bb25px||||false|false\u00bb global_colors_info=\u00bb{}\u00bb][et_pb_column type=\u00bb4_4&#8243; _builder_version=\u00bb4.27.4&#8243; _module_preset=\u00bbdefault\u00bb global_colors_info=\u00bb{}\u00bb][et_pb_text _builder_version=\u00bb4.27.4&#8243; _module_preset=\u00bbdefault\u00bb text_font=\u00bb|700|||||||\u00bb text_font_size=\u00bb26px\u00bb global_colors_info=\u00bb{}\u00bb]<\/p>\n<p>Contacto<\/p>\n<p>[\/et_pb_text][et_pb_text _builder_version=\u00bb4.27.5&#8243; _module_preset=\u00bbdefault\u00bb text_font=\u00bb||||||||\u00bb custom_margin=\u00bb-15px||||false|false\u00bb global_colors_info=\u00bb{}\u00bb]<\/p>\n<p><span>Titular: Mtra. Lilia Adriana Ib\u00e1\u00f1ez Salas<\/span><br \/><span>Ubicaci\u00f3n Administrativa: Instituto Tecnol\u00f3gico Superior de Teziutl\u00e1n<\/span><br \/><span>Tel\u00e9fono: 231 31 14001 \/ 14002 Ext 705 y 707<\/span><br \/><span>Correo Electr\u00f3nico: sub_posgrado@teziutlan.tecnm.mx<br \/><\/span><\/p>\n<p>[\/et_pb_text][\/et_pb_column][\/et_pb_row][\/et_pb_section]<\/p>\n","protected":false},"excerpt":{"rendered":"<p>\ud83d\udcc4 Acuerdo AREAS Y TEMAS DE PROGRAMAS DE POSGRADO.pdf \ud83d\udcc4 ACUERDO No 1-SPC VIOLACION DE CICLO.pdf \ud83d\udcc4 ACUERDO No 2-SPC VIOLACION DE CICLO.pdf \ud83d\udcc4 ACUERDO17-11-17 DOF RECONOCIMIENTO Y VALIDEZ OFICIAL DE ESTUDIOS SUPERIORES.pdf \ud83d\udcc4 ACUERDO_SEP_17_11_17 REVOES SEP.pdf \ud83d\udcc4 ACUERDO_SEP_18_11_18 Niveles, modalidades y opciones de educaci\u00f3n.pdf \ud83d\udcc4 Decreto-prones PROGRAMA NACIONAL DE EDUCACION SUPERIOR 2020-+2024.pdf \ud83d\udcc4 DOF [&hellip;]<\/p>\n","protected":false},"author":1,"featured_media":0,"parent":0,"menu_order":0,"comment_status":"closed","ping_status":"closed","template":"","meta":{"_et_pb_use_builder":"on","_et_pb_old_content":"","_et_gb_content_width":"","footnotes":""},"class_list":["post-3069","page","type-page","status-publish","hentry"],"_links":{"self":[{"href":"https:\/\/teziutlan.tecnm.mx\/index.php\/wp-json\/wp\/v2\/pages\/3069","targetHints":{"allow":["GET"]}}],"collection":[{"href":"https:\/\/teziutlan.tecnm.mx\/index.php\/wp-json\/wp\/v2\/pages"}],"about":[{"href":"https:\/\/teziutlan.tecnm.mx\/index.php\/wp-json\/wp\/v2\/types\/page"}],"author":[{"embeddable":true,"href":"https:\/\/teziutlan.tecnm.mx\/index.php\/wp-json\/wp\/v2\/users\/1"}],"replies":[{"embeddable":true,"href":"https:\/\/teziutlan.tecnm.mx\/index.php\/wp-json\/wp\/v2\/comments?post=3069"}],"version-history":[{"count":14,"href":"https:\/\/teziutlan.tecnm.mx\/index.php\/wp-json\/wp\/v2\/pages\/3069\/revisions"}],"predecessor-version":[{"id":7025,"href":"https:\/\/teziutlan.tecnm.mx\/index.php\/wp-json\/wp\/v2\/pages\/3069\/revisions\/7025"}],"wp:attachment":[{"href":"https:\/\/teziutlan.tecnm.mx\/index.php\/wp-json\/wp\/v2\/media?parent=3069"}],"curies":[{"name":"wp","href":"https:\/\/api.w.org\/{rel}","templated":true}]}}