{"id":3129,"date":"2025-08-12T16:45:34","date_gmt":"2025-08-12T22:45:34","guid":{"rendered":"https:\/\/teziutlan.tecnm.mx\/?page_id=3129"},"modified":"2026-04-30T11:09:52","modified_gmt":"2026-04-30T17:09:52","slug":"vinculacion-posgrado","status":"publish","type":"page","link":"https:\/\/teziutlan.tecnm.mx\/index.php\/vinculacion-posgrado\/","title":{"rendered":"Vinculaci\u00f3n Posgrado"},"content":{"rendered":"<p>[et_pb_section fb_built=\u00bb1&#8243; _builder_version=\u00bb4.27.6&#8243; _module_preset=\u00bbdefault\u00bb background_image=\u00bbhttps:\/\/teziutlan.tecnm.mx\/wp-content\/uploads\/2025\/08\/6.png\u00bb height_tablet=\u00bb250px\u00bb height_phone=\u00bb100px\u00bb height_last_edited=\u00bbon|desktop\u00bb hover_enabled=\u00bb0&#8243; background_last_edited=\u00bbon|phone\u00bb background_size_phone=\u00bbcustom\u00bb background_image_width_phone=\u00bb100%\u00bb global_colors_info=\u00bb{}\u00bb sticky_enabled=\u00bb0&#8243; min_height_last_edited=\u00bbon|phone\u00bb min_height=\u00bb305px\u00bb min_height_phone=\u00bb105px\u00bb border_width_all_last_edited=\u00bbon|phone\u00bb min_height_tablet=\u00bb305px\u00bb][\/et_pb_section][et_pb_section fb_built=\u00bb1&#8243; _builder_version=\u00bb4.27.4&#8243; _module_preset=\u00bbdefault\u00bb global_colors_info=\u00bb{}\u00bb][et_pb_row _builder_version=\u00bb4.27.4&#8243; _module_preset=\u00bbdefault\u00bb global_colors_info=\u00bb{}\u00bb][et_pb_column type=\u00bb4_4&#8243; _builder_version=\u00bb4.27.4&#8243; _module_preset=\u00bbdefault\u00bb global_colors_info=\u00bb{}\u00bb][et_pb_tabs _builder_version=\u00bb4.27.6&#8243; _module_preset=\u00bbdefault\u00bb global_colors_info=\u00bb{}\u00bb][et_pb_tab title=\u00bbVinculaci\u00f3n\u00bb _builder_version=\u00bb4.27.6&#8243; _module_preset=\u00bbdefault\u00bb global_colors_info=\u00bb{}\u00bb]<\/p>\n<p>LINK DE EVIDENCIA<\/p>\n<div class=\"tabla-responsive-tec\">\n<table width=\"511\">\n<tbody>\n<tr>\n<td colspan=\"3\" width=\"430\">CONVENIOS VIGENTES AL 2024 ENTRE EL ITST Y LOS SECTORES SOCIAL, P\u00daBLCO Y PRIVADO<\/td>\n<\/tr>\n<tr>\n<td width=\"215\">Nombre de la Empresa\u00a0<\/td>\n<td width=\"215\">Lugar de Origen de la Empresa<\/td>\n<\/tr>\n<tr>\n<td width=\"215\">Citrex, S.A. DE C.V.<\/td>\n<td width=\"215\">Mart\u00ednez de la Torre. Ver.<\/td>\n<td><a href=\"https:\/\/goo.su\/zNtF4s\">Abrir enlace<\/a><\/td>\n<\/tr>\n<tr>\n<td width=\"215\">Compa\u00f1\u00eda de Energ\u00eda Mexicana<\/td>\n<td width=\"215\">San Pedro Garza Garc\u00eda, Nuevo Le\u00f3n<\/td>\n<td><a href=\"https:\/\/goo.su\/aaYci\">Abrir enlace<\/a><\/td>\n<\/tr>\n<tr>\n<td width=\"215\">Comercializadora Keter, S.A. de C.V.<\/td>\n<td width=\"215\">Teziutl\u00e1n Pue.<\/td>\n<td><a href=\"https:\/\/goo.su\/q7UzaQG\">Abrir enlace<\/a><\/td>\n<\/tr>\n<tr>\n<td width=\"215\">AJH Maquila, S.A. de C.V.<\/td>\n<td width=\"215\">Teziutl\u00e1n, Puebla<\/td>\n<td><a href=\"https:\/\/goo.su\/gu6T\">Abrir enlace<\/a><\/td>\n<\/tr>\n<tr>\n<td width=\"215\">Carwo Corporation, S.A. de C.V.<\/td>\n<td width=\"215\">Benito Ju\u00e1rez, Quintana Roo<\/td>\n<td><a href=\"https:\/\/goo.su\/mR6HU1K\">Abrir enlace<\/a><\/td>\n<\/tr>\n<tr>\n<td width=\"215\">Confecciones LUMA, S.A. de C.V.<\/td>\n<td width=\"215\">Chignautla, Puebla<\/td>\n<td><a href=\"https:\/\/goo.su\/9K4vq6\">Abrir enlace<\/a><\/td>\n<\/tr>\n<tr>\n<td width=\"215\">Enhance Productivity\u00a0 S.C.<\/td>\n<td width=\"215\">Zapopan, Jalisco<\/td>\n<td><a href=\"https:\/\/goo.su\/GLHMZ5\">Abrir enlace<\/a><\/td>\n<\/tr>\n<tr>\n<td width=\"215\">Grupo Urrea Herramientas, S.A.<\/td>\n<td width=\"215\">El Salto, Jalisco<\/td>\n<td><a href=\"https:\/\/goo.su\/PdPI\">Abrir enlace<\/a><\/td>\n<\/tr>\n<tr>\n<td width=\"215\">Grupo Ziga<\/td>\n<td width=\"215\">Puebla, Puebla<\/td>\n<td><a href=\"https:\/\/goo.su\/D1GaxYx\">Abrir enlace<\/a><\/td>\n<\/tr>\n<tr>\n<td width=\"215\">Johnson Controls Automotriz M\u00e9xico, S.A. de C.V.<\/td>\n<td width=\"215\">San Luis Teolocholo, Tlaxcala.<\/td>\n<td><a href=\"https:\/\/goo.su\/AXx3F\">Abrir enlace<\/a><\/td>\n<\/tr>\n<tr>\n<td width=\"215\">Sado de Oriente, S.A. de C.V.<\/td>\n<td width=\"215\">Teziutl\u00e1n. Pue.<\/td>\n<td><a href=\"https:\/\/goo.su\/EjqJa\">Abrir enlace<\/a><\/td>\n<\/tr>\n<tr>\n<td width=\"215\">Universidad Popular Aut\u00f3noma del Estado de Puebla<\/td>\n<td width=\"215\">Puebla, Puebla<\/td>\n<td><a href=\"https:\/\/goo.su\/AakHpN\">Abrir enlace<\/a><\/td>\n<\/tr>\n<tr>\n<td width=\"215\">(Lean Six Sigma)<\/td>\n<td width=\"215\">\u00a0<\/td>\n<td><a href=\"https:\/\/goo.su\/eYIkz\">Abrir enlace<\/a><\/td>\n<\/tr>\n<tr>\n<td width=\"215\">C\u00eda. Minera Autl\u00e1n, S.A. de C.V.<\/td>\n<td width=\"215\">Teziutl\u00e1n Pue.<\/td>\n<td><a href=\"https:\/\/goo.su\/ZswU5q\">Abrir enlace<\/a><\/td>\n<\/tr>\n<tr>\n<td width=\"215\">Distribuidora Serrana de Alimentos, S.A de C.V.<\/td>\n<td width=\"215\">Tlapacoyan, Ver<\/td>\n<td><a href=\"https:\/\/goo.su\/ywwUpYl\">Abrir enlace<\/a><\/td>\n<\/tr>\n<tr>\n<td width=\"215\">Limones M\u00f3nica, S. A. de C.V.<\/td>\n<td width=\"215\">Mart\u00ednez de la Torre. Ver.<\/td>\n<td><a href=\"https:\/\/goo.su\/SCVj\">Abrir enlace<\/a><\/td>\n<\/tr>\n<tr>\n<td width=\"215\">Confecciones Cosmos, S.A. de C.V.\u00a0<\/td>\n<td width=\"215\">Teziutl\u00e1n Pue.<\/td>\n<td><a href=\"https:\/\/goo.su\/PV2nCMU\">Abrir enlace<\/a><\/td>\n<\/tr>\n<tr>\n<td width=\"215\">Emerson Climate Technologies, S.A. de C.V.<\/td>\n<td width=\"215\">Guadalajara. Jal.<\/td>\n<td><a href=\"https:\/\/goo.su\/b9xnzIr\">Abrir enlace<\/a><\/td>\n<\/tr>\n<tr>\n<td width=\"215\">Escuela Preparatoria Federal \u00abAntonio Audirac\u00bb<\/td>\n<td width=\"215\">Teziutl\u00e1n<\/td>\n<td><a href=\"https:\/\/goo.su\/4uLaP\">Abrir enlace<\/a><\/td>\n<\/tr>\n<tr>\n<td width=\"215\">Online Carrer Center M\u00e9xico, S.A. de C.V.<\/td>\n<td width=\"215\">Estado de M\u00e9xico<\/td>\n<td><a href=\"https:\/\/goo.su\/oUqKVmq\">Abrir enlace<\/a><\/td>\n<\/tr>\n<tr>\n<td width=\"215\">Pl\u00e1sticos de la Sierra, S.A. de C.V.<\/td>\n<td width=\"215\">Teziutl\u00e1n, Puebla<\/td>\n<td><a href=\"https:\/\/goo.su\/YSFSBV\">Abrir enlace<\/a><\/td>\n<\/tr>\n<tr>\n<td width=\"215\">Productos Internacionales MABE, S.A. de C.V.<\/td>\n<td width=\"215\">Puebla Pue.<\/td>\n<td><a href=\"https:\/\/goo.su\/ZbhP\">Abrir enlace<\/a><\/td>\n<\/tr>\n<tr>\n<td width=\"215\">Grupo Lunma, S.A. de C.V. SOFOM ENR<\/td>\n<td width=\"215\">Teziutl\u00e1n Pue.<\/td>\n<td><a href=\"https:\/\/goo.su\/eJJ20C\">Abrir enlace<\/a><\/td>\n<\/tr>\n<tr>\n<td width=\"215\">M\u00e9dicos Especialistas<\/td>\n<td width=\"215\">Teziutl\u00e1n, Puebla<\/td>\n<td><a href=\"https:\/\/goo.su\/iO8ph\">Abrir enlace<\/a><\/td>\n<\/tr>\n<tr>\n<td width=\"215\">Fuerza y Energ\u00eda de Tuxpan, S.A. de C.V.<\/td>\n<td width=\"215\">Tuxpan, Veracruz<\/td>\n<td><a href=\"https:\/\/goo.su\/Ihlb9\">Abrir enlace<\/a><\/td>\n<\/tr>\n<tr>\n<td width=\"215\">OXXO Servicios, S.A de C.V.<\/td>\n<td width=\"215\">Guadalajara. Jal.<\/td>\n<td><a href=\"https:\/\/goo.su\/Vukojnt\">Abrir enlace<\/a><\/td>\n<\/tr>\n<tr>\n<td width=\"215\">TR Network<\/td>\n<td width=\"215\">Puebla, Puebla<\/td>\n<td><a href=\"https:\/\/goo.su\/WWwJlt\">Abrir enlace<\/a><\/td>\n<\/tr>\n<tr>\n<td width=\"215\">PLASTICOS DE LA SIERRA, S.A. DE C.V.<\/td>\n<td width=\"215\">Teziutl\u00e1n Pue.<\/td>\n<td><a href=\"https:\/\/goo.su\/MHm6win\">Abrir enlace<\/a><\/td>\n<\/tr>\n<tr>\n<td width=\"215\">Confeccione Textiles de Teziutl\u00e1n<\/td>\n<td width=\"215\">Teziutl\u00e1n, Puebla<\/td>\n<td><a href=\"https:\/\/goo.su\/KH3lqGO\">Abrir enlace<\/a><\/td>\n<\/tr>\n<tr>\n<td width=\"215\">Inspecci\u00f3n Retrabajo Sorteo\u00a0 de M\u00e9xico (IRS)<\/td>\n<td width=\"215\">Apodaca, Nuevo Le\u00f3n<\/td>\n<td><a href=\"https:\/\/goo.su\/rhj8dv\">Abrir enlace<\/a><\/td>\n<\/tr>\n<tr>\n<td width=\"215\">Instituto Mexicano del Seguro Social<\/td>\n<td width=\"215\">Puebla, Pue.<\/td>\n<td><a href=\"https:\/\/goo.su\/8GUzs\">Abrir enlace<\/a><\/td>\n<\/tr>\n<tr>\n<td width=\"215\">Vive M\u00e9xico, A.C.<\/td>\n<td width=\"215\">Michoac\u00e1n. M\u00e9x.<\/td>\n<td><a href=\"https:\/\/goo.su\/nVOZp\">Abrir enlace<\/a><\/td>\n<\/tr>\n<tr>\n<td width=\"215\">Bachillerato General Oficial \u00abFray Pedro De Gante<\/td>\n<td width=\"215\">Coahuixco, Chignautla, Puebla<\/td>\n<td><a href=\"https:\/\/goo.su\/lHgZx\">Abrir enlace<\/a><\/td>\n<\/tr>\n<tr>\n<td width=\"215\">Bachillerato General Oficial \u00abManuel Bartlett Bautista\u00bb<\/td>\n<td width=\"215\">Atempan, Puebla<\/td>\n<td><a href=\"https:\/\/goo.su\/ZGt8IJP\">Abrir enlace<\/a><\/td>\n<\/tr>\n<tr>\n<td width=\"215\">Benem\u00e9rita Universidad Aut\u00f3noma de Puebla-Complejo Regional Nororiental<\/td>\n<td width=\"215\">Puebla, Pue.<\/td>\n<td><a href=\"https:\/\/goo.su\/oYNU\">Abrir enlace<\/a><\/td>\n<\/tr>\n<tr>\n<td width=\"215\">Centro Interdisciplinario de Investigaci\u00f3n y Docencia en Educaci\u00f3n T\u00e9cnica<\/td>\n<td width=\"215\">Santiago, Quer\u00e9taro, Quer\u00e9taro<\/td>\n<td><a href=\"https:\/\/goo.su\/sUIyy\">Abrir enlace<\/a><\/td>\n<\/tr>\n<tr>\n<td width=\"215\">Colegio de Postgraduados, Campus C\u00f3rdoba<\/td>\n<td width=\"215\">C\u00f3rdoba Veracruz<\/td>\n<td><a href=\"https:\/\/goo.su\/zRs7uX\">Abrir enlace<\/a><\/td>\n<\/tr>\n<tr>\n<td width=\"215\">CONACYT<\/td>\n<td width=\"215\">CD. M\u00e9xico<\/td>\n<td><a href=\"https:\/\/goo.su\/29hZDzC\">Abrir enlace<\/a><\/td>\n<\/tr>\n<tr>\n<td width=\"215\">Instituto Tecnol\u00f3gico de Ciudad Valles<\/td>\n<td width=\"215\">Ciudad Valles, San Luis Potos\u00ed<\/td>\n<td><a href=\"https:\/\/goo.su\/4TQ3zr\">Abrir enlace<\/a><\/td>\n<\/tr>\n<tr>\n<td width=\"215\">Instituto Tecnol\u00f3gico de Puebla<\/td>\n<td width=\"215\">Puebla, Puebla<\/td>\n<td><a href=\"https:\/\/goo.su\/e6cKIHD\">Abrir enlace<\/a><\/td>\n<\/tr>\n<tr>\n<td width=\"215\">Universidad Aut\u00f3noma del Estado de Hidalgo<\/td>\n<td width=\"215\">Pachuca de Soto, Hidalgo<\/td>\n<td><a href=\"https:\/\/goo.su\/f7AEl\">Abrir enlace<\/a><\/td>\n<\/tr>\n<tr>\n<td width=\"215\">Universidad Tecnol\u00f3gica de Puebla- CERHAN<\/td>\n<td width=\"215\">San Jos\u00e9 Chapa, Puebla<\/td>\n<td><a href=\"https:\/\/goo.su\/ZGt8IJP\">Abrir enlace<\/a><\/td>\n<\/tr>\n<tr>\n<td width=\"215\">Benem\u00e9rita Universidad Aut\u00f3noma de Puebla<\/td>\n<td width=\"215\">Puebla<\/td>\n<td><a href=\"https:\/\/goo.su\/drUcblx\">Abrir enlace<\/a><\/td>\n<\/tr>\n<tr>\n<td width=\"215\">Centro de Bachillerato Tecnol\u00f3gico Industrial y de Servicios N\u00fam. 44<\/td>\n<td width=\"215\">Teziutl\u00e1n, Puebla<\/td>\n<td><a href=\"https:\/\/goo.su\/pu2dLyu\">Abrir enlace<\/a><\/td>\n<\/tr>\n<tr>\n<td width=\"215\">CONDUSEF<\/td>\n<td width=\"215\">CD. M\u00e9xico<\/td>\n<td><a href=\"https:\/\/goo.su\/PAAzR\">Abrir enlace<\/a><\/td>\n<\/tr>\n<tr>\n<td width=\"215\">Instituto Tecnol\u00f3gico de Puebla<\/td>\n<td width=\"215\">Puebla, Puebla<\/td>\n<td><a href=\"https:\/\/goo.su\/On53v\">Abrir enlace<\/a><\/td>\n<\/tr>\n<tr>\n<td width=\"215\">Instituto Estatal de Educaci\u00f3n para los Adultos del Estado de Puebla<\/td>\n<td width=\"215\">Puebla<\/td>\n<td><a href=\"https:\/\/goo.su\/L1HW3c\">Abrir enlace<\/a><\/td>\n<\/tr>\n<tr>\n<td width=\"215\">Instituto Nacional de Estad\u00edstica y Geograf\u00eda<\/td>\n<td width=\"215\">Aguascalientes, Aguascalientes<\/td>\n<td><a href=\"https:\/\/goo.su\/IL1hAz\">Abrir enlace<\/a><\/td>\n<\/tr>\n<tr>\n<td width=\"215\">Instituto Polit\u00e9cnico Nacional<\/td>\n<td width=\"215\">Morelos<\/td>\n<td><a href=\"https:\/\/goo.su\/54Bkm0\">Abrir enlace<\/a><\/td>\n<\/tr>\n<tr>\n<td width=\"215\">Instituto Tecnol\u00f3gico de Minatitl\u00e1n<\/td>\n<td width=\"215\">Minatitl\u00e1n, Veracruz<\/td>\n<td><a href=\"https:\/\/goo.su\/tPtH3\">Abrir enlace<\/a><\/td>\n<\/tr>\n<tr>\n<td width=\"215\">Universidad Interserrana del Estado de Puebla- Ahuacatl\u00e1n<\/td>\n<td width=\"215\">Ahuacatl\u00e1n, Puebla<\/td>\n<td><a href=\"https:\/\/goo.su\/GmjRy6U\">Abrir enlace<\/a><\/td>\n<\/tr>\n<tr>\n<td width=\"215\">Universidad Polit\u00e9cnica de P\u00e9njamo<\/td>\n<td width=\"215\">P\u00e9njamo, Guanajuato<\/td>\n<td><a href=\"https:\/\/goo.su\/SjDo8t\">Abrir enlace<\/a><\/td>\n<\/tr>\n<tr>\n<td width=\"215\">Universidad Tecnol\u00f3gica de Puebla<\/td>\n<td width=\"215\">Puebla, Pue.<\/td>\n<td><a href=\"https:\/\/goo.su\/gpxldj\">Abrir enlace<\/a><\/td>\n<\/tr>\n<tr>\n<td width=\"215\">Cl\u00faster Tur\u00edstico, Sierra Nororiental<\/td>\n<td width=\"215\">Teziutl\u00e1n, Puebla<\/td>\n<td><a href=\"https:\/\/goo.su\/maDzgj3\">Abrir enlace<\/a><\/td>\n<\/tr>\n<tr>\n<td width=\"215\">Colegio de Puebla, A.C.<\/td>\n<td width=\"215\">Puebla, Puebla<\/td>\n<td><a href=\"https:\/\/goo.su\/Oiclj\">Abrir enlace<\/a><\/td>\n<\/tr>\n<tr>\n<td width=\"215\">Club Rotario Teziutl\u00e1n<\/td>\n<td width=\"215\">Teziutl\u00e1n, Puebla<\/td>\n<td><a href=\"https:\/\/goo.su\/Xe6zCk\">Abrir enlace<\/a><\/td>\n<\/tr>\n<tr>\n<td width=\"215\">EKS Solutions<\/td>\n<td width=\"215\">Puebla, Puebla<\/td>\n<td><a href=\"https:\/\/goo.su\/APlOMi\">Abrir enlace<\/a><\/td>\n<\/tr>\n<tr>\n<td width=\"215\">Fundaci\u00f3n Nemi, A.C.<\/td>\n<td width=\"215\">Puebla Pue.<\/td>\n<td><a href=\"https:\/\/goo.su\/0r82gjq\">Abrir enlace<\/a><\/td>\n<\/tr>\n<tr>\n<td width=\"215\">Junta Particular de Caridad A.C. (Hospital Guadalupano)<\/td>\n<td width=\"215\">Teziutl\u00e1n Pue.<\/td>\n<td><a href=\"https:\/\/goo.su\/MHm6win\">Abrir enlace<\/a><\/td>\n<\/tr>\n<tr>\n<td width=\"215\">Centro Comercial \u00abLa Perla\u00bb<\/td>\n<td width=\"215\">Teziutl\u00e1n, Puebla<\/td>\n<td><a href=\"https:\/\/goo.su\/JrfM9\">Abrir enlace<\/a><\/td>\n<\/tr>\n<\/tbody>\n<\/table>\n<\/div>\n<p>[\/et_pb_tab][et_pb_tab title=\u00bbAcuerdos de Colaboraci\u00f3n\u00bb _builder_version=\u00bb4.27.6&#8243; _module_preset=\u00bbdefault\u00bb global_colors_info=\u00bb{}\u00bb]<\/p>\n<div class=\"tabla-responsive-tec\">\n<table width=\"965\">\n<tbody>\n<tr>\n<td colspan=\"4\" width=\"307\">ACUERDOS DE COLABORACI\u00d3N VIGENTES DE POSGRADO ITST<\/td>\n<\/tr>\n<tr>\n<td>\u00a0<\/td>\n<td>\u00a0<\/td>\n<td width=\"549\">\u00a0<\/td>\n<td>\u00a0<\/td>\n<\/tr>\n<tr>\n<td>No.\u00a0<\/td>\n<td>Actor de interacci\u00f3n\u00a0<\/td>\n<td width=\"549\">Tipo de Colaboraci\u00f3n<\/td>\n<td width=\"109\">Periodo de Vigencia<\/td>\n<\/tr>\n<tr>\n<td>1<\/td>\n<td width=\"272\">Bachillerato General Oficial \u00abFray Pedro De Gante<\/td>\n<td width=\"549\">Programa de Investigaci\u00f3n, Consultor\u00edas, Actividades estrat\u00e9gicas de investigaci\u00f3n, Cursos, Seminarios, Apoyo T\u00e9cnico, Desarrollo Profesional, Proyectos de Investigaci\u00f3n<\/td>\n<td>21\/03\/2026<\/td>\n<\/tr>\n<tr>\n<td>2<\/td>\n<td width=\"272\">Banchillerato General Oficial \u00abManuel Bartlett Bautista\u00bb<\/td>\n<td width=\"549\">Programa de Investigaci\u00f3n, Consultor\u00edas, Actividades estrat\u00e9gicas de investigaci\u00f3n, Cursos, Seminarios, Apoyo T\u00e9cnico, Desarrollo Profesional<\/td>\n<td>14\/06\/2026<\/td>\n<\/tr>\n<tr>\n<td>3<\/td>\n<td width=\"272\">Benem\u00e9rita Universidad Aut\u00f3noma de Puebla-Complejo Regional Nororiental<\/td>\n<td width=\"549\">Cooperaci\u00f3n y colaboraci\u00f3n acad\u00e9mica y cient\u00edfica<\/td>\n<td>11\/08\/2026<\/td>\n<\/tr>\n<tr>\n<td>4<\/td>\n<td width=\"272\">Centro Interdisicplinario de Investigaci\u00f3n y Docencia en Educaci\u00f3n T\u00e9cnica<\/td>\n<td width=\"549\">Colaboraci\u00f3n acad\u00e9mica, cient\u00edfica y tecnol\u00f3gica<\/td>\n<td>10\/06\/2025<\/td>\n<\/tr>\n<tr>\n<td>5<\/td>\n<td width=\"272\">Citrex, S.A. DE C.V.<\/td>\n<td width=\"549\">Proyectos de Investigaci\u00f3n<\/td>\n<td>INDETERMINADO<\/td>\n<\/tr>\n<tr>\n<td>6<\/td>\n<td width=\"272\">CL\u00cdNICA DE REHABILITACI\u00d3N INTEGRAL PHYDENT<\/td>\n<td width=\"549\">Proyectos conjuntos de investigaci\u00f3n cient\u00edfica, tecnol\u00f3gica o educativa, Programa de Investigaci\u00f3n, Proyectos espec\u00edficos, Cursos, Seminarios, Consultor\u00edas, Conferencias, Encuentros, Mesas Redondas,\u00a0<\/td>\n<td>28\/01\/2026<\/td>\n<\/tr>\n<tr>\n<td>7<\/td>\n<td width=\"272\">Cl\u00faster Tur\u00edstico, Sierra Nororiental<\/td>\n<td width=\"549\">Programa de Investigaci\u00f3n aplicada, Programa de Pr\u00e1cticas y\/o Estad\u00edas T\u00e9cnicas Docentes, Investigaci\u00f3n b\u00e1sica<\/td>\n<td>12\/06\/2026<\/td>\n<\/tr>\n<tr>\n<td>8<\/td>\n<td width=\"272\">Colegio de Postgraduados, Campus C\u00f3rdoba<\/td>\n<td width=\"549\">Proyectos de Investigaci\u00f3n cient\u00edfica y Tecnol\u00f3gica, Cursos, Seminarios, Consultor\u00edas, Conferencias, Congresos, Programas de Formaci\u00f3n y Actualizaci\u00f3n de personal, Intercambio de informaci\u00f3n Cient\u00edfica y Tecnol\u00f3gica<\/td>\n<td>15\/10\/2026<\/td>\n<\/tr>\n<tr>\n<td>9<\/td>\n<td width=\"272\">Colegio de Puebla, A.C.<\/td>\n<td width=\"549\">Programa de Investigaci\u00f3n, Programas Tecnol\u00f3gicos y Acad\u00e9micos, Asesor\u00edas Acad\u00e9micas, Acad\u00e9micas, Intercambio de Informaci\u00f3n, Publicaciones en los campos afines de inter\u00e9s<\/td>\n<td>06\/08\/2027<\/td>\n<\/tr>\n<tr>\n<td>10<\/td>\n<td width=\"272\">Comercializadora Keter, S.A. de C.V<\/td>\n<td width=\"549\">Proyectos de Investigaci\u00f3n y Desarrollo Tecnol\u00f3gico, Programa de Pr\u00e1cticas y\/o Estad\u00edas T\u00e9cnicas Docentes, Difusi\u00f3n del Conocimiento, Capacitaci\u00f3n y adiestramiento<\/td>\n<td>INDETERMINADO<\/td>\n<\/tr>\n<tr>\n<td>11<\/td>\n<td width=\"272\">Fuerza y Energ\u00eda de Tuxpan, S.A. de C.V.<\/td>\n<td width=\"549\">Formaci\u00f3n de Recursos Humanos, Investigaci\u00f3n Cient\u00edfica, Tecnol\u00f3gica y Human\u00edstica, Estad\u00edas, Cursos, Seminarios, Consultor\u00edas, Conferencias, Congresos, Taller<\/td>\n<td>25\/11\/2025<\/td>\n<\/tr>\n<tr>\n<td>12<\/td>\n<td width=\"272\">Instituto Tecnol\u00f3gico de Ciudad Valles<\/td>\n<td width=\"549\">Actividades Acad\u00e9micas, Formaci\u00f3n y Especializaci\u00f3n de Recursos Humanos, Investigaciones Conjuntas, Desarrollo tecnol\u00f3gico y acad\u00e9mico, Intercambio de informaci\u00f3n, Asesor\u00eda t\u00e9cnica o acad\u00e9mica, Publicaciones<\/td>\n<td>26\/09\/2025<\/td>\n<\/tr>\n<tr>\n<td>13<\/td>\n<td width=\"272\">Instituto Tecnol\u00f3gico de Puebla<\/td>\n<td width=\"549\">Proyectos de Investigaci\u00f3n, Programas Tecnol\u00f3gicos y Acad\u00e9micos, Asesor\u00eda t\u00e9cnica o acad\u00e9mica, Intercambio de informaci\u00f3n, Publicaciones<\/td>\n<td>20\/06\/2025<\/td>\n<\/tr>\n<tr>\n<td>14<\/td>\n<td width=\"272\">PLASTICOS DE LA SIERRA, S.A. DE C.V.<\/td>\n<td width=\"549\">Formaci\u00f3n de Recursos Humanos, Investigaci\u00f3n Cient\u00edfica, Tecnol\u00f3gica y Human\u00edstica<\/td>\n<td>09\/05\/2025<\/td>\n<\/tr>\n<tr>\n<td>15<\/td>\n<td width=\"272\">Universidad Interserrana del Estado de Puebla- Ahuacatl\u00e1n<\/td>\n<td width=\"549\">Proyectos conjuntos de investigaci\u00f3n cient\u00edfica, tecnol\u00f3gica o educativa<\/td>\n<td>INDEFINIDO<\/td>\n<\/tr>\n<tr>\n<td>16<\/td>\n<td width=\"272\">Universidad Aut\u00f3noma del Estado de Hidalgo<\/td>\n<td width=\"549\">Proyectos de investigaci\u00f3n cient\u00edfica, bilaterales y multilaterales, Seminarios, Simposio, Elaboraci\u00f3n de Art\u00edculos cient\u00edficos, Publicaciones, Intercambio en temas de transferencia de tecnolog\u00eda y conocimiento<\/td>\n<td>03\/03\/2027<\/td>\n<\/tr>\n<tr>\n<td>17<\/td>\n<td width=\"272\">Universidad Tecnol\u00f3gica de Puebla- CERHAN<\/td>\n<td width=\"549\">Actividades conjuntas de: investigaci\u00f3n, docencia, colaboraci\u00f3n acad\u00e9mica, desarrollo profesional, programas y proyectos conjuntos de investigaci\u00f3n y desarrollo, Publicar los resultados de la investigaci\u00f3n realizada en proyectos conjuntos., Intercambiar informaci\u00f3n, documentaci\u00f3n, publicaciones, seminarios, simposios, congresos, conferencias, foros, reuniones, diplomados, cursos y asesor\u00edas en sus \u00e1reas de especialidad<\/td>\n<td>14\/08\/2025<\/td>\n<\/tr>\n<\/tbody>\n<\/table>\n<\/div>\n<p>[\/et_pb_tab][et_pb_tab title=\u00bbRetribuci\u00f3n social\u00bb _builder_version=\u00bb4.27.4&#8243; _module_preset=\u00bbdefault\u00bb global_colors_info=\u00bb{}\u00bb][\/et_pb_tab][\/et_pb_tabs][\/et_pb_column][\/et_pb_row][et_pb_row _builder_version=\u00bb4.27.4&#8243; _module_preset=\u00bbdefault\u00bb custom_margin=\u00bb25px||||false|false\u00bb global_colors_info=\u00bb{}\u00bb][et_pb_column type=\u00bb4_4&#8243; _builder_version=\u00bb4.27.4&#8243; _module_preset=\u00bbdefault\u00bb global_colors_info=\u00bb{}\u00bb][et_pb_divider _builder_version=\u00bb4.27.4&#8243; _module_preset=\u00bbdefault\u00bb global_colors_info=\u00bb{}\u00bb][\/et_pb_divider][et_pb_text _builder_version=\u00bb4.27.4&#8243; _module_preset=\u00bbdefault\u00bb text_font=\u00bb|700|||||||\u00bb text_font_size=\u00bb26px\u00bb global_colors_info=\u00bb{}\u00bb]<\/p>\n<p>Contacto<\/p>\n<p>[\/et_pb_text][et_pb_text _builder_version=\u00bb4.27.5&#8243; _module_preset=\u00bbdefault\u00bb text_font=\u00bb||||||||\u00bb custom_margin=\u00bb-15px||||false|false\u00bb global_colors_info=\u00bb{}\u00bb]<\/p>\n<p><span>Titular: Mtra. Lilia Adriana Ib\u00e1\u00f1ez Salas<\/span><br \/><span>Ubicaci\u00f3n Administrativa: Instituto Tecnol\u00f3gico Superior de Teziutl\u00e1n<\/span><br \/><span>Tel\u00e9fono: 231 31 14001 \/ 14002 Ext 705 y 707<\/span><br \/><span>Correo Electr\u00f3nico: sub_posgrado@teziutlan.tecnm.mx<br \/><\/span><\/p>\n<p>[\/et_pb_text][\/et_pb_column][\/et_pb_row][\/et_pb_section]<\/p>\n","protected":false},"excerpt":{"rendered":"<p>LINK DE EVIDENCIA CONVENIOS VIGENTES AL 2024 ENTRE EL ITST Y LOS SECTORES SOCIAL, P\u00daBLCO Y PRIVADO Nombre de la Empresa\u00a0 Lugar de Origen de la Empresa Citrex, S.A. DE C.V. Mart\u00ednez de la Torre. Ver. Abrir enlace Compa\u00f1\u00eda de Energ\u00eda Mexicana San Pedro Garza Garc\u00eda, Nuevo Le\u00f3n Abrir enlace Comercializadora Keter, S.A. de C.V. [&hellip;]<\/p>\n","protected":false},"author":1,"featured_media":0,"parent":0,"menu_order":0,"comment_status":"closed","ping_status":"closed","template":"","meta":{"_et_pb_use_builder":"on","_et_pb_old_content":"","_et_gb_content_width":"","footnotes":""},"class_list":["post-3129","page","type-page","status-publish","hentry"],"_links":{"self":[{"href":"https:\/\/teziutlan.tecnm.mx\/index.php\/wp-json\/wp\/v2\/pages\/3129","targetHints":{"allow":["GET"]}}],"collection":[{"href":"https:\/\/teziutlan.tecnm.mx\/index.php\/wp-json\/wp\/v2\/pages"}],"about":[{"href":"https:\/\/teziutlan.tecnm.mx\/index.php\/wp-json\/wp\/v2\/types\/page"}],"author":[{"embeddable":true,"href":"https:\/\/teziutlan.tecnm.mx\/index.php\/wp-json\/wp\/v2\/users\/1"}],"replies":[{"embeddable":true,"href":"https:\/\/teziutlan.tecnm.mx\/index.php\/wp-json\/wp\/v2\/comments?post=3129"}],"version-history":[{"count":12,"href":"https:\/\/teziutlan.tecnm.mx\/index.php\/wp-json\/wp\/v2\/pages\/3129\/revisions"}],"predecessor-version":[{"id":6980,"href":"https:\/\/teziutlan.tecnm.mx\/index.php\/wp-json\/wp\/v2\/pages\/3129\/revisions\/6980"}],"wp:attachment":[{"href":"https:\/\/teziutlan.tecnm.mx\/index.php\/wp-json\/wp\/v2\/media?parent=3129"}],"curies":[{"name":"wp","href":"https:\/\/api.w.org\/{rel}","templated":true}]}}