{"id":3140,"date":"2025-08-12T16:59:59","date_gmt":"2025-08-12T22:59:59","guid":{"rendered":"https:\/\/teziutlan.tecnm.mx\/?page_id=3140"},"modified":"2026-05-01T18:59:36","modified_gmt":"2026-05-02T00:59:36","slug":"cuotas-vigentes","status":"publish","type":"page","link":"https:\/\/teziutlan.tecnm.mx\/index.php\/cuotas-vigentes\/","title":{"rendered":"Cuotas Vigentes"},"content":{"rendered":"<p>[et_pb_section fb_built=\u00bb1&#8243; _builder_version=\u00bb4.27.6&#8243; _module_preset=\u00bbdefault\u00bb background_image=\u00bbhttps:\/\/teziutlan.tecnm.mx\/wp-content\/uploads\/2025\/08\/7.png\u00bb width_tablet=\u00bb\u00bb width_phone=\u00bbauto\u00bb width_last_edited=\u00bbon|phone\u00bb max_width_tablet=\u00bb\u00bb max_width_phone=\u00bbnone\u00bb max_width_last_edited=\u00bbon|phone\u00bb min_height=\u00bb344px\u00bb min_height_tablet=\u00bb194px\u00bb min_height_phone=\u00bbauto\u00bb min_height_last_edited=\u00bbon|tablet\u00bb height_tablet=\u00bb\u00bb height_phone=\u00bbauto\u00bb height_last_edited=\u00bbon|phone\u00bb custom_margin_tablet=\u00bb\u00bb custom_margin_phone=\u00bb\u00bb custom_margin_last_edited=\u00bbon|phone\u00bb hover_enabled=\u00bb0&#8243; background_last_edited=\u00bbon|tablet\u00bb background_size_tablet=\u00bbcustom\u00bb background_size_phone=\u00bbcustom\u00bb background_image_width_tablet=\u00bb100%\u00bb background_image_width_phone=\u00bb100%\u00bb background_image_height_phone=\u00bb100%\u00bb global_colors_info=\u00bb{}\u00bb sticky_enabled=\u00bb0&#8243;][\/et_pb_section][et_pb_section fb_built=\u00bb1&#8243; _builder_version=\u00bb4.27.4&#8243; _module_preset=\u00bbdefault\u00bb global_colors_info=\u00bb{}\u00bb][et_pb_row _builder_version=\u00bb4.27.4&#8243; _module_preset=\u00bbdefault\u00bb global_colors_info=\u00bb{}\u00bb][et_pb_column type=\u00bb4_4&#8243; _builder_version=\u00bb4.27.4&#8243; _module_preset=\u00bbdefault\u00bb global_colors_info=\u00bb{}\u00bb][et_pb_text _builder_version=\u00bb4.27.6&#8243; _module_preset=\u00bbdefault\u00bb global_colors_info=\u00bb{}\u00bb]<\/p>\n<table width=\"861\">\n<tbody>\n<tr>\n<td colspan=\"7\" rowspan=\"2\" width=\"861\">Los derechos por los servicios prestados por el Instituto Tecnol\u00f3gico Superior de Teziutl\u00e1n, se causar\u00e1n y pagar\u00e1n de conformidad con las cuotas siguientes:<\/td>\n<\/tr>\n<tr><\/tr>\n<tr>\n<td width=\"111\">COSTO<\/td>\n<td colspan=\"6\" width=\"750\">SERVICIO<\/td>\n<\/tr>\n<tr>\n<td width=\"111\">\u00a0$\u00a0150<\/td>\n<td colspan=\"6\" width=\"750\">I. Por el tr\u00e1mite de solicitud de ficha de admisi\u00f3n\u00a0<\/td>\n<\/tr>\n<tr>\n<td width=\"111\">\u00a0$\u00a0\u00a01,500<\/td>\n<td colspan=\"6\" width=\"750\">II. Por cuota de inscripci\u00f3n o reinscripci\u00f3n, por semestre\u00a0<\/td>\n<\/tr>\n<tr>\n<td width=\"111\">\u00a0$\u00a0\u00a02,110<\/td>\n<td colspan=\"6\" width=\"750\">III. Por cuota de inscripci\u00f3n o reinscripci\u00f3n para estudios de maestr\u00eda<\/td>\n<\/tr>\n<tr>\n<td width=\"111\">\u00a0$\u00a0\u00a0540<\/td>\n<td colspan=\"6\" width=\"750\">IV. Por la constancia de nivel de ingl\u00e9s t\u00e9cnico cient\u00edfico y\/o B1, para estudiantes de nivel licenciatura<\/td>\n<\/tr>\n<tr>\n<td width=\"111\">\u00a0$\u00a0\u00a0140<\/td>\n<td colspan=\"6\" width=\"750\">V. Por el tr\u00e1mite de convalidaci\u00f3n, equivalencia y\/o revalidaci\u00f3n de estudios<\/td>\n<\/tr>\n<tr>\n<td width=\"111\">\u00a0$\u00a0\u00a0\u00a0 250<\/td>\n<td colspan=\"6\" width=\"750\">VI. Por materia de curso de verano\u00a0<\/td>\n<\/tr>\n<tr>\n<td width=\"111\">\u00a0$\u00a0\u00a0\u00a039<\/td>\n<td colspan=\"6\" width=\"750\">VII. Por la expedici\u00f3n de k\u00e1rdex acad\u00e9mico\u00a0<\/td>\n<\/tr>\n<tr>\n<td width=\"111\"><\/td>\n<td colspan=\"6\" width=\"750\">VIII. Por la expedici\u00f3n de constancias:\u00a0<\/td>\n<\/tr>\n<tr>\n<td width=\"111\">\u00a0$\u00a0\u00a0\u00a0\u00a0 39<\/td>\n<td colspan=\"6\" width=\"750\">a) De estudios\u00a0<\/td>\n<\/tr>\n<tr>\n<td width=\"111\">\u00a0$\u00a0\u00a0 65<\/td>\n<td colspan=\"6\" width=\"750\">b) De servicio social<\/td>\n<\/tr>\n<tr>\n<td width=\"111\">\u00a0$\u00a0\u00a0 28<\/td>\n<td colspan=\"6\" width=\"750\">IX. Por la reposici\u00f3n de boleta de calificaciones\u00a0<\/td>\n<\/tr>\n<tr>\n<td width=\"111\">\u00a0$\u00a0540<\/td>\n<td colspan=\"6\" width=\"750\">X. Por la expedici\u00f3n o reposici\u00f3n de certificado profesional, parcial o total\u00a0<\/td>\n<\/tr>\n<tr>\n<td width=\"111\">\u00a0$\u00a0\u00a01,970<\/td>\n<td colspan=\"6\" width=\"750\">XI. Por los tr\u00e1mites administrativos para titulaci\u00f3n<\/td>\n<\/tr>\n<tr>\n<td width=\"111\">\u00a0$\u00a0\u00a0660<\/td>\n<td colspan=\"6\" width=\"750\">XII. Por la expedici\u00f3n de T\u00edtulo Profesional Electr\u00f3nico\u00a0<\/td>\n<\/tr>\n<tr>\n<td width=\"111\">\u00a0$\u00a0140<\/td>\n<td colspan=\"6\" width=\"750\">XIII. Por la reposici\u00f3n de credencial de estudiante, por cada una<\/td>\n<\/tr>\n<tr>\n<td width=\"111\">\u00a0$\u00a0\u00a0335<\/td>\n<td colspan=\"6\" width=\"750\">XIV. Por el tr\u00e1mite de legalizaci\u00f3n de documentos\u00a0<\/td>\n<\/tr>\n<tr>\n<td width=\"111\">\u00a0$\u00a0\u00a0335<\/td>\n<td colspan=\"6\" width=\"750\">XIV. Por el tr\u00e1mite de legalizaci\u00f3n de documentos\u00a0<\/td>\n<\/tr>\n<tr>\n<td width=\"111\">\u00a0$ 525<\/td>\n<td colspan=\"6\" width=\"750\">XV. Por la constancia de acreditaci\u00f3n de un segundo idioma, para estudiantes de posgrado<\/td>\n<\/tr>\n<\/tbody>\n<\/table>\n<p>[\/et_pb_text][\/et_pb_column][\/et_pb_row][et_pb_row _builder_version=\u00bb4.27.4&#8243; _module_preset=\u00bbdefault\u00bb custom_margin=\u00bb25px||||false|false\u00bb global_colors_info=\u00bb{}\u00bb][et_pb_column type=\u00bb4_4&#8243; _builder_version=\u00bb4.27.4&#8243; _module_preset=\u00bbdefault\u00bb global_colors_info=\u00bb{}\u00bb][et_pb_divider _builder_version=\u00bb4.27.4&#8243; _module_preset=\u00bbdefault\u00bb global_colors_info=\u00bb{}\u00bb][\/et_pb_divider][et_pb_text _builder_version=\u00bb4.27.4&#8243; _module_preset=\u00bbdefault\u00bb text_font=\u00bb|700|||||||\u00bb text_font_size=\u00bb26px\u00bb global_colors_info=\u00bb{}\u00bb]<\/p>\n<p>Contacto<\/p>\n<p>[\/et_pb_text][et_pb_text _builder_version=\u00bb4.27.5&#8243; _module_preset=\u00bbdefault\u00bb text_font=\u00bb||||||||\u00bb custom_margin=\u00bb-15px||||false|false\u00bb global_colors_info=\u00bb{}\u00bb]<\/p>\n<p><span>Titular: Mtra. Lilia Adriana Ib\u00e1\u00f1ez Salas<\/span><br \/><span>Ubicaci\u00f3n Administrativa: Instituto Tecnol\u00f3gico Superior de Teziutl\u00e1n<\/span><br \/><span>Tel\u00e9fono: 231 31 14001 \/ 14002 Ext 705 y 707<\/span><br \/><span>Correo Electr\u00f3nico: sub_posgrado@teziutlan.tecnm.mx<br \/><\/span><\/p>\n<p>[\/et_pb_text][\/et_pb_column][\/et_pb_row][\/et_pb_section]<\/p>\n","protected":false},"excerpt":{"rendered":"<p>Los derechos por los servicios prestados por el Instituto Tecnol\u00f3gico Superior de Teziutl\u00e1n, se causar\u00e1n y pagar\u00e1n de conformidad con las cuotas siguientes: COSTO SERVICIO \u00a0$\u00a0150 I. Por el tr\u00e1mite de solicitud de ficha de admisi\u00f3n\u00a0 \u00a0$\u00a0\u00a01,500 II. Por cuota de inscripci\u00f3n o reinscripci\u00f3n, por semestre\u00a0 \u00a0$\u00a0\u00a02,110 III. Por cuota de inscripci\u00f3n o reinscripci\u00f3n para [&hellip;]<\/p>\n","protected":false},"author":1,"featured_media":0,"parent":0,"menu_order":0,"comment_status":"closed","ping_status":"closed","template":"","meta":{"_et_pb_use_builder":"on","_et_pb_old_content":"","_et_gb_content_width":"","footnotes":""},"class_list":["post-3140","page","type-page","status-publish","hentry"],"_links":{"self":[{"href":"https:\/\/teziutlan.tecnm.mx\/index.php\/wp-json\/wp\/v2\/pages\/3140","targetHints":{"allow":["GET"]}}],"collection":[{"href":"https:\/\/teziutlan.tecnm.mx\/index.php\/wp-json\/wp\/v2\/pages"}],"about":[{"href":"https:\/\/teziutlan.tecnm.mx\/index.php\/wp-json\/wp\/v2\/types\/page"}],"author":[{"embeddable":true,"href":"https:\/\/teziutlan.tecnm.mx\/index.php\/wp-json\/wp\/v2\/users\/1"}],"replies":[{"embeddable":true,"href":"https:\/\/teziutlan.tecnm.mx\/index.php\/wp-json\/wp\/v2\/comments?post=3140"}],"version-history":[{"count":11,"href":"https:\/\/teziutlan.tecnm.mx\/index.php\/wp-json\/wp\/v2\/pages\/3140\/revisions"}],"predecessor-version":[{"id":7021,"href":"https:\/\/teziutlan.tecnm.mx\/index.php\/wp-json\/wp\/v2\/pages\/3140\/revisions\/7021"}],"wp:attachment":[{"href":"https:\/\/teziutlan.tecnm.mx\/index.php\/wp-json\/wp\/v2\/media?parent=3140"}],"curies":[{"name":"wp","href":"https:\/\/api.w.org\/{rel}","templated":true}]}}