{"id":3856,"date":"2026-01-21T14:25:54","date_gmt":"2026-01-21T20:25:54","guid":{"rendered":"https:\/\/teziutlan.tecnm.mx\/?page_id=3856"},"modified":"2026-04-08T08:09:39","modified_gmt":"2026-04-08T14:09:39","slug":"informacion-presupuestal-4to-trimestre-2025","status":"publish","type":"page","link":"https:\/\/teziutlan.tecnm.mx\/index.php\/informacion-presupuestal-4to-trimestre-2025\/","title":{"rendered":"Informaci\u00f3n Presupuestal 4to Trimestre 2025"},"content":{"rendered":"<p>[et_pb_section fb_built=\u00bb1&#8243; _builder_version=\u00bb4.27.5&#8243; _module_preset=\u00bbdefault\u00bb global_colors_info=\u00bb{}\u00bb][et_pb_row _builder_version=\u00bb4.27.5&#8243; _module_preset=\u00bbdefault\u00bb global_colors_info=\u00bb{}\u00bb][et_pb_column type=\u00bb4_4&#8243; _builder_version=\u00bb4.27.5&#8243; _module_preset=\u00bbdefault\u00bb global_colors_info=\u00bb{}\u00bb][et_pb_text _builder_version=\u00bb4.27.6&#8243; _module_preset=\u00bbdefault\u00bb text_font=\u00bb|700|||||||\u00bb text_text_color=\u00bb#606060&#8243; text_font_size=\u00bb50px\u00bb animation_style=\u00bbfade\u00bb hover_enabled=\u00bb0&#8243; global_colors_info=\u00bb{}\u00bb text_font_size_last_edited=\u00bbon|phone\u00bb sticky_enabled=\u00bb0&#8243; text_font_size_tablet=\u00bb39px\u00bb text_font_size_phone=\u00bb28px\u00bb]<\/p>\n<p>Informaci\u00f3n Presupuestal 2025<\/p>\n<p>[\/et_pb_text][et_pb_text _builder_version=\u00bb4.27.5&#8243; _module_preset=\u00bbdefault\u00bb text_font=\u00bb|700|||||||\u00bb text_text_color=\u00bb#606060&#8243; text_font_size=\u00bb30px\u00bb animation_style=\u00bbfade\u00bb global_colors_info=\u00bb{}\u00bb]<\/p>\n<p>4to Trimestre<\/p>\n<p>[\/et_pb_text][\/et_pb_column][\/et_pb_row][et_pb_row _builder_version=\u00bb4.27.5&#8243; _module_preset=\u00bbdefault\u00bb global_colors_info=\u00bb{}\u00bb][et_pb_column type=\u00bb4_4&#8243; _builder_version=\u00bb4.27.5&#8243; _module_preset=\u00bbdefault\u00bb global_colors_info=\u00bb{}\u00bb][et_pb_text _builder_version=\u00bb4.27.5&#8243; _module_preset=\u00bbdefault\u00bb text_font_size=\u00bb18px\u00bb global_colors_info=\u00bb{}\u00bb]<\/p>\n<p><a href=\"https:\/\/cloud.teziutlan.tecnm.mx\/TransparenciaWeb\/Archivos\/VerArchivo?rutaRelativa=EstadosFinancieros%2FInformaci%C3%B3n%20Financiera%202025%2FII.%20Informaci%C3%B3n%20Presupuestal%2F4to%20Trimestre&amp;nombreArchivo=I%29%20Estado%20Anla%C3%ADtico%20de%20Ingresos.pdf\" target=\"_blank\" rel=\"noopener\"><span>\ud83d\udcc4 I) Estado Anla\u00edtico de Ingresos.pdf<\/span><\/a><\/p>\n<p><a href=\"https:\/\/cloud.teziutlan.tecnm.mx\/TransparenciaWeb\/Archivos\/VerArchivo?rutaRelativa=EstadosFinancieros%2FInformaci%C3%B3n%20Financiera%202025%2FII.%20Informaci%C3%B3n%20Presupuestal%2F4to%20Trimestre&amp;nombreArchivo=II.I%29%20Estado%20Anal%C3%ADtico%20Del%20Ejercicio%20Del%20Presupuesto%20De%20Egresos%20Por%20Objeto%20Del%20Gasto.pdf\" target=\"_blank\" rel=\"noopener\"><span>\ud83d\udcc4 II.I) Estado Anal\u00edtico Del Ejercicio Del Presupuesto De Egresos Por Objeto Del Gasto.pdf<\/span><\/a><\/p>\n<p><a href=\"https:\/\/cloud.teziutlan.tecnm.mx\/TransparenciaWeb\/Archivos\/VerArchivo?rutaRelativa=EstadosFinancieros%2FInformaci%C3%B3n%20Financiera%202025%2FII.%20Informaci%C3%B3n%20Presupuestal%2F4to%20Trimestre&amp;nombreArchivo=II.II%29%20Estado%20Anal%C3%ADtico%20Del%20Ejercicio%20Del%20Presupuesto%20De%20Egresos%20Clasificaci%C3%B3n%20Econ%C3%B3mica.pdf\" target=\"_blank\" rel=\"noopener\"><span>\ud83d\udcc4 II.II) Estado Anal\u00edtico Del Ejercicio Del Presupuesto De Egresos Clasificaci\u00f3n Econ\u00f3mica.pdf<\/span><\/a><\/p>\n<p><a href=\"https:\/\/cloud.teziutlan.tecnm.mx\/TransparenciaWeb\/Archivos\/VerArchivo?rutaRelativa=EstadosFinancieros%2FInformaci%C3%B3n%20Financiera%202025%2FII.%20Informaci%C3%B3n%20Presupuestal%2F4to%20Trimestre&amp;nombreArchivo=II.III%29%20Estado%20Anal%C3%ADtico%20Del%20Ejercicio%20Del%20Presupuesto%20De%20Egresos%20Clasificaci%C3%B3n%20Administrativa.pdf\" target=\"_blank\" rel=\"noopener\"><span>\ud83d\udcc4 II.III) Estado Anal\u00edtico Del Ejercicio Del Presupuesto De Egresos Clasificaci\u00f3n Administrativa.pdf<\/span><\/a><span style=\"font-size: 20px;\"><\/span><\/p>\n<p><a href=\"https:\/\/cloud.teziutlan.tecnm.mx\/TransparenciaWeb\/Archivos\/VerArchivo?rutaRelativa=EstadosFinancieros%2FInformaci%C3%B3n%20Financiera%202025%2FII.%20Informaci%C3%B3n%20Presupuestal%2F4to%20Trimestre&amp;nombreArchivo=II.IV%29%20Estado%20Anal%C3%ADtico%20Del%20Ejercicio%20Del%20Presupuesto%20De%20Egresos%20Clasificaci%C3%B3n%20Funcional.pdf\" target=\"_blank\" rel=\"noopener\"><span>\ud83d\udcc4 II.IV) Estado Anal\u00edtico Del Ejercicio Del Presupuesto De Egresos Clasificaci\u00f3n Funcional.pdf<\/span><\/a><\/p>\n<p><a href=\"https:\/\/cloud.teziutlan.tecnm.mx\/TransparenciaWeb\/Archivos\/VerArchivo?rutaRelativa=EstadosFinancieros%2FInformaci%C3%B3n%20Financiera%202025%2FII.%20Informaci%C3%B3n%20Presupuestal%2F4to%20Trimestre&amp;nombreArchivo=III%29%20Endeudamiento%20neto.pdf\" target=\"_blank\" rel=\"noopener\"><span>\ud83d\udcc4 III) Endeudamiento neto.pdf<\/span><\/a><\/p>\n<p><a href=\"https:\/\/cloud.teziutlan.tecnm.mx\/TransparenciaWeb\/Archivos\/VerArchivo?rutaRelativa=EstadosFinancieros%2FInformaci%C3%B3n%20Financiera%202025%2FII.%20Informaci%C3%B3n%20Presupuestal%2F4to%20Trimestre&amp;nombreArchivo=IV%29%20Intereses%20de%20la%20deuda.pdf\" target=\"_blank\" rel=\"noopener\"><span>\ud83d\udcc4 IV) Intereses de la deuda.pdf<\/span><\/a><\/p>\n<p>[\/et_pb_text][\/et_pb_column][\/et_pb_row][\/et_pb_section]<\/p>\n","protected":false},"excerpt":{"rendered":"<p>Informaci\u00f3n Presupuestal 20254to Trimestre\ud83d\udcc4 I) Estado Anla\u00edtico de Ingresos.pdf \ud83d\udcc4 II.I) Estado Anal\u00edtico Del Ejercicio Del Presupuesto De Egresos Por Objeto Del Gasto.pdf \ud83d\udcc4 II.II) Estado Anal\u00edtico Del Ejercicio Del Presupuesto De Egresos Clasificaci\u00f3n Econ\u00f3mica.pdf \ud83d\udcc4 II.III) Estado Anal\u00edtico Del Ejercicio Del Presupuesto De Egresos Clasificaci\u00f3n Administrativa.pdf \ud83d\udcc4 II.IV) Estado Anal\u00edtico Del Ejercicio Del Presupuesto [&hellip;]<\/p>\n","protected":false},"author":1,"featured_media":0,"parent":0,"menu_order":0,"comment_status":"closed","ping_status":"closed","template":"","meta":{"_et_pb_use_builder":"on","_et_pb_old_content":"","_et_gb_content_width":"","footnotes":""},"class_list":["post-3856","page","type-page","status-publish","hentry"],"_links":{"self":[{"href":"https:\/\/teziutlan.tecnm.mx\/index.php\/wp-json\/wp\/v2\/pages\/3856","targetHints":{"allow":["GET"]}}],"collection":[{"href":"https:\/\/teziutlan.tecnm.mx\/index.php\/wp-json\/wp\/v2\/pages"}],"about":[{"href":"https:\/\/teziutlan.tecnm.mx\/index.php\/wp-json\/wp\/v2\/types\/page"}],"author":[{"embeddable":true,"href":"https:\/\/teziutlan.tecnm.mx\/index.php\/wp-json\/wp\/v2\/users\/1"}],"replies":[{"embeddable":true,"href":"https:\/\/teziutlan.tecnm.mx\/index.php\/wp-json\/wp\/v2\/comments?post=3856"}],"version-history":[{"count":5,"href":"https:\/\/teziutlan.tecnm.mx\/index.php\/wp-json\/wp\/v2\/pages\/3856\/revisions"}],"predecessor-version":[{"id":5237,"href":"https:\/\/teziutlan.tecnm.mx\/index.php\/wp-json\/wp\/v2\/pages\/3856\/revisions\/5237"}],"wp:attachment":[{"href":"https:\/\/teziutlan.tecnm.mx\/index.php\/wp-json\/wp\/v2\/media?parent=3856"}],"curies":[{"name":"wp","href":"https:\/\/api.w.org\/{rel}","templated":true}]}}