{"id":479,"date":"2025-03-27T19:22:46","date_gmt":"2025-03-27T19:22:46","guid":{"rendered":"http:\/\/10.10.25.1\/?page_id=479"},"modified":"2025-03-27T21:23:50","modified_gmt":"2025-03-27T21:23:50","slug":"politica-ambiental","status":"publish","type":"page","link":"https:\/\/teziutlan.tecnm.mx\/index.php\/politica-ambiental\/","title":{"rendered":"Pol\u00edtica ambiental"},"content":{"rendered":"<p>[et_pb_section fb_built=\u00bb1&#8243; _builder_version=\u00bb4.27.4&#8243; _module_preset=\u00bbdefault\u00bb global_colors_info=\u00bb{}\u00bb][et_pb_row _builder_version=\u00bb4.27.4&#8243; _module_preset=\u00bbdefault\u00bb global_colors_info=\u00bb{}\u00bb][et_pb_column type=\u00bb4_4&#8243; _builder_version=\u00bb4.27.4&#8243; _module_preset=\u00bbdefault\u00bb global_colors_info=\u00bb{}\u00bb][et_pb_blurb title=\u00bbPOL\u00cdTICA AMBIENTAL\u00bb image=\u00bbhttp:\/\/10.10.25.1\/wp-content\/uploads\/2025\/03\/slide-politica-ambiental-2-1-1.png\u00bb _builder_version=\u00bb4.27.4&#8243; _module_preset=\u00bbdefault\u00bb header_font=\u00bb|600|||||||\u00bb header_text_align=\u00bbcenter\u00bb header_font_size=\u00bb24px\u00bb body_text_color=\u00bb#000000&#8243; body_font_size=\u00bb15px\u00bb hover_enabled=\u00bb0&#8243; global_colors_info=\u00bb{}\u00bb title_text=\u00bbslide-politica-ambiental (2) (1) (1)\u00bb sticky_enabled=\u00bb0&#8243;]<\/p>\n<p style=\"text-align: justify;\">El Instituto Tecnol\u00f3gico Superior de Teziutl\u00e1n se compromete basado en su alcance a mantener y mejorar su Sistema de Gesti\u00f3n Ambiental basado en la Norma ISO 14001:2015, para prevenir la contaminaci\u00f3n, el uso sostenible de recursos, la mitigaci\u00f3n y adaptaci\u00f3n al cambio clim\u00e1tico, la protecci\u00f3n de la biodiversidad y de los ecosistemas pertinentes a su contexto en su proceso educativo, el cumplimiento de aquellos requisitos legales y otros requisitos identificados en sus aspectos ambientales y la mejora del desempe\u00f1o ambiental.<\/p>\n<p>[\/et_pb_blurb][\/et_pb_column][\/et_pb_row][\/et_pb_section]<\/p>\n","protected":false},"excerpt":{"rendered":"<p>El Instituto Tecnol\u00f3gico Superior de Teziutl\u00e1n se compromete basado en su alcance a mantener y mejorar su Sistema de Gesti\u00f3n Ambiental basado en la Norma ISO 14001:2015, para prevenir la contaminaci\u00f3n, el uso sostenible de recursos, la mitigaci\u00f3n y adaptaci\u00f3n al cambio clim\u00e1tico, la protecci\u00f3n de la biodiversidad y de los ecosistemas pertinentes a su [&hellip;]<\/p>\n","protected":false},"author":1,"featured_media":0,"parent":0,"menu_order":0,"comment_status":"closed","ping_status":"closed","template":"","meta":{"_et_pb_use_builder":"on","_et_pb_old_content":"","_et_gb_content_width":"","footnotes":""},"class_list":["post-479","page","type-page","status-publish","hentry"],"_links":{"self":[{"href":"https:\/\/teziutlan.tecnm.mx\/index.php\/wp-json\/wp\/v2\/pages\/479","targetHints":{"allow":["GET"]}}],"collection":[{"href":"https:\/\/teziutlan.tecnm.mx\/index.php\/wp-json\/wp\/v2\/pages"}],"about":[{"href":"https:\/\/teziutlan.tecnm.mx\/index.php\/wp-json\/wp\/v2\/types\/page"}],"author":[{"embeddable":true,"href":"https:\/\/teziutlan.tecnm.mx\/index.php\/wp-json\/wp\/v2\/users\/1"}],"replies":[{"embeddable":true,"href":"https:\/\/teziutlan.tecnm.mx\/index.php\/wp-json\/wp\/v2\/comments?post=479"}],"version-history":[{"count":5,"href":"https:\/\/teziutlan.tecnm.mx\/index.php\/wp-json\/wp\/v2\/pages\/479\/revisions"}],"predecessor-version":[{"id":519,"href":"https:\/\/teziutlan.tecnm.mx\/index.php\/wp-json\/wp\/v2\/pages\/479\/revisions\/519"}],"wp:attachment":[{"href":"https:\/\/teziutlan.tecnm.mx\/index.php\/wp-json\/wp\/v2\/media?parent=479"}],"curies":[{"name":"wp","href":"https:\/\/api.w.org\/{rel}","templated":true}]}}