{"id":490,"date":"2025-03-27T20:20:01","date_gmt":"2025-03-27T20:20:01","guid":{"rendered":"http:\/\/10.10.25.1\/?page_id=490"},"modified":"2025-03-27T20:20:07","modified_gmt":"2025-03-27T20:20:07","slug":"sistema-de-gestion-de-calidad","status":"publish","type":"page","link":"https:\/\/teziutlan.tecnm.mx\/index.php\/sistema-de-gestion-de-calidad\/","title":{"rendered":"Sistema de Gesti\u00f3n de Calidad"},"content":{"rendered":"<p>[et_pb_section fb_built=\u00bb1&#8243; theme_builder_area=\u00bbpost_content\u00bb _builder_version=\u00bb4.27.4&#8243; _module_preset=\u00bbdefault\u00bb][et_pb_row _builder_version=\u00bb4.27.4&#8243; _module_preset=\u00bbdefault\u00bb theme_builder_area=\u00bbpost_content\u00bb][et_pb_column _builder_version=\u00bb4.27.4&#8243; _module_preset=\u00bbdefault\u00bb type=\u00bb4_4&#8243; theme_builder_area=\u00bbpost_content\u00bb][et_pb_heading title=\u00bbSISTEMA DE GESTI\u00d3N DE CALIDAD\u00bb _builder_version=\u00bb4.27.4&#8243; _module_preset=\u00bbdefault\u00bb theme_builder_area=\u00bbpost_content\u00bb title_text_align=\u00bbcenter\u00bb title_font=\u00bb|700|||||||\u00bb title_text_color=\u00bb#000000&#8243; hover_enabled=\u00bb0&#8243; sticky_enabled=\u00bb0&#8243;][\/et_pb_heading][et_pb_text _builder_version=\u00bb4.27.4&#8243; _module_preset=\u00bbdefault\u00bb theme_builder_area=\u00bbpost_content\u00bb text_orientation=\u00bbjustified\u00bb text_text_color=\u00bb#000000&#8243; text_font_size=\u00bb15px\u00bb width=\u00bb100%\u00bb hover_enabled=\u00bb0&#8243; sticky_enabled=\u00bb0&#8243;]<\/p>\n<p>El Instituto Tecnol\u00f3gico Superior de Teziutl\u00e1n establece, implementa, mantiene y mejora continuamente su Sistema de Gesti\u00f3n de Calidad de acuerdo a los requisitos de la Norma ISO 9001:2015, en el que se incluyen los procesos necesarios y sus interacciones, as\u00ed como el contexto de la Instituci\u00f3n y la comprensi\u00f3n de las necesidades y expectativas de las partes interesadas y plasmado en el<strong> M-SGC-01 Manual del Sistema de Gesti\u00f3n de Calidad del Instituto.<\/strong><\/p>\n<p>El Instituto Tecnol\u00f3gico Superior de Teziutl\u00e1n en su Sistema de Gesti\u00f3n de la Calidad:<\/p>\n<ul>\n<li>Identifica los procesos necesarios para el Sistema de Gesti\u00f3n de la Calidad y su aplicaci\u00f3n, la cual se describen en el punto 4.1 de este Manual y en particular en el Mapa de Procesos.<\/li>\n<li>La secuencia e interacci\u00f3n de los procesos establecidos queda determinada por la naturaleza de la prestaci\u00f3n del Servicio Educativo y se muestra en el Mapa de Procesos en donde a trav\u00e9s de flechas de uno o dos sentidos las salidas de un proceso se convierten en entradas de otros. En un enfoque de sistemas, se integran los cinco procesos estrat\u00e9gicos en uno s\u00f3lo denominado Proceso Educativo, el cual tiene como entrada los requisitos del Estudiante y las consideraciones identificadas de las partes interesadas y como salida el Servicio educativo.<\/li>\n<li>Establece como criterio para medir la eficacia de sus procesos: el cumplimiento de los indicadores establecidos para cada uno de ellos en el Plan de Calidad (D-CAL-04).<\/li>\n<li>Asegura la disponibilidad de recursos e informaci\u00f3n necesarios para apoyar la operaci\u00f3n y seguimiento de sus procesos mediante la Captaci\u00f3n de Ingresos y su asignaci\u00f3n a trav\u00e9s del Programa Operativo Anual (POA); as\u00ed mismo dispone de la informaci\u00f3n necesaria para cumplir con los puntos anteriores.<\/li>\n<li>Realiza el seguimiento, la medici\u00f3n, el an\u00e1lisis y la mejora de sus procesos mediante la aplicaci\u00f3n del Plan de Calidad (D-CAL-04).<\/li>\n<li>Aborda los riesgos y oportunidades mediante el procedimiento (P-CAL-07) GESTI\u00d3N DEL RIESGO.<\/li>\n<li>Implementa las acciones necesarias para alcanzar los resultados planificados, los cuales est\u00e1n contenidos en el Programa Institucional Anual (PIA) y la aplicaci\u00f3n de los Procedimientos operativos en cada uno de los procesos; la mejora continua de estos procesos se realiza a trav\u00e9s de la Revisi\u00f3n por la Direcci\u00f3n.<\/li>\n<li>Eval\u00faa la Eficacia en el cumplimiento de las caracter\u00edsticas de calidad del servicio educativo a trav\u00e9s del Plan de Calidad (D-CAL-04), donde se define tambi\u00e9n lo que se tendr\u00eda que hacer en caso de incumplimiento de alguna de las caracter\u00edsticas de calidad definidas.<\/li>\n<\/ul>\n<p>[\/et_pb_text][\/et_pb_column][\/et_pb_row][\/et_pb_section]<\/p>\n","protected":false},"excerpt":{"rendered":"<p>El Instituto Tecnol\u00f3gico Superior de Teziutl\u00e1n establece, implementa, mantiene y mejora continuamente su Sistema de Gesti\u00f3n de Calidad de acuerdo a los requisitos de la Norma ISO 9001:2015, en el que se incluyen los procesos necesarios y sus interacciones, as\u00ed como el contexto de la Instituci\u00f3n y la comprensi\u00f3n de las necesidades y expectativas de [&hellip;]<\/p>\n","protected":false},"author":1,"featured_media":0,"parent":0,"menu_order":0,"comment_status":"closed","ping_status":"closed","template":"","meta":{"_et_pb_use_builder":"on","_et_pb_old_content":"","_et_gb_content_width":"","footnotes":""},"class_list":["post-490","page","type-page","status-publish","hentry"],"_links":{"self":[{"href":"https:\/\/teziutlan.tecnm.mx\/index.php\/wp-json\/wp\/v2\/pages\/490","targetHints":{"allow":["GET"]}}],"collection":[{"href":"https:\/\/teziutlan.tecnm.mx\/index.php\/wp-json\/wp\/v2\/pages"}],"about":[{"href":"https:\/\/teziutlan.tecnm.mx\/index.php\/wp-json\/wp\/v2\/types\/page"}],"author":[{"embeddable":true,"href":"https:\/\/teziutlan.tecnm.mx\/index.php\/wp-json\/wp\/v2\/users\/1"}],"replies":[{"embeddable":true,"href":"https:\/\/teziutlan.tecnm.mx\/index.php\/wp-json\/wp\/v2\/comments?post=490"}],"version-history":[{"count":2,"href":"https:\/\/teziutlan.tecnm.mx\/index.php\/wp-json\/wp\/v2\/pages\/490\/revisions"}],"predecessor-version":[{"id":493,"href":"https:\/\/teziutlan.tecnm.mx\/index.php\/wp-json\/wp\/v2\/pages\/490\/revisions\/493"}],"wp:attachment":[{"href":"https:\/\/teziutlan.tecnm.mx\/index.php\/wp-json\/wp\/v2\/media?parent=490"}],"curies":[{"name":"wp","href":"https:\/\/api.w.org\/{rel}","templated":true}]}}