{"id":5422,"date":"2026-04-15T21:40:32","date_gmt":"2026-04-16T03:40:32","guid":{"rendered":"https:\/\/teziutlan.tecnm.mx\/?page_id=5422"},"modified":"2026-04-21T16:52:57","modified_gmt":"2026-04-21T22:52:57","slug":"maestria-en-inteligencia-artificial","status":"publish","type":"page","link":"https:\/\/teziutlan.tecnm.mx\/index.php\/maestria-en-inteligencia-artificial\/","title":{"rendered":"Maestr\u00eda en Inteligencia Artificial"},"content":{"rendered":"<p>[et_pb_section fb_built=\u00bb1&#8243; _builder_version=\u00bb4.27.4&#8243; _module_preset=\u00bbdefault\u00bb global_colors_info=\u00bb{}\u00bb][et_pb_row _builder_version=\u00bb4.27.4&#8243; _module_preset=\u00bbdefault\u00bb global_colors_info=\u00bb{}\u00bb][et_pb_column type=\u00bb4_4&#8243; _builder_version=\u00bb4.27.4&#8243; _module_preset=\u00bbdefault\u00bb global_colors_info=\u00bb{}\u00bb][et_pb_text _builder_version=\u00bb4.27.6&#8243; _module_preset=\u00bbdefault\u00bb text_font=\u00bbABeeZee|700|||||||\u00bb text_text_color=\u00bb#000000&#8243; text_font_size=\u00bb30px\u00bb text_orientation=\u00bbcenter\u00bb global_colors_info=\u00bb{}\u00bb]<\/p>\n<p>Modalidad No Escolarizada<\/p>\n<p>[\/et_pb_text][et_pb_text _builder_version=\u00bb4.27.6&#8243; _module_preset=\u00bbdefault\u00bb text_font=\u00bbABeeZee|700|||||||\u00bb text_text_color=\u00bb#000000&#8243; text_font_size=\u00bb22px\u00bb text_orientation=\u00bbcenter\u00bb text_font_size_tablet=\u00bb22px\u00bb text_font_size_phone=\u00bb22px\u00bb text_font_size_last_edited=\u00bbon|phone\u00bb global_colors_info=\u00bb{}\u00bb]<\/p>\n<p>MPIAF-2025-1<\/p>\n<p>[\/et_pb_text][et_pb_image src=\u00bbhttps:\/\/teziutlan.tecnm.mx\/wp-content\/uploads\/2026\/04\/maestria_en_inteligencia_artificial.jpeg\u00bb title_text=\u00bbmaestria_en_inteligencia_artificial\u00bb align=\u00bbcenter\u00bb _builder_version=\u00bb4.27.6&#8243; _module_preset=\u00bbdefault\u00bb max_width=\u00bb117%\u00bb global_colors_info=\u00bb{}\u00bb][\/et_pb_image][et_pb_text _builder_version=\u00bb4.27.4&#8243; _module_preset=\u00bbdefault\u00bb text_font=\u00bbRoboto|700|||||||\u00bb text_text_color=\u00bb#000000&#8243; text_font_size=\u00bb34px\u00bb width=\u00bb75%\u00bb module_alignment=\u00bbcenter\u00bb custom_margin=\u00bb60px||||false|false\u00bb global_colors_info=\u00bb{}\u00bb]<\/p>\n<p>Objetivo General<\/p>\n<p>[\/et_pb_text][et_pb_text _builder_version=\u00bb4.27.6&#8243; _module_preset=\u00bbdefault\u00bb text_font_size=\u00bb17px\u00bb text_orientation=\u00bbjustified\u00bb width=\u00bb75%\u00bb module_alignment=\u00bbcenter\u00bb global_colors_info=\u00bb{}\u00bb]<\/p>\n<p>Formar profesionales de posgrado altamente especializados en la aplicaci\u00f3n de la Inteligencia Artificial a problemas reales, con la finalidad de que sean competentes en el desarrollo e implementaci\u00f3n de sistemas inteligentes innovadores, para la soluci\u00f3n de problemas de incidencia social, respetando los criterios de sostenibilidad y de \u00e9tica.<\/p>\n<p>[\/et_pb_text][et_pb_tabs active_tab_background_color=\u00bbrgba(171,193,131,0.42)\u00bb inactive_tab_background_color=\u00bbRGBA(255,255,255,0)\u00bb active_tab_text_color=\u00bb#000000&#8243; _builder_version=\u00bb4.27.6&#8243; _module_preset=\u00bbdefault\u00bb tab_text_color=\u00bb#000000&#8243; body_text_align=\u00bbjustify\u00bb tab_font=\u00bbABeeZee|700|||||||\u00bb tab_font_size=\u00bb17px\u00bb width=\u00bb85%\u00bb module_alignment=\u00bbcenter\u00bb hover_enabled=\u00bb0&#8243; global_colors_info=\u00bb{}\u00bb sticky_enabled=\u00bb0&#8243;][et_pb_tab title=\u00bbPerfil de Ingreso\u00bb _builder_version=\u00bb4.27.6&#8243; _module_preset=\u00bbdefault\u00bb body_text_align=\u00bbjustify\u00bb global_colors_info=\u00bb{}\u00bb]<\/p>\n<p><strong>Los candidatos deber\u00e1n ser egresados de una carrera de Ingenier\u00eda o Licenciatura en \u00e1rea af\u00edn a computaci\u00f3n y\/o inteligencia artificial. Se recomienda que tengan conocimientos previos en alg\u00fan lenguaje de alto nivel y en el manejo de bases de datos. Adem\u00e1s, de tener facilidad para comprender conceptos abstractos y formular algoritmos para la resoluci\u00f3n de problemas. <\/strong><\/p>\n<p>[\/et_pb_tab][et_pb_tab title=\u00bbPerfil de Egreso\u00bb _builder_version=\u00bb4.27.6&#8243; _module_preset=\u00bbdefault\u00bb body_text_align=\u00bbjustify\u00bb global_colors_info=\u00bb{}\u00bb]El egresado contar\u00e1 con el conocimiento y capacidad necesaria para desarrollar, innovar y transferir sistemas basados en Inteligencia Artificial, para resolver problemas reales de ingenier\u00eda y ciencias, cumpliendo con los criterios de sostenibilidad y de equidad, para el beneficio de la sociedad.[\/et_pb_tab][et_pb_tab title=\u00bbMapa Curricular\u00bb _builder_version=\u00bb4.27.6&#8243; _module_preset=\u00bbdefault\u00bb tab_font=\u00bbABeeZee|700|||||||\u00bb tab_text_color=\u00bb#000000&#8243; tab_font_size=\u00bb17px\u00bb global_colors_info=\u00bb{}\u00bb]<\/p>\n<p><a href=\"https:\/\/cloud.teziutlan.tecnm.mx\/TransparenciaWeb\/Archivos\/VerArchivo?rutaRelativa=Posgrados%2FMIA&#038;nombreArchivo=Ret%C3%ADcula%20LGAC.pdf\" target=\"_blank\" rel=\"noopener\">Ret\u00edcula LGAC 2-3<\/a><\/p>\n<p>[\/et_pb_tab][et_pb_tab title=\u00bbAsignaturas\u00bb _builder_version=\u00bb4.27.6&#8243; _module_preset=\u00bbdefault\u00bb tab_font=\u00bbABeeZee|700|||||||\u00bb tab_text_color=\u00bb#000000&#8243; tab_font_size=\u00bb17px\u00bb hover_enabled=\u00bb0&#8243; global_colors_info=\u00bb{}\u00bb sticky_enabled=\u00bb0&#8243;]<\/p>\n<p><a href=\"https:\/\/cloud.teziutlan.tecnm.mx\/TransparenciaWeb\/Archivos\/VerArchivo?rutaRelativa=Posgrados%2FMIA&#038;nombreArchivo=Asignaturas%20v2.pdf\" target=\"_blank\" rel=\"noopener\"><span>\ud83d\udcc4 Asignaturas<\/span><\/a><\/p>\n<p>[\/et_pb_tab][\/et_pb_tabs][et_pb_tabs _builder_version=\u00bb4.27.6&#8243; _module_preset=\u00bbdefault\u00bb tab_font_size=\u00bb16px\u00bb global_colors_info=\u00bb{}\u00bb][et_pb_tab title=\u00bbRequisitos de Admisi\u00f3n\u00bb _builder_version=\u00bb4.27.6&#8243; _module_preset=\u00bbdefault\u00bb global_colors_info=\u00bb{}\u00bb]<\/p>\n<ul>\n<li><span>Examen de admisi\u00f3n.<\/span><\/li>\n<\/ul>\n<ul>\n<li><span>Entrevista ante el consejo de posgrado.<\/span><\/li>\n<\/ul>\n<ul>\n<li><span>Solicitud de ingreso (Llenar el Formulario <a href=\"https:\/\/docs.google.com\/forms\/d\/e\/1FAIpQLSeGfBnUtnprqrHA2XYkJHK9hZcXW65gvqrC1A9IHtx6hCkxAg\/viewform?pli=1 \" target=\"_blank\" rel=\"noopener noreferrer\">https:\/\/forms.gle\/9TW2aQsRrh1yyW76A)<\/a>.<\/span><\/li>\n<\/ul>\n<ul>\n<li><span>Carta de Motivos para estudiar la maestr\u00eda, descargar de la p\u00e1gina institucional (<a href=\"https:\/\/view.officeapps.live.com\/op\/view.aspx?src=https%3A%2F%2Fteziutlan.tecnm.mx%2Fwp-content%2Fuploads%2FCarta-de-Motivos_2023.docx&#038;wdOrigin=BROWSELINK\" target=\"_blank\" rel=\"noopener noreferrer\">Ejemplo de la carta de motivos_2023.docx<\/a>).<\/span><\/li>\n<\/ul>\n<ul>\n<li><span>Dos cartas de recomendaci\u00f3n acad\u00e9mica, dirigidas al Comit\u00e9 de Admisi\u00f3n y signadas por especialistas (expedidas por acad\u00e9micos, empresarios o profesionales) en el \u00e1rea del posgrado.<\/span><\/li>\n<\/ul>\n<ul>\n<li><span>Dos cartas de recomendaci\u00f3n expedidas por acad\u00e9micos reconocidos.<\/span><\/li>\n<\/ul>\n<ul>\n<li><span>Demostrar habilidades de comprensi\u00f3n y lectura de escritos t\u00e9cnicos-cient\u00edficos en otro idioma o lenguas relevantes para la investigaci\u00f3n..<\/span><\/li>\n<\/ul>\n<ul>\n<li><span>Curriculum Vitae actualizado con evidencia documental de los 2 \u00faltimos a\u00f1os que avalen su trayectoria acad\u00e9mica, cient\u00edfica y profesional.<\/span><\/li>\n<\/ul>\n<p>[\/et_pb_tab][\/et_pb_tabs][et_pb_text _builder_version=\u00bb4.27.4&#8243; _module_preset=\u00bbdefault\u00bb text_font=\u00bbABeeZee|700|||||||\u00bb text_text_color=\u00bb#000000&#8243; text_font_size=\u00bb26px\u00bb text_orientation=\u00bbcenter\u00bb custom_margin=\u00bb85px||||false|false\u00bb global_colors_info=\u00bb{}\u00bb]<\/p>\n<p>Contacto:<\/p>\n<p>[\/et_pb_text][et_pb_text _builder_version=\u00bb4.27.6&#8243; _module_preset=\u00bbdefault\u00bb text_font=\u00bbABeeZee|700|||||||\u00bb text_text_color=\u00bb#000000&#8243; text_font_size=\u00bb20px\u00bb text_orientation=\u00bbcenter\u00bb global_colors_info=\u00bb{}\u00bb]<\/p>\n<p>Coordinador del programa  Jacobo Robles Calder\u00f3n<\/p>\n<p>[\/et_pb_text][et_pb_text _builder_version=\u00bb4.27.4&#8243; _module_preset=\u00bbdefault\u00bb text_font_size=\u00bb17px\u00bb text_orientation=\u00bbcenter\u00bb custom_margin=\u00bb-23px||||false|false\u00bb global_colors_info=\u00bb{}\u00bb]<\/p>\n<p>Tel.: +52<span>\u00a0(231) 3114000 \/ 01 \/ 02<\/span><\/p>\n<p>[\/et_pb_text][et_pb_text _builder_version=\u00bb4.27.6&#8243; _module_preset=\u00bbdefault\u00bb text_font_size=\u00bb17px\u00bb text_orientation=\u00bbcenter\u00bb custom_margin=\u00bb-23px||||false|false\u00bb global_colors_info=\u00bb{}\u00bb]<\/p>\n<p><span>E-mail:\u00a0<\/span><joomla-hidden-mail is-link=\"1\" is-email=\"1\" first=\"bWFyaW8ucHY=\" last=\"dGV6aXV0bGFuLnRlY25tLm14\" text=\"bWFyaW8ucHZAdGV6aXV0bGFuLnRlY25tLm14\" base=\"\/Roman\"><a href=\"mailto:luis.gm@teziutlan.tecnm.mx\" base=\"\/Roman\">jacobo.rc@teziutlan.tecnm.mx<\/a><\/joomla-hidden-mail><\/p>\n<p>[\/et_pb_text][\/et_pb_column][\/et_pb_row][\/et_pb_section]<\/p>\n","protected":false},"excerpt":{"rendered":"<p>Modalidad No EscolarizadaMPIAF-2025-1Objetivo GeneralFormar profesionales de posgrado altamente especializados en la aplicaci\u00f3n de la Inteligencia Artificial a problemas reales, con la finalidad de que sean competentes en el desarrollo e implementaci\u00f3n de sistemas inteligentes innovadores, para la soluci\u00f3n de problemas de incidencia social, respetando los criterios de sostenibilidad y de \u00e9tica.Los candidatos deber\u00e1n ser egresados [&hellip;]<\/p>\n","protected":false},"author":1,"featured_media":0,"parent":0,"menu_order":0,"comment_status":"closed","ping_status":"closed","template":"","meta":{"_et_pb_use_builder":"on","_et_pb_old_content":"","_et_gb_content_width":"","footnotes":""},"class_list":["post-5422","page","type-page","status-publish","hentry"],"_links":{"self":[{"href":"https:\/\/teziutlan.tecnm.mx\/index.php\/wp-json\/wp\/v2\/pages\/5422","targetHints":{"allow":["GET"]}}],"collection":[{"href":"https:\/\/teziutlan.tecnm.mx\/index.php\/wp-json\/wp\/v2\/pages"}],"about":[{"href":"https:\/\/teziutlan.tecnm.mx\/index.php\/wp-json\/wp\/v2\/types\/page"}],"author":[{"embeddable":true,"href":"https:\/\/teziutlan.tecnm.mx\/index.php\/wp-json\/wp\/v2\/users\/1"}],"replies":[{"embeddable":true,"href":"https:\/\/teziutlan.tecnm.mx\/index.php\/wp-json\/wp\/v2\/comments?post=5422"}],"version-history":[{"count":23,"href":"https:\/\/teziutlan.tecnm.mx\/index.php\/wp-json\/wp\/v2\/pages\/5422\/revisions"}],"predecessor-version":[{"id":6082,"href":"https:\/\/teziutlan.tecnm.mx\/index.php\/wp-json\/wp\/v2\/pages\/5422\/revisions\/6082"}],"wp:attachment":[{"href":"https:\/\/teziutlan.tecnm.mx\/index.php\/wp-json\/wp\/v2\/media?parent=5422"}],"curies":[{"name":"wp","href":"https:\/\/api.w.org\/{rel}","templated":true}]}}