{"id":554,"date":"2025-03-28T19:47:13","date_gmt":"2025-03-28T19:47:13","guid":{"rendered":"http:\/\/10.10.25.1\/?page_id=554"},"modified":"2026-04-29T14:52:57","modified_gmt":"2026-04-29T20:52:57","slug":"licenciatura-turismo","status":"publish","type":"page","link":"https:\/\/teziutlan.tecnm.mx\/index.php\/licenciatura-turismo\/","title":{"rendered":"Licenciatura-Turismo"},"content":{"rendered":"<p>[et_pb_section fb_built=\u00bb1&#8243; _builder_version=\u00bb4.27.6&#8243; _module_preset=\u00bbdefault\u00bb background_image=\u00bbhttps:\/\/teziutlan.tecnm.mx\/wp-content\/uploads\/2026\/04\/Turismo_v226.jpeg\u00bb min_height=\u00bb800px\u00bb min_height_tablet=\u00bb800px\u00bb min_height_phone=\u00bb800px\u00bb min_height_last_edited=\u00bbon|phone\u00bb custom_margin_tablet=\u00bb\u00bb custom_margin_phone=\u00bb-310px||-270px||false|false\u00bb custom_margin_last_edited=\u00bbon|phone\u00bb hover_enabled=\u00bb0&#8243; background_last_edited=\u00bbon|phone\u00bb background_size_phone=\u00bbcontain\u00bb global_colors_info=\u00bb{}\u00bb title_text=\u00bbTurismo_v226&#8243; sticky_enabled=\u00bb0&#8243;][\/et_pb_section][et_pb_section fb_built=\u00bb1&#8243; _builder_version=\u00bb4.27.4&#8243; _module_preset=\u00bbdefault\u00bb custom_padding=\u00bb||54px|9px||\u00bb global_colors_info=\u00bb{}\u00bb][et_pb_row _builder_version=\u00bb4.27.4&#8243; _module_preset=\u00bbdefault\u00bb global_colors_info=\u00bb{}\u00bb][et_pb_column type=\u00bb4_4&#8243; _builder_version=\u00bb4.27.4&#8243; _module_preset=\u00bbdefault\u00bb global_colors_info=\u00bb{}\u00bb][et_pb_text _builder_version=\u00bb4.27.4&#8243; _module_preset=\u00bbdefault\u00bb text_font_size=\u00bb25px\u00bb text_orientation=\u00bbcenter\u00bb custom_margin=\u00bb||26px|||\u00bb custom_padding=\u00bb0px|||||\u00bb global_colors_info=\u00bb{}\u00bb]<\/p>\n<p>MODALIDAD PRESENCIAL<\/p>\n<p>[\/et_pb_text][et_pb_text _builder_version=\u00bb4.27.4&#8243; _module_preset=\u00bbdefault\u00bb text_text_color=\u00bb#000000&#8243; text_font_size=\u00bb24px\u00bb text_orientation=\u00bbcenter\u00bb min_height=\u00bb2.8px\u00bb custom_margin=\u00bb-1px|||||\u00bb custom_padding=\u00bb||2px|||\u00bb global_colors_info=\u00bb{}\u00bb]<\/p>\n<p>LTUR-2012-237<\/p>\n<p>[\/et_pb_text][et_pb_image src=\u00bbhttps:\/\/teziutlan.tecnm.mx\/wp-content\/uploads\/2026\/01\/Banners_Pagina-Web_2026_LT-scaled.png\u00bb title_text=\u00bbBanners_P\u00e1gina Web_2026_LT\u00bb align=\u00bbcenter\u00bb _builder_version=\u00bb4.27.5&#8243; _module_preset=\u00bbdefault\u00bb width=\u00bb66%\u00bb width_last_edited=\u00bboff|desktop\u00bb global_colors_info=\u00bb{}\u00bb][\/et_pb_image][et_pb_text _builder_version=\u00bb4.27.4&#8243; _module_preset=\u00bbdefault\u00bb text_text_color=\u00bb#000000&#8243; width=\u00bb63%\u00bb custom_margin=\u00bb0px|||181px|false|false\u00bb custom_margin_phone=\u00bb12px||||false|false\u00bb custom_margin_last_edited=\u00bboff|desktop\u00bb inline_fonts=\u00bbABeeZee\u00bb global_colors_info=\u00bb{}\u00bb]<\/p>\n<p style=\"text-align: justify;\"><span style=\"font-size: x-large; font-family: ABeeZee; font-weight: normal;\">Objetivo General<\/span><br \/>Formar profesionales en Turismo capaces de emprender, gestionar e innovar proyectos tur\u00edsticos sustentables, donde la calidad ser\u00e1 su caracter\u00edstica principal, acordes con las necesidades y las tendencias globales que este sector demanda, con sentido \u00e9tico y respeto a la integridad del patrimonio natural y cultural, para el desarrollo y crecimiento \u00f3ptimo del turismo sostenible.<\/p>\n<p>[\/et_pb_text][et_pb_tabs _builder_version=\u00bb4.27.4&#8243; _module_preset=\u00bbdefault\u00bb width=\u00bb100%\u00bb max_width=\u00bb100%\u00bb module_alignment=\u00bbcenter\u00bb custom_margin=\u00bb48px||||false|false\u00bb global_colors_info=\u00bb{}\u00bb][et_pb_tab title=\u00bbPerfil de Ingreso\u00bb _builder_version=\u00bb4.27.4&#8243; _module_preset=\u00bbdefault\u00bb tab_font=\u00bbABeeZee|700|||||||\u00bb tab_font_size=\u00bb18px\u00bb global_colors_info=\u00bb{}\u00bb]<\/p>\n<ol>\n<li>Capacidad creativa<\/li>\n<li>Compromiso con la preservaci\u00f3n del medio ambiente<\/li>\n<li>Valoraci\u00f3n y respeto por la diversidad y multiculturalidad<\/li>\n<li>Conservaci\u00f3n del patrimonio cultural y natural<\/li>\n<li>Inter\u00e9s en el \u00e1mbito tur\u00edstico<\/li>\n<\/ol>\n<p>[\/et_pb_tab][et_pb_tab title=\u00bbPerfil de Egreso\u00bb _builder_version=\u00bb4.27.4&#8243; _module_preset=\u00bbdefault\u00bb tab_font=\u00bbABeeZee|700|||||||\u00bb tab_font_size=\u00bb18px\u00bb global_colors_info=\u00bb{}\u00bb]<\/p>\n<ol>\n<li>Promueve el desarrollo sustentable en el turismo fomentando el respeto a la cultura y la naturaleza con un compromiso \u00e9tico.<\/li>\n<li>Eval\u00faa y aplica planes, programas y proyectos tur\u00edsticos para el desarrollo integral de las comunidades receptoras.<\/li>\n<li>Reconoce el fen\u00f3meno tur\u00edstico identificando los indicadores de orden social, para coadyuvar al aumento de la calidad de la oferta tur\u00edstica.<\/li>\n<li>Preserva la cultura nacional e internacional respetando su identidad.<\/li>\n<li>Elabora un plan de negocios para la creaci\u00f3n de empresas tur\u00edsticas.<\/li>\n<li>Valora la riqueza ecol\u00f3gica para la prestaci\u00f3n de servicios tur\u00edsticos.<\/li>\n<li>Administra recursos humanos, materiales, t\u00e9cnicos y financieros de empresas tur\u00edsticas.<\/li>\n<li>Conoce el marco legal, para garantizar el funcionamiento del sistema tur\u00edstico fortaleciendo la seguridad en su entorno.<\/li>\n<li>Aplica el uso de las tecnolog\u00edas de la informaci\u00f3n y comunicaci\u00f3n (TIC\u00b4S) para lograr la eficiencia en el desarrollo del sistema tur\u00edstico.<\/li>\n<li>Analiza las nuevas tendencias para el desarrollo del sector tur\u00edstico a nivel global.<\/li>\n<\/ol>\n<p>[\/et_pb_tab][et_pb_tab title=\u00bbPlan de Estudio\u00bb _builder_version=\u00bb4.27.4&#8243; _module_preset=\u00bbdefault\u00bb tab_font=\u00bbABeeZee|700|||||||\u00bb tab_font_size=\u00bb18px\u00bb global_colors_info=\u00bb{}\u00bb]<\/p>\n<p><a href=\"https:\/\/cloud.teziutlan.tecnm.mx\/TransparenciaWeb\/Archivos\/VerArchivo?rutaRelativa=OfertaEducativa%2FPlanesDeEstudio&amp;nombreArchivo=Lic%20en%20Turismo.zip\" target=\"_blank\" rel=\"noopener\"><span>\ud83d\udcc4 Lic en Turismo\u00a0<\/span><\/a><\/p>\n<p>[\/et_pb_tab][\/et_pb_tabs][et_pb_text _builder_version=\u00bb4.27.4&#8243; _module_preset=\u00bbdefault\u00bb text_font=\u00bb|600|||||||\u00bb text_text_color=\u00bb#000000&#8243; text_font_size=\u00bb30px\u00bb text_orientation=\u00bbcenter\u00bb animation_style=\u00bbfade\u00bb global_colors_info=\u00bb{}\u00bb]<\/p>\n<p>Conoce la reticula Oficial<span>\ud83d\udc47<\/span><\/p>\n<p>[\/et_pb_text][et_pb_button button_url=\u00bbhttps:\/\/cloud.teziutlan.tecnm.mx\/TransparenciaWeb\/Archivos\/VerArchivo?rutaRelativa=Ret%C3%ADculas&#038;nombreArchivo=G%29%20RETICULAS%20L_EN%20TUSIMO_250610.pdf\u00bb url_new_window=\u00bbon\u00bb button_text=\u00bbReticula Licenciatura en Turismo\u00bb button_alignment=\u00bbcenter\u00bb _builder_version=\u00bb4.27.4&#8243; _module_preset=\u00bbdefault\u00bb custom_button=\u00bbon\u00bb button_text_color=\u00bb#FFFFFF\u00bb button_bg_color=\u00bb#0B7F2E\u00bb button_border_radius=\u00bb100px\u00bb button_letter_spacing=\u00bb0px\u00bb button_font=\u00bb||||||||\u00bb button_icon=\u00bb&#xf019;||fa||900&#8243; button_icon_placement=\u00bbleft\u00bb button_on_hover=\u00bboff\u00bb global_colors_info=\u00bb{}\u00bb][\/et_pb_button][et_pb_text _builder_version=\u00bb4.27.6&#8243; _module_preset=\u00bbdefault\u00bb width=\u00bb100%\u00bb custom_margin=\u00bb97px||||false|false\u00bb global_colors_info=\u00bb{}\u00bb]<\/p>\n<p>Contacto:<br \/>Jefatura de Divisi\u00f3n de Licenciatura en Turismo<br \/>Tel.: +(52)2313114001<\/p>\n<p>WhatsApp: <a href=\"https:\/\/wa.me\/+522222520792\" target=\"_blank\" rel=\"noopener\">+(52) 222 252 0792<\/a><\/p>\n<p>&nbsp;<\/p>\n<p>[\/et_pb_text][et_pb_text _builder_version=\u00bb4.27.4&#8243; _module_preset=\u00bbdefault\u00bb custom_margin=\u00bb-53px||||false|false\u00bb link_option_url=\u00bb \u00bb global_colors_info=\u00bb{}\u00bb]<\/p>\n<p>E-mail: <a href=\"mailto:div.ind@teziutlan.tecnm.mx\">div.tur@teziutlan.tecnm.mx<\/a><\/p>\n<p>[\/et_pb_text][\/et_pb_column][\/et_pb_row][\/et_pb_section]<\/p>\n","protected":false},"excerpt":{"rendered":"<p>MODALIDAD PRESENCIALLTUR-2012-237Objetivo GeneralFormar profesionales en Turismo capaces de emprender, gestionar e innovar proyectos tur\u00edsticos sustentables, donde la calidad ser\u00e1 su caracter\u00edstica principal, acordes con las necesidades y las tendencias globales que este sector demanda, con sentido \u00e9tico y respeto a la integridad del patrimonio natural y cultural, para el desarrollo y crecimiento \u00f3ptimo del turismo [&hellip;]<\/p>\n","protected":false},"author":1,"featured_media":0,"parent":0,"menu_order":0,"comment_status":"closed","ping_status":"closed","template":"","meta":{"_et_pb_use_builder":"on","_et_pb_old_content":"","_et_gb_content_width":"","footnotes":""},"class_list":["post-554","page","type-page","status-publish","hentry"],"_links":{"self":[{"href":"https:\/\/teziutlan.tecnm.mx\/index.php\/wp-json\/wp\/v2\/pages\/554","targetHints":{"allow":["GET"]}}],"collection":[{"href":"https:\/\/teziutlan.tecnm.mx\/index.php\/wp-json\/wp\/v2\/pages"}],"about":[{"href":"https:\/\/teziutlan.tecnm.mx\/index.php\/wp-json\/wp\/v2\/types\/page"}],"author":[{"embeddable":true,"href":"https:\/\/teziutlan.tecnm.mx\/index.php\/wp-json\/wp\/v2\/users\/1"}],"replies":[{"embeddable":true,"href":"https:\/\/teziutlan.tecnm.mx\/index.php\/wp-json\/wp\/v2\/comments?post=554"}],"version-history":[{"count":21,"href":"https:\/\/teziutlan.tecnm.mx\/index.php\/wp-json\/wp\/v2\/pages\/554\/revisions"}],"predecessor-version":[{"id":6843,"href":"https:\/\/teziutlan.tecnm.mx\/index.php\/wp-json\/wp\/v2\/pages\/554\/revisions\/6843"}],"wp:attachment":[{"href":"https:\/\/teziutlan.tecnm.mx\/index.php\/wp-json\/wp\/v2\/media?parent=554"}],"curies":[{"name":"wp","href":"https:\/\/api.w.org\/{rel}","templated":true}]}}