{"id":576,"date":"2025-03-28T22:07:10","date_gmt":"2025-03-28T22:07:10","guid":{"rendered":"http:\/\/10.10.25.1\/?page_id=576"},"modified":"2026-01-23T13:25:35","modified_gmt":"2026-01-23T19:25:35","slug":"isc","status":"publish","type":"page","link":"https:\/\/teziutlan.tecnm.mx\/index.php\/isc\/","title":{"rendered":"ingenier\u00eda en sistemas computacionales"},"content":{"rendered":"<p>[et_pb_section fb_built=\u00bb1&#8243; _builder_version=\u00bb4.27.4&#8243; _module_preset=\u00bbdefault\u00bb background_image=\u00bbhttps:\/\/teziutlan.tecnm.mx\/wp-content\/uploads\/2025\/04\/Captura-de-pantalla-2025-04-12-130847.png\u00bb height=\u00bb700px\u00bb height_tablet=\u00bb700px\u00bb height_phone=\u00bb700px\u00bb height_last_edited=\u00bbon|desktop\u00bb max_height_tablet=\u00bb\u00bb max_height_phone=\u00bb\u00bb max_height_last_edited=\u00bbon|desktop\u00bb custom_margin_tablet=\u00bb\u00bb custom_margin_phone=\u00bb-270px||-270px||false|false\u00bb custom_margin_last_edited=\u00bbon|desktop\u00bb custom_padding=\u00bb|||3px||\u00bb background_last_edited=\u00bbon|desktop\u00bb background_size_phone=\u00bbcontain\u00bb global_colors_info=\u00bb{}\u00bb][\/et_pb_section][et_pb_section fb_built=\u00bb1&#8243; _builder_version=\u00bb4.27.4&#8243; _module_preset=\u00bbdefault\u00bb global_colors_info=\u00bb{}\u00bb][et_pb_row _builder_version=\u00bb4.27.4&#8243; _module_preset=\u00bbdefault\u00bb min_height=\u00bb114.5px\u00bb custom_padding=\u00bb||1px|||\u00bb global_colors_info=\u00bb{}\u00bb][et_pb_column type=\u00bb4_4&#8243; _builder_version=\u00bb4.27.4&#8243; _module_preset=\u00bbdefault\u00bb global_colors_info=\u00bb{}\u00bb][et_pb_text _builder_version=\u00bb4.27.4&#8243; _module_preset=\u00bbdefault\u00bb text_font=\u00bbABeeZee||||||||\u00bb text_text_color=\u00bb#000000&#8243; text_font_size=\u00bb30px\u00bb text_orientation=\u00bbcenter\u00bb global_colors_info=\u00bb{}\u00bb]<\/p>\n<p><strong>MODALIDAD PRESENCIAL<\/strong><\/p>\n<p>[\/et_pb_text][et_pb_text _builder_version=\u00bb4.27.4&#8243; _module_preset=\u00bbdefault\u00bb text_font=\u00bbABeeZee|700|||||||\u00bb text_text_color=\u00bb#000000&#8243; text_font_size=\u00bb28px\u00bb text_orientation=\u00bbcenter\u00bb global_colors_info=\u00bb{}\u00bb]<\/p>\n<h4>ISIC-2010-224<\/h4>\n<p>[\/et_pb_text][et_pb_image src=\u00bbhttps:\/\/teziutlan.tecnm.mx\/wp-content\/uploads\/2026\/01\/Banners_Pagina-Web_2026_ISC-scaled.png\u00bb title_text=\u00bbBanners_P\u00e1gina Web_2026_ISC\u00bb align=\u00bbcenter\u00bb _builder_version=\u00bb4.27.5&#8243; _module_preset=\u00bbdefault\u00bb width=\u00bb60%\u00bb hover_enabled=\u00bb0&#8243; global_colors_info=\u00bb{}\u00bb sticky_enabled=\u00bb0&#8243;][\/et_pb_image][et_pb_text _builder_version=\u00bb4.27.4&#8243; _module_preset=\u00bbdefault\u00bb text_font=\u00bbABeeZee|700|||||||\u00bb text_text_color=\u00bb#000000&#8243; text_font_size=\u00bb24px\u00bb text_orientation=\u00bbcenter\u00bb global_colors_info=\u00bb{}\u00bb]<\/p>\n<p>Objetivo General<\/p>\n<p>[\/et_pb_text][et_pb_text _builder_version=\u00bb4.27.4&#8243; _module_preset=\u00bbdefault\u00bb text_font_size=\u00bb16px\u00bb text_orientation=\u00bbcenter\u00bb width=\u00bb67%\u00bb max_width=\u00bb100%\u00bb module_alignment=\u00bbcenter\u00bb global_colors_info=\u00bb{}\u00bb]<\/p>\n<p><span>Formar profesionistas l\u00edderes con visi\u00f3n estrat\u00e9gica y amplio sentido \u00e9tico; capaz de dise\u00f1ar, desarrollar, implementar y administrar tecnolog\u00eda computacional para aportar soluciones innovadoras en beneficio de la sociedad; en un contexto global, multidisciplinario y sostenible.<\/span><\/p>\n<p>[\/et_pb_text][et_pb_tabs _builder_version=\u00bb4.27.4&#8243; _module_preset=\u00bbdefault\u00bb body_text_align=\u00bbleft\u00bb tab_font=\u00bbABeeZee|700|||||||\u00bb tab_font_size=\u00bb18px\u00bb width=\u00bb86%\u00bb module_alignment=\u00bbcenter\u00bb custom_padding=\u00bb|||30px||\u00bb animation_style=\u00bbfade\u00bb global_colors_info=\u00bb{}\u00bb][et_pb_tab title=\u00bbPerfil de Ingreso\u00bb _builder_version=\u00bb4.27.4&#8243; _module_preset=\u00bbdefault\u00bb global_colors_info=\u00bb{}\u00bb]<\/p>\n<p><strong>El aspirante al programa de Ingenier\u00eda en Sistemas Computacionales, debe tener las siguientes caracter\u00edsticas:<\/strong><\/p>\n<p><strong><\/strong><\/p>\n<ul>\n<li>Habilidades l\u00f3gico \u2013 matem\u00e1ticas para resolver problemas afines a los Sistemas Computacionales.<\/li>\n<li>Inter\u00e9s por las Ciencias B\u00e1sicas as\u00ed como Tecnolog\u00edas de C\u00f3mputo.<br \/>Nivel de abstracci\u00f3n para la interpretaci\u00f3n de su contexto, transfiri\u00e9ndola a soluci\u00f3n de problemas en cualquier \u00e1mbito empresarial o social.<\/li>\n<li>Anal\u00edtico, cr\u00edtico, innovador, creativo y proactivo para desarrollar actividades relacionadas con los Sistemas Computacionales.<\/li>\n<li>Comunicaci\u00f3n oral y escrita para ejercer liderazgo y participar en trabajo colaborativo.<br \/>Disposici\u00f3n permanente para el autoaprendizaje y mejora continua.<\/li>\n<li>Poseer los valores de responsabilidad, honestidad, esp\u00edritu de servicio y compromiso con su entorno social y ambiental.<\/li>\n<li>Autonom\u00eda en su actuaci\u00f3n individual y grupal, conservando un comportamiento \u00e9tico y acorde a los lineamientos establecidos para una convivencia sana.<\/li>\n<li>Tolerancia y respeto a la Multiculturalidad, a la pluralidad y a la igualdad de oportunidades.<\/li>\n<\/ul>\n<p>[\/et_pb_tab][et_pb_tab title=\u00bbPerfil de Egreso\u00bb _builder_version=\u00bb4.27.4&#8243; _module_preset=\u00bbdefault\u00bb global_colors_info=\u00bb{}\u00bb]<\/p>\n<ul>\n<li>Implementa aplicaciones computacionales para solucionar problemas de diversos contextos, integrando diferentes tecnolog\u00edas, plataformas o dispositivos.<\/li>\n<li>Dise\u00f1a, desarrolla y aplica modelos computacionales para solucionar problemas, mediante la selecci\u00f3n y uso de herramientas matem\u00e1ticas.<\/li>\n<li>Dise\u00f1a e implementa interfaces para la automatizaci\u00f3n de sistemas de hardware y desarrollo del software asociado.<br \/>Dise\u00f1a, implementa y administra bases de datos optimizando los recursos disponibles, conforme a las normas vigentes de manejo y seguridad de la informaci\u00f3n.<\/li>\n<li>Coordina y participa en equipos multidisciplinarios para la aplicaci\u00f3n de soluciones innovadoras en diferentes contextos.<\/li>\n<li>Desarrolla y administra software para apoyar la productividad y competitividad de las organizaciones cumpliendo con est\u00e1ndares de calidad.<\/li>\n<li>Eval\u00faa tecnolog\u00edas de hardware para soportar aplicaciones de manera efectiva.<\/li>\n<\/ul>\n<p>[\/et_pb_tab][et_pb_tab title=\u00bbPlan de Estudio\u00bb _builder_version=\u00bb4.27.4&#8243; _module_preset=\u00bbdefault\u00bb global_colors_info=\u00bb{}\u00bb]<\/p>\n<p><a href=\"https:\/\/cloud.teziutlan.tecnm.mx\/TransparenciaWeb\/Archivos\/VerArchivo?rutaRelativa=OfertaEducativa%2FPlanesDeEstudio&amp;nombreArchivo=Ing%20en%20Sistemas%20Computacionales.zip\" target=\"_blank\" rel=\"noopener\"><span>\ud83d\udcc4 Ing en Sistemas Computacionales<\/span><\/a><\/p>\n<div><\/div>\n<p>[\/et_pb_tab][\/et_pb_tabs][et_pb_text _builder_version=\u00bb4.27.4&#8243; _module_preset=\u00bbdefault\u00bb text_font=\u00bb|600|||||||\u00bb text_text_color=\u00bb#000000&#8243; text_font_size=\u00bb30px\u00bb text_orientation=\u00bbcenter\u00bb animation_style=\u00bbfade\u00bb text_line_height_tablet=\u00bb\u00bb text_line_height_phone=\u00bb1.2em\u00bb text_line_height_last_edited=\u00bbon|phone\u00bb global_colors_info=\u00bb{}\u00bb]<\/p>\n<p>Conoce la reticula Oficial<span>\ud83d\udc47<\/span><\/p>\n<p>[\/et_pb_text][et_pb_button button_url=\u00bbhttps:\/\/cloud.teziutlan.tecnm.mx\/TransparenciaWeb\/Archivos\/VerArchivo?rutaRelativa=Ret%C3%ADculas&#038;nombreArchivo=D%29%20RETICULAS%20SISTEMAS_250610.pdf\u00bb url_new_window=\u00bbon\u00bb button_text=\u00bbRet\u00edcula Ingenier\u00eda en Sistemas Computacionales\u00bb button_alignment=\u00bbcenter\u00bb _builder_version=\u00bb4.27.4&#8243; _module_preset=\u00bbdefault\u00bb custom_button=\u00bbon\u00bb button_text_color=\u00bb#FFFFFF\u00bb button_bg_color=\u00bb#0B7F2E\u00bb button_border_radius=\u00bb100px\u00bb button_letter_spacing=\u00bb0px\u00bb button_font=\u00bb||||||||\u00bb button_icon=\u00bb&#xf019;||fa||900&#8243; button_icon_placement=\u00bbleft\u00bb button_on_hover=\u00bboff\u00bb global_colors_info=\u00bb{}\u00bb][\/et_pb_button][et_pb_text _builder_version=\u00bb4.27.4&#8243; _module_preset=\u00bbdefault\u00bb text_font=\u00bbABeeZee|700|||||||\u00bb text_text_color=\u00bb#000000&#8243; text_font_size=\u00bb24px\u00bb text_orientation=\u00bbcenter\u00bb text_line_height_tablet=\u00bb\u00bb text_line_height_phone=\u00bb1.2em\u00bb text_line_height_last_edited=\u00bbon|phone\u00bb global_colors_info=\u00bb{}\u00bb]<\/p>\n<p><strong>Especialidades Optativas<\/strong><\/p>\n<p>[\/et_pb_text][et_pb_text _builder_version=\u00bb4.27.4&#8243; _module_preset=\u00bbdefault\u00bb text_font=\u00bbABeeZee|700|||||||\u00bb text_text_color=\u00bb#000000&#8243; text_font_size=\u00bb24px\u00bb text_orientation=\u00bbcenter\u00bb global_colors_info=\u00bb{}\u00bb]<\/p>\n<h5 class=\"et_pb_toggle_title et-fb-editable-element et-fb-editable-element__editing\" data-shortcode-id=\"4.0.0.9-1746817788444\" data-quickaccess-id=\"title\" data-quickaccess-order=\"1\" contenteditable=\"true\">Sistemas de Inteligencia de Negocios Clave: ISIE-SIN-2021-01<\/h5>\n<p>[\/et_pb_text][et_pb_text _builder_version=\u00bb4.27.4&#8243; _module_preset=\u00bbdefault\u00bb text_font=\u00bbABeeZee|700|||||||\u00bb text_text_color=\u00bb#000000&#8243; text_font_size=\u00bb24px\u00bb text_orientation=\u00bbcenter\u00bb global_colors_info=\u00bb{}\u00bb]<\/p>\n<h5 class=\"et_pb_toggle_title et-fb-editable-element et-fb-editable-element__editing\" data-shortcode-id=\"4.0.0.10-1746817788459\" data-quickaccess-id=\"title\" data-quickaccess-order=\"1\" contenteditable=\"true\">Soluciones basadas en M\u00f3viles Clave: ISIE-SBM-2021-02<\/h5>\n<p>[\/et_pb_text][et_pb_counters use_percentages=\u00bboff\u00bb _builder_version=\u00bb4.27.4&#8243; _module_preset=\u00bbdefault\u00bb global_colors_info=\u00bb{}\u00bb][et_pb_counter percent=\u00bb80&#8243; bar_background_color=\u00bb#E02B20&#8243; _builder_version=\u00bb4.27.4&#8243; _module_preset=\u00bbdefault\u00bb title_font_size=\u00bb18px\u00bb title_font_size_tablet=\u00bb18px\u00bb title_font_size_phone=\u00bb15px\u00bb title_font_size_last_edited=\u00bbon|phone\u00bb global_colors_info=\u00bb{}\u00bb bar_background_color_default=\u00bb#7EBEC5&#8243; use_percentages=\u00bboff\u00bb]Duraci\u00f3n de la carrera: 9 semestres[\/et_pb_counter][\/et_pb_counters][et_pb_text _builder_version=\u00bb4.27.4&#8243; _module_preset=\u00bbdefault\u00bb text_font=\u00bb||||||||\u00bb text_orientation=\u00bbcenter\u00bb global_colors_info=\u00bb{}\u00bb]<\/p>\n<p><strong>Contacto:<\/strong><\/p>\n<p><strong><\/strong><\/p>\n<div class=\"card-body\">\n<h5 class=\"card-title\">Jefatura de Divisi\u00f3n de Ingenier\u00eda en Sistemas Computacionales<\/h5>\n<p>Tel.: +(52)2313114001<\/p>\n<p>WhatsApp:+(52)2311562527<\/p>\n<p>E-mail:<span>\u00a0<\/span><joomla-hidden-mail is-link=\"1\" is-email=\"1\" first=\"ZGl2LmlzYw==\" last=\"dGV6aXV0bGFuLnRlY25tLm14\" text=\"ZGl2LmlzY0B0ZXppdXRsYW4udGVjbm0ubXg=\" base=\"\/Roman\"><a href=\"mailto:div.isc@teziutlan.tecnm.mx\" base=\"\/Roman\">div.isc@teziutlan.tecnm.mx<\/a><\/joomla-hidden-mail><\/p>\n<\/div>\n<p>[\/et_pb_text][\/et_pb_column][\/et_pb_row][\/et_pb_section]<\/p>\n","protected":false},"excerpt":{"rendered":"<p>MODALIDAD PRESENCIALISIC-2010-224Objetivo GeneralFormar profesionistas l\u00edderes con visi\u00f3n estrat\u00e9gica y amplio sentido \u00e9tico; capaz de dise\u00f1ar, desarrollar, implementar y administrar tecnolog\u00eda computacional para aportar soluciones innovadoras en beneficio de la sociedad; en un contexto global, multidisciplinario y sostenible.El aspirante al programa de Ingenier\u00eda en Sistemas Computacionales, debe tener las siguientes caracter\u00edsticas: Habilidades l\u00f3gico \u2013 matem\u00e1ticas para [&hellip;]<\/p>\n","protected":false},"author":1,"featured_media":0,"parent":0,"menu_order":0,"comment_status":"closed","ping_status":"closed","template":"","meta":{"_et_pb_use_builder":"on","_et_pb_old_content":"","_et_gb_content_width":"","footnotes":""},"class_list":["post-576","page","type-page","status-publish","hentry"],"_links":{"self":[{"href":"https:\/\/teziutlan.tecnm.mx\/index.php\/wp-json\/wp\/v2\/pages\/576","targetHints":{"allow":["GET"]}}],"collection":[{"href":"https:\/\/teziutlan.tecnm.mx\/index.php\/wp-json\/wp\/v2\/pages"}],"about":[{"href":"https:\/\/teziutlan.tecnm.mx\/index.php\/wp-json\/wp\/v2\/types\/page"}],"author":[{"embeddable":true,"href":"https:\/\/teziutlan.tecnm.mx\/index.php\/wp-json\/wp\/v2\/users\/1"}],"replies":[{"embeddable":true,"href":"https:\/\/teziutlan.tecnm.mx\/index.php\/wp-json\/wp\/v2\/comments?post=576"}],"version-history":[{"count":26,"href":"https:\/\/teziutlan.tecnm.mx\/index.php\/wp-json\/wp\/v2\/pages\/576\/revisions"}],"predecessor-version":[{"id":3944,"href":"https:\/\/teziutlan.tecnm.mx\/index.php\/wp-json\/wp\/v2\/pages\/576\/revisions\/3944"}],"wp:attachment":[{"href":"https:\/\/teziutlan.tecnm.mx\/index.php\/wp-json\/wp\/v2\/media?parent=576"}],"curies":[{"name":"wp","href":"https:\/\/api.w.org\/{rel}","templated":true}]}}