{"id":603,"date":"2025-03-28T23:13:30","date_gmt":"2025-03-28T23:13:30","guid":{"rendered":"http:\/\/10.10.25.1\/?page_id=603"},"modified":"2026-05-08T08:24:34","modified_gmt":"2026-05-08T14:24:34","slug":"ingenieria-industrial","status":"publish","type":"page","link":"https:\/\/teziutlan.tecnm.mx\/index.php\/ingenieria-industrial\/","title":{"rendered":"Ingenier\u00eda industrial"},"content":{"rendered":"\n[et_pb_section fb_built=\u00bb1&#8243; _builder_version=\u00bb4.27.6&#8243; _module_preset=\u00bbdefault\u00bb background_image=\u00bbhttps:\/\/teziutlan.tecnm.mx\/wp-content\/uploads\/2026\/04\/Industrial-v226.jpeg\u00bb min_height=\u00bb700px\u00bb min_height_tablet=\u00bb700px\u00bb min_height_phone=\u00bb700px\u00bb min_height_last_edited=\u00bbon|desktop\u00bb custom_margin=\u00bb||||false|false\u00bb custom_margin_tablet=\u00bb||||false|false\u00bb custom_margin_phone=\u00bb-272px||-270px||false|false\u00bb custom_margin_last_edited=\u00bbon|desktop\u00bb hover_enabled=\u00bb0&#8243; background_last_edited=\u00bbon|phone\u00bb background_size_phone=\u00bbcontain\u00bb background_position_phone=\u00bbcenter\u00bb global_colors_info=\u00bb{}\u00bb sticky_enabled=\u00bb0&#8243; title_text=\u00bbIndustrial v226&#8243;][\/et_pb_section][et_pb_section fb_built=\u00bb1&#8243; _builder_version=\u00bb4.27.4&#8243; _module_preset=\u00bbdefault\u00bb global_colors_info=\u00bb{}\u00bb][et_pb_row _builder_version=\u00bb4.27.4&#8243; _module_preset=\u00bbdefault\u00bb min_height=\u00bb225.7px\u00bb global_colors_info=\u00bb{}\u00bb][et_pb_column type=\u00bb4_4&#8243; _builder_version=\u00bb4.27.4&#8243; _module_preset=\u00bbdefault\u00bb global_colors_info=\u00bb{}\u00bb][et_pb_text _builder_version=\u00bb4.27.4&#8243; _module_preset=\u00bbdefault\u00bb text_font=\u00bbABeeZee|700|||||||\u00bb text_text_color=\u00bb#000000&#8243; text_font_size=\u00bb30px\u00bb text_orientation=\u00bbcenter\u00bb global_colors_info=\u00bb{}\u00bb]<p>Modalidad Presencial<\/p>[\/et_pb_text][et_pb_text _builder_version=\u00bb4.27.4&#8243; _module_preset=\u00bbdefault\u00bb text_font=\u00bbABeeZee|700|||||||\u00bb text_text_color=\u00bb#000000&#8243; text_font_size=\u00bb29px\u00bb text_orientation=\u00bbcenter\u00bb global_colors_info=\u00bb{}\u00bb]<p>IINDE-2010-227<\/p>[\/et_pb_text][et_pb_image src=\u00bbhttps:\/\/teziutlan.tecnm.mx\/wp-content\/uploads\/2026\/01\/Banners_Pagina-Web_2026_IND-scaled.png\u00bb title_text=\u00bbBanners_P\u00e1gina Web_2026_IND\u00bb _builder_version=\u00bb4.27.5&#8243; _module_preset=\u00bbdefault\u00bb width=\u00bb63%\u00bb module_alignment=\u00bbcenter\u00bb global_colors_info=\u00bb{}\u00bb][\/et_pb_image][et_pb_text _builder_version=\u00bb4.27.4&#8243; _module_preset=\u00bbdefault\u00bb text_font=\u00bb|700|||||||\u00bb text_text_color=\u00bb#000000&#8243; text_font_size=\u00bb30px\u00bb width=\u00bb73%\u00bb max_width=\u00bb76%\u00bb module_alignment=\u00bbcenter\u00bb global_colors_info=\u00bb{}\u00bb]<p><span>Misi\u00f3n<\/span><\/p>[\/et_pb_text][et_pb_text _builder_version=\u00bb4.27.4&#8243; _module_preset=\u00bbdefault\u00bb width=\u00bb73%\u00bb max_width=\u00bb76%\u00bb module_alignment=\u00bbcenter\u00bb global_colors_info=\u00bb{}\u00bb]<p>Formar profesionales multidisciplinarios comprometidos con el mejoramiento del entorno, con alto sentido humano para el desarrollo sustentable de la naci\u00f3n.<\/p>[\/et_pb_text][et_pb_text _builder_version=\u00bb4.27.4&#8243; _module_preset=\u00bbdefault\u00bb text_font=\u00bb|700|||||||\u00bb text_text_color=\u00bb#000000&#8243; text_font_size=\u00bb30px\u00bb width=\u00bb73%\u00bb max_width=\u00bb76%\u00bb module_alignment=\u00bbcenter\u00bb global_colors_info=\u00bb{}\u00bb]<p><span>Visi\u00f3n<\/span><\/p>[\/et_pb_text][et_pb_text _builder_version=\u00bb4.27.4&#8243; _module_preset=\u00bbdefault\u00bb width=\u00bb73%\u00bb max_width=\u00bb76%\u00bb module_alignment=\u00bbcenter\u00bb global_colors_info=\u00bb{}\u00bb]<p>Ser Ingeniero Industrial la mejor opci\u00f3n para los aspirantes de la regi\u00f3n y del Estado, y comprometida con la excelencia acad\u00e9mica y la formaci\u00f3n integral del alumno, para formar profesionales con los requerimientos de los sectores productivos y de servicios, los cuales contribuyan al desarrollo sustentable de la sociedad.<\/p>[\/et_pb_text][et_pb_text _builder_version=\u00bb4.27.4&#8243; _module_preset=\u00bbdefault\u00bb text_font=\u00bb|700|||||||\u00bb text_text_color=\u00bb#000000&#8243; text_font_size=\u00bb30px\u00bb width=\u00bb73%\u00bb max_width=\u00bb76%\u00bb module_alignment=\u00bbcenter\u00bb global_colors_info=\u00bb{}\u00bb]<p><span>Objetivos educacionales<\/span><\/p>[\/et_pb_text][et_pb_text _builder_version=\u00bb4.27.6&#8243; _module_preset=\u00bbdefault\u00bb width=\u00bb73%\u00bb max_width=\u00bb76%\u00bb module_alignment=\u00bbcenter\u00bb global_colors_info=\u00bb{}\u00bb]<ul>\n<li style=\"text-align: justify;\"><span>El egresado es capaz de liderar equipos de trabajo, as\u00ed como gestionar eficientemente los recursos en organizaciones de cualquier sector productivo, optimizando sistemas productivos de bienes o servicios, con un enfoque cient\u00edfico, human\u00edstico y orientado a la innovaci\u00f3n.<\/span><\/li>\n<li style=\"text-align: justify;\">El egresado es capaz de dise\u00f1ar modelos de negocios, as\u00ed como formular y evaluar proyectos de inversi\u00f3n en empresas de tipo industrial, comercial y de servicios, considerando los factores t\u00e9cnicos, econ\u00f3micos y sustentables que demanda la sociedad, optimizando los sistemas productivos.<\/li>\n<li style=\"text-align: justify;\">El egresado se capacita de manera continua para mantenerse actualizado y competitivo en el \u00e1mbito profesional, participando en diplomados, certificaciones, especialidades y\/o estudios de posgrado, incluyendo adem\u00e1s el dominio de otros idiomas para desarrollarse en entornos globalizados.<\/li>\n<\/ul>[\/et_pb_text][et_pb_tabs active_tab_background_color=\u00bb#FFFFFF\u00bb inactive_tab_background_color=\u00bbRGBA(255,255,255,0)\u00bb active_tab_text_color=\u00bb#000000&#8243; _builder_version=\u00bb4.27.6&#8243; _module_preset=\u00bbdefault\u00bb tab_text_color=\u00bb#000000&#8243; tab_font=\u00bbABeeZee|700|||||||\u00bb tab_font_size=\u00bb18px\u00bb width=\u00bb81%\u00bb module_alignment=\u00bbcenter\u00bb global_colors_info=\u00bb{}\u00bb][et_pb_tab title=\u00bbPerfil de Ingreso\u00bb _builder_version=\u00bb4.27.6&#8243; _module_preset=\u00bbdefault\u00bb body_font=\u00bbNoto Sans||||||||\u00bb body_line_height=\u00bb1.43em\u00bb body_font_tablet=\u00bbNoto Sans||||||||\u00bb body_font_phone=\u00bbNoto Sans||||||||\u00bb body_font_last_edited=\u00bbon|desktop\u00bb body_font_size_tablet=\u00bb16px\u00bb body_font_size_phone=\u00bb16px\u00bb body_font_size_last_edited=\u00bbon|desktop\u00bb global_colors_info=\u00bb{}\u00bb]<p style=\"text-align: justify;\">Los aspirantes a estudiar este programa deber\u00e1n tener un razonamiento cr\u00edtico y matem\u00e1tico, ser anal\u00edticos, precisos, estructurados, organizados y solucionador de problemas. Adem\u00e1s de mostrar inter\u00e9s por el emprendedurismo manteniendo un compromiso con la sociedad e inter\u00e9s por mejorar su entorno; b\u00fasqueda de la mejora continua e inclinaci\u00f3n a la toma de decisiones; capacidad de an\u00e1lisis, visi\u00f3n, y sensibilidad con el trato humano y esp\u00edritu de servicio.<\/p>[\/et_pb_tab][et_pb_tab title=\u00bbPerfil de Egreso\u00bb _builder_version=\u00bb4.27.4&#8243; _module_preset=\u00bbdefault\u00bb global_colors_info=\u00bb{}\u00bb]<ul>\n<li style=\"text-align: justify;\">AE1. Aplica habilidades directivas y de ingenier\u00eda en el fortalecimiento e innovaci\u00f3n de las organizaciones para la toma de decisiones efectivas adapt\u00e1ndolas al entorno globalizado.<\/li>\n<li>AE2. Dise\u00f1a e innova estructuras administrativas y procesos para la generaci\u00f3n de competitividad en los mercados globales con principios \u00e9ticos y profesionales.<\/li>\n<li>AE3. Gestiona eficientemente los recursos de la organizaci\u00f3n con el fin de suministrar bienes y servicios de calidad mediante el an\u00e1lisis e integraci\u00f3n de la informaci\u00f3n para la toma de decisiones.<\/li>\n<li>AE4. Dise\u00f1a, Emprende y Dirige nuevos negocios y\/o proyectos de manera sustentable en mercados competitivos con compromiso \u00e9tico.<br \/>AE5. Dise\u00f1a e implementa estrategias de mercado basadas en la recopilaci\u00f3n de fuentes primarias y secundarias para el incremento de la competitividad organizacional en un contexto globalizado.<\/li>\n<li>AE6. Implementa planes y programas de calidad, seguridad e higiene para la mejora del entorno laboral que resuelvan problemas complejos de las organizaciones.<\/li>\n<li>AE7. Dirige equipos de trabajo con fundamento legal para la mejora continua y el crecimiento integral de las organizaciones, potencializando el desarrollo humano en escenarios de incertidumbre.<\/li>\n<li>AE8. Gestiona la cadena de suministros y log\u00edstica empresarial con un enfoque orientado a procesos de calidad para incrementar la productividad mediante el an\u00e1lisis de datos para establecer propuestas concretas.<\/li>\n<li>AE9. Interpreta variables econ\u00f3micas y la informaci\u00f3n financiera para detectar oportunidades de mejora e inversi\u00f3n que propicie la rentabilidad del negocio.<\/li>\n<li>AE10. Aplica m\u00e9todos de investigaci\u00f3n para el desarrollo e innovaci\u00f3n de modelos, sistemas, procesos y productos en las diferentes dimensiones de la organizaci\u00f3n mediante el an\u00e1lisis de datos con un enfoque sustentable.<\/li>\n<\/ul>[\/et_pb_tab][et_pb_tab title=\u00bbPlan  de Estudio\u00bb _builder_version=\u00bb4.27.4&#8243; _module_preset=\u00bbdefault\u00bb global_colors_info=\u00bb{}\u00bb]<p><a href=\"https:\/\/cloud.teziutlan.tecnm.mx\/TransparenciaWeb\/Archivos\/VerArchivo?rutaRelativa=OfertaEducativa%2FPlanesDeEstudio&amp;nombreArchivo=Ing%20Industrial.zip\" target=\"_blank\" rel=\"noopener\"><span>\ud83d\udcc4 Ing Industrial.zip<\/span><\/a><\/p>[\/et_pb_tab][\/et_pb_tabs][et_pb_text _builder_version=\u00bb4.27.4&#8243; _module_preset=\u00bbdefault\u00bb text_font=\u00bb|600|||||||\u00bb text_text_color=\u00bb#000000&#8243; text_font_size=\u00bb30px\u00bb text_line_height=\u00bb1.2em\u00bb text_orientation=\u00bbcenter\u00bb animation_style=\u00bbfade\u00bb text_line_height_tablet=\u00bb1.2em\u00bb text_line_height_phone=\u00bb1.2em\u00bb text_line_height_last_edited=\u00bbon|phone\u00bb global_colors_info=\u00bb{}\u00bb]<p>Conoce la reticula Oficial<span>\ud83d\udc47<\/span><\/p>[\/et_pb_text][et_pb_text _builder_version=\u00bb4.27.4&#8243; _module_preset=\u00bbdefault\u00bb text_font=\u00bbABeeZee|700|||||||\u00bb text_text_color=\u00bb#000000&#8243; text_font_size=\u00bb29px\u00bb text_line_height=\u00bb1.2em\u00bb text_orientation=\u00bbcenter\u00bb text_line_height_tablet=\u00bb1.2em\u00bb text_line_height_phone=\u00bb1.2em\u00bb text_line_height_last_edited=\u00bbon|phone\u00bb global_colors_info=\u00bb{}\u00bb]<p>Especialidades Optativas<\/p>[\/et_pb_text][et_pb_text _builder_version=\u00bb4.27.4&#8243; _module_preset=\u00bbdefault\u00bb text_font=\u00bbABeeZee|700|||||||\u00bb text_text_color=\u00bb#000000&#8243; text_font_size=\u00bb29px\u00bb text_orientation=\u00bbcenter\u00bb global_colors_info=\u00bb{}\u00bb]<h5 class=\"et_pb_toggle_title et-fb-editable-element et-fb-editable-element__editing\" data-shortcode-id=\"4.0.0.13-1746813618752\" data-quickaccess-id=\"title\" data-quickaccess-order=\"1\" contenteditable=\"true\"><strong>Calidad y Log\u00edstica Clave: IINE-TMA-2023-01<\/strong><\/h5>[\/et_pb_text][et_pb_button button_url=\u00bbhttps:\/\/cloud.teziutlan.tecnm.mx\/TransparenciaWeb\/Archivos\/VerArchivo?rutaRelativa=Ret%C3%ADculas&#038;nombreArchivo=B1%29%20RETICULA%20INDUSTRIAL_250610.pdf\u00bb url_new_window=\u00bbon\u00bb button_text=\u00bbRet\u00edcula Especialidad I\u00bb button_alignment=\u00bbcenter\u00bb _builder_version=\u00bb4.27.4&#8243; _module_preset=\u00bbdefault\u00bb custom_button=\u00bbon\u00bb button_text_color=\u00bb#FFFFFF\u00bb button_bg_color=\u00bb#0B7F2E\u00bb button_border_radius=\u00bb100px\u00bb button_letter_spacing=\u00bb0px\u00bb button_font=\u00bb||||||||\u00bb button_icon=\u00bb&#xf019;||fa||900&#8243; button_icon_placement=\u00bbleft\u00bb button_on_hover=\u00bboff\u00bb custom_margin=\u00bb-30px||||false|false\u00bb global_colors_info=\u00bb{}\u00bb][\/et_pb_button][et_pb_text _builder_version=\u00bb4.27.4&#8243; _module_preset=\u00bbdefault\u00bb text_font=\u00bbABeeZee|700|||||||\u00bb text_text_color=\u00bb#000000&#8243; text_font_size=\u00bb29px\u00bb text_orientation=\u00bbcenter\u00bb custom_margin=\u00bb40px||||false|false\u00bb global_colors_info=\u00bb{}\u00bb]<h5 class=\"et_pb_toggle_title et-fb-editable-element et-fb-editable-element__editing\" data-shortcode-id=\"4.0.0.14-1746813618764\" data-quickaccess-id=\"title\" data-quickaccess-order=\"1\" contenteditable=\"true\"><strong>Optimizaci\u00f3n de Procesos Industriales Clave: IINE-OPI-2019-01<\/strong><\/h5>[\/et_pb_text][et_pb_button button_url=\u00bbhttps:\/\/cloud.teziutlan.tecnm.mx\/TransparenciaWeb\/Archivos\/VerArchivo?rutaRelativa=Ret%C3%ADculas&#038;nombreArchivo=B2%29%20RETICULA%20INDUSTRIAL_250610.pdf\u00bb url_new_window=\u00bbon\u00bb button_text=\u00bbRet\u00edcula especialidad II\u00bb button_alignment=\u00bbcenter\u00bb _builder_version=\u00bb4.27.4&#8243; _module_preset=\u00bbdefault\u00bb custom_button=\u00bbon\u00bb button_text_color=\u00bb#FFFFFF\u00bb button_bg_color=\u00bb#0B7F2E\u00bb button_border_radius=\u00bb100px\u00bb button_letter_spacing=\u00bb0px\u00bb button_font=\u00bb||||||||\u00bb button_icon=\u00bb&#xf019;||fa||900&#8243; button_icon_placement=\u00bbleft\u00bb button_on_hover=\u00bboff\u00bb custom_margin=\u00bb-30px||||false|false\u00bb global_colors_info=\u00bb{}\u00bb][\/et_pb_button][et_pb_counters use_percentages=\u00bboff\u00bb _builder_version=\u00bb4.27.4&#8243; _module_preset=\u00bbdefault\u00bb title_font_size=\u00bb18px\u00bb title_font_size_tablet=\u00bb18px\u00bb title_font_size_phone=\u00bb15px\u00bb title_font_size_last_edited=\u00bbon|tablet\u00bb global_colors_info=\u00bb{}\u00bb][et_pb_counter percent=\u00bb80&#8243; bar_background_color=\u00bb#E02B20&#8243; _builder_version=\u00bb4.27.4&#8243; _module_preset=\u00bbdefault\u00bb global_colors_info=\u00bb{}\u00bb bar_background_color_default=\u00bb#7EBEC5&#8243; use_percentages=\u00bboff\u00bb]Duraci\u00f3n de la carrera: 9 semestres[\/et_pb_counter][\/et_pb_counters][et_pb_text _builder_version=\u00bb4.27.4&#8243; _module_preset=\u00bbdefault\u00bb text_font=\u00bbABeeZee||||||||\u00bb text_font_size=\u00bb18px\u00bb text_orientation=\u00bbcenter\u00bb global_colors_info=\u00bb{}\u00bb]<p><strong>contacto<\/strong><\/p>[\/et_pb_text][et_pb_text _builder_version=\u00bb4.27.4&#8243; _module_preset=\u00bbdefault\u00bb text_orientation=\u00bbcenter\u00bb global_colors_info=\u00bb{}\u00bb]<p>Jefatura de Divisi\u00f3n de Ingenier\u00eda Industrial<br \/>Tel.: +(52)2313114001<\/p>\n<p>WhatsApp:+(52)XXXXXXXXXX<\/p>\n<p>E-mail: div.ind@teziutlan.tecnm.mx<\/p>[\/et_pb_text][\/et_pb_column][\/et_pb_row][\/et_pb_section]\n","protected":false},"excerpt":{"rendered":"<p>Modalidad PresencialIINDE-2010-227Misi\u00f3nFormar profesionales multidisciplinarios comprometidos con el mejoramiento del entorno, con alto sentido humano para el desarrollo sustentable de la naci\u00f3n.Visi\u00f3nSer Ingeniero Industrial la mejor opci\u00f3n para los aspirantes de la regi\u00f3n y del Estado, y comprometida con la excelencia acad\u00e9mica y la formaci\u00f3n integral del alumno, para formar profesionales con los requerimientos de los [&hellip;]<\/p>\n","protected":false},"author":1,"featured_media":0,"parent":0,"menu_order":0,"comment_status":"closed","ping_status":"closed","template":"","meta":{"_et_pb_use_builder":"on","_et_pb_old_content":"","_et_gb_content_width":"","footnotes":""},"class_list":["post-603","page","type-page","status-publish","hentry"],"_links":{"self":[{"href":"https:\/\/teziutlan.tecnm.mx\/index.php\/wp-json\/wp\/v2\/pages\/603","targetHints":{"allow":["GET"]}}],"collection":[{"href":"https:\/\/teziutlan.tecnm.mx\/index.php\/wp-json\/wp\/v2\/pages"}],"about":[{"href":"https:\/\/teziutlan.tecnm.mx\/index.php\/wp-json\/wp\/v2\/types\/page"}],"author":[{"embeddable":true,"href":"https:\/\/teziutlan.tecnm.mx\/index.php\/wp-json\/wp\/v2\/users\/1"}],"replies":[{"embeddable":true,"href":"https:\/\/teziutlan.tecnm.mx\/index.php\/wp-json\/wp\/v2\/comments?post=603"}],"version-history":[{"count":39,"href":"https:\/\/teziutlan.tecnm.mx\/index.php\/wp-json\/wp\/v2\/pages\/603\/revisions"}],"predecessor-version":[{"id":7717,"href":"https:\/\/teziutlan.tecnm.mx\/index.php\/wp-json\/wp\/v2\/pages\/603\/revisions\/7717"}],"wp:attachment":[{"href":"https:\/\/teziutlan.tecnm.mx\/index.php\/wp-json\/wp\/v2\/media?parent=603"}],"curies":[{"name":"wp","href":"https:\/\/api.w.org\/{rel}","templated":true}]}}