{"id":623,"date":"2025-03-28T23:35:59","date_gmt":"2025-03-28T23:35:59","guid":{"rendered":"http:\/\/10.10.25.1\/?page_id=623"},"modified":"2026-04-29T14:26:48","modified_gmt":"2026-04-29T20:26:48","slug":"ingenieria-en-animacion-digital","status":"publish","type":"page","link":"https:\/\/teziutlan.tecnm.mx\/index.php\/ingenieria-en-animacion-digital\/","title":{"rendered":"ingenier\u00eda en animaci\u00f3n digital"},"content":{"rendered":"<p>[et_pb_section fb_built=\u00bb1&#8243; _builder_version=\u00bb4.27.6&#8243; _module_preset=\u00bbdefault\u00bb background_image=\u00bbhttps:\/\/teziutlan.tecnm.mx\/wp-content\/uploads\/2026\/04\/Animacion_digital_efectos_visuales-v26.jpeg\u00bb min_height=\u00bb840px\u00bb min_height_tablet=\u00bb840px\u00bb min_height_phone=\u00bb840px\u00bb min_height_last_edited=\u00bbon|desktop\u00bb custom_margin_tablet=\u00bb\u00bb custom_margin_phone=\u00bb-330px||-270px||false|false\u00bb custom_margin_last_edited=\u00bbon|phone\u00bb hover_enabled=\u00bb0&#8243; background_last_edited=\u00bbon|phone\u00bb background_size_phone=\u00bbcontain\u00bb global_colors_info=\u00bb{}\u00bb sticky_enabled=\u00bb0&#8243; title_text=\u00bbAnimacion_digital_efectos_visuales v26&#8243;][\/et_pb_section][et_pb_section fb_built=\u00bb1&#8243; _builder_version=\u00bb4.27.4&#8243; _module_preset=\u00bbdefault\u00bb global_colors_info=\u00bb{}\u00bb][et_pb_row _builder_version=\u00bb4.27.4&#8243; _module_preset=\u00bbdefault\u00bb global_colors_info=\u00bb{}\u00bb][et_pb_column type=\u00bb4_4&#8243; _builder_version=\u00bb4.27.4&#8243; _module_preset=\u00bbdefault\u00bb global_colors_info=\u00bb{}\u00bb][et_pb_text _builder_version=\u00bb4.27.4&#8243; _module_preset=\u00bbdefault\u00bb text_font=\u00bbABeeZee|700|||||||\u00bb text_text_color=\u00bb#000000&#8243; text_font_size=\u00bb30px\u00bb text_orientation=\u00bbcenter\u00bb global_colors_info=\u00bb{}\u00bb]<\/p>\n<p><strong>Modalidad Presencial<\/strong><\/p>\n<p>[\/et_pb_text][et_pb_text _builder_version=\u00bb4.27.4&#8243; _module_preset=\u00bbdefault\u00bb text_font=\u00bbABeeZee|700|||||||\u00bb text_text_color=\u00bb#000000&#8243; text_font_size=\u00bb28px\u00bb text_orientation=\u00bbcenter\u00bb global_colors_info=\u00bb{}\u00bb]<\/p>\n<p>IAEV-212-238<\/p>\n<p>[\/et_pb_text][et_pb_image src=\u00bbhttps:\/\/teziutlan.tecnm.mx\/wp-content\/uploads\/2026\/01\/Banners_Pagina-Web_2026_IADyEV-scaled.png\u00bb title_text=\u00bbBanners_P\u00e1gina Web_2026_IADyEV\u00bb _builder_version=\u00bb4.27.5&#8243; _module_preset=\u00bbdefault\u00bb width=\u00bb67%\u00bb module_alignment=\u00bbcenter\u00bb global_colors_info=\u00bb{}\u00bb][\/et_pb_image][et_pb_text _builder_version=\u00bb4.27.4&#8243; _module_preset=\u00bbdefault\u00bb text_font=\u00bbABeeZee|700|||||||\u00bb text_text_color=\u00bb#000000&#8243; text_font_size=\u00bb27px\u00bb text_orientation=\u00bbcenter\u00bb global_colors_info=\u00bb{}\u00bb]<\/p>\n<p>Objetivo General<\/p>\n<p>[\/et_pb_text][et_pb_text _builder_version=\u00bb4.27.4&#8243; _module_preset=\u00bbdefault\u00bb width=\u00bb75%\u00bb module_alignment=\u00bbcenter\u00bb global_colors_info=\u00bb{}\u00bb]<\/p>\n<p>Formar profesionistas capaces de adaptar, desarrollar y aplicar recursos tecnol\u00f3gicos en la producci\u00f3n de animaci\u00f3n digital y efectos visuales, impulsando la tecnolog\u00eda para responder a los desaf\u00edos de las industrias de la animaci\u00f3n digital y los efectos visuales, en un contexto global, multidisciplinario y sustentable.<\/p>\n<p>[\/et_pb_text][et_pb_tabs active_tab_background_color=\u00bb#FFFFFF\u00bb active_tab_text_color=\u00bb#000000&#8243; _builder_version=\u00bb4.27.4&#8243; _module_preset=\u00bbdefault\u00bb tab_text_color=\u00bb#000000&#8243; tab_font=\u00bbABeeZee|700|||||||\u00bb tab_font_size=\u00bb17px\u00bb width=\u00bb80%\u00bb module_alignment=\u00bbcenter\u00bb global_colors_info=\u00bb{}\u00bb][et_pb_tab title=\u00bbPerfil de Ingreso\u00bb _builder_version=\u00bb4.27.4&#8243; _module_preset=\u00bbdefault\u00bb global_colors_info=\u00bb{}\u00bb]<\/p>\n<p><strong>El o la aspirante al programa de Ingenier\u00eda en Animaci\u00f3n Digital y Efectos Visuales debe tener las siguientes caracter\u00edsticas:<\/strong><\/p>\n<ul>\n<li>Conocimiento y manejo de equipo de c\u00f3mputo e internet<\/li>\n<li>Expresar creatividad y demostrar sensibilidad hacia las manifestaciones art\u00edsticas<\/li>\n<li>Conocimiento de softwares para la creaci\u00f3n de productos audiovisuales<\/li>\n<li>Contar con habilidad para expresar ideas y estructurarlas de manera clara y creativas.<\/li>\n<\/ul>\n<p>[\/et_pb_tab][et_pb_tab title=\u00bbPerfil de Egreso\u00bb _builder_version=\u00bb4.27.4&#8243; _module_preset=\u00bbdefault\u00bb global_colors_info=\u00bb{}\u00bb]<\/p>\n<ul>\n<li>Aplica, identifica y genera recursos art\u00edsticos, para el desarrollo de proyectos dentro de las industrias del entretenimiento y medios digitales.<\/li>\n<li>Interpreta datos e implementa procesos de programaci\u00f3n enfocada a gr\u00e1ficos computacionales CGI y dise\u00f1o de videojuegos.<\/li>\n<li>Reconoce necesidades dentro de los negocios de las industrias digitales; organiza, administra y emprende proyectos de innovaci\u00f3n.<\/li>\n<li>Desarrolla herramientas de software para facilitar y optimizar los procesos de producci\u00f3n, post producci\u00f3n de la animaci\u00f3n digital y los efectos visuales.<\/li>\n<\/ul>\n<p>[\/et_pb_tab][et_pb_tab title=\u00bbPlan de Estudio\u00bb _builder_version=\u00bb4.27.4&#8243; _module_preset=\u00bbdefault\u00bb global_colors_info=\u00bb{}\u00bb]<\/p>\n<p><a href=\"https:\/\/cloud.teziutlan.tecnm.mx\/TransparenciaWeb\/Archivos\/VerArchivo?rutaRelativa=OfertaEducativa%2FPlanesDeEstudio&amp;nombreArchivo=Ing%20en%20Animacion%20Digital%20y%20Efectos%20Visuales.zip\" target=\"_blank\" rel=\"noopener\"><span>\ud83d\udcc4 Ing en Animacion Digital y Efectos Visuales<\/span><\/a><\/p>\n<p>[\/et_pb_tab][\/et_pb_tabs][et_pb_text _builder_version=\u00bb4.27.4&#8243; _module_preset=\u00bbdefault\u00bb text_font=\u00bb|600|||||||\u00bb text_text_color=\u00bb#000000&#8243; text_font_size=\u00bb30px\u00bb text_line_height=\u00bb1.2em\u00bb text_orientation=\u00bbcenter\u00bb animation_style=\u00bbfade\u00bb global_colors_info=\u00bb{}\u00bb]<\/p>\n<p>Conoce la reticula Oficial<span>\ud83d\udc47<\/span><\/p>\n<p>[\/et_pb_text][et_pb_button button_url=\u00bbhttps:\/\/cloud.teziutlan.tecnm.mx\/TransparenciaWeb\/Archivos\/VerArchivo?rutaRelativa=Ret%C3%ADculas&#038;nombreArchivo=H%29%20RETICULAS%20IAD_250610.pdf\u00bb url_new_window=\u00bbon\u00bb button_text=\u00bbRet\u00edcula Ingenier\u00eda en Animaci\u00f3n Digital\u00bb button_alignment=\u00bbcenter\u00bb _builder_version=\u00bb4.27.4&#8243; _module_preset=\u00bbdefault\u00bb custom_button=\u00bbon\u00bb button_text_color=\u00bb#FFFFFF\u00bb button_bg_color=\u00bb#0B7F2E\u00bb button_border_radius=\u00bb100px\u00bb button_letter_spacing=\u00bb0px\u00bb button_font=\u00bb||||||||\u00bb button_icon=\u00bb&#xf019;||fa||900&#8243; button_icon_placement=\u00bbleft\u00bb button_on_hover=\u00bboff\u00bb global_colors_info=\u00bb{}\u00bb][\/et_pb_button][et_pb_counters use_percentages=\u00bboff\u00bb _builder_version=\u00bb4.27.4&#8243; _module_preset=\u00bbdefault\u00bb title_font_size=\u00bb18px\u00bb title_font_size_tablet=\u00bb18px\u00bb title_font_size_phone=\u00bb15px\u00bb title_font_size_last_edited=\u00bbon|phone\u00bb global_colors_info=\u00bb{}\u00bb][et_pb_counter percent=\u00bb80&#8243; bar_background_color=\u00bb#E02B20&#8243; _builder_version=\u00bb4.27.4&#8243; _module_preset=\u00bbdefault\u00bb global_colors_info=\u00bb{}\u00bb bar_background_color_default=\u00bb#7EBEC5&#8243; use_percentages=\u00bboff\u00bb]Duraci\u00f3n de la carrera: 9 semestres[\/et_pb_counter][\/et_pb_counters][et_pb_text _builder_version=\u00bb4.27.4&#8243; _module_preset=\u00bbdefault\u00bb text_font=\u00bbABeeZee|700|||||||\u00bb text_text_color=\u00bb#000000&#8243; text_font_size=\u00bb20px\u00bb text_orientation=\u00bbcenter\u00bb global_colors_info=\u00bb{}\u00bb]<\/p>\n<p>contacto:<\/p>\n<p>[\/et_pb_text][et_pb_text _builder_version=\u00bb4.27.5&#8243; _module_preset=\u00bbdefault\u00bb text_orientation=\u00bbcenter\u00bb width=\u00bb75%\u00bb module_alignment=\u00bbcenter\u00bb global_colors_info=\u00bb{}\u00bb]<\/p>\n<p><strong>Jefatura de Divisi\u00f3n de Ingenier\u00eda en Animaci\u00f3n Digital y Efectos Visuales<\/strong><br \/>Tel.: +(52)2313114001<\/p>\n<p>WhatsApp: +(52)2312326839<\/p>\n<p>E-mail: div.adef@teziutlan.tecnm.mx<\/p>\n<p>[\/et_pb_text][\/et_pb_column][\/et_pb_row][\/et_pb_section]<\/p>\n","protected":false},"excerpt":{"rendered":"<p>Modalidad PresencialIAEV-212-238Objetivo GeneralFormar profesionistas capaces de adaptar, desarrollar y aplicar recursos tecnol\u00f3gicos en la producci\u00f3n de animaci\u00f3n digital y efectos visuales, impulsando la tecnolog\u00eda para responder a los desaf\u00edos de las industrias de la animaci\u00f3n digital y los efectos visuales, en un contexto global, multidisciplinario y sustentable.El o la aspirante al programa de Ingenier\u00eda en [&hellip;]<\/p>\n","protected":false},"author":1,"featured_media":0,"parent":0,"menu_order":0,"comment_status":"closed","ping_status":"closed","template":"","meta":{"_et_pb_use_builder":"on","_et_pb_old_content":"","_et_gb_content_width":"","footnotes":""},"class_list":["post-623","page","type-page","status-publish","hentry"],"_links":{"self":[{"href":"https:\/\/teziutlan.tecnm.mx\/index.php\/wp-json\/wp\/v2\/pages\/623","targetHints":{"allow":["GET"]}}],"collection":[{"href":"https:\/\/teziutlan.tecnm.mx\/index.php\/wp-json\/wp\/v2\/pages"}],"about":[{"href":"https:\/\/teziutlan.tecnm.mx\/index.php\/wp-json\/wp\/v2\/types\/page"}],"author":[{"embeddable":true,"href":"https:\/\/teziutlan.tecnm.mx\/index.php\/wp-json\/wp\/v2\/users\/1"}],"replies":[{"embeddable":true,"href":"https:\/\/teziutlan.tecnm.mx\/index.php\/wp-json\/wp\/v2\/comments?post=623"}],"version-history":[{"count":16,"href":"https:\/\/teziutlan.tecnm.mx\/index.php\/wp-json\/wp\/v2\/pages\/623\/revisions"}],"predecessor-version":[{"id":6840,"href":"https:\/\/teziutlan.tecnm.mx\/index.php\/wp-json\/wp\/v2\/pages\/623\/revisions\/6840"}],"wp:attachment":[{"href":"https:\/\/teziutlan.tecnm.mx\/index.php\/wp-json\/wp\/v2\/media?parent=623"}],"curies":[{"name":"wp","href":"https:\/\/api.w.org\/{rel}","templated":true}]}}