{"id":6256,"date":"2026-04-23T17:22:55","date_gmt":"2026-04-23T23:22:55","guid":{"rendered":"https:\/\/teziutlan.tecnm.mx\/?page_id=6256"},"modified":"2026-04-24T15:33:05","modified_gmt":"2026-04-24T21:33:05","slug":"contador-publico","status":"publish","type":"page","link":"https:\/\/teziutlan.tecnm.mx\/index.php\/contador-publico\/","title":{"rendered":"Contador P\u00fablico"},"content":{"rendered":"<p>[et_pb_section fb_built=\u00bb1&#8243; _builder_version=\u00bb4.27.6&#8243; _module_preset=\u00bbdefault\u00bb background_image=\u00bbhttps:\/\/teziutlan.tecnm.mx\/wp-content\/uploads\/2026\/04\/contador_publico.jpeg\u00bb min_height=\u00bb840px\u00bb min_height_tablet=\u00bb840px\u00bb min_height_phone=\u00bb840px\u00bb min_height_last_edited=\u00bbon|desktop\u00bb custom_margin_tablet=\u00bb\u00bb custom_margin_phone=\u00bb-330px||-270px||false|false\u00bb custom_margin_last_edited=\u00bbon|phone\u00bb background_last_edited=\u00bbon|phone\u00bb background_size_phone=\u00bbcontain\u00bb global_colors_info=\u00bb{}\u00bb][\/et_pb_section][et_pb_section fb_built=\u00bb1&#8243; _builder_version=\u00bb4.27.4&#8243; _module_preset=\u00bbdefault\u00bb global_colors_info=\u00bb{}\u00bb][et_pb_row _builder_version=\u00bb4.27.4&#8243; _module_preset=\u00bbdefault\u00bb global_colors_info=\u00bb{}\u00bb][et_pb_column type=\u00bb4_4&#8243; _builder_version=\u00bb4.27.4&#8243; _module_preset=\u00bbdefault\u00bb global_colors_info=\u00bb{}\u00bb][et_pb_text _builder_version=\u00bb4.27.4&#8243; _module_preset=\u00bbdefault\u00bb text_font=\u00bbABeeZee|700|||||||\u00bb text_text_color=\u00bb#000000&#8243; text_font_size=\u00bb30px\u00bb text_orientation=\u00bbcenter\u00bb global_colors_info=\u00bb{}\u00bb]<\/p>\n<p><strong>Modalidad Presencial<\/strong><\/p>\n<p>[\/et_pb_text][et_pb_text _builder_version=\u00bb4.27.6&#8243; _module_preset=\u00bbdefault\u00bb text_font=\u00bbABeeZee|700|||||||\u00bb text_text_color=\u00bb#000000&#8243; text_font_size=\u00bb28px\u00bb text_orientation=\u00bbcenter\u00bb global_colors_info=\u00bb{}\u00bb]<\/p>\n<p>COPU-2010-205<\/p>\n<p>[\/et_pb_text][et_pb_image src=\u00bbhttps:\/\/teziutlan.tecnm.mx\/wp-content\/uploads\/2026\/04\/contador_publico_principal.jpeg\u00bb title_text=\u00bbcontador_publico_principal\u00bb src_tablet=\u00bbhttps:\/\/teziutlan.tecnm.mx\/wp-content\/uploads\/2026\/04\/contador_publico_principal.jpeg\u00bb src_phone=\u00bbhttps:\/\/teziutlan.tecnm.mx\/wp-content\/uploads\/2026\/04\/contador_publico_principal.jpeg\u00bb src_last_edited=\u00bbon|phone\u00bb _builder_version=\u00bb4.27.6&#8243; _module_preset=\u00bbdefault\u00bb width=\u00bb67%\u00bb module_alignment=\u00bbcenter\u00bb global_colors_info=\u00bb{}\u00bb][\/et_pb_image][et_pb_text _builder_version=\u00bb4.27.4&#8243; _module_preset=\u00bbdefault\u00bb text_font=\u00bbABeeZee|700|||||||\u00bb text_text_color=\u00bb#000000&#8243; text_font_size=\u00bb27px\u00bb text_orientation=\u00bbcenter\u00bb global_colors_info=\u00bb{}\u00bb]<\/p>\n<p>Objetivo General<\/p>\n<p>[\/et_pb_text][et_pb_text _builder_version=\u00bb4.27.6&#8243; _module_preset=\u00bbdefault\u00bb width=\u00bb75%\u00bb module_alignment=\u00bbcenter\u00bb global_colors_info=\u00bb{}\u00bb]<\/p>\n<p><span>Formar profesionales competitivos, capaces de dise\u00f1ar, establecer, aplicar, controlar y evaluar sistemas de informaci\u00f3n financiera, administrativa y fiscal, dentro del marco legal vigente para la toma de decisiones de las entidades econ\u00f3micas nacionales e internacionales, con una actitud \u00e9tica, cr\u00edtica, emprendedora y de liderazgo, a trav\u00e9s de la investigaci\u00f3n y el uso de la tecnolog\u00eda de la informaci\u00f3n y comunicaciones, fomentando el desarrollo sustentable. <\/span><\/p>\n<p>[\/et_pb_text][et_pb_tabs active_tab_background_color=\u00bb#FFFFFF\u00bb active_tab_text_color=\u00bb#000000&#8243; _builder_version=\u00bb4.27.6&#8243; _module_preset=\u00bbdefault\u00bb tab_text_color=\u00bb#000000&#8243; tab_font=\u00bbABeeZee|700|||||||\u00bb tab_font_size=\u00bb17px\u00bb width=\u00bb80%\u00bb module_alignment=\u00bbcenter\u00bb global_colors_info=\u00bb{}\u00bb][et_pb_tab title=\u00bbPerfil de Ingreso\u00bb _builder_version=\u00bb4.27.6&#8243; _module_preset=\u00bbdefault\u00bb global_colors_info=\u00bb{}\u00bb]<\/p>\n<p>El aspirante a la carrera de Contador P\u00fablico debe contar con bases en matem\u00e1ticas, capacidad para interpretar informaci\u00f3n num\u00e9rica y habilidades de lectura, redacci\u00f3n y uso b\u00e1sico de herramientas digitales.<br \/>\nQue muestre pensamiento anal\u00edtico, orden, capacidad para trabajar en equipo y disposici\u00f3n para el aprendizaje aut\u00f3nomo y mostrar inter\u00e9s por las \u00e1reas de contabilidad, finanzas, administraci\u00f3n, auditor\u00eda y normatividad, as\u00ed como una actitud responsable, \u00e9tica y orientada a la soluci\u00f3n de problemas.<\/p>\n<p>[\/et_pb_tab][et_pb_tab title=\u00bbPerfil de Egreso\u00bb _builder_version=\u00bb4.27.6&#8243; _module_preset=\u00bbdefault\u00bb global_colors_info=\u00bb{}\u00bb]<\/p>\n<ul>\n<li>Dise\u00f1a, implanta, controla, eval\u00faa, asesorara e innova sistemas de informaci\u00f3n financiera, administrativa, fiscal y de auditor\u00eda en entidades econ\u00f3micas para la generaci\u00f3n, an\u00e1lisis de informaci\u00f3n financiera con apego a las Normas de Informaci\u00f3n Financiera, nacionales e internacionales y la toma de decisiones.<\/li>\n<li>Audita sistemas financieros, fiscales y administrativos de las entidades econ\u00f3micas con apego a las Normas Internacionales de Auditoria vigentes para la emisi\u00f3n de un dictamen.<\/li>\n<li>Aplica el marco legal y pertinente a las caracter\u00edsticas y necesidades de la entidad econ\u00f3mica dentro del campo profesional para el cumplimiento de las disposiciones vigentes.<\/li>\n<li>Administra estrat\u00e9gicamente los recursos de las entidades econ\u00f3micas para el cumplimiento de sus<br \/>\nobjetivos.<\/li>\n<li>Aplica en el ejercicio profesional el c\u00f3digo de \u00e9tica del contador p\u00fablico vigente para enaltecer a la profesi\u00f3n.<\/li>\n<li>Utiliza las tecnolog\u00edas de informaci\u00f3n y comunicaci\u00f3n para eficientar los procesos y la toma de decisiones.<\/li>\n<li>Desarrolla investigaci\u00f3n asumiendo una actitud de liderazgo, compromiso y servicio con su entorno<br \/>\nsocial, para su difusi\u00f3n.<\/li>\n<li>Elabora y eval\u00faa proyectos de inversi\u00f3n de acuerdo a las caracter\u00edsticas y necesidades del entorno para la generaci\u00f3n de entidades econ\u00f3micas con actitud de liderazgo y compromiso con el medio ambiente.<\/li>\n<li>Trabaja en equipos multidisciplinarios para el logro de los resultados de las entidades con un sentido de responsabilidad social y visi\u00f3n integradora.<\/li>\n<li> Propone estrategias de mercadotecnia que permitan alcanzar los objetivos de las entidades<br \/>\necon\u00f3micas.<\/li>\n<li> plica m\u00e9todos de an\u00e1lisis de informaci\u00f3n financiera para determinar las mejores alternativas de inversi\u00f3n y financiamiento.<\/li>\n<\/ul>\n<p>[\/et_pb_tab][et_pb_tab title=\u00bbPlan de Estudio\u00bb _builder_version=\u00bb4.27.6&#8243; _module_preset=\u00bbdefault\u00bb global_colors_info=\u00bb{}\u00bb]<\/p>\n<p><a href=\"https:\/\/cloud.teziutlan.tecnm.mx\/TransparenciaWeb\/Archivos\/VerArchivo?rutaRelativa=OfertaEducativa%2FPlanesDeEstudio&#038;nombreArchivo=Contador%20Publico.zip\" target=\"_blank\" rel=\"noopener\"><span>\ud83d\udcc4 Contador P\u00fablico<\/span><\/a><\/p>\n<p>[\/et_pb_tab][\/et_pb_tabs][et_pb_text _builder_version=\u00bb4.27.4&#8243; _module_preset=\u00bbdefault\u00bb text_font=\u00bb|600|||||||\u00bb text_text_color=\u00bb#000000&#8243; text_font_size=\u00bb30px\u00bb text_line_height=\u00bb1.2em\u00bb text_orientation=\u00bbcenter\u00bb animation_style=\u00bbfade\u00bb global_colors_info=\u00bb{}\u00bb]<\/p>\n<p>Conoce la reticula Oficial<span>\ud83d\udc47<\/span><\/p>\n<p>[\/et_pb_text][et_pb_button button_url=\u00bbhttps:\/\/cloud.teziutlan.tecnm.mx\/TransparenciaWeb\/Archivos\/VerArchivo?rutaRelativa=Ret%C3%ADculas&#038;nombreArchivo=Reticula%20Contador%20Publico.pdf\u00bb url_new_window=\u00bbon\u00bb button_text=\u00bbRet\u00edcula Contador P\u00fablico\u00bb button_alignment=\u00bbcenter\u00bb disabled_on=\u00bboff|off|off\u00bb _builder_version=\u00bb4.27.6&#8243; _module_preset=\u00bbdefault\u00bb custom_button=\u00bbon\u00bb button_text_color=\u00bb#FFFFFF\u00bb button_bg_color=\u00bb#0B7F2E\u00bb button_border_radius=\u00bb100px\u00bb button_letter_spacing=\u00bb0px\u00bb button_font=\u00bb||||||||\u00bb button_icon=\u00bb&#xf019;||fa||900&#8243; button_icon_placement=\u00bbleft\u00bb button_on_hover=\u00bboff\u00bb global_colors_info=\u00bb{}\u00bb][\/et_pb_button][et_pb_counters use_percentages=\u00bboff\u00bb _builder_version=\u00bb4.27.4&#8243; _module_preset=\u00bbdefault\u00bb title_font_size=\u00bb18px\u00bb title_font_size_tablet=\u00bb18px\u00bb title_font_size_phone=\u00bb15px\u00bb title_font_size_last_edited=\u00bbon|phone\u00bb global_colors_info=\u00bb{}\u00bb][et_pb_counter percent=\u00bb80&#8243; bar_background_color=\u00bb#E02B20&#8243; _builder_version=\u00bb4.27.4&#8243; _module_preset=\u00bbdefault\u00bb global_colors_info=\u00bb{}\u00bb bar_background_color_default=\u00bb#7EBEC5&#8243; use_percentages=\u00bboff\u00bb]Duraci\u00f3n de la carrera: 9 semestres[\/et_pb_counter][\/et_pb_counters][et_pb_text disabled_on=\u00bbon|on|on\u00bb _builder_version=\u00bb4.27.6&#8243; _module_preset=\u00bbdefault\u00bb text_font=\u00bbABeeZee|700|||||||\u00bb text_text_color=\u00bb#000000&#8243; text_font_size=\u00bb20px\u00bb text_orientation=\u00bbcenter\u00bb disabled=\u00bbon\u00bb global_colors_info=\u00bb{}\u00bb]<\/p>\n<p>contacto:<\/p>\n<p>[\/et_pb_text][et_pb_text disabled_on=\u00bbon|on|on\u00bb _builder_version=\u00bb4.27.6&#8243; _module_preset=\u00bbdefault\u00bb text_orientation=\u00bbcenter\u00bb width=\u00bb75%\u00bb module_alignment=\u00bbcenter\u00bb disabled=\u00bbon\u00bb global_colors_info=\u00bb{}\u00bb]<\/p>\n<p><strong>Jefatura de Divisi\u00f3n de Contador P\u00fablico<\/strong><br \/>Tel.: +(52)2313114001<\/p>\n<p>WhatsApp: +(52)2312326839<\/p>\n<p>E-mail: div.adef@teziutlan.tecnm.mx<\/p>\n<p>[\/et_pb_text][et_pb_text disabled_on=\u00bboff|off|off\u00bb _builder_version=\u00bb4.27.6&#8243; _module_preset=\u00bbdefault\u00bb text_orientation=\u00bbcenter\u00bb width=\u00bb75%\u00bb module_alignment=\u00bbcenter\u00bb hover_enabled=\u00bb0&#8243; global_colors_info=\u00bb{}\u00bb sticky_enabled=\u00bb0&#8243;]<\/p>\n<p>WhatsApp: <a href=\"https:\/\/wa.me\/+522311562527\" target=\"_blank\" rel=\"noopener\"> +(52)2311562527<\/a><\/p>\n<p>[\/et_pb_text][\/et_pb_column][\/et_pb_row][\/et_pb_section]<\/p>\n","protected":false},"excerpt":{"rendered":"<p>Modalidad PresencialCOPU-2010-205Objetivo GeneralFormar profesionales competitivos, capaces de dise\u00f1ar, establecer, aplicar, controlar y evaluar sistemas de informaci\u00f3n financiera, administrativa y fiscal, dentro del marco legal vigente para la toma de decisiones de las entidades econ\u00f3micas nacionales e internacionales, con una actitud \u00e9tica, cr\u00edtica, emprendedora y de liderazgo, a trav\u00e9s de la investigaci\u00f3n y el uso de [&hellip;]<\/p>\n","protected":false},"author":1,"featured_media":0,"parent":0,"menu_order":0,"comment_status":"closed","ping_status":"closed","template":"","meta":{"_et_pb_use_builder":"on","_et_pb_old_content":"","_et_gb_content_width":"","footnotes":""},"class_list":["post-6256","page","type-page","status-publish","hentry"],"_links":{"self":[{"href":"https:\/\/teziutlan.tecnm.mx\/index.php\/wp-json\/wp\/v2\/pages\/6256","targetHints":{"allow":["GET"]}}],"collection":[{"href":"https:\/\/teziutlan.tecnm.mx\/index.php\/wp-json\/wp\/v2\/pages"}],"about":[{"href":"https:\/\/teziutlan.tecnm.mx\/index.php\/wp-json\/wp\/v2\/types\/page"}],"author":[{"embeddable":true,"href":"https:\/\/teziutlan.tecnm.mx\/index.php\/wp-json\/wp\/v2\/users\/1"}],"replies":[{"embeddable":true,"href":"https:\/\/teziutlan.tecnm.mx\/index.php\/wp-json\/wp\/v2\/comments?post=6256"}],"version-history":[{"count":17,"href":"https:\/\/teziutlan.tecnm.mx\/index.php\/wp-json\/wp\/v2\/pages\/6256\/revisions"}],"predecessor-version":[{"id":6507,"href":"https:\/\/teziutlan.tecnm.mx\/index.php\/wp-json\/wp\/v2\/pages\/6256\/revisions\/6507"}],"wp:attachment":[{"href":"https:\/\/teziutlan.tecnm.mx\/index.php\/wp-json\/wp\/v2\/media?parent=6256"}],"curies":[{"name":"wp","href":"https:\/\/api.w.org\/{rel}","templated":true}]}}