{"id":647,"date":"2025-03-28T23:46:56","date_gmt":"2025-03-28T23:46:56","guid":{"rendered":"http:\/\/10.10.25.1\/?page_id=647"},"modified":"2026-04-29T13:38:11","modified_gmt":"2026-04-29T19:38:11","slug":"ingenieria-en-gestion-empresarial","status":"publish","type":"page","link":"https:\/\/teziutlan.tecnm.mx\/index.php\/ingenieria-en-gestion-empresarial\/","title":{"rendered":"ingenier\u00eda en gesti\u00f3n empresarial"},"content":{"rendered":"<p>[et_pb_section fb_built=\u00bb1&#8243; _builder_version=\u00bb4.27.6&#8243; _module_preset=\u00bbdefault\u00bb background_image=\u00bbhttps:\/\/teziutlan.tecnm.mx\/wp-content\/uploads\/2026\/04\/Gestion_Empresarial_v226.jpeg\u00bb min_height=\u00bb700px\u00bb min_height_tablet=\u00bb700px\u00bb min_height_phone=\u00bb700px\u00bb min_height_last_edited=\u00bbon|desktop\u00bb custom_margin_tablet=\u00bb\u00bb custom_margin_phone=\u00bb-272px||-270px||false|false\u00bb custom_margin_last_edited=\u00bbon|phone\u00bb hover_enabled=\u00bb0&#8243; background_last_edited=\u00bbon|phone\u00bb background_size_phone=\u00bbcontain\u00bb global_colors_info=\u00bb{}\u00bb title_text=\u00bbGestion_Empresarial_v226&#8243; sticky_enabled=\u00bb0&#8243;][\/et_pb_section][et_pb_section fb_built=\u00bb1&#8243; _builder_version=\u00bb4.27.4&#8243; _module_preset=\u00bbdefault\u00bb global_colors_info=\u00bb{}\u00bb][et_pb_row _builder_version=\u00bb4.27.4&#8243; _module_preset=\u00bbdefault\u00bb global_colors_info=\u00bb{}\u00bb][et_pb_column type=\u00bb4_4&#8243; _builder_version=\u00bb4.27.4&#8243; _module_preset=\u00bbdefault\u00bb global_colors_info=\u00bb{}\u00bb][et_pb_text _builder_version=\u00bb4.27.4&#8243; _module_preset=\u00bbdefault\u00bb text_font=\u00bbABeeZee|700|||||||\u00bb text_text_color=\u00bb#000000&#8243; text_font_size=\u00bb30px\u00bb text_orientation=\u00bbcenter\u00bb global_colors_info=\u00bb{}\u00bb]<\/p>\n<p><strong>Modalidad Presencial<\/strong><\/p>\n<p>[\/et_pb_text][et_pb_text _builder_version=\u00bb4.27.4&#8243; _module_preset=\u00bbdefault\u00bb text_font=\u00bbABeeZee|700|||||||\u00bb text_text_color=\u00bb#000000&#8243; text_font_size=\u00bb28px\u00bb text_orientation=\u00bbcenter\u00bb global_colors_info=\u00bb{}\u00bb]<\/p>\n<p>IGEM-2009-201<\/p>\n<p>[\/et_pb_text][et_pb_image src=\u00bbhttps:\/\/teziutlan.tecnm.mx\/wp-content\/uploads\/2026\/01\/Banners_Pagina-Web_2026_IGE-scaled.png\u00bb title_text=\u00bbBanners_P\u00e1gina Web_2026_IGE\u00bb _builder_version=\u00bb4.27.5&#8243; _module_preset=\u00bbdefault\u00bb width=\u00bb70%\u00bb module_alignment=\u00bbcenter\u00bb global_colors_info=\u00bb{}\u00bb][\/et_pb_image][et_pb_text _builder_version=\u00bb4.27.4&#8243; _module_preset=\u00bbdefault\u00bb text_font=\u00bbABeeZee|700|||||||\u00bb text_text_color=\u00bb#000000&#8243; text_font_size=\u00bb27px\u00bb text_orientation=\u00bbcenter\u00bb global_colors_info=\u00bb{}\u00bb]<\/p>\n<p><strong>Objetivo General<\/strong><\/p>\n<p>[\/et_pb_text][et_pb_text _builder_version=\u00bb4.27.4&#8243; _module_preset=\u00bbdefault\u00bb text_orientation=\u00bbcenter\u00bb width=\u00bb75%\u00bb module_alignment=\u00bbcenter\u00bb global_colors_info=\u00bb{}\u00bb]<\/p>\n<p>Formar profesionales que contribuyan a la gesti\u00f3n de empresas e innovaci\u00f3n de procesos; as\u00ed como al dise\u00f1o, implementaci\u00f3n y desarrollo de sistemas estrat\u00e9gicos de negocios, optimizando recursos en un entorno global, con \u00e9tica y responsabilidad social.<\/p>\n<p>[\/et_pb_text][et_pb_text _builder_version=\u00bb4.27.4&#8243; _module_preset=\u00bbdefault\u00bb text_font=\u00bbABeeZee|700|||||||\u00bb text_text_color=\u00bb#000000&#8243; text_font_size=\u00bb27px\u00bb text_orientation=\u00bbcenter\u00bb global_colors_info=\u00bb{}\u00bb]<\/p>\n<p><strong>Objetivos Educacionales<\/strong><\/p>\n<p>[\/et_pb_text][et_pb_text _builder_version=\u00bb4.27.4&#8243; _module_preset=\u00bbdefault\u00bb text_orientation=\u00bbcenter\u00bb width=\u00bb75%\u00bb module_alignment=\u00bbcenter\u00bb global_colors_info=\u00bb{}\u00bb]<\/p>\n<p><strong>OE1<\/strong><br \/>Los Egresados ser\u00e1n capaces de emprender e innovar con integridad proyectos y planes de negocios, aplicando herramientas tecnol\u00f3gicas y de financiamiento interno y externo para eficientar los recursos<\/p>\n<p><strong>OE2<\/strong><br \/>Los Egresados a partir de su liderazgo ser\u00e1n capaces de conformar equipos de trabajo interdisciplinarios para la gesti\u00f3n de empresas e innovaci\u00f3n de procesos, as\u00ed como el dise\u00f1o, implementaci\u00f3n y desarrollo de sistemas estrat\u00e9gicos de negocios, con \u00e9tica, respeto al medio ambiente y responsabilidad social.<\/p>\n<p><strong>OE3<\/strong><br \/>Los Egresados ser\u00e1n capaces de ejercer estrategias mercadol\u00f3gicas y consultor\u00edas a organizaciones de los sectores p\u00fablico, privado y social realizando propuestas de mejora continua con ventaja competitiva en el entorno, para el posicionamiento empresarial.<\/p>\n<p>[\/et_pb_text][et_pb_tabs active_tab_background_color=\u00bb#FFFFFF\u00bb inactive_tab_background_color=\u00bbRGBA(255,255,255,0)\u00bb active_tab_text_color=\u00bb#000000&#8243; _builder_version=\u00bb4.27.4&#8243; _module_preset=\u00bbdefault\u00bb tab_text_color=\u00bb#000000&#8243; tab_font=\u00bbABeeZee|700|||||||\u00bb tab_font_size=\u00bb18px\u00bb width=\u00bb81%\u00bb module_alignment=\u00bbcenter\u00bb global_colors_info=\u00bb{}\u00bb][et_pb_tab title=\u00bbPerfil de Ingreso\u00bb _builder_version=\u00bb4.27.4&#8243; _module_preset=\u00bbdefault\u00bb global_colors_info=\u00bb{}\u00bb]<\/p>\n<p>Los aspirantes a estudiar este programa deber\u00e1n tener un razonamiento cr\u00edtico y matem\u00e1tico, ser anal\u00edticos, precisos, estructurados, organizados y solucionador de problemas. Adem\u00e1s de mostrar inter\u00e9s por el emprendedurismo manteniendo un compromiso con la sociedad e inter\u00e9s por mejorar su entorno; b\u00fasqueda de la mejora continua e inclinaci\u00f3n a la toma de decisiones; capacidad de an\u00e1lisis, visi\u00f3n, y sensibilidad con el trato humano y esp\u00edritu de servicio<\/p>\n<p>[\/et_pb_tab][et_pb_tab title=\u00bbPerfil de Egreso\u00bb _builder_version=\u00bb4.27.4&#8243; _module_preset=\u00bbdefault\u00bb global_colors_info=\u00bb{}\u00bb]<\/p>\n<p>1. Aplica habilidades directivas y de ingenier\u00eda en el dise\u00f1o, gesti\u00f3n, fortalecimiento e innovaci\u00f3n de<br \/>las organizaciones para la toma de decisiones en forma efectiva, con una orientaci\u00f3n sist\u00e9mica y<br \/>sustentable.<br \/>2. Dise\u00f1a e innova estructuras administrativas y procesos, con base en las necesidades de las<br \/>organizaciones para competir eficientemente en mercados globales.<br \/>3. Gestiona eficientemente los recursos de la organizaci\u00f3n con visi\u00f3n compartida, con el fin de<br \/>suministrar bienes y servicios de calidad.<br \/>4. Aplica m\u00e9todos cuantitativos y cualitativos en el an\u00e1lisis e interpretaci\u00f3n de datos y modelado de<br \/>sistemas en los procesos organizacionales, para la mejora continua atendiendo est\u00e1ndares de calidad<br \/>mundial.<br \/>5. Dise\u00f1a, y emprende nuevos negocios y proyectos empresariales sustentables en mercados<br \/>competitivos, para promover el desarrollo.<br \/>6. Dise\u00f1a e implementa estrategias de mercadotecnia basadas en informaci\u00f3n recopilada de fuentes<br \/>primarias y secundarias, para incrementar la competitividad de las organizaciones.<br \/>7. Implementa planes y programas de seguridad e higiene para el fortalecimiento del entorno laboral.<br \/>8. Gestiona sistemas integrales de calidad para la mejora de los procesos, ejerciendo un liderazgo<br \/>estrat\u00e9gico y un compromiso \u00e9tico.<br \/>9. Aplica las normas legales para la creaci\u00f3n y desarrollo de las organizaciones.<br \/>10. Dirige equipos de trabajo para la mejora continua y el crecimiento integral de las organizaciones.<br \/>11. Interpreta la informaci\u00f3n financiera para detectar oportunidades de mejora e inversi\u00f3n en un mundo<br \/>global, que propicien la rentabilidad del negocio.<br \/>12. Utiliza las nuevas tecnolog\u00edas de informaci\u00f3n y comunicaci\u00f3n en la organizaci\u00f3n, para optimizar<br \/>los procesos y la eficaz toma de decisiones.<br \/>13. Promueve el desarrollo del capital humano, para la realizaci\u00f3n de los objetivos organizacionales,<br \/>dentro de un marco \u00e9tico y un contexto multicultural.<br \/>14. Aplica m\u00e9todos de investigaci\u00f3n para desarrollar e innovar modelos, sistemas, procesos y productos<br \/>en las diferentes dimensiones de la organizaci\u00f3n.<br \/>15. Gestiona la cadena de suministro de las organizaciones con un enfoque orientado a procesos para<br \/>incrementar la productividad.<br \/>16. Analiza las variables econ\u00f3micas para facilitar la toma estrat\u00e9gica de decisiones en la organizaci\u00f3n.<br \/>17. Act\u00faa como agente de cambio para facilitar la mejora continua y el desempe\u00f1o de las<br \/>organizaciones.<br \/>18. Aplica m\u00e9todos, t\u00e9cnicas y herramientas para la soluci\u00f3n de problemas en la gesti\u00f3n empresarial<br \/>con una visi\u00f3n estrat\u00e9gica.<\/p>\n<p>[\/et_pb_tab][et_pb_tab title=\u00bbAtributos de Egreso\u00bb _builder_version=\u00bb4.27.4&#8243; _module_preset=\u00bbdefault\u00bb global_colors_info=\u00bb{}\u00bb]<\/p>\n<ul>\n<li>AE1. Aplicar y dise\u00f1ar habilidades directivas y de ingenier\u00eda en el fortalecimiento e innovaci\u00f3n de las organizaciones para la toma de decisiones efectivas adapt\u00e1ndolas al entorno globalizado.<\/li>\n<li>AE2. Dise\u00f1ar e innovar estructuras administrativas y procesos para la generaci\u00f3n de competitividad en los mercados globales con principios \u00e9ticos y profesionales.<\/li>\n<li>AE3. Gestionar eficientemente los recursos de la organizaci\u00f3n con el fin de suministrar bienes y servicios de calidad mediante el an\u00e1lisis e integraci\u00f3n de la informaci\u00f3n para la toma de decisiones.<\/li>\n<li>AE4. Dise\u00f1ar, Emprender y Dirigir nuevos negocios y\/o proyectos de manera sustentable en mercados competitivos con compromiso \u00e9tico.<br \/>AE5. Dise\u00f1ar e implementar estrategias de mercado basadas en la recopilaci\u00f3n de fuentes primarias y secundarias para el incremento de la competitividad organizacional en un contexto globalizado.<\/li>\n<li>AE6. Implementar planes y programas de calidad, seguridad e higiene para la mejora del entorno laboral que resuelvan problemas complejos de las organizaciones.<\/li>\n<li>AE7. Dirigir equipos de trabajo con fundamento legal para la mejora continua y el crecimiento integral de las organizaciones, potencializando el desarrollo humano en escenarios de incertidumbre.<\/li>\n<li>AE8. Gestionar la cadena de suministros y log\u00edstica empresarial con un enfoque orientado a procesos de calidad para incrementar la productividad mediante el an\u00e1lisis de datos para establecer propuestas concretas.<\/li>\n<li>AE9. Interpretar variables econ\u00f3micas y la informaci\u00f3n financiera para detectar oportunidades de mejora e inversi\u00f3n que propicie la rentabilidad del negocio.<\/li>\n<li>AE10. Aplicar m\u00e9todos de investigaci\u00f3n para el desarrollo e innovaci\u00f3n de modelos, sistemas, procesos y productos en las diferentes dimensiones de la organizaci\u00f3n mediante el an\u00e1lisis de datos con un enfoque sustentable<\/li>\n<\/ul>\n<p>[\/et_pb_tab][et_pb_tab title=\u00bbPlan  de Estudio\u00bb _builder_version=\u00bb4.27.4&#8243; _module_preset=\u00bbdefault\u00bb global_colors_info=\u00bb{}\u00bb]<\/p>\n<p><a href=\"https:\/\/cloud.teziutlan.tecnm.mx\/TransparenciaWeb\/Archivos\/VerArchivo?rutaRelativa=OfertaEducativa%2FPlanesDeEstudio&amp;nombreArchivo=Ing%20en%20Gestion%20Empresarial.zip\" target=\"_blank\" rel=\"noopener\"><span>\ud83d\udcc4 Ing en Gestion Empresarial.zip<\/span><\/a><\/p>\n<p>[\/et_pb_tab][\/et_pb_tabs][et_pb_text _builder_version=\u00bb4.27.4&#8243; _module_preset=\u00bbdefault\u00bb text_font=\u00bb|600|||||||\u00bb text_text_color=\u00bb#000000&#8243; text_font_size=\u00bb30px\u00bb text_line_height=\u00bb1.2em\u00bb text_orientation=\u00bbcenter\u00bb animation_style=\u00bbfade\u00bb global_colors_info=\u00bb{}\u00bb]<\/p>\n<p>Conoce la reticula Oficial<span>\ud83d\udc47<\/span><\/p>\n<p>[\/et_pb_text][\/et_pb_column][\/et_pb_row][et_pb_row _builder_version=\u00bb4.27.4&#8243; _module_preset=\u00bbdefault\u00bb global_colors_info=\u00bb{}\u00bb][et_pb_column type=\u00bb4_4&#8243; _builder_version=\u00bb4.27.4&#8243; _module_preset=\u00bbdefault\u00bb global_colors_info=\u00bb{}\u00bb][et_pb_button button_url=\u00bbhttps:\/\/cloud.teziutlan.tecnm.mx\/TransparenciaWeb\/Archivos\/VerArchivo?rutaRelativa=Ret%C3%ADculas&#038;nombreArchivo=A%29%20RETICULAS%20GESTION_250610.pdf\u00bb url_new_window=\u00bbon\u00bb button_text=\u00bbRet\u00edcula Ingenier\u00eda en Gesti\u00f3n Empresarial\u00bb button_alignment=\u00bbcenter\u00bb _builder_version=\u00bb4.27.4&#8243; _module_preset=\u00bbdefault\u00bb custom_button=\u00bbon\u00bb button_text_color=\u00bb#FFFFFF\u00bb button_bg_color=\u00bb#0B7F2E\u00bb button_border_radius=\u00bb100px\u00bb button_letter_spacing=\u00bb0px\u00bb button_font=\u00bb||||||||\u00bb button_icon=\u00bb&#xf019;||fa||900&#8243; button_icon_placement=\u00bbleft\u00bb button_on_hover=\u00bboff\u00bb button_text_size_tablet=\u00bb\u00bb button_text_size_phone=\u00bb16px\u00bb button_text_size_last_edited=\u00bbon|phone\u00bb global_colors_info=\u00bb{}\u00bb][\/et_pb_button][\/et_pb_column][\/et_pb_row][et_pb_row _builder_version=\u00bb4.27.4&#8243; _module_preset=\u00bbdefault\u00bb global_colors_info=\u00bb{}\u00bb][et_pb_column type=\u00bb4_4&#8243; _builder_version=\u00bb4.27.4&#8243; _module_preset=\u00bbdefault\u00bb global_colors_info=\u00bb{}\u00bb][et_pb_text _builder_version=\u00bb4.27.4&#8243; _module_preset=\u00bbdefault\u00bb text_font=\u00bbABeeZee|700|||||||\u00bb text_text_color=\u00bb#000000&#8243; text_font_size=\u00bb27px\u00bb text_line_height=\u00bb1.2em\u00bb text_orientation=\u00bbcenter\u00bb background_layout_last_edited=\u00bboff|desktop\u00bb global_colors_info=\u00bb{}\u00bb]<\/p>\n<p><strong>Especialidades Optativas<\/strong><\/p>\n<p>[\/et_pb_text][et_pb_text _builder_version=\u00bb4.27.4&#8243; _module_preset=\u00bbdefault\u00bb text_font=\u00bbABeeZee|700|||||||\u00bb text_text_color=\u00bb#000000&#8243; text_font_size=\u00bb27px\u00bb text_orientation=\u00bbcenter\u00bb background_layout_last_edited=\u00bboff|desktop\u00bb global_colors_info=\u00bb{}\u00bb]<\/p>\n<h5 class=\"et_pb_toggle_title et-fb-editable-element et-fb-editable-element__editing\" data-shortcode-id=\"4.0.0.11-1746814919823\" data-quickaccess-id=\"title\" data-quickaccess-order=\"1\" contenteditable=\"true\">Especialidad en Consultor\u00eda en Emprendimiento Empresarial<\/h5>\n<p>&nbsp;<\/p>\n<p>[\/et_pb_text][et_pb_counters use_percentages=\u00bboff\u00bb _builder_version=\u00bb4.27.4&#8243; _module_preset=\u00bbdefault\u00bb title_font_size=\u00bb18px\u00bb custom_margin_tablet=\u00bb\u00bb custom_margin_phone=\u00bb-35px||70px||false|false\u00bb custom_margin_last_edited=\u00bbon|phone\u00bb title_font_size_tablet=\u00bb18px\u00bb title_font_size_phone=\u00bb15px\u00bb title_font_size_last_edited=\u00bbon|phone\u00bb global_colors_info=\u00bb{}\u00bb][et_pb_counter percent=\u00bb80&#8243; bar_background_color=\u00bb#E02B20&#8243; _builder_version=\u00bb4.27.4&#8243; _module_preset=\u00bbdefault\u00bb global_colors_info=\u00bb{}\u00bb bar_background_color_default=\u00bb#7EBEC5&#8243; use_percentages=\u00bboff\u00bb]Duraci\u00f3n de la carrera: 9 semestres[\/et_pb_counter][\/et_pb_counters][et_pb_text _builder_version=\u00bb4.27.4&#8243; _module_preset=\u00bbdefault\u00bb text_font=\u00bbABeeZee|700|||||||\u00bb text_text_color=\u00bb#000000&#8243; text_font_size=\u00bb27px\u00bb text_orientation=\u00bbcenter\u00bb background_layout_last_edited=\u00bboff|desktop\u00bb global_colors_info=\u00bb{}\u00bb]<\/p>\n<p>Contacto:<\/p>\n<p>[\/et_pb_text][et_pb_text _builder_version=\u00bb4.27.4&#8243; _module_preset=\u00bbdefault\u00bb text_font=\u00bbABeeZee|700|||||||\u00bb text_text_color=\u00bb#000000&#8243; text_font_size=\u00bb20px\u00bb text_orientation=\u00bbcenter\u00bb background_layout_last_edited=\u00bboff|desktop\u00bb global_colors_info=\u00bb{}\u00bb]<\/p>\n<p>Jefatura de Divisi\u00f3n de Ingenier\u00eda en Gesti\u00f3n Empresarial<\/p>\n<p>[\/et_pb_text][et_pb_text _builder_version=\u00bb4.27.4&#8243; _module_preset=\u00bbdefault\u00bb text_orientation=\u00bbcenter\u00bb custom_margin=\u00bb-23px||||false|false\u00bb global_colors_info=\u00bb{}\u00bb]<\/p>\n<p>Tel.: +(52)2313114001<\/p>\n<p>[\/et_pb_text][et_pb_text _builder_version=\u00bb4.27.4&#8243; _module_preset=\u00bbdefault\u00bb text_orientation=\u00bbcenter\u00bb custom_margin=\u00bb-23px||||false|false\u00bb global_colors_info=\u00bb{}\u00bb]<\/p>\n<p>WhatsApp:+(52)2311441701<\/p>\n<p>[\/et_pb_text][et_pb_text _builder_version=\u00bb4.27.4&#8243; _module_preset=\u00bbdefault\u00bb text_orientation=\u00bbcenter\u00bb custom_margin=\u00bb-23px||||false|false\u00bb global_colors_info=\u00bb{}\u00bb]<\/p>\n<p><span>E-mail:\u00a0<\/span><joomla-hidden-mail is-link=\"1\" is-email=\"1\" first=\"ZGl2LmlzYw==\" last=\"dGV6aXV0bGFuLnRlY25tLm14\" text=\"ZGl2LmlnZUB0ZXppdXRsYW4udGVjbm0ubXg=\" base=\"\/Roman\"><a href=\"mailto:div.isc@teziutlan.tecnm.mx\" base=\"\/Roman\">div.ige@teziutlan.tecnm.mx<\/a><\/joomla-hidden-mail><\/p>\n<p>[\/et_pb_text][\/et_pb_column][\/et_pb_row][\/et_pb_section]<\/p>\n","protected":false},"excerpt":{"rendered":"<p>Modalidad PresencialIGEM-2009-201Objetivo GeneralFormar profesionales que contribuyan a la gesti\u00f3n de empresas e innovaci\u00f3n de procesos; as\u00ed como al dise\u00f1o, implementaci\u00f3n y desarrollo de sistemas estrat\u00e9gicos de negocios, optimizando recursos en un entorno global, con \u00e9tica y responsabilidad social.Objetivos EducacionalesOE1Los Egresados ser\u00e1n capaces de emprender e innovar con integridad proyectos y planes de negocios, aplicando herramientas [&hellip;]<\/p>\n","protected":false},"author":1,"featured_media":0,"parent":0,"menu_order":0,"comment_status":"closed","ping_status":"closed","template":"","meta":{"_et_pb_use_builder":"on","_et_pb_old_content":"","_et_gb_content_width":"","footnotes":""},"class_list":["post-647","page","type-page","status-publish","hentry"],"_links":{"self":[{"href":"https:\/\/teziutlan.tecnm.mx\/index.php\/wp-json\/wp\/v2\/pages\/647","targetHints":{"allow":["GET"]}}],"collection":[{"href":"https:\/\/teziutlan.tecnm.mx\/index.php\/wp-json\/wp\/v2\/pages"}],"about":[{"href":"https:\/\/teziutlan.tecnm.mx\/index.php\/wp-json\/wp\/v2\/types\/page"}],"author":[{"embeddable":true,"href":"https:\/\/teziutlan.tecnm.mx\/index.php\/wp-json\/wp\/v2\/users\/1"}],"replies":[{"embeddable":true,"href":"https:\/\/teziutlan.tecnm.mx\/index.php\/wp-json\/wp\/v2\/comments?post=647"}],"version-history":[{"count":29,"href":"https:\/\/teziutlan.tecnm.mx\/index.php\/wp-json\/wp\/v2\/pages\/647\/revisions"}],"predecessor-version":[{"id":6825,"href":"https:\/\/teziutlan.tecnm.mx\/index.php\/wp-json\/wp\/v2\/pages\/647\/revisions\/6825"}],"wp:attachment":[{"href":"https:\/\/teziutlan.tecnm.mx\/index.php\/wp-json\/wp\/v2\/media?parent=647"}],"curies":[{"name":"wp","href":"https:\/\/api.w.org\/{rel}","templated":true}]}}