{"id":662,"date":"2025-03-31T18:41:30","date_gmt":"2025-03-31T18:41:30","guid":{"rendered":"http:\/\/10.10.25.1\/?page_id=662"},"modified":"2025-04-08T22:10:52","modified_gmt":"2025-04-08T22:10:52","slug":"aspirantes","status":"publish","type":"page","link":"https:\/\/teziutlan.tecnm.mx\/index.php\/aspirantes\/","title":{"rendered":"ASPIRANTES"},"content":{"rendered":"<p>[et_pb_section fb_built=\u00bb1&#8243; _builder_version=\u00bb4.27.4&#8243; _module_preset=\u00bbdefault\u00bb hover_enabled=\u00bb0&#8243; global_colors_info=\u00bb{}\u00bb sticky_enabled=\u00bb0&#8243;][et_pb_row column_structure=\u00bb1_2,1_2&#8243; _builder_version=\u00bb4.27.4&#8243; _module_preset=\u00bbdefault\u00bb hover_enabled=\u00bb0&#8243; global_colors_info=\u00bb{}\u00bb sticky_enabled=\u00bb0&#8243; custom_margin_last_edited=\u00bbon|phone\u00bb custom_padding=\u00bb0px|50px||0px|false|false\u00bb width_last_edited=\u00bbon|phone\u00bb width_phone=\u00bb65%\u00bb max_width_last_edited=\u00bbon|phone\u00bb module_alignment_last_edited=\u00bbon|phone\u00bb module_alignment_phone=\u00bbcenter\u00bb][et_pb_column type=\u00bb1_2&#8243; _builder_version=\u00bb4.27.4&#8243; _module_preset=\u00bbdefault\u00bb global_colors_info=\u00bb{}\u00bb][et_pb_toggle title=\u00bbObjetivo del Tr\u00e1mite\u00bb toggle_icon=\u00bb&#x33;||divi||400&#8243; use_icon_font_size=\u00bbon\u00bb open_toggle_icon=\u00bb&#x32;||divi||400&#8243; _builder_version=\u00bb4.27.4&#8243; _module_preset=\u00bbdefault\u00bb title_text_color=\u00bb#ef5939&#8243; title_font=\u00bb|700|||||||\u00bb title_text_align=\u00bbleft\u00bb title_font_size=\u00bb16px\u00bb body_font=\u00bb||||||||\u00bb body_text_align=\u00bbjustify\u00bb body_text_color=\u00bb#000000&#8243; body_font_size=\u00bb15px\u00bb text_orientation=\u00bbleft\u00bb custom_margin=\u00bb|-57px||||\u00bb border_color_top=\u00bb#000000&#8243; border_width_right=\u00bb0px\u00bb border_color_bottom=\u00bb#000000&#8243; border_width_left=\u00bb0px\u00bb global_colors_info=\u00bb{}\u00bb]<\/p>\n<p><span>Normar, orientar, facilitar y agilizar las acciones para que el\/la aspirante obtenga ficha de admisi\u00f3n para derecho a examen de nivel Licenciatura o Maestr\u00eda. <\/span><\/p>\n<p style=\"text-align: left;\">En 2025 el Instituto Tecnol\u00f3gico Superior de Teziutl\u00e1n ha establecido 3 formas en las cuales las y los aspirantes pueden obtener su ficha para presentar Examen de admisi\u00f3n. A continuaci\u00f3n, se describe cada una de ellas:<\/p>\n<ol>\n<li style=\"text-align: left;\"><strong>Virtual:<\/strong><span>\u00a0<\/span>Ingresando al M\u00f3dulo virtual para la emisi\u00f3n de fichas de admisi\u00f3n, ubicado en la parte derecha de esta p\u00e1gina. Cabe destacar que esta opci\u00f3n se encuentra disponible las 24 horas del d\u00eda los 7 d\u00edas de la semana.<\/li>\n<li style=\"text-align: left;\"><strong>Instituto Tecnol\u00f3gico Superior de Teziutl\u00e1n<\/strong>: Acudiendo solo o sola o bien con \u00fanicamente un acompa\u00f1ante en un horario de lunes a s\u00e1bado de 09:00 a 16:00 h, esto con el prop\u00f3sito de mantener la sana distancia y garantizar su salud durante su estancia en el Instituto.<\/li>\n<li style=\"text-align: left;\"><strong>M\u00f3dulo de Admisiones<\/strong>: Ubicado en los bajos del palacio municipal de Teziutl\u00e1n, Col. Centro, Teziutl\u00e1n, Pue. en un horario de lunes a s\u00e1bado de 09:00 a 17:00 horas.<\/li>\n<\/ol>\n<p>[\/et_pb_toggle][et_pb_toggle title=\u00bbNormas y Pol\u00edticas de Operaci\u00f3n\u00bb toggle_icon=\u00bb&#x33;||divi||400&#8243; use_icon_font_size=\u00bbon\u00bb open_toggle_icon=\u00bb&#x32;||divi||400&#8243; _builder_version=\u00bb4.27.4&#8243; _module_preset=\u00bbdefault\u00bb title_text_color=\u00bb#ef5939&#8243; title_font=\u00bb|700|||||||\u00bb title_text_align=\u00bbleft\u00bb title_font_size=\u00bb16px\u00bb body_font=\u00bb||||||||\u00bb body_text_align=\u00bbjustify\u00bb body_text_color=\u00bb#000000&#8243; body_font_size=\u00bb15px\u00bb text_orientation=\u00bbleft\u00bb custom_margin=\u00bb-18px|-57px|||false|false\u00bb border_color_top=\u00bb#000000&#8243; border_width_right=\u00bb0px\u00bb border_color_bottom=\u00bb#000000&#8243; border_width_left=\u00bb0px\u00bb global_colors_info=\u00bb{}\u00bb]<\/p>\n<p><span>Reglamento Interior del Instituto Tecnol\u00f3gico Superior de Teziutl\u00e1n<\/span><\/p>\n<p>[\/et_pb_toggle][et_pb_toggle title=\u00bbRequisitos\u00bb toggle_icon=\u00bb&#x33;||divi||400&#8243; use_icon_font_size=\u00bbon\u00bb open_toggle_icon=\u00bb&#x32;||divi||400&#8243; _builder_version=\u00bb4.27.4&#8243; _module_preset=\u00bbdefault\u00bb title_text_color=\u00bb#ef5939&#8243; title_font=\u00bb|700|||||||\u00bb title_text_align=\u00bbleft\u00bb title_font_size=\u00bb16px\u00bb body_font=\u00bb||||||||\u00bb body_text_align=\u00bbjustify\u00bb body_text_color=\u00bb#000000&#8243; body_font_size=\u00bb15px\u00bb text_orientation=\u00bbleft\u00bb custom_margin=\u00bb-18px|-57px|||false|false\u00bb border_color_top=\u00bb#000000&#8243; border_width_right=\u00bb0px\u00bb border_color_bottom=\u00bb#000000&#8243; border_width_left=\u00bb0px\u00bb global_colors_info=\u00bb{}\u00bb]<\/p>\n<p style=\"text-align: justify;\"><span>En cualquier de las 3 opciones, se solicita reunir los siguientes documentos:<br \/><\/span><\/p>\n<ol>\n<li style=\"text-align: justify;\"><span>Acta de nacimiento o extracto (original o copia).<\/span><\/li>\n<li style=\"text-align: justify;\"><span>Credencial INE o de Estudiante (original).<\/span><\/li>\n<li style=\"text-align: justify;\"><span>Constancia de estudios con promedio acumulado a 5to. semestre (original y copia).<\/span><\/li>\n<li><span>Certificado de Bachillerato (en caso de contar con \u00e9l).<\/span><\/li>\n<li style=\"text-align: justify;\"><span>Foto(puedes tomarla con tu celular de frente y con fondo blanco) NOTA: Si el\/la aspirante acude al ITST o la m\u00f3dulo de admisiones, ah\u00ed mismo tomar\u00e1n la foto.<\/span><\/li>\n<li style=\"text-align: justify;\"><span>Orden de pago (NOTA: Revisar especificaciones en el apartado de costo).<\/span><\/li>\n<\/ol>\n<p>[\/et_pb_toggle][et_pb_toggle title=\u00bb\u00c1reas Involucradas\u00bb toggle_icon=\u00bb&#x33;||divi||400&#8243; use_icon_font_size=\u00bbon\u00bb open_toggle_icon=\u00bb&#x32;||divi||400&#8243; _builder_version=\u00bb4.27.4&#8243; _module_preset=\u00bbdefault\u00bb title_text_color=\u00bb#ef5939&#8243; title_font=\u00bb|700|||||||\u00bb title_text_align=\u00bbleft\u00bb title_font_size=\u00bb16px\u00bb body_font=\u00bb||||||||\u00bb body_text_align=\u00bbjustify\u00bb body_text_color=\u00bb#000000&#8243; body_font_size=\u00bb15px\u00bb text_orientation=\u00bbleft\u00bb custom_margin=\u00bb-18px|-57px|||false|false\u00bb border_color_top=\u00bb#000000&#8243; border_width_right=\u00bb0px\u00bb border_color_bottom=\u00bb#000000&#8243; border_width_left=\u00bb0px\u00bb global_colors_info=\u00bb{}\u00bb]<\/p>\n<p>Subdirecci\u00f3n de Vinculaci\u00f3n<\/p>\n<p>[\/et_pb_toggle][et_pb_toggle title=\u00bbL\u00edneas de Contacto\u00bb toggle_icon=\u00bb&#x33;||divi||400&#8243; use_icon_font_size=\u00bbon\u00bb open_toggle_icon=\u00bb&#x32;||divi||400&#8243; _builder_version=\u00bb4.27.4&#8243; _module_preset=\u00bbdefault\u00bb title_text_color=\u00bb#ef5939&#8243; title_font=\u00bb|700|||||||\u00bb title_text_align=\u00bbleft\u00bb title_font_size=\u00bb16px\u00bb body_font=\u00bb||||||||\u00bb body_text_align=\u00bbjustify\u00bb body_text_color=\u00bb#000000&#8243; body_font_size=\u00bb15px\u00bb text_orientation=\u00bbleft\u00bb custom_margin=\u00bb-18px|-57px|||false|false\u00bb border_color_top=\u00bb#000000&#8243; border_width_right=\u00bb0px\u00bb border_color_bottom=\u00bb#000000&#8243; border_width_left=\u00bb0px\u00bb global_colors_info=\u00bb{}\u00bb]<\/p>\n<p>WhatsApp: +(52)2311562527<\/p>\n<p>Horario de atenci\u00f3n: Lunes a Viernes de 09:00 a 17:00 h<\/p>\n<p><strong>L\u00edneas del Instituto<\/strong><\/p>\n<p>Tel.: +(52)2313114000<\/p>\n<p>Tel.: +(52)2313114001<\/p>\n<p>Tel.: +(52)2313114002<\/p>\n<p>Tel.: +(52)2313114003<\/p>\n<p><strong>Ext. 200, 203 o 209<\/strong><\/p>\n<p>Horario de atenci\u00f3n: Lunes a Viernes de 09:00 a 17:00 h<\/p>\n<p>[\/et_pb_toggle][et_pb_toggle title=\u00bbDocumento a obtener \u00bb toggle_icon=\u00bb&#x33;||divi||400&#8243; use_icon_font_size=\u00bbon\u00bb open_toggle_icon=\u00bb&#x32;||divi||400&#8243; _builder_version=\u00bb4.27.4&#8243; _module_preset=\u00bbdefault\u00bb title_text_color=\u00bb#ef5939&#8243; title_font=\u00bb|700|||||||\u00bb title_text_align=\u00bbleft\u00bb title_font_size=\u00bb16px\u00bb body_font=\u00bb||||||||\u00bb body_text_align=\u00bbjustify\u00bb body_text_color=\u00bb#000000&#8243; body_font_size=\u00bb15px\u00bb text_orientation=\u00bbleft\u00bb custom_margin=\u00bb-18px|-57px|||false|false\u00bb border_color_top=\u00bb#000000&#8243; border_width_right=\u00bb0px\u00bb border_color_bottom=\u00bb#000000&#8243; border_width_left=\u00bb0px\u00bb global_colors_info=\u00bb{}\u00bb]<\/p>\n<p>Ficha para presentar Examen de Admisi\u00f3n al Instituto Tecnol\u00f3gico Superior de Teziutl\u00e1n.<\/p>\n<p>[\/et_pb_toggle][et_pb_toggle title=\u00bbCosto\u00bb toggle_icon=\u00bb&#x33;||divi||400&#8243; use_icon_font_size=\u00bbon\u00bb open_toggle_icon=\u00bb&#x32;||divi||400&#8243; _builder_version=\u00bb4.27.4&#8243; _module_preset=\u00bbdefault\u00bb title_text_color=\u00bb#ef5939&#8243; title_font=\u00bb|700|||||||\u00bb title_text_align=\u00bbleft\u00bb title_font_size=\u00bb16px\u00bb body_font=\u00bb||||||||\u00bb body_text_align=\u00bbjustify\u00bb body_text_color=\u00bb#000000&#8243; body_font_size=\u00bb15px\u00bb text_orientation=\u00bbleft\u00bb custom_margin=\u00bb-18px|-57px|||false|false\u00bb link_option_url_new_window=\u00bbon\u00bb border_color_top=\u00bb#000000&#8243; border_width_right=\u00bb0px\u00bb border_color_bottom=\u00bb#000000&#8243; border_width_left=\u00bb0px\u00bb global_colors_info=\u00bb{}\u00bb]<\/p>\n<p>El costo de la ficha para presentar Examen de Admisi\u00f3n en 2025 es de $150.00 (Ciento Cincuenta pesos 00\/100 M.N.). El pago se realiza en una sola exhibici\u00f3n y es el \u00fanico monto a cubrir previo a la aplicaci\u00f3n del Examen de Admisi\u00f3n.<\/p>\n<p>\u00danicamente si el\/la aspirante desea obtener su ficha en la modalidad virtual, deber\u00e1 esperar a que el Departamento de Vinculaci\u00f3n valide sus documentos en el M\u00f3dulo virtual para la emisi\u00f3n de fichas de admisi\u00f3n. Una vez autorizados, deber\u00e1 ingresar al portal web <a href=\"https:\/\/www.puebla.gob.mx\/\">www.puebla.gob.mx<\/a> para generar su Orden de pago.<\/p>\n<p>&nbsp;<\/p>\n<p>Se sugiere apoyarse del video TUTORIAL PARA GENERAR ORDEN DE PAGO DE FICHA DE ADMISI\u00d3N 2025, el cual se encuentra disponible en el canal de YouTube del ITST \u2013 <a href=\"https:\/\/www.youtube.com\/watch?v=TTJUvOWfRLA\">https:\/\/youtu.be\/TTJUvOWfRLA<\/a> En caso de que el tr\u00e1mite de ficha se realice en el M\u00f3dulo de Admisiones o en el ITST, ah\u00ed mismo se apoyar\u00e1 al aspirante a generar su Orden de pago.<\/p>\n<p>[\/et_pb_toggle][et_pb_toggle title=\u00bbTiempo Promedio de Respuesta\u00bb toggle_icon=\u00bb&#x33;||divi||400&#8243; use_icon_font_size=\u00bbon\u00bb open_toggle_icon=\u00bb&#x32;||divi||400&#8243; _builder_version=\u00bb4.27.4&#8243; _module_preset=\u00bbdefault\u00bb title_text_color=\u00bb#ef5939&#8243; title_font=\u00bb|700|||||||\u00bb title_text_align=\u00bbleft\u00bb title_font_size=\u00bb16px\u00bb body_font=\u00bb||||||||\u00bb body_text_align=\u00bbleft\u00bb body_text_color=\u00bb#000000&#8243; text_orientation=\u00bbleft\u00bb custom_margin=\u00bb-18px|-57px|||false|false\u00bb border_color_top=\u00bb#000000&#8243; border_width_right=\u00bb0px\u00bb border_color_bottom=\u00bb#000000&#8243; border_width_left=\u00bb0px\u00bb global_colors_info=\u00bb{}\u00bb]<\/p>\n<p>1 hora (cumpliendo todos los requisitos establecidos).<\/p>\n<p>[\/et_pb_toggle][et_pb_toggle title=\u00bbPasos a seguir\u00bb toggle_icon=\u00bb&#x33;||divi||400&#8243; use_icon_font_size=\u00bbon\u00bb open_toggle_icon=\u00bb&#x32;||divi||400&#8243; _builder_version=\u00bb4.27.4&#8243; _module_preset=\u00bbdefault\u00bb title_text_color=\u00bb#ef5939&#8243; title_font=\u00bb|700|||||||\u00bb title_text_align=\u00bbleft\u00bb title_font_size=\u00bb16px\u00bb body_font=\u00bb||||||||\u00bb body_text_align=\u00bbleft\u00bb body_text_color=\u00bb#000000&#8243; text_orientation=\u00bbleft\u00bb custom_margin=\u00bb-18px|-57px|||false|false\u00bb border_color_top=\u00bb#000000&#8243; border_width_right=\u00bb0px\u00bb border_color_bottom=\u00bb#000000&#8243; border_width_left=\u00bb0px\u00bb global_colors_info=\u00bb{}\u00bb]<\/p>\n<p style=\"text-align: justify;\"><strong>Paso 1:<\/strong> El\/La aspirante re\u00fane los requisitos para iniciar el tr\u00e1mite de obtenci\u00f3n de su ficha de admisi\u00f3n.<br \/><strong>Paso 2:<\/strong> El\/la aspirante elige una de las tres opciones disponibles para realizar el tr\u00e1mite para la obtenci\u00f3n de su ficha de admisi\u00f3n, presentando su documentaci\u00f3n y realizando el pago correspondiente para tener derecho al Examen de Admisi\u00f3n.<br \/><strong>Paso 3:<\/strong> El\/la aspirante recibe su Ficha en la cual se incluye el d\u00eda y hora en la cual presentara su Examen de Admisi\u00f3n.<\/p>\n<p>&nbsp;<\/p>\n<p style=\"text-align: center;\"><strong>FINAL DEL PROCEDIMIENTO<\/strong><\/p>\n<p>[\/et_pb_toggle][\/et_pb_column][et_pb_column type=\u00bb1_2&#8243; _builder_version=\u00bb4.27.4&#8243; _module_preset=\u00bbdefault\u00bb global_colors_info=\u00bb{}\u00bb][\/et_pb_column][\/et_pb_row][\/et_pb_section]<\/p>\n","protected":false},"excerpt":{"rendered":"<p>Normar, orientar, facilitar y agilizar las acciones para que el\/la aspirante obtenga ficha de admisi\u00f3n para derecho a examen de nivel Licenciatura o Maestr\u00eda. En 2025 el Instituto Tecnol\u00f3gico Superior de Teziutl\u00e1n ha establecido 3 formas en las cuales las y los aspirantes pueden obtener su ficha para presentar Examen de admisi\u00f3n. A continuaci\u00f3n, se [&hellip;]<\/p>\n","protected":false},"author":1,"featured_media":0,"parent":0,"menu_order":0,"comment_status":"closed","ping_status":"closed","template":"","meta":{"_et_pb_use_builder":"on","_et_pb_old_content":"","_et_gb_content_width":"","footnotes":""},"class_list":["post-662","page","type-page","status-publish","hentry"],"_links":{"self":[{"href":"https:\/\/teziutlan.tecnm.mx\/index.php\/wp-json\/wp\/v2\/pages\/662","targetHints":{"allow":["GET"]}}],"collection":[{"href":"https:\/\/teziutlan.tecnm.mx\/index.php\/wp-json\/wp\/v2\/pages"}],"about":[{"href":"https:\/\/teziutlan.tecnm.mx\/index.php\/wp-json\/wp\/v2\/types\/page"}],"author":[{"embeddable":true,"href":"https:\/\/teziutlan.tecnm.mx\/index.php\/wp-json\/wp\/v2\/users\/1"}],"replies":[{"embeddable":true,"href":"https:\/\/teziutlan.tecnm.mx\/index.php\/wp-json\/wp\/v2\/comments?post=662"}],"version-history":[{"count":7,"href":"https:\/\/teziutlan.tecnm.mx\/index.php\/wp-json\/wp\/v2\/pages\/662\/revisions"}],"predecessor-version":[{"id":1316,"href":"https:\/\/teziutlan.tecnm.mx\/index.php\/wp-json\/wp\/v2\/pages\/662\/revisions\/1316"}],"wp:attachment":[{"href":"https:\/\/teziutlan.tecnm.mx\/index.php\/wp-json\/wp\/v2\/media?parent=662"}],"curies":[{"name":"wp","href":"https:\/\/api.w.org\/{rel}","templated":true}]}}