{"id":717,"date":"2025-03-31T22:08:52","date_gmt":"2025-03-31T22:08:52","guid":{"rendered":"http:\/\/10.10.25.1\/?page_id=717"},"modified":"2026-04-29T14:22:30","modified_gmt":"2026-04-29T20:22:30","slug":"ingenieria-en-industrias-alimentarias","status":"publish","type":"page","link":"https:\/\/teziutlan.tecnm.mx\/index.php\/ingenieria-en-industrias-alimentarias\/","title":{"rendered":"ingenier\u00eda en industrias alimentarias"},"content":{"rendered":"<p>[et_pb_section fb_built=\u00bb1&#8243; _builder_version=\u00bb4.27.6&#8243; _module_preset=\u00bbdefault\u00bb background_image=\u00bbhttps:\/\/teziutlan.tecnm.mx\/wp-content\/uploads\/2026\/04\/Alimentarias-v226.jpeg\u00bb height=\u00bb700px\u00bb height_tablet=\u00bb700px\u00bb height_phone=\u00bb700px\u00bb height_last_edited=\u00bbon|desktop\u00bb custom_margin=\u00bb||||false|false\u00bb custom_margin_tablet=\u00bb||||false|false\u00bb custom_margin_phone=\u00bb-272px||-270px||false|false\u00bb custom_margin_last_edited=\u00bbon|desktop\u00bb hover_enabled=\u00bb0&#8243; background_last_edited=\u00bbon|phone\u00bb background_size_phone=\u00bbcontain\u00bb global_colors_info=\u00bb{}\u00bb title_text=\u00bbAlimentarias v226&#8243; sticky_enabled=\u00bb0&#8243;][\/et_pb_section][et_pb_section fb_built=\u00bb1&#8243; _builder_version=\u00bb4.27.4&#8243; _module_preset=\u00bbdefault\u00bb global_colors_info=\u00bb{}\u00bb][et_pb_row _builder_version=\u00bb4.27.4&#8243; _module_preset=\u00bbdefault\u00bb global_colors_info=\u00bb{}\u00bb][et_pb_column type=\u00bb4_4&#8243; _builder_version=\u00bb4.27.4&#8243; _module_preset=\u00bbdefault\u00bb global_colors_info=\u00bb{}\u00bb][et_pb_text _builder_version=\u00bb4.27.4&#8243; _module_preset=\u00bbdefault\u00bb text_font=\u00bbABeeZee|700|||||||\u00bb text_text_color=\u00bb#000000&#8243; text_font_size=\u00bb30px\u00bb text_orientation=\u00bbcenter\u00bb global_colors_info=\u00bb{}\u00bb]<\/p>\n<p><strong>Modalidad Presencial<\/strong><\/p>\n<p>[\/et_pb_text][et_pb_text _builder_version=\u00bb4.27.4&#8243; _module_preset=\u00bbdefault\u00bb text_font=\u00bbABeeZee|700|||||||\u00bb text_text_color=\u00bb#000000&#8243; text_font_size=\u00bb29px\u00bb text_orientation=\u00bbcenter\u00bb global_colors_info=\u00bb{}\u00bb]<\/p>\n<p>IIAL-2010-219<\/p>\n<p>[\/et_pb_text][et_pb_image src=\u00bbhttps:\/\/teziutlan.tecnm.mx\/wp-content\/uploads\/2026\/01\/Banners_Pagina-Web_2026_IIA-scaled.png\u00bb title_text=\u00bbBanners_P\u00e1gina Web_2026_IIA\u00bb _builder_version=\u00bb4.27.5&#8243; _module_preset=\u00bbdefault\u00bb width=\u00bb75%\u00bb module_alignment=\u00bbcenter\u00bb global_colors_info=\u00bb{}\u00bb][\/et_pb_image][et_pb_text _builder_version=\u00bb4.27.4&#8243; _module_preset=\u00bbdefault\u00bb text_font=\u00bbABeeZee|700|||||||\u00bb text_text_color=\u00bb#000000&#8243; text_font_size=\u00bb27px\u00bb text_orientation=\u00bbcenter\u00bb global_colors_info=\u00bb{}\u00bb]<\/p>\n<p><strong>Misi\u00f3n<\/strong><\/p>\n<p>[\/et_pb_text][et_pb_text _builder_version=\u00bb4.27.4&#8243; _module_preset=\u00bbdefault\u00bb text_orientation=\u00bbcenter\u00bb width=\u00bb75%\u00bb module_alignment=\u00bbcenter\u00bb global_colors_info=\u00bb{}\u00bb]<\/p>\n<p>Formar Ingenieros en Industrias Alimentarias con habilidades, conocimientos tecnol\u00f3gicos y cient\u00edficos, capaces de innovar, dise\u00f1ar, optimizar y garantizar la calidad en los procesos de producci\u00f3n y transformaci\u00f3n de productos alimentarios; con habilidades para tomar decisiones, trabajar en equipo, emprender y gestionar proyectos pertinentes en el \u00e1rea alimentaria, comprometidos con un desarrollo sostenible y apegado a valores human\u00edsticos.<\/p>\n<p>[\/et_pb_text][et_pb_text _builder_version=\u00bb4.27.4&#8243; _module_preset=\u00bbdefault\u00bb text_font=\u00bbABeeZee|700|||||||\u00bb text_text_color=\u00bb#000000&#8243; text_font_size=\u00bb27px\u00bb text_orientation=\u00bbcenter\u00bb global_colors_info=\u00bb{}\u00bb]<\/p>\n<p>Visi\u00f3n<\/p>\n<p>[\/et_pb_text][et_pb_text _builder_version=\u00bb4.27.4&#8243; _module_preset=\u00bbdefault\u00bb text_orientation=\u00bbcenter\u00bb width=\u00bb75%\u00bb module_alignment=\u00bbcenter\u00bb global_colors_info=\u00bb{}\u00bb]<\/p>\n<p>Para el a\u00f1o 2030 el Programa Educativo Ingenier\u00eda en Industrias Alimentarias, del Instituto Tecnol\u00f3gico Superior de Teziutl\u00e1n, ser\u00e1 reconocido por la calidad humana y profesional de los egresados, con una alta aceptaci\u00f3n en el campo laboral; formados en un programa acreditado que se fortalece con cuerpos y redes acad\u00e9micas consolidadas, que contribuyen en la investigaci\u00f3n, generaci\u00f3n y desarrollo de habilidades, para el dise\u00f1o de alimentos, procesos seguros e innovadores, participando activamente con el sector productivo, en el desarrollo regional y nacional, con enfoque sostenible.<\/p>\n<p>[\/et_pb_text][et_pb_text _builder_version=\u00bb4.27.4&#8243; _module_preset=\u00bbdefault\u00bb text_font=\u00bbABeeZee|700|||||||\u00bb text_text_color=\u00bb#000000&#8243; text_font_size=\u00bb27px\u00bb text_orientation=\u00bbcenter\u00bb global_colors_info=\u00bb{}\u00bb]<\/p>\n<p>Objetivo General<\/p>\n<p>[\/et_pb_text][et_pb_text _builder_version=\u00bb4.27.4&#8243; _module_preset=\u00bbdefault\u00bb text_orientation=\u00bbcenter\u00bb width=\u00bb75%\u00bb module_alignment=\u00bbcenter\u00bb global_colors_info=\u00bb{}\u00bb]<\/p>\n<p>Formar ingenieros en Industrias Alimentarias con s\u00f3lidos conocimientos cient\u00edficos y<br \/>tecnol\u00f3gicos, para desarrollar, mejorar y producir alimentos inocuos e innovadores; bajo un<br \/>esquema \u00e9tico y sustentable acorde a las necesidades de la sociedad en el \u00e1mbito regional,<br \/>nacional e internacional.<\/p>\n<p>[\/et_pb_text][et_pb_tabs active_tab_background_color=\u00bb#FFFFFF\u00bb inactive_tab_background_color=\u00bbRGBA(255,255,255,0)\u00bb active_tab_text_color=\u00bb#000000&#8243; _builder_version=\u00bb4.27.5&#8243; _module_preset=\u00bbdefault\u00bb tab_text_color=\u00bb#000000&#8243; tab_font=\u00bbABeeZee|700|||||||\u00bb tab_font_size=\u00bb19px\u00bb width=\u00bb83%\u00bb module_alignment=\u00bbcenter\u00bb global_colors_info=\u00bb{}\u00bb][et_pb_tab title=\u00bbPerfil de Ingreso\u00bb _builder_version=\u00bb4.27.5&#8243; _module_preset=\u00bbdefault\u00bb global_colors_info=\u00bb{}\u00bb]<\/p>\n<p>Los aspirantes a ingresar en el programa de Ingenier\u00eda en Industrias Alimentarias, deber\u00e1n<br \/>contar con las siguientes cualidades:<\/p>\n<p><strong>1. En cuanto a su formaci\u00f3n:<\/strong><br \/>a. Contar con una s\u00f3lida formaci\u00f3n en matem\u00e1ticas, f\u00edsica y qu\u00edmica de nivel medio<br \/>superior<br \/>b. Habilidad anal\u00edtica y creativa para la soluci\u00f3n de problemas.<br \/>c. Facilidad de c\u00e1lculo cualitativo y cuantitativo.<br \/>d. Inter\u00e9s en el estudio de las ciencias b\u00e1sicas y poseer habilidades para el<br \/>razonamiento l\u00f3gico.<br \/>e. Capacidad de an\u00e1lisis e inter\u00e9s para dar soluciones pr\u00e1cticas a los problemas.<\/p>\n<p><strong>2. Atributos deseables<\/strong><br \/>a. Inventiva y originalidad en la creaci\u00f3n, desarrollo y marketing de nuevos<br \/>productos alimentarios.<br \/>b. Inter\u00e9s en el manejo de instrumentos y equipos de laboratorio<br \/>c. Actuar con disciplina, dedicaci\u00f3n, \u00e9tica profesional y responsabilidad.<br \/>d. Saber establecer y mantener buenas relaciones interpersonales.<br \/>e. Tener esp\u00edritu emprendedor y conciencia ecol\u00f3gica.<br \/>f. Habilidad para manejar sus relaciones personales con miembros de un grupo de<br \/>trabajo.<br \/>g. Vocaci\u00f3n por el conocimiento<br \/>h. Capacidad de observaci\u00f3n<br \/>i. Habilidad manual y percepci\u00f3n sensorial de aromas y sabores<br \/>j. Inter\u00e9s en la transformaci\u00f3n de recursos agropecuarios de la regi\u00f3n<br \/>k. Inter\u00e9s por la investigaci\u00f3n<\/p>\n<p>[\/et_pb_tab][et_pb_tab title=\u00bbPerfil de Egreso\u00bb _builder_version=\u00bb4.27.4&#8243; _module_preset=\u00bbdefault\u00bb global_colors_info=\u00bb{}\u00bb]<\/p>\n<p>1. Eval\u00faa sistemas de producci\u00f3n para satisfacer los requerimientos de la industria alimentaria, considerando aspectos de factibilidad y sustentabilidad.<br \/>2. Aplica e innova t\u00e9cnicas tradicionales y emergentes para la conservaci\u00f3n de los alimentos.<br \/>3. Selecciona empaques para preservar y comercializar alimentos.<br \/>4. Inspecciona, controla y eval\u00faa procesos, equipo e instalaciones para asegurar la inocuidad y calidad en la industria alimentaria.<br \/>5. Aplica herramientas estad\u00edsticas para la toma de decisiones en la industria alimentaria.<br \/>6. Conoce sistemas de gesti\u00f3n para cumplir con la normatividad nacional e internacional en la industria alimentaria.<br \/>7. Aplica m\u00e9todos de an\u00e1lisis para la estandarizaci\u00f3n de procesos y caracterizaci\u00f3n de productos en la industria alimentaria.<br \/>8. Transfiere tecnolog\u00edas para la transformaci\u00f3n de alimentos.<br \/>9. Desarrolla nuevos productos para incrementar su valor agregado en la industria alimentaria.<br \/>10. Desarrolla tecnolog\u00edas para el aprovechamiento de subproductos alimentarios.<br \/>11. Desarrolla proyectos para la creaci\u00f3n de empresas de alimentos.<br \/>12. Dise\u00f1a e imparte cursos de capacitaci\u00f3n referentes a t\u00f3picos de la industria alimentaria en general.<br \/>13. Desarrolla habilidades de liderazgo, emprendedora, trabajo \u00ednter- y multidisciplinario, comunicaci\u00f3n oral y escrita para el desempe\u00f1o profesional.<br \/>14. Conoce y aplica un segundo idioma para el desarrollo de su profesi\u00f3n.<\/p>\n<p>[\/et_pb_tab][et_pb_tab title=\u00bbPlan de Estudio\u00bb _builder_version=\u00bb4.27.4&#8243; _module_preset=\u00bbdefault\u00bb global_colors_info=\u00bb{}\u00bb]<\/p>\n<p><a href=\"https:\/\/cloud.teziutlan.tecnm.mx\/TransparenciaWeb\/Archivos\/VerArchivo?rutaRelativa=OfertaEducativa%2FPlanesDeEstudio&amp;nombreArchivo=Ing%20en%20Industrias%20Alimentarias.zip\" target=\"_blank\" rel=\"noopener\"><span>\ud83d\udcc4 Ing en Industrias Alimentarias<\/span><\/a><\/p>\n<p>[\/et_pb_tab][\/et_pb_tabs][et_pb_text _builder_version=\u00bb4.27.4&#8243; _module_preset=\u00bbdefault\u00bb text_font=\u00bb|600|||||||\u00bb text_text_color=\u00bb#000000&#8243; text_font_size=\u00bb30px\u00bb text_line_height=\u00bb1.2em\u00bb text_orientation=\u00bbcenter\u00bb animation_style=\u00bbfade\u00bb global_colors_info=\u00bb{}\u00bb]<\/p>\n<p>Conoce la reticula Oficial<span>\ud83d\udc47<\/span><\/p>\n<p>[\/et_pb_text][et_pb_button button_url=\u00bbhttps:\/\/cloud.teziutlan.tecnm.mx\/TransparenciaWeb\/Archivos\/VerArchivo?rutaRelativa=Ret%C3%ADculas%2FIIA&#038;nombreArchivo=F%29%20RETICULAS%20ALIMENTARIAS_251025%20OK.pdf\u00bb url_new_window=\u00bbon\u00bb button_text=\u00bbRet\u00edcula Ingenier\u00eda en Industrias Alimentarias\u00bb button_alignment=\u00bbcenter\u00bb _builder_version=\u00bb4.27.5&#8243; _module_preset=\u00bbdefault\u00bb custom_button=\u00bbon\u00bb button_text_color=\u00bb#FFFFFF\u00bb button_bg_color=\u00bb#0B7F2E\u00bb button_border_radius=\u00bb100px\u00bb button_letter_spacing=\u00bb0px\u00bb button_font=\u00bb||||||||\u00bb button_icon=\u00bb&#xf019;||fa||900&#8243; button_icon_placement=\u00bbleft\u00bb button_on_hover=\u00bboff\u00bb global_colors_info=\u00bb{}\u00bb][\/et_pb_button][et_pb_text _builder_version=\u00bb4.27.4&#8243; _module_preset=\u00bbdefault\u00bb text_font=\u00bbABeeZee|700|||||||\u00bb text_text_color=\u00bb#000000&#8243; text_font_size=\u00bb27px\u00bb text_line_height=\u00bb1.2em\u00bb text_orientation=\u00bbcenter\u00bb custom_padding=\u00bb||6px|||\u00bb global_colors_info=\u00bb{}\u00bb]<\/p>\n<p>Especialidades Optativas<\/p>\n<p>[\/et_pb_text][et_pb_text _builder_version=\u00bb4.27.5&#8243; _module_preset=\u00bbdefault\u00bb text_font=\u00bbABeeZee|700|||||||\u00bb text_text_color=\u00bb#000000&#8243; text_font_size=\u00bb27px\u00bb text_orientation=\u00bbcenter\u00bb global_colors_info=\u00bb{}\u00bb]<\/p>\n<h5 class=\"et_pb_toggle_title et-fb-editable-element et-fb-editable-element__editing\" data-shortcode-id=\"4.0.0.13-1746818387535\" data-quickaccess-id=\"title\" data-quickaccess-order=\"1\" contenteditable=\"true\">TECNOLOG\u00cdA ALIMENTARIA (INTI-TAL-2025-01)<\/h5>\n<p>[\/et_pb_text][et_pb_counters use_percentages=\u00bboff\u00bb _builder_version=\u00bb4.27.4&#8243; _module_preset=\u00bbdefault\u00bb title_font_size=\u00bb18px\u00bb title_font_size_tablet=\u00bb18px\u00bb title_font_size_phone=\u00bb15px\u00bb title_font_size_last_edited=\u00bbon|phone\u00bb background_last_edited=\u00bbon|phone\u00bb global_colors_info=\u00bb{}\u00bb][et_pb_counter percent=\u00bb80&#8243; bar_background_color=\u00bb#E02B20&#8243; _builder_version=\u00bb4.27.4&#8243; _module_preset=\u00bbdefault\u00bb global_colors_info=\u00bb{}\u00bb bar_background_color_default=\u00bb#7EBEC5&#8243; use_percentages=\u00bboff\u00bb]Duraci\u00f3n de la carrera: 9 semestres[\/et_pb_counter][\/et_pb_counters][et_pb_text _builder_version=\u00bb4.27.4&#8243; _module_preset=\u00bbdefault\u00bb text_font=\u00bbABeeZee|700|||||||\u00bb text_text_color=\u00bb#000000&#8243; text_font_size=\u00bb27px\u00bb text_orientation=\u00bbcenter\u00bb global_colors_info=\u00bb{}\u00bb]<\/p>\n<p>Contacto:<\/p>\n<p>[\/et_pb_text][et_pb_text _builder_version=\u00bb4.27.4&#8243; _module_preset=\u00bbdefault\u00bb text_font=\u00bbABeeZee|700|||||||\u00bb text_text_color=\u00bb#000000&#8243; text_font_size=\u00bb19px\u00bb text_orientation=\u00bbcenter\u00bb global_colors_info=\u00bb{}\u00bb]<\/p>\n<p>Jefatura de Divisi\u00f3n de Ingenier\u00eda en Industrias Alimentarias<\/p>\n<p>[\/et_pb_text][et_pb_text _builder_version=\u00bb4.27.4&#8243; _module_preset=\u00bbdefault\u00bb text_orientation=\u00bbcenter\u00bb custom_margin=\u00bb-18px||||false|false\u00bb global_colors_info=\u00bb{}\u00bb]<\/p>\n<p>Tel.: +(52)2313114001<\/p>\n<p>[\/et_pb_text][et_pb_text _builder_version=\u00bb4.27.4&#8243; _module_preset=\u00bbdefault\u00bb text_orientation=\u00bbcenter\u00bb custom_margin=\u00bb-18px||||false|false\u00bb global_colors_info=\u00bb{}\u00bb]<\/p>\n<p>WhatsApp:+(52)XXXXXXXXXX<\/p>\n<p>[\/et_pb_text][et_pb_text _builder_version=\u00bb4.27.4&#8243; _module_preset=\u00bbdefault\u00bb text_orientation=\u00bbcenter\u00bb custom_margin=\u00bb-18px||||false|false\u00bb global_colors_info=\u00bb{}\u00bb]<\/p>\n<p><span>E-mail:\u00a0<\/span><joomla-hidden-mail is-link=\"1\" is-email=\"1\" first=\"ZGl2LmluZA==\" last=\"dGV6aXV0bGFuLnRlY25tLm14\" text=\"ZGl2LmlpYUB0ZXppdXRsYW4udGVjbm0ubXg=\" base=\"\/Roman\"><a href=\"mailto:div.ind@teziutlan.tecnm.mx\" base=\"\/Roman\">div.iia@teziutlan.tecnm.mx<\/a><\/joomla-hidden-mail><\/p>\n<p>[\/et_pb_text][\/et_pb_column][\/et_pb_row][\/et_pb_section]<\/p>\n","protected":false},"excerpt":{"rendered":"<p>Modalidad PresencialIIAL-2010-219Misi\u00f3nFormar Ingenieros en Industrias Alimentarias con habilidades, conocimientos tecnol\u00f3gicos y cient\u00edficos, capaces de innovar, dise\u00f1ar, optimizar y garantizar la calidad en los procesos de producci\u00f3n y transformaci\u00f3n de productos alimentarios; con habilidades para tomar decisiones, trabajar en equipo, emprender y gestionar proyectos pertinentes en el \u00e1rea alimentaria, comprometidos con un desarrollo sostenible y apegado [&hellip;]<\/p>\n","protected":false},"author":1,"featured_media":0,"parent":0,"menu_order":0,"comment_status":"closed","ping_status":"closed","template":"","meta":{"_et_pb_use_builder":"on","_et_pb_old_content":"","_et_gb_content_width":"","footnotes":""},"class_list":["post-717","page","type-page","status-publish","hentry"],"_links":{"self":[{"href":"https:\/\/teziutlan.tecnm.mx\/index.php\/wp-json\/wp\/v2\/pages\/717","targetHints":{"allow":["GET"]}}],"collection":[{"href":"https:\/\/teziutlan.tecnm.mx\/index.php\/wp-json\/wp\/v2\/pages"}],"about":[{"href":"https:\/\/teziutlan.tecnm.mx\/index.php\/wp-json\/wp\/v2\/types\/page"}],"author":[{"embeddable":true,"href":"https:\/\/teziutlan.tecnm.mx\/index.php\/wp-json\/wp\/v2\/users\/1"}],"replies":[{"embeddable":true,"href":"https:\/\/teziutlan.tecnm.mx\/index.php\/wp-json\/wp\/v2\/comments?post=717"}],"version-history":[{"count":24,"href":"https:\/\/teziutlan.tecnm.mx\/index.php\/wp-json\/wp\/v2\/pages\/717\/revisions"}],"predecessor-version":[{"id":6837,"href":"https:\/\/teziutlan.tecnm.mx\/index.php\/wp-json\/wp\/v2\/pages\/717\/revisions\/6837"}],"wp:attachment":[{"href":"https:\/\/teziutlan.tecnm.mx\/index.php\/wp-json\/wp\/v2\/media?parent=717"}],"curies":[{"name":"wp","href":"https:\/\/api.w.org\/{rel}","templated":true}]}}