{"id":924,"date":"2025-04-01T22:55:32","date_gmt":"2025-04-01T22:55:32","guid":{"rendered":"http:\/\/10.10.25.1\/?page_id=924"},"modified":"2025-04-07T18:37:02","modified_gmt":"2025-04-07T18:37:02","slug":"msc-productividad-academica","status":"publish","type":"page","link":"https:\/\/teziutlan.tecnm.mx\/index.php\/msc-productividad-academica\/","title":{"rendered":"msc productividad acad\u00e9mica"},"content":{"rendered":"<p>[et_pb_section fb_built=\u00bb1&#8243; _builder_version=\u00bb4.27.4&#8243; _module_preset=\u00bbdefault\u00bb global_colors_info=\u00bb{}\u00bb][et_pb_row _builder_version=\u00bb4.27.4&#8243; _module_preset=\u00bbdefault\u00bb global_colors_info=\u00bb{}\u00bb][et_pb_column type=\u00bb4_4&#8243; _builder_version=\u00bb4.27.4&#8243; _module_preset=\u00bbdefault\u00bb global_colors_info=\u00bb{}\u00bb][et_pb_text _builder_version=\u00bb4.27.4&#8243; _module_preset=\u00bbdefault\u00bb text_font=\u00bbMontserrat|600|||||||\u00bb text_text_color=\u00bb#000000&#8243; text_font_size=\u00bb30px\u00bb text_orientation=\u00bbcenter\u00bb hover_enabled=\u00bb0&#8243; global_colors_info=\u00bb{}\u00bb text_line_height_last_edited=\u00bboff|desktop\u00bb text_line_height=\u00bb1.2em\u00bb sticky_enabled=\u00bb0&#8243; text_font_size_last_edited=\u00bbon|phone\u00bb text_font_size_phone=\u00bb20px\u00bb text_font_size_tablet=\u00bb30px\u00bb]<\/p>\n<p>Productividad acad\u00e9mica<br \/>Maestr\u00eda en Sistemas Computacionales<\/p>\n<p>[\/et_pb_text][et_pb_text _builder_version=\u00bb4.27.4&#8243; _module_preset=\u00bbdefault\u00bb width=\u00bb75%\u00bb module_alignment=\u00bbcenter\u00bb hover_enabled=\u00bb0&#8243; global_colors_info=\u00bb{}\u00bb text_font_size_last_edited=\u00bbon|phone\u00bb text_font_size_phone=\u00bb12px\u00bb text_orientation=\u00bbjustified\u00bb sticky_enabled=\u00bb0&#8243;]<\/p>\n<p>DESARROLLO DE UNA PLATAFORMA PARA MOVILIDAD AUT\u00d3NOMA DE ESTUDIANTES CON CAPACIDADES DIFERENTES LUIS \u00c1NGEL MART\u00cdNEZ CABRERA, ADRIANA P\u00c9REZ L\u00d3PEZ, ARTURO GETSEMAN\u00cd ROA BORBOLLA, ANTONIO MAR\u00cdN HERN\u00c1NDEZ<br \/>\u201cArt\u00edculo publicado en la revista XLVII CONFERENCIA NACIONAL DE INGENIER\u00cdA LA INNOVACI\u00d3N Y LA VINCULACI\u00d3N EN LA FORMACI\u00d3N DE INGENIEROS<br \/>Asociaci\u00f3n Nacional de Facultades y Escuelas de Ingenier\u00eda \u2013 ANFEI\u201d<\/p>\n<p>SISTEMA PARA EL CONTROL DE COMISIONES Y LICENCIAS PERSONALES, JOAQU\u00cdN SALAS CRISTINA, SERRANO HERRERA RICARDO ALBERTO<br \/>Registro de obra de programa de computaci\u00f3n ante Instituto Nacional del Derecho de Autor<\/p>\n<p>SISTEMA DE DRSCARGA DE CALIFICACIONES PARCIALES Y FINALES DE TEZIUTLAN, AGUILAR CORTES MARCO ANTONIO, BAUTISTA GABRIEL ORONZOR, ROBLES CALDER\u00d3N JACOBO<br \/>Registro de obra de programa de computaci\u00f3n ante Instituto Nacional del Derecho de Autor<\/p>\n<p>SISTEMA PARA LA INTEGRACI\u00d3N DE PROCESOS ADMINISTRATIVOS Y ACAD\u00c9MICOS SIPAA, AGUILAR CORTES MARCO ANTONIO, BAUTISTA GABRIEL ORONZOR, GUTI\u00c9RREZ GARC\u00cdA JOSE LUIS, ROBLES CALDER\u00d3N JACOBO<br \/>Registro de obra de programa de computaci\u00f3n ante Instituto Nacional del Derecho de Autor<\/p>\n<p>SISTEMA DE JUNTA DE GOBIERNO, AGUILAR CORTES MARCO ANTONIO, GUTIERREZ MARCOS ROMAN, VICENTE\u00d1O RIVERA H\u00c9CTOR<br \/>Registro de obra de programa de computaci\u00f3n ante Instituto Nacional del Derecho de Autor<\/p>\n<p>PLATAFORMA DE SERVICIOS ESTUDIANTILES SERVEST, AGUILAR CORTES MARCO ANTONIO, BAUTISTA GABRIEL ORONZOR, GUTI\u00c9RREZ GARC\u00cdA JOSE LUIS, ROBLES CALDER\u00d3N JACOBO<br \/>Registro de obra de programa de computaci\u00f3n ante Instituto Nacional del Derecho de Autor<\/p>\n<p>SIREES, PEREZ LOPEZ ADRIANA, REYES BAUTISTA ALDO OBED, VICENTE\u00d1O RIVERA H\u00c9CTOR<br \/>Registro de obra de programa de computaci\u00f3n ante Instituto Nacional del Derecho de Autor<\/p>\n<p>DISPOSITIVO INTELIGENTE MEDIDOR DE CONSUMO DE AGUA, RAMIREZ VICENTE GABRIEL ANGEL, AGUILAR CORTES MARCO ANTONIO, SERRANO HERRERA, RICARDO ALBERTO, DEGANTE AGUILAR EDGAR, HERNANDEZ HERNANDEZ ALAN ISAI, PERDOMO CAPI JOSE ANDRES, HERNANDEZ QUIRINO HECTOR<br \/>Solicitud de Registro de Modelo de Utilidad ante el Instituto Mexicano de la Propiedad Industrial Solicitud: MX\/u\/2021\/000167<\/p>\n<p>BALIZA SE\u00d1ALIZADORA DE FALLAS EN MAQUINARIA, RIVERA FLORES JORGE, CARRASCO AR\u00c1OZ ALFREDO, CASIANO CONTRERAS ARNULFO, RUIZ HERN\u00c1NDEZ OSCAR<br \/>Solicitud de Registro de Modelo de Utilidad ante el Instituto Mexicano de la Propiedad Industrial Solicitud: MX\/u\/2021\/000165<\/p>\n<p>DISPOSITIVO SEPARADOR DE PENCAS, RIVERA FLORES JORGE, CARRASCO AR\u00c1OZ ALFREDO, M\u00c9NDEZ RAM\u00cdREZ MAR\u00cdA CHANEL, CASIANO CONTRERAS ARNULFO<br \/>Solicitud de Registro de Modelo de Utilidad ante el Instituto Mexicano de la Propiedad Industrial Solicitud: MX\/u\/2021\/000166<\/p>\n<p>[\/et_pb_text][\/et_pb_column][\/et_pb_row][\/et_pb_section]<\/p>\n","protected":false},"excerpt":{"rendered":"<p>Productividad acad\u00e9micaMaestr\u00eda en Sistemas ComputacionalesDESARROLLO DE UNA PLATAFORMA PARA MOVILIDAD AUT\u00d3NOMA DE ESTUDIANTES CON CAPACIDADES DIFERENTES LUIS \u00c1NGEL MART\u00cdNEZ CABRERA, ADRIANA P\u00c9REZ L\u00d3PEZ, ARTURO GETSEMAN\u00cd ROA BORBOLLA, ANTONIO MAR\u00cdN HERN\u00c1NDEZ\u201cArt\u00edculo publicado en la revista XLVII CONFERENCIA NACIONAL DE INGENIER\u00cdA LA INNOVACI\u00d3N Y LA VINCULACI\u00d3N EN LA FORMACI\u00d3N DE INGENIEROSAsociaci\u00f3n Nacional de Facultades y Escuelas de [&hellip;]<\/p>\n","protected":false},"author":1,"featured_media":0,"parent":0,"menu_order":0,"comment_status":"closed","ping_status":"closed","template":"","meta":{"_et_pb_use_builder":"on","_et_pb_old_content":"","_et_gb_content_width":"","footnotes":""},"class_list":["post-924","page","type-page","status-publish","hentry"],"_links":{"self":[{"href":"https:\/\/teziutlan.tecnm.mx\/index.php\/wp-json\/wp\/v2\/pages\/924","targetHints":{"allow":["GET"]}}],"collection":[{"href":"https:\/\/teziutlan.tecnm.mx\/index.php\/wp-json\/wp\/v2\/pages"}],"about":[{"href":"https:\/\/teziutlan.tecnm.mx\/index.php\/wp-json\/wp\/v2\/types\/page"}],"author":[{"embeddable":true,"href":"https:\/\/teziutlan.tecnm.mx\/index.php\/wp-json\/wp\/v2\/users\/1"}],"replies":[{"embeddable":true,"href":"https:\/\/teziutlan.tecnm.mx\/index.php\/wp-json\/wp\/v2\/comments?post=924"}],"version-history":[{"count":4,"href":"https:\/\/teziutlan.tecnm.mx\/index.php\/wp-json\/wp\/v2\/pages\/924\/revisions"}],"predecessor-version":[{"id":1216,"href":"https:\/\/teziutlan.tecnm.mx\/index.php\/wp-json\/wp\/v2\/pages\/924\/revisions\/1216"}],"wp:attachment":[{"href":"https:\/\/teziutlan.tecnm.mx\/index.php\/wp-json\/wp\/v2\/media?parent=924"}],"curies":[{"name":"wp","href":"https:\/\/api.w.org\/{rel}","templated":true}]}}